{"id":11496,"date":"2023-01-10T04:39:03","date_gmt":"2023-01-10T07:39:03","guid":{"rendered":"https:\/\/cursos.talentup.cl\/?post_type=product&#038;p=11496"},"modified":"2024-02-07T23:36:45","modified_gmt":"2024-02-08T02:36:45","slug":"el-casting-perfecto","status":"publish","type":"product","link":"https:\/\/cursos.talentup.cl\/?product=el-casting-perfecto","title":{"rendered":"EL CASTING PERFECTO"},"content":{"rendered":"<p>Muchos artistas y modelos quieren trabajar con una agencia de Casting; por lo general no saben c\u00f3mo hacer para que los llamen y los escojan. Esta industria ha tenido un crecimiento imparable y la competencia es \u201cferoz\u201d.<\/p>\n<p>Con el MasterClass \u201cEL CASTING PERFECTO\u201d puedes saber c\u00f3mo impactar a agencias y directores de casting para que te llamen a las audiciones.<\/p>\n<p>\u00a1Aprende como hacer un videobook, un demo reel, tu curr\u00edculum art\u00edstico, las fotos que conectan a los profesionales que te van a escoger y m\u00e1s!<\/p>\n<p>\u00bfQU\u00c9 VAS A LOGRAR?<\/p>\n<p>Conocer las necesidades del medio audiovisual, especialmente las de agencias y directores de casting.<\/p>\n<p>Aprender qu\u00e9 requerimientos piden los agentes a los artistas para ser escogidos.<\/p>\n<p>Construir tu material inicial hasta que tengas tus v\u00eddeos, web, CV y book fotogr\u00e1fico orientado a tu profesi\u00f3n.<\/p>\n<p>Descubrir d\u00f3nde y c\u00f3mo enterarte de los castings.<\/p>\n<p>Desarrollar un criterio selecto sobre la calidad de tu material.<\/p>\n<p>Mejorar tu \u201cperfil\u201d y explotarlo comercialmente para ser convocado a audiciones.<\/p>\n<p>Conocer las profesiones a las que puedes acceder.<\/p>\n<p>Mantener un contacto peri\u00f3dico y fluido con agencias y directores de casting.<\/p>\n<p>Optimizar tus posibilidades de \u00e9xito de ser preseleccionado en un proyecto.<\/p>\n<p>Desarrollar una campa\u00f1a anual de impacto a directores de casting y agencias.<\/p>\n<p>\u00bfC\u00d3MO LO VAS A LOGRAR?<\/p>\n<p>Por medio de una masterclass en HD cercana y amena, con un doble enfoque te\u00f3rico y pr\u00e1ctico, dividida en m\u00f3dulos espec\u00edficos que suman m\u00e1s de 3 horas de formaci\u00f3n con contenido de alto valor e impacto.<\/p>\n<p>Combinada con 15 ejercicios pr\u00e1cticos en los cuales har\u00e1s crecer tu material bajo un est\u00e1ndar de calidad altamente profesional a trav\u00e9s de las siguientes tem\u00e1ticas:<\/p>\n<p>Qu\u00e9 vas a aprender.<\/p>\n<p>Casting, Profesiones y Etapas de la producci\u00f3n audiovisual.<\/p>\n<p>Lo que debes conocer antes de enviar tu material.<\/p>\n<p>C\u00f3mo conseguir un Casting con la f\u00f3rmula perfecta.<\/p>\n<p>Recursos gratuitos y agencias de Casting.<\/p>\n<p>Directores de Casting.<\/p>\n<p>Las Fotos.<\/p>\n<p>CV y Videos.<\/p>\n<p>Cartas de presentaci\u00f3n y p\u00e1ginas de casting.<\/p>\n<p>Tu web art\u00edstica.<\/p>\n<p>La llamada a directores de casting.<\/p>\n<p>ACERCA DEL PRODUCTOR:<\/p>\n<p>Desarrollado por LOLO MART\u00cdN, actor espa\u00f1ol con amplia experiencia en televisi\u00f3n, cine y teatro que ha sido seleccionado en castings internacionales llevados a cabo por directores de talla mundial como Peter Sellars, Robert Castro o Willy Decker.<\/p>\n<p>Especializado en Direcci\u00f3n Producci\u00f3n de Cine, V\u00eddeo y TV por la Universidad Polit\u00e9cnica de Catalu\u00f1a. Es un apasionado por el arte interpretativo en todas sus facetas.<\/p>\n<p>Paralelamente a su carrera art\u00edstica, Lolo ha sido profesor de casting de la escuela madrile\u00f1a Kitch Models. Ha fundado su propia productora de artes esc\u00e9nicas y audiovisuales y ofrece formaci\u00f3n art\u00edstica en formato de clases extracurriculares a ni\u00f1as, ni\u00f1os y j\u00f3venes en edad escolar a trav\u00e9s de su empresa Educinema.<\/p>\n","protected":false},"excerpt":{"rendered":"<p>Muchos artistas y modelos quieren trabajar con una agencia de Casting; por lo general no saben c\u00f3mo hacer para que los llamen y los escojan. Esta industria ha tenido un crecimiento imparable y la competencia es \u201cferoz\u201d.<\/p>\n<p>Con el MasterClass \u201cEL CASTING PERFECTO\u201d puedes saber c\u00f3mo impactar a agencias y directores de casting para que te llamen a las audiciones.<\/p>\n<p>\u00a1Aprende como hacer un videobook, un demo reel, tu curr\u00edculum art\u00edstico, las fotos que conectan a los profesionales que te van a escoger y m\u00e1s!<\/p>\n","protected":false},"featured_media":3296,"template":"","meta":{"_joinchat":[]},"product_brand":[],"product_cat":[317,344],"product_tag":[],"class_list":{"0":"post-11496","1":"product","2":"type-product","3":"status-publish","4":"has-post-thumbnail","6":"product_cat-belleza-y-moda","7":"product_cat-todos","9":"first","10":"instock","11":"sale","12":"shipping-taxable","13":"product-type-external"},"_links":{"self":[{"href":"https:\/\/cursos.talentup.cl\/index.php?rest_route=\/wp\/v2\/product\/11496","targetHints":{"allow":["GET"]}}],"collection":[{"href":"https:\/\/cursos.talentup.cl\/index.php?rest_route=\/wp\/v2\/product"}],"about":[{"href":"https:\/\/cursos.talentup.cl\/index.php?rest_route=\/wp\/v2\/types\/product"}],"version-history":[{"count":2,"href":"https:\/\/cursos.talentup.cl\/index.php?rest_route=\/wp\/v2\/product\/11496\/revisions"}],"predecessor-version":[{"id":14011,"href":"https:\/\/cursos.talentup.cl\/index.php?rest_route=\/wp\/v2\/product\/11496\/revisions\/14011"}],"wp:featuredmedia":[{"embeddable":true,"href":"https:\/\/cursos.talentup.cl\/index.php?rest_route=\/wp\/v2\/media\/3296"}],"wp:attachment":[{"href":"https:\/\/cursos.talentup.cl\/index.php?rest_route=%2Fwp%2Fv2%2Fmedia&parent=11496"}],"wp:term":[{"taxonomy":"product_brand","embeddable":true,"href":"https:\/\/cursos.talentup.cl\/index.php?rest_route=%2Fwp%2Fv2%2Fproduct_brand&post=11496"},{"taxonomy":"product_cat","embeddable":true,"href":"https:\/\/cursos.talentup.cl\/index.php?rest_route=%2Fwp%2Fv2%2Fproduct_cat&post=11496"},{"taxonomy":"product_tag","embeddable":true,"href":"https:\/\/cursos.talentup.cl\/index.php?rest_route=%2Fwp%2Fv2%2Fproduct_tag&post=11496"}],"curies":[{"name":"wp","href":"https:\/\/api.w.org\/{rel}","templated":true}]}}