{"id":11501,"date":"2023-01-10T04:39:03","date_gmt":"2023-01-10T07:39:03","guid":{"rendered":"https:\/\/cursos.talentup.cl\/?post_type=product&#038;p=11501"},"modified":"2024-02-07T23:36:46","modified_gmt":"2024-02-08T02:36:46","slug":"masajista-express","status":"publish","type":"product","link":"https:\/\/cursos.talentup.cl\/?product=masajista-express","title":{"rendered":"MASAJISTA EXPRESS"},"content":{"rendered":"<p>\u00bfSab\u00edas que el estr\u00e9s es uno de los enemigos m\u00e1s grandes para nuestra salud tanto mental como f\u00edsica? Un buen masaje\u2026 !puede cambiarlo todo!<\/p>\n<p>El ritmo de vida del d\u00eda a d\u00eda es sin duda un generador de estr\u00e9s, el cual se va acumulando en una l\u00ednea de tiempo, produciendo molestias que luego pueden conducir a problemas m\u00e1s graves. Aquellos, van desde una enfermedad hasta afectar nuestra vida en pareja y familiar. Sin embargo, esto se puede tratar desde casa con un sencillo masaje y las t\u00e9cnicas precisas que tenemos para ti.<\/p>\n<p>Ideal para padres, parejas, hijos y todas las personas que quieran aprender a dar un buen masaje relajante con t\u00e9cnicas sencillas y f\u00e1ciles de aplicar.<\/p>\n<p>\u00bfQU\u00c9 VAS A LOGRAR?<\/p>\n<p>Con este MasterClass lograr\u00e1s:<\/p>\n<p>Realizar un masaje como todo un profesional.<\/p>\n<p>T\u00e9cnicas b\u00e1sicas y avanzadas para realizar un buen masaje.<\/p>\n<p>Entender la importancia de un buen masaje en nuestro d\u00eda a d\u00eda.<\/p>\n<p>Precauciones a la hora de hacer o recibir un masaje.<\/p>\n<p>Ejercicios pr\u00e1cticos para evitar lesiones.<\/p>\n<p>Seleccionar los materiales ideales para dar un buen masaje.<\/p>\n<p>Escoger y adecuar el lugar donde se realizar\u00e1 el masaje (m\u00fasica, aromas, higiene).<\/p>\n<p>Cu\u00e1nto puedes cobrar por hacer un masaje.<\/p>\n<p>Generar una incre\u00edble experiencia de relajaci\u00f3n.<\/p>\n<p>Favorecer el sistema linf\u00e1tico, contribuyendo a la eliminaci\u00f3n de toxinas.<\/p>\n<p>Mejorar la circulaci\u00f3n y estimular el sistema glandular para estabilizar las hormonas.<\/p>\n<p>Calmar el dolor muscular y favorecer un buen descanso nocturno.<\/p>\n<p>Aliviar la presi\u00f3n causada por la mala postura en cuello, espalda y articulaciones.<\/p>\n<p>Aprender una habilidad sin tener conocimientos previos para convertirte en un experto y tener la habilidad de aliviar el estr\u00e9s y las tensiones de tus seres queridos.<\/p>\n<p>No es necesario un conocimiento previo y puedes aprender desde cero.<\/p>\n<p>\u00bfC\u00d3MO LO VAS A LOGRAR?<\/p>\n<p>A trav\u00e9s de un programa pr\u00e1ctico y completo de 20 video clases en HD, explicado paso a paso con los siguientes m\u00f3dulos y tem\u00e1ticas:<\/p>\n<p>Parte No. 1. Bienvenida al mundo de los masajes<br \/>\nParte No. 2. Beneficios de un buen masaje<br \/>\nParte No. 3. Materiales para dar un buen masaje<br \/>\nParte No. 4. Consejos b\u00e1sicos a la hora de dar un buen masaje<br \/>\nParte No. 5. T\u00e9cnicas de masajes<br \/>\nParte No. 6. Masaje relajante (Cabeza cuello y hombros)<br \/>\nParte No. 7. Masaje relajante (Espalda y brazos)<br \/>\nParte No. 8. Masaje relajante (Muslo, ante pierna y pies)<br \/>\nParte No. 9. Maderoterapia (Uso del palo de bamb\u00fa)<br \/>\nParte No. 10. Maderoterapia (Uso del rodillo m\u00faltiple)<br \/>\nParte No. 11. Maderoterapia (Uso de la ara\u00f1a para masajes)<br \/>\nParte No. 12. Maderoterapia (Uso de la pala para masajes)<br \/>\nParte No. 13. Bonus -T\u00e9cnicas masaje Anti estr\u00e9s (T\u00e9cnica del antebrazo y * t\u00e9cnica del ave)<br \/>\nParte No. 14. Materiales y preparaci\u00f3n Lodoterapia<br \/>\nParte No. 15. Lodoterapia (aplicaci\u00f3n en el rostro)<br \/>\nParte No. 16. Lodoterapia (aplicaci\u00f3n en la espalda)<br \/>\nParte No. 17. Lodoterapia (aplicaci\u00f3n en las piernas)<br \/>\nParte No. 18. \u00bfCu\u00e1nto puedes cobrar por un masaje?<br \/>\nParte No. 19. Retroalimentaci\u00f3n final<br \/>\nParte No. 20. Despedida y agradecimiento<\/p>\n<p>ACERCA DE LOS PRODUCTORES<\/p>\n<p>Desarrollado por WILMER TORRES Y OLGA AMAYA una pareja de esposos con m\u00e1s de 7 a\u00f1os de experiencia en el mundo de los masajes terap\u00e9uticos y anti estr\u00e9s, propietarios de MAJESTIC SPA, apasionados por ense\u00f1ar y darles a las personas un momento de relajaci\u00f3n y confort.<\/p>\n","protected":false},"excerpt":{"rendered":"<p>\u00bfSab\u00edas que el estr\u00e9s es uno de los enemigos m\u00e1s grandes para nuestra salud tanto mental como f\u00edsica? Un buen masaje\u2026 !puede cambiarlo todo!<\/p>\n<p>El ritmo de vida del d\u00eda a d\u00eda es sin duda un generador de estr\u00e9s, el cual se va acumulando en una l\u00ednea de tiempo, produciendo molestias que luego pueden conducir a problemas m\u00e1s graves. Aquellos, van desde una enfermedad hasta afectar nuestra vida en pareja y familiar. Sin embargo, esto se puede tratar desde casa con un sencillo masaje y las t\u00e9cnicas precisas que tenemos para ti.<\/p>\n<p>Ideal para padres, parejas, hijos y todas las personas que quieran aprender a dar un buen masaje relajante con t\u00e9cnicas sencillas y f\u00e1ciles de aplicar.<\/p>\n","protected":false},"featured_media":3301,"template":"","meta":{"_joinchat":[]},"product_brand":[],"product_cat":[317,344],"product_tag":[],"class_list":{"0":"post-11501","1":"product","2":"type-product","3":"status-publish","4":"has-post-thumbnail","6":"product_cat-belleza-y-moda","7":"product_cat-todos","9":"first","10":"instock","11":"sale","12":"shipping-taxable","13":"product-type-external"},"_links":{"self":[{"href":"https:\/\/cursos.talentup.cl\/index.php?rest_route=\/wp\/v2\/product\/11501","targetHints":{"allow":["GET"]}}],"collection":[{"href":"https:\/\/cursos.talentup.cl\/index.php?rest_route=\/wp\/v2\/product"}],"about":[{"href":"https:\/\/cursos.talentup.cl\/index.php?rest_route=\/wp\/v2\/types\/product"}],"version-history":[{"count":2,"href":"https:\/\/cursos.talentup.cl\/index.php?rest_route=\/wp\/v2\/product\/11501\/revisions"}],"predecessor-version":[{"id":14016,"href":"https:\/\/cursos.talentup.cl\/index.php?rest_route=\/wp\/v2\/product\/11501\/revisions\/14016"}],"wp:featuredmedia":[{"embeddable":true,"href":"https:\/\/cursos.talentup.cl\/index.php?rest_route=\/wp\/v2\/media\/3301"}],"wp:attachment":[{"href":"https:\/\/cursos.talentup.cl\/index.php?rest_route=%2Fwp%2Fv2%2Fmedia&parent=11501"}],"wp:term":[{"taxonomy":"product_brand","embeddable":true,"href":"https:\/\/cursos.talentup.cl\/index.php?rest_route=%2Fwp%2Fv2%2Fproduct_brand&post=11501"},{"taxonomy":"product_cat","embeddable":true,"href":"https:\/\/cursos.talentup.cl\/index.php?rest_route=%2Fwp%2Fv2%2Fproduct_cat&post=11501"},{"taxonomy":"product_tag","embeddable":true,"href":"https:\/\/cursos.talentup.cl\/index.php?rest_route=%2Fwp%2Fv2%2Fproduct_tag&post=11501"}],"curies":[{"name":"wp","href":"https:\/\/api.w.org\/{rel}","templated":true}]}}