{"id":11502,"date":"2023-01-10T04:39:03","date_gmt":"2023-01-10T07:39:03","guid":{"rendered":"https:\/\/cursos.talentup.cl\/?post_type=product&#038;p=11502"},"modified":"2024-02-07T23:36:46","modified_gmt":"2024-02-08T02:36:46","slug":"curso-de-diseno-y-perfilado-de-cejas","status":"publish","type":"product","link":"https:\/\/cursos.talentup.cl\/?product=curso-de-diseno-y-perfilado-de-cejas","title":{"rendered":"CURSO DE DISE\u00d1O Y PERFILADO DE CEJAS"},"content":{"rendered":"<p>Las cejas son tendencia a nivel mundial y es la hora de generar altos ingresos como T\u00e9cnico especialista en cejas. <\/p>\n<p>Este MasterClass va dirigido a mujeres entre 20 y 35 a\u00f1os con o sin experiencia que quieran y\/o necesiten aprender todo sobre el mundo de las cejas.<\/p>\n<p>\u00bfQU\u00c9 VAS A LOGRAR?<\/p>\n<p>Con este curso, tendr\u00e1s la oportunidad de:<\/p>\n<p>Aprender la t\u00e9cnica de Dise\u00f1o y perfilado de cejas desde 0.<\/p>\n<p>Aplicar el m\u00e9todo ideal para practicar, elaborar y obtener los mejores resultados en dise\u00f1o de cejas.<\/p>\n<p>Conocer las diferentes formas y pr\u00e1cticas de elaborar un dise\u00f1o seg\u00fan la morfolog\u00eda del rostro de cada persona.<\/p>\n<p>Lograr que tu cliente pueda elegir el dise\u00f1o con el que m\u00e1s se sienta c\u00f3moda antes de cualquier procedimiento.<\/p>\n<p>Aprender las principales macro tendencias globales en cejas y materiales de trabajo.<\/p>\n<p>Saber c\u00f3mo higienizar correctamente el rostro, previo al procedimiento de perfilado de cejas.<\/p>\n<p>Conocer los diferentes tipos de depilaci\u00f3n, tipos de tinturas y hennas.<\/p>\n<p>Aprender tips pr\u00e1cticos sobre el dise\u00f1o y perfilado de cejas y muchas otras cosas m\u00e1s.<\/p>\n<p>Acceder a todas sus actualizaciones de por vida para que puedas disfrutar de nuevos contenidos muy conectados a la tendencia.<\/p>\n<p>\u00bfC\u00d3MO LO VAS A LOGRAR?<\/p>\n<p>A partir de las lecciones donde puedes compartir toda tu experiencia y t\u00e9cnica para que obtengas los mejores resultados. <\/p>\n<p>Ver el paso a paso te\u00f3rico y pr\u00e1ctico de c\u00f3mo se realiza la t\u00e9cnica. Adem\u00e1s, aprender\u00e1s la forma correcta de practicar para volverte toda una experta a trav\u00e9s de las siguientes tem\u00e1ticas:<\/p>\n<p>Parte 1: Introducci\u00f3n al dise\u00f1o y perfilado de cejas.<br \/>\nParte 2: Definici\u00f3n de dise\u00f1o y perfilado de cejas.<br \/>\nParte 3: Principales tendencias en dise\u00f1o de cejas.<br \/>\nParte 4: Materiales de trabajo para dise\u00f1o y perfilado de cejas.<br \/>\nParte 5: Materiales de pr\u00e1ctica para dise\u00f1o y perfilado de cejas.<br \/>\nParte 6: L\u00e1piz dermogr\u00e1fico, qu\u00e9 es y uso correcto.<br \/>\nParte 7: Higienizaci\u00f3n de la piel, previa al tratamiento.<br \/>\nParte 8: Tipos de depilaci\u00f3n de cejas.<br \/>\nParte 9: C\u00f3mo practicar eficientemente dise\u00f1o y perfilado de cejas.<br \/>\nParte 10: T\u00e9cnica de marcaci\u00f3n con hilo.<br \/>\nParte 11: Medidas est\u00e1ndares que deber\u00edan tener unas cejas.<br \/>\nParte 12: Construcci\u00f3n de dise\u00f1o de cejas.<br \/>\nParte 13: Tipos de Cejas.<br \/>\nParte 14: Tipos de tintura y hennas.<br \/>\nParte 15: Aplicaci\u00f3n correcta de la tintura de cejas.<br \/>\nParte 16: Correcci\u00f3n y errores comunes de la aplicaci\u00f3n de tintura\/henna.<br \/>\nParte 17: Pr\u00e1ctica de marcaci\u00f3n en modelo. Parte 1<br \/>\nParte 18: Pr\u00e1ctica de marcaci\u00f3n en modelo. Parte 2<br \/>\nParte 19: Pr\u00e1ctica de dise\u00f1o de cejas en modelo. Parte 1<br \/>\nParte 20: Pr\u00e1ctica de dise\u00f1o de cejas en modelo. Parte 2<br \/>\nParte 21: Pr\u00e1ctica de tintura de cejas en modelo.<br \/>\nParte 22: C\u00f3mo hacer la marcaci\u00f3n en uno mismo.<br \/>\nParte 23: Depilaci\u00f3n con pinzas.<br \/>\nParte 24: Pr\u00e1ctica de aplicaci\u00f3n de tintura de cejas en uno mismo.<br \/>\nParte 25: Correcciones de dise\u00f1o y tintura en uno mismo.<br \/>\nParte 26: Preguntas frecuentes.<br \/>\nParte 27: Introducci\u00f3n a los siguientes m\u00f3dulos.<\/p>\n<p>ACERCA DE LA PRODUCTORA<\/p>\n<p>Desarrollado por ARIANA ZAMORA, maquilladora, cosmet\u00f3loga, manicurista, t\u00e9cnico, especialista en cejas y micro-pigmentadora. Cuenta con m\u00e1s de 10 a\u00f1os de experiencia en el rubro de la est\u00e9tica. Hoy tiene su propio estudio de belleza y quiere que t\u00fa tambi\u00e9n logres el \u00e9xito que tanto anhelas en este campo.<\/p>\n","protected":false},"excerpt":{"rendered":"<p>Las cejas son tendencia a nivel mundial y es la hora de generar altos ingresos como T\u00e9cnico especialista en cejas. <\/p>\n<p>Este MasterClass va dirigido a mujeres entre 20 y 35 a\u00f1os con o sin experiencia que quieran y\/o necesiten aprender todo sobre el mundo de las cejas.<\/p>\n","protected":false},"featured_media":3302,"template":"","meta":{"_joinchat":[]},"product_brand":[],"product_cat":[317,344],"product_tag":[],"class_list":{"0":"post-11502","1":"product","2":"type-product","3":"status-publish","4":"has-post-thumbnail","6":"product_cat-belleza-y-moda","7":"product_cat-todos","9":"first","10":"instock","11":"sale","12":"shipping-taxable","13":"product-type-external"},"_links":{"self":[{"href":"https:\/\/cursos.talentup.cl\/index.php?rest_route=\/wp\/v2\/product\/11502","targetHints":{"allow":["GET"]}}],"collection":[{"href":"https:\/\/cursos.talentup.cl\/index.php?rest_route=\/wp\/v2\/product"}],"about":[{"href":"https:\/\/cursos.talentup.cl\/index.php?rest_route=\/wp\/v2\/types\/product"}],"version-history":[{"count":2,"href":"https:\/\/cursos.talentup.cl\/index.php?rest_route=\/wp\/v2\/product\/11502\/revisions"}],"predecessor-version":[{"id":14017,"href":"https:\/\/cursos.talentup.cl\/index.php?rest_route=\/wp\/v2\/product\/11502\/revisions\/14017"}],"wp:featuredmedia":[{"embeddable":true,"href":"https:\/\/cursos.talentup.cl\/index.php?rest_route=\/wp\/v2\/media\/3302"}],"wp:attachment":[{"href":"https:\/\/cursos.talentup.cl\/index.php?rest_route=%2Fwp%2Fv2%2Fmedia&parent=11502"}],"wp:term":[{"taxonomy":"product_brand","embeddable":true,"href":"https:\/\/cursos.talentup.cl\/index.php?rest_route=%2Fwp%2Fv2%2Fproduct_brand&post=11502"},{"taxonomy":"product_cat","embeddable":true,"href":"https:\/\/cursos.talentup.cl\/index.php?rest_route=%2Fwp%2Fv2%2Fproduct_cat&post=11502"},{"taxonomy":"product_tag","embeddable":true,"href":"https:\/\/cursos.talentup.cl\/index.php?rest_route=%2Fwp%2Fv2%2Fproduct_tag&post=11502"}],"curies":[{"name":"wp","href":"https:\/\/api.w.org\/{rel}","templated":true}]}}