{"id":11503,"date":"2023-01-10T04:39:03","date_gmt":"2023-01-10T07:39:03","guid":{"rendered":"https:\/\/cursos.talentup.cl\/?post_type=product&#038;p=11503"},"modified":"2024-02-07T23:36:46","modified_gmt":"2024-02-08T02:36:46","slug":"especialista-en-unas","status":"publish","type":"product","link":"https:\/\/cursos.talentup.cl\/?product=especialista-en-unas","title":{"rendered":"ESPECIALISTA EN U\u00d1AS"},"content":{"rendered":"<p>Las u\u00f1as en semipermanentes y tech gel son las t\u00e9cnicas en u\u00f1as acr\u00edlicas, con m\u00e1s alta demanda a nivel mundial.<\/p>\n<p>Con el Master Class ESPECIALISTA EN U\u00d1AS, aprender\u00e1s dise\u00f1os innovadores, diferentes texturas y efectos para convertirte en especialista en el mundo de las u\u00f1as.<\/p>\n<p>\u00bfQU\u00c9 VAS A LOGRAR?<\/p>\n<p>Ver\u00e1s como la inversi\u00f3n inicial es m\u00ednima con relaci\u00f3n a los ingresos recibidos.<\/p>\n<p>Te dar\u00e1s cuenta que no necesitas a\u00f1os de estudio para ser un experto.<\/p>\n<p>Podr\u00e1s trabajar de manera independiente, en un sal\u00f3n de belleza o emprender en tu propio negocio.<\/p>\n<p>Ver\u00e1s que los implementos que vas a requerir para realizar u\u00f1as semipermanentes, acr\u00edlicas y tech gel son f\u00e1ciles de conseguir y econ\u00f3micos.<\/p>\n<p>Usar\u00e1s adecuadamente los implementos de trabajo para un acabado de alta calidad y un excelente rendimiento.<\/p>\n<p>Aprender\u00e1s como es la preparaci\u00f3n de la u\u00f1a natural para un correcto montaje de u\u00f1as artificiales.<\/p>\n<p>Conocer\u00e1s las diferentes t\u00e9cnicas de decoraci\u00f3n con semipermanente.<\/p>\n<p>Obtendr\u00e1s una introducci\u00f3n al mundo de las u\u00f1as acr\u00edlicas.<\/p>\n<p>Conocer\u00e1s los diferentes tipos de acr\u00edlicos, limados y usos.<\/p>\n<p>Aprender\u00e1s t\u00e9cnicas de u\u00f1as esculpidas y encapsuladas con dise\u00f1os decorativos.<\/p>\n<p>Reconocer\u00e1s los diferentes tipos de puntas de u\u00f1as y el dise\u00f1o de u\u00f1as en tech gel.<\/p>\n<p>Conocer\u00e1s las \u00faltimas tendencias y t\u00e9cnicas en el mundo de las u\u00f1as artificiales.<\/p>\n<p>Acceder\u00e1s al certificado avalado por Hotmart y Seminarios Online.<\/p>\n<p>\u00bfC\u00d3MO LO VAS A LOGRAR?<\/p>\n<p>A trav\u00e9s del siguiente contenido, estructurado paso a paso:<\/p>\n<p>Bienvenida.<br \/>\nIntroducci\u00f3n al semipermanente I<br \/>\nIntroducci\u00f3n al semipermanente II.<br \/>\nSemipermanente en hombre I.<br \/>\nSemipermanente en hombre II.<br \/>\nSemipermanente en mujer I.<br \/>\nSemipermanente en mujer II.<br \/>\nT\u00e9cnica efecto mate en semipermanente.<br \/>\nT\u00e9cnica de difuminado con glitter en semipermanente.<br \/>\nT\u00e9cnica efecto piel de v\u00edbora y masbleizer en semipermanente.<br \/>\nIntroducci\u00f3n al acr\u00edlico.<br \/>\nT\u00e9cnica u\u00f1a square en acr\u00edlico petal y cristal I.<br \/>\nT\u00e9cnica u\u00f1a square en acr\u00edlico petal y cristal I.<br \/>\nMontaje u\u00f1as acr\u00edlicas en usuario I.<br \/>\nMontaje u\u00f1as acr\u00edlicas en usuario II.<br \/>\nMontaje u\u00f1as acr\u00edlicas en usuario III.<br \/>\nMontaje u\u00f1as acr\u00edlicas en usuario IV.<br \/>\nRecubrimiento con tips (perfec french).<br \/>\nT\u00e9cnica reversa con ultrawhite<br \/>\nT\u00e9cnica reversa con organicolor I.<br \/>\nT\u00e9cnica reversa con organicolor II.<br \/>\nT\u00e9cnica babyboomer con ultrawhite.<br \/>\nT\u00e9cnica babyboomer con organicolor.<br \/>\nT\u00e9cnica u\u00f1a efecto vidrio I.<br \/>\nT\u00e9cnica u\u00f1a efecto vidrio II.<br \/>\nT\u00e9cnica u\u00f1a almendrada con acr\u00edlico cristal.<br \/>\nT\u00e9cnica u\u00f1a almendrada en petal con efecto espejo y t\u00e9cnica plum\u00f3n.<br \/>\nT\u00e9cnica u\u00f1a stiletto.<br \/>\nT\u00e9cnica encapsulado con naturaleza muerta.<br \/>\nT\u00e9cnica reversa con acr\u00edlico de colecci\u00f3n.<br \/>\nT\u00e9cnica difuminado con acr\u00edlico de colecci\u00f3n tipo coffin.<br \/>\nIntroducci\u00f3n al tech gel I.<br \/>\nIntroducci\u00f3n al tech gel II.<br \/>\nRecubrimiento en tech gel + semipermanente con efecto espuma I.<br \/>\nRecubrimiento en tech gel + semipermanente con efecto espuma II.<br \/>\nT\u00e9cnica u\u00f1a square con tech gel.<br \/>\nT\u00e9cnica u\u00f1a coffin con tech gel.<br \/>\nT\u00e9cnica u\u00f1a almendrada con tech gel.<br \/>\nT\u00e9cnica u\u00f1a stiletto con tech gel.<br \/>\nU\u00f1as en tech gel con semipermanente en usuario I.<br \/>\nU\u00f1as en tech gel con semipermanente en usuario II.<br \/>\nU\u00f1as en tech gel con semipermanente en usuario III.<br \/>\nT\u00e9cnica en acr\u00edlico con encapsulado.<br \/>\nT\u00e9cnica de decoraci\u00f3n tatuaje de agua y papel foil.<br \/>\nMantenimiento en Acr\u00edlico en Usuario I.<br \/>\nMantenimiento en Acr\u00edlico en Usuario II.<br \/>\nRetiro de acr\u00edlico y tech gel con lima y pulidora.<br \/>\n\u00bfC\u00f3mo obtener tu certificado?<\/p>\n<p>ACERCA DEL PRODUCTOR<\/p>\n<p>Desarrollado por la ACADEMIA DE BELLEZA HERMAN, con una trayectoria de m\u00e1s de 40 a\u00f1os en la industria de la belleza mediante formadores capacitados y certificados. <\/p>\n<p>Todo este conocimiento es puesto a tu disposici\u00f3n con el fin de brindarte una formaci\u00f3n profesional a trav\u00e9s de este curso virtual que tiene como prop\u00f3sito no solo crear profesionales en el sector, sino ayudarte a ver esta profesi\u00f3n como una oportunidad de negocio altamente rentable. <\/p>\n<p>Dirigido a todas aquellas personas amantes de las u\u00f1as que quieran convertirse en expertas en las \u00faltimas tendencias.<\/p>\n","protected":false},"excerpt":{"rendered":"<p>Las u\u00f1as en semipermanentes y tech gel son las t\u00e9cnicas en u\u00f1as acr\u00edlicas, con m\u00e1s alta demanda a nivel mundial.<\/p>\n<p>Con el Master Class ESPECIALISTA EN U\u00d1AS, aprender\u00e1s dise\u00f1os innovadores, diferentes texturas y efectos para convertirte en especialista en el mundo de las u\u00f1as.<\/p>\n","protected":false},"featured_media":3303,"template":"","meta":{"_joinchat":[]},"product_brand":[],"product_cat":[317,344],"product_tag":[],"class_list":{"0":"post-11503","1":"product","2":"type-product","3":"status-publish","4":"has-post-thumbnail","6":"product_cat-belleza-y-moda","7":"product_cat-todos","9":"first","10":"instock","11":"sale","12":"shipping-taxable","13":"product-type-external"},"_links":{"self":[{"href":"https:\/\/cursos.talentup.cl\/index.php?rest_route=\/wp\/v2\/product\/11503","targetHints":{"allow":["GET"]}}],"collection":[{"href":"https:\/\/cursos.talentup.cl\/index.php?rest_route=\/wp\/v2\/product"}],"about":[{"href":"https:\/\/cursos.talentup.cl\/index.php?rest_route=\/wp\/v2\/types\/product"}],"version-history":[{"count":2,"href":"https:\/\/cursos.talentup.cl\/index.php?rest_route=\/wp\/v2\/product\/11503\/revisions"}],"predecessor-version":[{"id":14018,"href":"https:\/\/cursos.talentup.cl\/index.php?rest_route=\/wp\/v2\/product\/11503\/revisions\/14018"}],"wp:featuredmedia":[{"embeddable":true,"href":"https:\/\/cursos.talentup.cl\/index.php?rest_route=\/wp\/v2\/media\/3303"}],"wp:attachment":[{"href":"https:\/\/cursos.talentup.cl\/index.php?rest_route=%2Fwp%2Fv2%2Fmedia&parent=11503"}],"wp:term":[{"taxonomy":"product_brand","embeddable":true,"href":"https:\/\/cursos.talentup.cl\/index.php?rest_route=%2Fwp%2Fv2%2Fproduct_brand&post=11503"},{"taxonomy":"product_cat","embeddable":true,"href":"https:\/\/cursos.talentup.cl\/index.php?rest_route=%2Fwp%2Fv2%2Fproduct_cat&post=11503"},{"taxonomy":"product_tag","embeddable":true,"href":"https:\/\/cursos.talentup.cl\/index.php?rest_route=%2Fwp%2Fv2%2Fproduct_tag&post=11503"}],"curies":[{"name":"wp","href":"https:\/\/api.w.org\/{rel}","templated":true}]}}