{"id":11504,"date":"2023-01-10T04:39:03","date_gmt":"2023-01-10T07:39:03","guid":{"rendered":"https:\/\/cursos.talentup.cl\/?post_type=product&#038;p=11504"},"modified":"2024-02-07T23:36:46","modified_gmt":"2024-02-08T02:36:46","slug":"costura-industrial","status":"publish","type":"product","link":"https:\/\/cursos.talentup.cl\/?product=costura-industrial","title":{"rendered":"COSTURA INDUSTRIAL"},"content":{"rendered":"<p>\u00bfSab\u00edas que el rubro de la costura industrial es de los negocios m\u00e1s rentables que hay en el mundo? \u00bfTe gustar\u00eda aprender a dise\u00f1ar tus propias prendas de vestir? \u00bfQuieres aprender a emprender con asesor\u00edas privadas individuales? \u00bfQuieres buscar aprender costura para trabajar en una empresa industrial?<\/p>\n<p>Costura industrial b\u00e1sica es el Curso #1 Para Convertir tu Hogar en un aut\u00e9ntico taller y crear tus propios dise\u00f1os y emprender tu propio negocio desde Casa adem\u00e1s de crear tu propia marca y aprender habilidades para poder trabajar en una empresa industrial de confecci\u00f3n.<\/p>\n<p>\u00bfQUE VAS A LOGRAR?<\/p>\n<p>En este curso Aprender\u00e1s:<\/p>\n<p>C\u00f3mo instalar tu taller de confecci\u00f3n.<\/p>\n<p>Crear moldes de todas las tallas.<\/p>\n<p>Conocer las m\u00e1quinas y sus partes de cada una de ellas.<\/p>\n<p>Tener a la mano, todo sobre cuidado, uso y mantenimiento de las maquinas industriales.<\/p>\n<p>Conocer los materiales y herramientas id\u00f3neas para el trabajo y corte de las distintas telas.<\/p>\n<p>Dominar secretos y T\u00e9cnicas sobre Patronaje.<\/p>\n<p>T\u00e9cnicas y tips de estampado.<\/p>\n<p>Confecciones de playeras (polos), conjuntos de buzos, leggins y tops (fitness), joggerts, chamarras, chalecos (de seguridad) y vestidos (alta costura).<\/p>\n<p>Manejo de distintos tipos de embudo, postura de cierres, elaboraci\u00f3n de bolsillos, ojalillos, pu\u00f1os y pretinas, postura de cuellos y cinta r\u00edgida de las prendas.<\/p>\n<p>Aplicaciones de pega pega en las prendas.<\/p>\n<p>Crear tus propios dise\u00f1os y acabados de todas las prendas.<\/p>\n<p>Aprender a crear tu propia marca y encontrar tu cliente ideal (en las asesor\u00edas privadas)<\/p>\n<p>Ser el l\u00edder en tu nicho de mercado.<\/p>\n<p>\u00bfC\u00d3MO LO VAS A LOGRAR?<\/p>\n<p>A trav\u00e9s de un programa completo que combina el mundo industrial con el digital. Tendr\u00e1s la oportunidad de Disfrutar 73 Lecciones Pregrabadas y que est\u00e1n al interior de 12 M\u00f3dulos durante 17 horas en Formato de video Full Hd con actualizaciones gratuitas. Practica Tips y Lecciones que har\u00e1n que tu proceso de aprendizaje sea inmediato, f\u00e1cil, pr\u00e1ctico y divertido.<\/p>\n<p>MOD1 Introducci\u00f3n \u00abBienvenidos al Curso\u00bb:<br \/>\nMOD2 Partes, Enhebrado y Encendido de las Maquinas:<br \/>\nMOD3 Elaboraci\u00f3n de playera (polo) de Ni\u00f1o talla 8:<br \/>\nMOD4 Elaboraci\u00f3n de playera (polo) de Ni\u00f1a talla 8:<br \/>\nMOD5 Elaboraci\u00f3n de playera de Hombre talla M:<br \/>\nMOD6 Elaboraci\u00f3n playera de dama cuello V talla M:<br \/>\nMOD7 Elaboraci\u00f3n de conjunto de buzo de hombre talla M:<br \/>\nMOD8 Elaboraci\u00f3n de Joggert y Chamarra de dama talla M:<br \/>\nMOD9 Elaboraci\u00f3n de Leggin y Top de dama talla M:<br \/>\nMOD10 Elaboraci\u00f3n de Chaleco de seguridad:<br \/>\nMOD11 Alta costura<br \/>\nMOD12 Despedida y Adelantos.<\/p>\n<p>Otros beneficios por inscribirse al programa:<\/p>\n<p>Acceso ilimitado y PARA TODA LA VIDA a la plataforma virtual donde se encuentran las lecciones en video full HD.<br \/>\nAcceso ilimitado y PARA TODA LA VIDA a las asesor\u00edas grupales e individuales de preguntas y respuestas con Willian Quispe y m\u00e1s expertos.<br \/>\nAcceso a un grupo exclusivo y privado en Facebook.<br \/>\nAcceso ilimitado y PARA TODA LA VIDA a las actualizaciones que publicamos<br \/>\nSorteos de Regalos personalizados para ti y tu equipo de trabajo.<\/p>\n<p>ACERCA DEL PRODUCTOR<\/p>\n<p>Desarrollado por WILLIAN QUISPE, con m\u00e1s de 15 a\u00f1os de experiencia en el mundo de la costura Industrial. Propietario de \u201cWiston Joe\u201d, empresa que provee buzos a colegios privados y nacionales e implementos de bioseguridad a hospitales y camisetas a equipos deportivos de Per\u00fa. Toda esta experiencia de a\u00f1os WILLIAM la ha puesto a tu disposici\u00f3n en un producto con excelentes resultados.<\/p>\n","protected":false},"excerpt":{"rendered":"<p>\u00bfSab\u00edas que el rubro de la costura industrial es de los negocios m\u00e1s rentables que hay en el mundo? \u00bfTe gustar\u00eda aprender a dise\u00f1ar tus propias prendas de vestir? \u00bfQuieres aprender a emprender con asesor\u00edas privadas individuales? \u00bfQuieres buscar aprender costura para trabajar en una empresa industrial?<\/p>\n<p>Costura industrial b\u00e1sica es el Curso #1 Para Convertir tu Hogar en un aut\u00e9ntico taller y crear tus propios dise\u00f1os y emprender tu propio negocio desde Casa adem\u00e1s de crear tu propia marca y aprender habilidades para poder trabajar en una empresa industrial de confecci\u00f3n.<\/p>\n","protected":false},"featured_media":3304,"template":"","meta":{"_joinchat":[]},"product_brand":[],"product_cat":[317,344],"product_tag":[],"class_list":{"0":"post-11504","1":"product","2":"type-product","3":"status-publish","4":"has-post-thumbnail","6":"product_cat-belleza-y-moda","7":"product_cat-todos","9":"first","10":"instock","11":"sale","12":"shipping-taxable","13":"product-type-external"},"_links":{"self":[{"href":"https:\/\/cursos.talentup.cl\/index.php?rest_route=\/wp\/v2\/product\/11504","targetHints":{"allow":["GET"]}}],"collection":[{"href":"https:\/\/cursos.talentup.cl\/index.php?rest_route=\/wp\/v2\/product"}],"about":[{"href":"https:\/\/cursos.talentup.cl\/index.php?rest_route=\/wp\/v2\/types\/product"}],"version-history":[{"count":2,"href":"https:\/\/cursos.talentup.cl\/index.php?rest_route=\/wp\/v2\/product\/11504\/revisions"}],"predecessor-version":[{"id":14019,"href":"https:\/\/cursos.talentup.cl\/index.php?rest_route=\/wp\/v2\/product\/11504\/revisions\/14019"}],"wp:featuredmedia":[{"embeddable":true,"href":"https:\/\/cursos.talentup.cl\/index.php?rest_route=\/wp\/v2\/media\/3304"}],"wp:attachment":[{"href":"https:\/\/cursos.talentup.cl\/index.php?rest_route=%2Fwp%2Fv2%2Fmedia&parent=11504"}],"wp:term":[{"taxonomy":"product_brand","embeddable":true,"href":"https:\/\/cursos.talentup.cl\/index.php?rest_route=%2Fwp%2Fv2%2Fproduct_brand&post=11504"},{"taxonomy":"product_cat","embeddable":true,"href":"https:\/\/cursos.talentup.cl\/index.php?rest_route=%2Fwp%2Fv2%2Fproduct_cat&post=11504"},{"taxonomy":"product_tag","embeddable":true,"href":"https:\/\/cursos.talentup.cl\/index.php?rest_route=%2Fwp%2Fv2%2Fproduct_tag&post=11504"}],"curies":[{"name":"wp","href":"https:\/\/api.w.org\/{rel}","templated":true}]}}