{"id":11505,"date":"2023-01-10T04:39:03","date_gmt":"2023-01-10T07:39:03","guid":{"rendered":"https:\/\/cursos.talentup.cl\/?post_type=product&#038;p=11505"},"modified":"2024-02-07T23:36:46","modified_gmt":"2024-02-08T02:36:46","slug":"piel-joven-con-bbglow","status":"publish","type":"product","link":"https:\/\/cursos.talentup.cl\/?product=piel-joven-con-bbglow","title":{"rendered":"PIEL JOVEN CON BBGLOW"},"content":{"rendered":"<p>\u201cUna imagen vale m\u00e1s que mil palabras\u201d y el rostro es la primera impresi\u00f3n.<br \/>\nLa industria de la est\u00e9tica y la belleza es muy importante el aspecto de la facial, sobre todo para las mujeres que invierten miles de d\u00f3lares en cremas anti-age (edad), para quitar manchas producidas por el acn\u00e9, el sol y l\u00edneas expresi\u00f3n e imperfecciones que salen con los a\u00f1os.<\/p>\n<p>Hemos dise\u00f1ado este CURSO ONLINE llamado BBGLOW, es una t\u00e9cnica coreana de belleza facial que te permitir\u00e1 llevar estas soluciones a miles de mujeres. <\/p>\n<p>Adem\u00e1s, podr\u00e1s escalar en el negocio de la belleza y convertirte en una profesional en la est\u00e9tica con esta revolucionaria t\u00e9cnica de la est\u00e9tica facial. Dise\u00f1ado tanto para principiantes como esteticistas y cosmet\u00f3logas.<\/p>\n<p>\u00bfQU\u00c9 VAS A LOGRAR? <\/p>\n<p>Con esta MasterClass lograr\u00e1s:<\/p>\n<p>Tener todos los conocimientos para que comiences o incrementes tu negocio de est\u00e9tica.<\/p>\n<p>Podr\u00e1s empezar desde cero sin una experiencia previa, ni t\u00edtulos o cursos adicionales.<\/p>\n<p>Tendr\u00e1s la soluci\u00f3n a muchos problemas de est\u00e9tica que las mujeres buscan mejorar.<\/p>\n<p>Empezar desde cero a convertirte en una profesional en la t\u00e9cnica de BBGLOW.<\/p>\n<p>Captar clientes por Facebook e Instagram de manera que nunca te faltar\u00e1n.<\/p>\n<p>Posicionar tu servicio o negocio en las primeras posiciones en las b\u00fasquedas de Google.<\/p>\n<p>Ser una profesional independiente y manejar tu tiempo para dedic\u00e1rselo a tu familia.<\/p>\n<p>Generar ingresos adicionales para mejorar tu calidad de vida y la de tu familia.<\/p>\n<p>Capacitarte desde la comodidad de tu casa, a tu propio ritmo y tiempo.<\/p>\n<p>Desarrollar un negocio rentable.<\/p>\n<p>Acceso al WHATSAPP de la profesora para realizarle todas las preguntas que necesites.<\/p>\n<p>Descargar tu certificado.<\/p>\n<p>Diferenciarte de tu competencia en el mercado laboral.<\/p>\n<p>Incluye Certificado por Yess Lacroix Academy.<\/p>\n<p>Tendr\u00e1s todo el conocimiento que necesitas para que puedas:<\/p>\n<p>Realizarte este tratamiento a ti misma cuando quieras.<\/p>\n<p>Lograr un efecto iluminaci\u00f3n instant\u00e1nea.<\/p>\n<p>Tener una Tez radiante y de Porcelana.<\/p>\n<p>Reducir manchas oscuras y pecas.<\/p>\n<p>Reducir y eliminar cicatrices de acn\u00e9.<\/p>\n<p>Estimular la producci\u00f3n de Col\u00e1geno para verse m\u00e1s joven.<\/p>\n<p>Reducir los poros dilatados para que la piel se vea m\u00e1s tersa y suave.<\/p>\n<p>Reducir imperfecciones y suavizar arrugas finas.<\/p>\n<p>Aprender una Hidrataci\u00f3n profunda.<\/p>\n<p>Neutralizar los radicales libres causantes de manchas y patolog\u00edas solares.<\/p>\n<p>Mejorar las arrugas progresivamente.<\/p>\n<p>Amplio conocimiento sobre el Efecto BB Cream.<\/p>\n<p>\u00bfCOMO LO VAS A LOGRAR?<\/p>\n<p> Con una metodolog\u00eda pr\u00e1ctica para que puedas desarrollar las habilidades y competencias necesarias para llevar a cabo los procedimientos y llegues a ser una gran profesional a partir de los siguientes m\u00f3dulos:<\/p>\n<p>MODULO 1 &#8211; PIEL JOVEN CON BBGLOW<\/p>\n<p>Introducci\u00f3n.<br \/>\n\u00bfQu\u00e9 es BB GLOW?<br \/>\nTest 1.<br \/>\nFisiolog\u00eda de la piel.<br \/>\nClase de Procedimientos Faciales &#8211; Parte 1.<br \/>\nClase de Procedimientos Faciales &#8211; Parte 2.<br \/>\nTest 2.<br \/>\n\u00bfQu\u00e9 es el MICRONEEDLING?<br \/>\n\u00bfQuieres Tambi\u00e9n Aprender BBLIPS?<br \/>\nTest 3.<br \/>\nProductos, Sueros y Pigmentos.<br \/>\nTest 4.<br \/>\nBioseguridad y Cuidados<br \/>\nTest 5.<br \/>\nMateriales y Herramientas.<br \/>\n\u00bfQu\u00e9 es el DERMAPEN y c\u00f3mo usarlo?<br \/>\nTest 6.<br \/>\nPr\u00e1ctica (1)<br \/>\nPr\u00e1ctica (2)<br \/>\nPr\u00e1ctica (3)<br \/>\nPr\u00e1ctica (4)<br \/>\nPr\u00e1ctica &#8211; Uso de la Cabina LED.<br \/>\nTest 7.<br \/>\nWhatsApp Equipo YESS LACROIX.<br \/>\nExtra &#8211; Manual para Descargar.<br \/>\nFacebook e Instagram para Captar Clientes.<br \/>\nGoogle Posicionamiento.<\/p>\n<p>MODULO 2 &#8211; D\u00d3NDE COMPRAR LOS PRODUCTOS BBGLOW<\/p>\n<p>\u00bfD\u00f3nde Comprar los productos BBGLOW?<\/p>\n<p>ASESOR\u00cdA<\/p>\n<p>Asesor\u00eda por WhatsApp.<br \/>\nCalif\u00edcanos en Google.<\/p>\n<p>C\u00d3MO DESCARGAR TU CERTIFICADO<\/p>\n<p>\u00bfC\u00f3mo Obtener tu Certificado?<\/p>\n<p>ACERCA DEL PRODUCTOR<\/p>\n<p>Desarrollado por YESS LACROIX ACADEMY, una de las m\u00e1s grandes academias de est\u00e9tica y belleza a nivel latino con m\u00e1s de 500 alumnas alrededor del mundo y con capacitaciones a nivel nacional con altos est\u00e1ndares de calidad. Con sede en Uruguay, donde imparte cursos y atiende con m\u00e1s de 10 procedimientos est\u00e9ticos diversos.<\/p>\n<p>El Curso Completo de BBGLOW est\u00e1 dictado por nuestra instructora YESS LACROIX, enfermera y esteticista, experta en bbglow, dermapen, bblips, camuflaje est\u00e9tico de estr\u00edas y cicatrices, lifting, camuflaje de ojeras y vit\u00edligo, camuflaje de cicatrices entre otras. Con m\u00e1s de 5 a\u00f1os de experiencia en procedimientos y capacitaciones a nivel mundial.<\/p>\n","protected":false},"excerpt":{"rendered":"<p>\u201cUna imagen vale m\u00e1s que mil palabras\u201d y el rostro es la primera impresi\u00f3n.<br \/>\nLa industria de la est\u00e9tica y la belleza es muy importante el aspecto de la facial, sobre todo para las mujeres que invierten miles de d\u00f3lares en cremas anti-age (edad), para quitar manchas producidas por el acn\u00e9, el sol y l\u00edneas expresi\u00f3n e imperfecciones que salen con los a\u00f1os.<\/p>\n<p>Hemos dise\u00f1ado este CURSO ONLINE llamado BBGLOW, es una t\u00e9cnica coreana de belleza facial que te permitir\u00e1 llevar estas soluciones a miles de mujeres. <\/p>\n<p>Adem\u00e1s, podr\u00e1s escalar en el negocio de la belleza y convertirte en una profesional en la est\u00e9tica con esta revolucionaria t\u00e9cnica de la est\u00e9tica facial. Dise\u00f1ado tanto para principiantes como esteticistas y cosmet\u00f3logas.<\/p>\n","protected":false},"featured_media":3305,"template":"","meta":{"_joinchat":[]},"product_brand":[],"product_cat":[317,344],"product_tag":[],"class_list":{"0":"post-11505","1":"product","2":"type-product","3":"status-publish","4":"has-post-thumbnail","6":"product_cat-belleza-y-moda","7":"product_cat-todos","9":"first","10":"instock","11":"sale","12":"shipping-taxable","13":"product-type-external"},"_links":{"self":[{"href":"https:\/\/cursos.talentup.cl\/index.php?rest_route=\/wp\/v2\/product\/11505","targetHints":{"allow":["GET"]}}],"collection":[{"href":"https:\/\/cursos.talentup.cl\/index.php?rest_route=\/wp\/v2\/product"}],"about":[{"href":"https:\/\/cursos.talentup.cl\/index.php?rest_route=\/wp\/v2\/types\/product"}],"version-history":[{"count":2,"href":"https:\/\/cursos.talentup.cl\/index.php?rest_route=\/wp\/v2\/product\/11505\/revisions"}],"predecessor-version":[{"id":14020,"href":"https:\/\/cursos.talentup.cl\/index.php?rest_route=\/wp\/v2\/product\/11505\/revisions\/14020"}],"wp:featuredmedia":[{"embeddable":true,"href":"https:\/\/cursos.talentup.cl\/index.php?rest_route=\/wp\/v2\/media\/3305"}],"wp:attachment":[{"href":"https:\/\/cursos.talentup.cl\/index.php?rest_route=%2Fwp%2Fv2%2Fmedia&parent=11505"}],"wp:term":[{"taxonomy":"product_brand","embeddable":true,"href":"https:\/\/cursos.talentup.cl\/index.php?rest_route=%2Fwp%2Fv2%2Fproduct_brand&post=11505"},{"taxonomy":"product_cat","embeddable":true,"href":"https:\/\/cursos.talentup.cl\/index.php?rest_route=%2Fwp%2Fv2%2Fproduct_cat&post=11505"},{"taxonomy":"product_tag","embeddable":true,"href":"https:\/\/cursos.talentup.cl\/index.php?rest_route=%2Fwp%2Fv2%2Fproduct_tag&post=11505"}],"curies":[{"name":"wp","href":"https:\/\/api.w.org\/{rel}","templated":true}]}}