{"id":11508,"date":"2023-01-10T04:39:03","date_gmt":"2023-01-10T07:39:03","guid":{"rendered":"https:\/\/cursos.talentup.cl\/?post_type=product&#038;p=11508"},"modified":"2024-02-07T23:36:46","modified_gmt":"2024-02-08T02:36:46","slug":"automaquillaje","status":"publish","type":"product","link":"https:\/\/cursos.talentup.cl\/?product=automaquillaje","title":{"rendered":"AUTOMAQUILLAJE"},"content":{"rendered":"<p>\u00bfQU\u00c9 VAS A LOGRAR?<\/p>\n<p>\u00bfHas querido aprender a maquillarte, pero te parece que los tutoriales son demasiado confusos?<\/p>\n<p>\u00bfHay demasiadas marcas y colores y te confunde tanta variedad a la hora de comprar?<\/p>\n<p>\u00bfNo est\u00e1s segura de cu\u00e1les son los cosm\u00e9ticos adecuados seg\u00fan tu color y tipo de piel?<\/p>\n<p>Ha llegado el momento de despejar todas tus dudas. Con este programa potenciar\u00e1s tu imagen personal a trav\u00e9s del cuidado de la piel y el maquillaje. Aprender\u00e1s a conocer tu piel y sus caracter\u00edsticas, identificando cuales son los cosm\u00e9ticos y productos adecuados para la piel de tu rostro. <\/p>\n<p>Este ser\u00e1 el primer programa de maquillaje en el cual nos enfocaremos en resaltar la importancia del conocimiento de la piel y sus caracter\u00edsticas, para luego guiar a los usuarios a ser selectivos y dar un uso adecuado de los cosm\u00e9ticos y dem\u00e1s productos o art\u00edculos a usar en la piel del rostro. <\/p>\n<p>Conocer la importancia del cuidado facial y su relaci\u00f3n con la autoestima y la sociedad.<\/p>\n<p>Tener un conocimiento dermatol\u00f3gico de tu rostro.<\/p>\n<p>Clasificar los diferentes productos que se usan para el maquillaje.<\/p>\n<p>Conocer\u00e1s las t\u00e9cnicas correctas de aplicaci\u00f3n de productos cosm\u00e9ticos.<\/p>\n<p>Aprender\u00e1s los trucos que usan los profesionales para un maquillaje perfecto pero natural.<\/p>\n<p>Ser\u00e1s el centro de atenci\u00f3n y la envidia de tus amigas.<\/p>\n<p>Ayudar\u00e1s a tus amigas a verse mejor.<\/p>\n<p>ESTE PROGRAMA EST\u00c1 DIRIGIDO A:<\/p>\n<p>Personas con o sin conocimientos b\u00e1sicos o que quieran profundizar en maquillaje.<\/p>\n<p>Mujeres interesadas en realzar su belleza de forma profesional.<\/p>\n<p>Mujeres que quieren maquillarse, eliminando el temor de da\u00f1ar su piel.<\/p>\n<p>Desarrollado por DIANA ZULETA, Estilista integral con 15 a\u00f1os de experiencia como copropietaria, administradora y estilista de su propia sala de belleza. Como Dise\u00f1adora de Modas hace 7 a\u00f1os dirige su Casa de Novias, sitio especializado en asesorar a las mujeres para que luzcan radiantes el mejor d\u00eda de sus vidas con servicios como asesor\u00eda de imagen, peinado y maquillaje, styling total, vestidos de novias, accesorios.<\/p>\n<p> Asesora de Imagen laboral guiando a las personas a trav\u00e9s de charlas y conferencias empresariales a crear identidad visual con su profesi\u00f3n, al mismo tiempo que dicta talleres de maquillaje para algunas escuelas y algunas marcas de maquillaje.<\/p>\n<p>\u00bfC\u00d3MO LO VAS A LOGRAR?<\/p>\n<p>Desde una forma clara y f\u00e1cil de entender, aprender\u00e1s la importancia de conocerte a la hora de maquillarte, identificar tu rostro, tipo de piel, ojos, nariz y labios para utilizar las t\u00e9cnicas adecuadas para ti. A trav\u00e9s de nuestra MasterClass encontrar\u00e1s toda la informaci\u00f3n con el paso a paso te\u00f3rico-pr\u00e1ctico para lograr un maquillaje profesional a trav\u00e9s de las siguientes tem\u00e1ticas:<\/p>\n<p>\u2022\tQu\u00e9 aprender\u00e1s<\/p>\n<p>Contexto social<\/p>\n<p>Importancia de la primera impresi\u00f3n<\/p>\n<p>Relaci\u00f3n de la autoestima con la belleza<\/p>\n<p>Visagismo. (Estudio del rostro)<\/p>\n<p>Tipos de rostro<\/p>\n<p>Correcciones seg\u00fan tipo de rostro<\/p>\n<p>Tipo de ojos y caracter\u00edsticas<\/p>\n<p>Correcciones para tipo de ojos<\/p>\n<p>Tipo de nariz, correcciones seg\u00fan tipo de nariz<\/p>\n<p>Tipo de bocas, correcciones seg\u00fan tipo de boca<\/p>\n<p>Maquillaje seg\u00fan tipos de piel<\/p>\n<p>Maquillaje seg\u00fan color de piel<\/p>\n<p>Tonalidades de piel<\/p>\n<p>Maquillaje para Pieles c\u00e1lidas<\/p>\n<p>Maquillaje para Pieles fr\u00edas<\/p>\n<p>Correcciones de color<\/p>\n<p>Protocolo de maquillaje<\/p>\n<p>Productos a usar<\/p>\n<p>Aplicaci\u00f3n de blush (rubor) seg\u00fan tu forma de rostro<\/p>\n<p>Delineado de ojos<\/p>\n<p>T\u00e9cnica de profundizaci\u00f3n<\/p>\n<p>Maquillaje T\u00e9cnica de un tono<\/p>\n<p>Maquillaje T\u00e9cnica d\u00fao<\/p>\n<p>Maquillaje Cl\u00e1sico<\/p>\n<p>Maquillaje T\u00e9cnica Smoke Eyes o ahumados<\/p>\n<p>BONUS<\/p>\n<p>Video automaquillaje de d\u00eda.<\/p>\n<p>PDF Lista de productos infaltables en tu cosmetiquera, seg\u00fan tu tipo de piel.<\/p>\n<p>PDF Test c\u00f3mo descubrir si tu tonalidad es c\u00e1lida o fr\u00eda.<\/p>\n<p>Ser\u00e1s parte del grupo cerrado de Facebook en el cual podr\u00e1s preguntar todas inquietudes y nos podr\u00e1s compartir tus fotos de antes y despu\u00e9s.<\/p>\n","protected":false},"excerpt":{"rendered":"<p>\u00bfHas querido aprender a maquillarte, pero te parece que los tutoriales son demasiado confusos?<\/p>\n<p>\u00bfHay demasiadas marcas y colores y te confunde tanta variedad a la hora de comprar?<\/p>\n<p>\u00bfNo est\u00e1s segura de cu\u00e1les son los cosm\u00e9ticos adecuados seg\u00fan tu color y tipo de piel?<\/p>\n<p>Ha llegado el momento de despejar todas tus dudas. Con este programa potenciar\u00e1s tu imagen personal a trav\u00e9s del cuidado de la piel y el maquillaje. Aprender\u00e1s a conocer tu piel y sus caracter\u00edsticas, identificando cuales son los cosm\u00e9ticos y productos adecuados para la piel de tu rostro. <\/p>\n","protected":false},"featured_media":3308,"template":"","meta":{"_joinchat":[]},"product_brand":[],"product_cat":[317,344],"product_tag":[],"class_list":{"0":"post-11508","1":"product","2":"type-product","3":"status-publish","4":"has-post-thumbnail","6":"product_cat-belleza-y-moda","7":"product_cat-todos","9":"first","10":"instock","11":"sale","12":"shipping-taxable","13":"product-type-external"},"_links":{"self":[{"href":"https:\/\/cursos.talentup.cl\/index.php?rest_route=\/wp\/v2\/product\/11508","targetHints":{"allow":["GET"]}}],"collection":[{"href":"https:\/\/cursos.talentup.cl\/index.php?rest_route=\/wp\/v2\/product"}],"about":[{"href":"https:\/\/cursos.talentup.cl\/index.php?rest_route=\/wp\/v2\/types\/product"}],"version-history":[{"count":2,"href":"https:\/\/cursos.talentup.cl\/index.php?rest_route=\/wp\/v2\/product\/11508\/revisions"}],"predecessor-version":[{"id":14023,"href":"https:\/\/cursos.talentup.cl\/index.php?rest_route=\/wp\/v2\/product\/11508\/revisions\/14023"}],"wp:featuredmedia":[{"embeddable":true,"href":"https:\/\/cursos.talentup.cl\/index.php?rest_route=\/wp\/v2\/media\/3308"}],"wp:attachment":[{"href":"https:\/\/cursos.talentup.cl\/index.php?rest_route=%2Fwp%2Fv2%2Fmedia&parent=11508"}],"wp:term":[{"taxonomy":"product_brand","embeddable":true,"href":"https:\/\/cursos.talentup.cl\/index.php?rest_route=%2Fwp%2Fv2%2Fproduct_brand&post=11508"},{"taxonomy":"product_cat","embeddable":true,"href":"https:\/\/cursos.talentup.cl\/index.php?rest_route=%2Fwp%2Fv2%2Fproduct_cat&post=11508"},{"taxonomy":"product_tag","embeddable":true,"href":"https:\/\/cursos.talentup.cl\/index.php?rest_route=%2Fwp%2Fv2%2Fproduct_tag&post=11508"}],"curies":[{"name":"wp","href":"https:\/\/api.w.org\/{rel}","templated":true}]}}