{"id":11511,"date":"2023-01-10T04:39:04","date_gmt":"2023-01-10T07:39:04","guid":{"rendered":"https:\/\/cursos.talentup.cl\/?post_type=product&#038;p=11511"},"modified":"2024-02-07T23:36:46","modified_gmt":"2024-02-08T02:36:46","slug":"aretes-y-accesorios","status":"publish","type":"product","link":"https:\/\/cursos.talentup.cl\/?product=aretes-y-accesorios","title":{"rendered":"ARETES Y ACCESORIOS"},"content":{"rendered":"<p>\u00bfQU\u00c9 VAS A LOGRAR?<\/p>\n<p>Lograr la elaboraci\u00f3n de aretes con mostacilla es un arte; pero para muchas personas es un reto llegar a hacer sus propios aretes y dise\u00f1os.<\/p>\n<p>El programa el arte de los aretes, es un completo entrenamiento, donde se aprender\u00e1 de manera muy practica y sencilla y con una excelente metodolog\u00eda, los pilares y el paso a paso sobre la t\u00e9cnica para la elaboraci\u00f3n de aretes en diferentes formas y estilos, la elaboraci\u00f3n puede ser realizada por hombres y mujeres de cualquier edad, con esp\u00edritu emprendedor, con gusto por el arte y el dise\u00f1o, siendo un programa que te brinda desde la fundamentaci\u00f3n en principios b\u00e1sicos, no se requiere ning\u00fan tipo de experiencia previa, ni alta inversi\u00f3n, para que en poco tiempo se pueda generar buenos resultados con la elaboraci\u00f3n y comercializaci\u00f3n de estos productos.<\/p>\n<p>Realizar tus propios dise\u00f1os de aretes, con materiales y herramientas de muy f\u00e1cil acceso y con muy poco presupuesto.<br \/>\nDesarrollar t\u00e9cnicas en la elaboraci\u00f3n de aretes, aplicadas desde un nivel para principiantes.<br \/>\nReconocer las opciones de tejidos, para poder hacer aretes de manera pr\u00e1ctica y r\u00e1pida.<br \/>\nEnamorar a tus clientes con elaboraci\u00f3n de aretes en tus propios dise\u00f1os, que ser\u00e1n atractivos y novedosos.<\/p>\n<p>La presentaci\u00f3n del programa es por parte de Angela Mar\u00eda Le\u00f3n, quien es una amante del arte y lleva 3 a\u00f1os en el mercado de los aretes para Damas, ha participado en diferentes ferias artesanales en toda la regi\u00f3n, adem\u00e1s tiene su propia empresa de estos productos, con lo cual, adem\u00e1s de conocer sobre la fabricaci\u00f3n, sabe que la comercializaci\u00f3n de estos productos, genera buenos ingresos econ\u00f3micos.<\/p>\n<p>\u00bfC\u00d3MO LO VAS A LOGRAR? <\/p>\n<p>Con la estructura de un completo programa, para el aprendizaje de la elaboraci\u00f3n de aretes; accesorios que son casi indispensable en la vida diaria de cualquier mujer. Este programa consta de la ense\u00f1anza de siete diferentes dise\u00f1os de aretes, para que, desde ah\u00ed, crees infinidad de dise\u00f1os a tu gusto; Se te explicar\u00e1 desde las herramientas y materiales que se requieren, las bases para hacer cualquier tejido de aretes en mostacilla, y seguido de un paso a paso donde se te mostrar\u00e1 de manera precisa la elaboraci\u00f3n de distingos modelos.<\/p>\n<p>Bienvenido al programa el arte de los aretes<br \/>\nComunidad (VIP en Facebook)<br \/>\nPrepara tu lugar de trabajo<br \/>\nExplicaci\u00f3n de los dise\u00f1os de aretes que se realizar\u00e1n.<br \/>\nHerramientas y materiales para la elaboraci\u00f3n de aretes, explicada uno por uno, los nombres y en qu\u00e9 medidas se manejan.<\/p>\n<p>Dise\u00f1o 1. Elaboraci\u00f3n aretes en alambre y murano<br \/>\nDise\u00f1o 2. T\u00e9cnica tejida en ladrillo mostacilla y murano hacia afuera<br \/>\nDise\u00f1o 3. T\u00e9cnica tejida en ladrillo mostacilla y murano hacia adentro<br \/>\nDise\u00f1o 4. T\u00e9cnica mostacilla media luna<br \/>\nDise\u00f1o 5. T\u00e9cnica flor media en candonga con mostacilla y murano<br \/>\nDise\u00f1o 6. T\u00e9cnica flor en mostacilla y murano<br \/>\nDise\u00f1o 7. T\u00e9cnica arete en canutillos y mostacilla<\/p>\n","protected":false},"excerpt":{"rendered":"<p>Lograr la elaboraci\u00f3n de aretes con mostacilla es un arte; pero para muchas personas es un reto llegar a hacer sus propios aretes y dise\u00f1os.<\/p>\n","protected":false},"featured_media":3311,"template":"","meta":{"_joinchat":[]},"product_brand":[],"product_cat":[317,344],"product_tag":[],"class_list":{"0":"post-11511","1":"product","2":"type-product","3":"status-publish","4":"has-post-thumbnail","6":"product_cat-belleza-y-moda","7":"product_cat-todos","9":"first","10":"instock","11":"sale","12":"shipping-taxable","13":"product-type-external"},"_links":{"self":[{"href":"https:\/\/cursos.talentup.cl\/index.php?rest_route=\/wp\/v2\/product\/11511","targetHints":{"allow":["GET"]}}],"collection":[{"href":"https:\/\/cursos.talentup.cl\/index.php?rest_route=\/wp\/v2\/product"}],"about":[{"href":"https:\/\/cursos.talentup.cl\/index.php?rest_route=\/wp\/v2\/types\/product"}],"version-history":[{"count":2,"href":"https:\/\/cursos.talentup.cl\/index.php?rest_route=\/wp\/v2\/product\/11511\/revisions"}],"predecessor-version":[{"id":14026,"href":"https:\/\/cursos.talentup.cl\/index.php?rest_route=\/wp\/v2\/product\/11511\/revisions\/14026"}],"wp:featuredmedia":[{"embeddable":true,"href":"https:\/\/cursos.talentup.cl\/index.php?rest_route=\/wp\/v2\/media\/3311"}],"wp:attachment":[{"href":"https:\/\/cursos.talentup.cl\/index.php?rest_route=%2Fwp%2Fv2%2Fmedia&parent=11511"}],"wp:term":[{"taxonomy":"product_brand","embeddable":true,"href":"https:\/\/cursos.talentup.cl\/index.php?rest_route=%2Fwp%2Fv2%2Fproduct_brand&post=11511"},{"taxonomy":"product_cat","embeddable":true,"href":"https:\/\/cursos.talentup.cl\/index.php?rest_route=%2Fwp%2Fv2%2Fproduct_cat&post=11511"},{"taxonomy":"product_tag","embeddable":true,"href":"https:\/\/cursos.talentup.cl\/index.php?rest_route=%2Fwp%2Fv2%2Fproduct_tag&post=11511"}],"curies":[{"name":"wp","href":"https:\/\/api.w.org\/{rel}","templated":true}]}}