{"id":11553,"date":"2023-01-10T04:39:08","date_gmt":"2023-01-10T07:39:08","guid":{"rendered":"https:\/\/cursos.talentup.cl\/?post_type=product&#038;p=11553"},"modified":"2024-02-07T23:36:48","modified_gmt":"2024-02-08T02:36:48","slug":"casas-con-arquitectura-bioclimatica","status":"publish","type":"product","link":"https:\/\/cursos.talentup.cl\/?product=casas-con-arquitectura-bioclimatica","title":{"rendered":"CASAS CON ARQUITECTURA BIOCLIM\u00c1TICA"},"content":{"rendered":"<p>Sab\u00edas que la arquitectura ecol\u00f3gica es una tendencia mundial?<\/p>\n<p>Con el masterclass CASAS CON ARQUITECTURA BIOCLIM\u00c1TICA aprender\u00e1s a aprovechar los recursos clim\u00e1ticos y naturales que existen en tu entorno para crear espacios saludables y confortables con una abundante entrada de luz y buena calidad de aire.<\/p>\n<p>\u00bfQU\u00c9 VAS A LOGRAR?<\/p>\n<p>Dise\u00f1ar\u00e1s espacios saludables y confortables con una buena calidad de aire y entrada de luz, gracias al estudio de estos elementos mediante software bioclim\u00e1tico. (El cual se proporciona en el curso) y as\u00ed evitar\u00e1s el s\u00edndrome del edificio enfermo. (casas o edificios que enferman a las personas).<\/p>\n<p>Desarrollar\u00e1s habilidades para aprovechar los recursos clim\u00e1ticos y naturales que existen en la zona para reducir los efectos de los gases contaminantes a la atm\u00f3sfera.<\/p>\n<p>Quienes son los responsables del cambio clim\u00e1tico y enfermedades respiratorias (que representan el 7% de muertes en el mundo).<\/p>\n<p>Dise\u00f1ar\u00e1s proyectos de arquitectura que reduzcan hasta en un 30% el consumo de energ\u00eda el\u00e9ctrica, al reducir el consumo de aire acondicionado y\/o calefacci\u00f3n. Lo que se traduce en un ahorro econ\u00f3mico.<\/p>\n<p>Aprender\u00e1s a planear y presentar proyectos bioclim\u00e1ticos como un profesional. Orientados a resolver las necesidades de cada cliente potencial, lo cual se traduce en m\u00e1s ingresos para tu negocio o servicio. <\/p>\n<p>Aprender\u00e1s las mejores t\u00e9cnicas profesionales para construir y dise\u00f1ar bajo una arquitectura sostenible, lo cual es tendencia mundial.<\/p>\n<p>Aprender\u00e1s la metodolog\u00eda del dise\u00f1o pasivo, que es el primer paso para iniciarte en el mundo de las certificaciones ambientales como Leed, Passivhaus y Breeam. Conocer\u00e1s sus diferencias y donde puedes certificarte.<\/p>\n<p>Sabr\u00e1s c\u00f3mo y d\u00f3nde encontrar becas internacionales, que te ayuden a especializarte en sostenibilidad, si es que deseas hacer una maestr\u00eda o postgrado.<\/p>\n<p>Aprender\u00e1s c\u00f3mo hacer tu perfil de arquitecto especialista en bioclim\u00e1tica en LinkedIn para obtener mejores ofertas de empleo.<\/p>\n<p>Conocer\u00e1s nuevas formas de negocio como las consultoras de arquitectura bioclim\u00e1tica y aprender\u00e1s c\u00f3mo presentar tus servicios para atraer clientes potenciales.<\/p>\n<p>Aprender\u00e1s los beneficios de los jardines verticales en tus proyectos bioclim\u00e1ticos y c\u00f3mo acceder a un nuevo negocio.<\/p>\n<p>Acceder\u00e1s a un acompa\u00f1amiento de la mano de una persona experta en el tema mediante Telegram e Instagram.<\/p>\n<p>Acceso a las actualizaciones a futuro y permanentes del programa.<\/p>\n<p>Acceder\u00e1s al certificado avalado por Hotmart y Seminarios Online.<\/p>\n<p>\u00bfC\u00d3MO LO VAS A LOGRAR?<\/p>\n<p>A trav\u00e9s del siguiente contenido, estructurado paso a paso:<\/p>\n<p>M\u00f3dulo Antes de comenzar el curso<\/p>\n<p>Bienvenid@ al curso.<br \/>\nDescarga el material del curso.<br \/>\nSoporte a dudas.<\/p>\n<p>M\u00f3dulo 1: \u00bfPor qu\u00e9 dise\u00f1ar una arquitectura bioclim\u00e1tica?<\/p>\n<p>1.1 \u00bfPor qu\u00e9 es importante la sostenibilidad?.<br \/>\n1.2 La importancia del clima en el dise\u00f1o.<br \/>\n1.3 \u00bfQu\u00e9 es la arquitectura bioclim\u00e1tica?.<br \/>\n1.4 Acuerdos internacionales que dieron su origen.<br \/>\n1.5 Arquitectura vern\u00e1cula.<br \/>\n1.6 El m\u00e9todo bioclim\u00e1tico.<\/p>\n<p>M\u00f3dulo 2: La importancia del confort en arquitectura<\/p>\n<p>2.1 Confort y tipolog\u00edas.<br \/>\n2.1.1 Confort lum\u00ednico.<br \/>\n2.1.2 Confort ac\u00fastico.<br \/>\n2.1.3 Confort olfativo.<br \/>\n2.1.4 Confort higrot\u00e9rmico.<br \/>\n2.2 Confort t\u00e9rmico en la arquitectura.<br \/>\n2.3 Zona de confort.<br \/>\n2.4 Diagrama bioclim\u00e1tico de Olgyay- Exteriores.<br \/>\n2.5 Diagrama psicom\u00e9trico de Givoni -Interiores.<\/p>\n<p>M\u00f3dulo 3: Iluminaci\u00f3n natural<\/p>\n<p>3.1 Iluminaci\u00f3n natural y arquitectura.<br \/>\n3.2 Factores determinantes en la iluminaci\u00f3n natural.<br \/>\n3.3 Color e iluminaci\u00f3n natural.<\/p>\n<p>M\u00f3dulo 4: Ventilaci\u00f3n natural<\/p>\n<p>4.1 Necesidades de ventilaci\u00f3n.<br \/>\n4.2 ventilaci\u00f3n cruzada.<br \/>\n4.3 Ventilaci\u00f3n por efecto t\u00e9rmico.<br \/>\n4.4 Chimeneas solares.<br \/>\n4.5 Orientaci\u00f3n por vientos dominantes.<br \/>\n4.6 Ventilaci\u00f3n inducida.<br \/>\n4.7 Ventilaci\u00f3n nocturna.<br \/>\n4.8 Uso de patios de ventilaci\u00f3n y jardines bioclim\u00e1ticos.<br \/>\n4.9 Tutorial vientos dominantes en tu proyecto.<\/p>\n<p>M\u00f3dulo 5: Estrategias bioclim\u00e1ticas en verano<\/p>\n<p>5.1 Refrigeraci\u00f3n y ventilaci\u00f3n pasivas.<br \/>\n5.2 Evita el sobrecalentamiento.<br \/>\n5.3 C\u00f3mo mejorar la sensaci\u00f3n de calor sin enfriamiento.<br \/>\n5.4 Reducci\u00f3n de calor con ventilaci\u00f3n estrat\u00e9gica.<br \/>\n5.5 Uso del enfriamiento pasivo.<\/p>\n<p>M\u00f3dulo 6. Estrategias bioclim\u00e1ticas en invierno<\/p>\n<p>6.1 Sistemas de aprovechamiento energ\u00e9tico.<br \/>\n6.2 Sistemas de captaci\u00f3n.<br \/>\n6.3 Distribuci\u00f3n y acumulaci\u00f3n.<br \/>\n6.4 Uso de energ\u00eda auxiliar.<\/p>\n<p>M\u00f3dulo 7. Parte pr\u00e1ctica con software<\/p>\n<p>7.1 Software para an\u00e1lisis de datos clim\u00e1ticos.<br \/>\n7.2 Realiza un an\u00e1lisis de preexistencia con CANVA.<br \/>\n7.3 L\u00e1mina de correcci\u00f3n del entorno usando CANVA.<br \/>\n7.4 Estrategias pasivas en verano e invierno.<br \/>\n7.5 Dise\u00f1o de protecciones solares eficientes.<br \/>\n7.6 Estudio de luz natural.<br \/>\n7.7 Estudio de viento para optimizar la ventilaci\u00f3n natural.<\/p>\n<p>M\u00f3dulo 8. Mejora tus oportunidades laborales con la arquitectura bioclim\u00e1tica<\/p>\n<p>8.1 Crea tu CV en LinkedIn y busca empleo en arquitectura bioclim\u00e1tica.<br \/>\n8.2 Becas para estudiar sostenibilidad en el extranjero.<br \/>\n8.3 Inicia tu propio negocio: Consultor\u00eda en bioclim\u00e1tica.<\/p>\n<p>M\u00f3dulo 9. \u00bfQu\u00e9 hacer despu\u00e9s de terminar este curso?<\/p>\n<p>9.1 Pasos siguientes.<br \/>\n9.2 Impacto ambiental de lo que construimos.<br \/>\n9.3 Etiquetas ecol\u00f3gicas en la construcci\u00f3n.<br \/>\n9.4 Calcula tu huella ecol\u00f3gica y huella de carbono.<br \/>\n9.5 Certificaciones ambientales LEED, Passivhaus y Breeam.<br \/>\n9.6 Jardines verticales.<\/p>\n<p>Bonus<\/p>\n<p>E-book Estrategias de arquitectura bioclim\u00e1tica en invierno y verano.<br \/>\nGu\u00eda para hacer tu LinkedIn y buscar ofertas de trabajo.<\/p>\n<p>Video respuestas<\/p>\n<p>\u00bfCu\u00e1l es el mejor software para dise\u00f1o bioclim\u00e1tico?.<\/p>\n<p>ACERCA DEL PRODUCTOR<\/p>\n<p>Desarrollado por ADALIZ SAYAGO, arquitecta especialista en bioclimatismo y sostenibilidad. Consultora desde hace 8 a\u00f1os en arquitectura bioclim\u00e1tica en Espa\u00f1a y M\u00e9xico. Colabora con Arquitectos sin fronteras en proyectos de desarrollo sostenible. Fundadora de COARINS, un espacio de formaci\u00f3n donde durante 5 a\u00f1os ha ayudado a 300 alumnos a desarrollar proyectos bioclim\u00e1ticos y saludables. <\/p>\n<p>Creadora del Podcast y canal de YouTube \u00abArquitectura Sostenible\u00bb un sitio de difusi\u00f3n de la importancia de la sostenibilidad en la construcci\u00f3n y en dise\u00f1ar y construir viviendas sostenibles y saludables. <\/p>\n","protected":false},"excerpt":{"rendered":"<p>Sab\u00edas que la arquitectura ecol\u00f3gica es una tendencia mundial?<\/p>\n<p>Con el masterclass CASAS CON ARQUITECTURA BIOCLIM\u00c1TICA aprender\u00e1s a aprovechar los recursos clim\u00e1ticos y naturales que existen en tu entorno para crear espacios saludables y confortables con una abundante entrada de luz y buena calidad de aire.<\/p>\n","protected":false},"featured_media":3324,"template":"","meta":{"_joinchat":[]},"product_brand":[],"product_cat":[318,344],"product_tag":[],"class_list":{"0":"post-11553","1":"product","2":"type-product","3":"status-publish","4":"has-post-thumbnail","6":"product_cat-casa-y-construccion","7":"product_cat-todos","9":"first","10":"instock","11":"sale","12":"shipping-taxable","13":"product-type-external"},"_links":{"self":[{"href":"https:\/\/cursos.talentup.cl\/index.php?rest_route=\/wp\/v2\/product\/11553","targetHints":{"allow":["GET"]}}],"collection":[{"href":"https:\/\/cursos.talentup.cl\/index.php?rest_route=\/wp\/v2\/product"}],"about":[{"href":"https:\/\/cursos.talentup.cl\/index.php?rest_route=\/wp\/v2\/types\/product"}],"version-history":[{"count":2,"href":"https:\/\/cursos.talentup.cl\/index.php?rest_route=\/wp\/v2\/product\/11553\/revisions"}],"predecessor-version":[{"id":14038,"href":"https:\/\/cursos.talentup.cl\/index.php?rest_route=\/wp\/v2\/product\/11553\/revisions\/14038"}],"wp:featuredmedia":[{"embeddable":true,"href":"https:\/\/cursos.talentup.cl\/index.php?rest_route=\/wp\/v2\/media\/3324"}],"wp:attachment":[{"href":"https:\/\/cursos.talentup.cl\/index.php?rest_route=%2Fwp%2Fv2%2Fmedia&parent=11553"}],"wp:term":[{"taxonomy":"product_brand","embeddable":true,"href":"https:\/\/cursos.talentup.cl\/index.php?rest_route=%2Fwp%2Fv2%2Fproduct_brand&post=11553"},{"taxonomy":"product_cat","embeddable":true,"href":"https:\/\/cursos.talentup.cl\/index.php?rest_route=%2Fwp%2Fv2%2Fproduct_cat&post=11553"},{"taxonomy":"product_tag","embeddable":true,"href":"https:\/\/cursos.talentup.cl\/index.php?rest_route=%2Fwp%2Fv2%2Fproduct_tag&post=11553"}],"curies":[{"name":"wp","href":"https:\/\/api.w.org\/{rel}","templated":true}]}}