{"id":11555,"date":"2023-01-10T04:39:08","date_gmt":"2023-01-10T07:39:08","guid":{"rendered":"https:\/\/cursos.talentup.cl\/?post_type=product&#038;p=11555"},"modified":"2024-02-07T23:36:49","modified_gmt":"2024-02-08T02:36:49","slug":"la-magia-del-fondant-para-emprender","status":"publish","type":"product","link":"https:\/\/cursos.talentup.cl\/?product=la-magia-del-fondant-para-emprender","title":{"rendered":"LA MAGIA DEL FONDANT PARA EMPRENDER"},"content":{"rendered":"<p>\u00bfTe gustar\u00eda incursionar en el maravilloso mundo del Fondant?<\/p>\n<p>Con el MasterClass LA MAGIA DEL FONDANT PARA EMPRENDER, manejar\u00e1s y dise\u00f1ar\u00e1s con fondant f\u00e1cilmente, creando dise\u00f1os impresionantes.<\/p>\n<p>\u00bfQU\u00c9 VAS A LOGRAR?<\/p>\n<p>Lograr\u00e1s incursionar en el maravilloso mundo del fondant, aprender\u00e1s c\u00f3mo decorar diferentes dise\u00f1os de tartas como un experto f\u00e1cil y r\u00e1pido.<\/p>\n<p>Aprender\u00e1s nuevos tips y si estas en cero conocimientos no te preocupes que en nuestro entrenamiento es especialmente para ti, principiantes para convertirlos en avanzados creando pasteles finos y de dibujos animados.<\/p>\n<p>Dejar\u00e1s tus clientes encantados y obtendr\u00e1s varios consejos para optimizar tus resultados y aumentar tus ingresos como emprendedora y desde casa.<\/p>\n<p>Aprender\u00e1s a utilizar las herramientas necesarias para los diferentes dise\u00f1os. <\/p>\n<p>Obtendr\u00e1s las habilidades imprescindibles para elaborar y poner en marcha un proyecto que te genere ingresos econ\u00f3micos desde tu hogar.<\/p>\n<p>Acceder\u00e1s al certificado avalado por Hotmart y Seminarios Online.<\/p>\n<p>\u00bfC\u00d3MO LO VAS A LOGRAR?<\/p>\n<p>A trav\u00e9s del siguiente contenido, estructurado paso a paso:<\/p>\n<p>M\u00f3dulo 1 &#8211; PRESENTACI\u00d3N DEL PROGRAMA<\/p>\n<p>Introducci\u00f3n.<br \/>\n\u00bfA qui\u00e9n contacto si tengo dudas? \t<\/p>\n<p>M\u00d3DULO 2 &#8211; DESCRIPCIONES DE LOS MATERIALES<\/p>\n<p>Utensilios.<br \/>\nMateria prima para realizar el ponqu\u00e9.<br \/>\nMateria prima para realizar fondant.<br \/>\nMateria prima de Ganache para forrar pasteles.<\/p>\n<p>M\u00d3DULO 3 &#8211; PREPARACI\u00d3N DE TARTA<\/p>\n<p>Elaboraci\u00f3n del ponqu\u00e9 de vainilla.<br \/>\nElaboraci\u00f3n del fondant.<br \/>\nElaboraci\u00f3n del ganache.<\/p>\n<p>M\u00d3DULO 4 &#8211; ARMADO Y DECORACI\u00d3N<\/p>\n<p>Corte \tde ponqu\u00e9 cuadrado.<br \/>\n3 formas de cortar el ponqu\u00e9 redondo.<br \/>\nRelleno de ponqu\u00e9.<br \/>\nDecoraci\u00f3n de M&#038;M.<br \/>\nDecoraci\u00f3n de Bob esponja.<br \/>\nDecoraci\u00f3n de Sonic.<br \/>\nDecoraci\u00f3n de los \u00c1ngeles Lakers (aro de baloncesto).<\/p>\n<p>M\u00d3DULO 5 &#8211; MATERIAL ADICIONAL &#8211; (BONOS)<\/p>\n<p>Bono 1: Suspiros o piruletas.<br \/>\nBono 2: Decoraci\u00f3n de galletas con fondant.<br \/>\nBono 3: Elaboraci\u00f3n de brigadeiros (Trufas).<br \/>\nBono 4: Grupo privado de Facebook y Telegram.<\/p>\n<p>M\u00f3dulo 6 &#8211; RECOMENDACIONES Y DESPEDIDA<\/p>\n<p>Recomendaciones finales.<br \/>\nDespedida del curso.<\/p>\n<p>M\u00d3DULO 7 &#8211; VIDEO RESPUESTAS<\/p>\n<p>Errores comunes en la preparaci\u00f3n del fondant<br \/>\nTips para mejorar los errores comunes.<\/p>\n<p>M\u00d3DULO 8 \u2013 \u00bfC\u00d3MO OBTENER TU CERTIFICADO?<\/p>\n<p>\u00bfC\u00f3mo obtener tu certificado?<\/p>\n<p>ACERCA DE LA PRODUCTORA<\/p>\n<p>Desarrollado por ANA CONCEPCION, quien cuenta con m\u00e1s de 30 a\u00f1os de experiencia profesional en la reposter\u00eda y en la ense\u00f1anza de artes y oficios en escuelas de labores de adultos. <\/p>\n<p>Desde hace m\u00e1s de 15 a\u00f1os dedicada a la elaboraci\u00f3n de tartas desde su hogar. Realizo estudios Universitarios en educaci\u00f3n, pero su dedicaci\u00f3n al 100% ha sido en el arte culinario, donde ha encontrado las satisfacciones m\u00e1s importantes en el mundo de la pasteler\u00eda.<\/p>\n<p>Jam\u00e1s imagino que elaborando y dise\u00f1ando pasteles conseguir\u00eda estabilidad econ\u00f3mica y satisfacci\u00f3n personal.<\/p>\n","protected":false},"excerpt":{"rendered":"<p>\u00bfTe gustar\u00eda incursionar en el maravilloso mundo del Fondant?<\/p>\n<p>Con el MasterClass LA MAGIA DEL FONDANT PARA EMPRENDER, manejar\u00e1s y dise\u00f1ar\u00e1s con fondant f\u00e1cilmente, creando dise\u00f1os impresionantes.<\/p>\n","protected":false},"featured_media":3414,"template":"","meta":{"_joinchat":[]},"product_brand":[],"product_cat":[319,344],"product_tag":[],"class_list":{"0":"post-11555","1":"product","2":"type-product","3":"status-publish","4":"has-post-thumbnail","6":"product_cat-culinaria-y-gastronomia","7":"product_cat-todos","9":"first","10":"instock","11":"sale","12":"shipping-taxable","13":"product-type-external"},"_links":{"self":[{"href":"https:\/\/cursos.talentup.cl\/index.php?rest_route=\/wp\/v2\/product\/11555","targetHints":{"allow":["GET"]}}],"collection":[{"href":"https:\/\/cursos.talentup.cl\/index.php?rest_route=\/wp\/v2\/product"}],"about":[{"href":"https:\/\/cursos.talentup.cl\/index.php?rest_route=\/wp\/v2\/types\/product"}],"version-history":[{"count":2,"href":"https:\/\/cursos.talentup.cl\/index.php?rest_route=\/wp\/v2\/product\/11555\/revisions"}],"predecessor-version":[{"id":14040,"href":"https:\/\/cursos.talentup.cl\/index.php?rest_route=\/wp\/v2\/product\/11555\/revisions\/14040"}],"wp:featuredmedia":[{"embeddable":true,"href":"https:\/\/cursos.talentup.cl\/index.php?rest_route=\/wp\/v2\/media\/3414"}],"wp:attachment":[{"href":"https:\/\/cursos.talentup.cl\/index.php?rest_route=%2Fwp%2Fv2%2Fmedia&parent=11555"}],"wp:term":[{"taxonomy":"product_brand","embeddable":true,"href":"https:\/\/cursos.talentup.cl\/index.php?rest_route=%2Fwp%2Fv2%2Fproduct_brand&post=11555"},{"taxonomy":"product_cat","embeddable":true,"href":"https:\/\/cursos.talentup.cl\/index.php?rest_route=%2Fwp%2Fv2%2Fproduct_cat&post=11555"},{"taxonomy":"product_tag","embeddable":true,"href":"https:\/\/cursos.talentup.cl\/index.php?rest_route=%2Fwp%2Fv2%2Fproduct_tag&post=11555"}],"curies":[{"name":"wp","href":"https:\/\/api.w.org\/{rel}","templated":true}]}}