{"id":11557,"date":"2023-01-10T04:39:08","date_gmt":"2023-01-10T07:39:08","guid":{"rendered":"https:\/\/cursos.talentup.cl\/?post_type=product&#038;p=11557"},"modified":"2024-02-07T23:36:49","modified_gmt":"2024-02-08T02:36:49","slug":"cocina-y-diviertete-como-un-chef","status":"publish","type":"product","link":"https:\/\/cursos.talentup.cl\/?product=cocina-y-diviertete-como-un-chef","title":{"rendered":"COCINA Y DIVI\u00c9RTETE COMO UN CHEF"},"content":{"rendered":"<p>\u00bfTe gusta cocinar, pero no te atreves a hacerlo como todo un profesional?<\/p>\n<p>Con el MasterClass COCINA Y DIVI\u00c9RTETE COMO UN CHEF, preparar\u00e1s recetas de manera pr\u00e1ctica, creativa y con ingredientes saludables desde la cocina de tu casa.<\/p>\n<p>\u00bfQU\u00c9 VAS A LOGRAR?<\/p>\n<p>Planear\u00e1s tu alimentaci\u00f3n d\u00eda a d\u00eda.<\/p>\n<p>Ahorrar\u00e1s tiempo y dinero en la cocina.<\/p>\n<p>Aprender\u00e1s recetas deliciosas y saludables.<\/p>\n<p>Aprender\u00e1s t\u00e9cnicas pr\u00e1cticas para preparar tus alimentos.<\/p>\n<p>Usar\u00e1s los utensilios de cocina de manera correcta y segura.<\/p>\n<p>Escoger\u00e1s ingredientes frescos y de buena procedencia.<\/p>\n<p>Emplatar\u00e1s de manera creativa, como todo un profesional.<\/p>\n<p>Acceder\u00e1s al certificado avalado por Hotmart y Seminarios Online.<\/p>\n<p>\u00bfC\u00d3MO LO VAS A LOGRAR?<\/p>\n<p>A trav\u00e9s del siguiente contenido, estructurado paso a paso:<\/p>\n<p>M\u00d3DULO 1 &#8211; COMIDA F\u00c1CIL, RAPIDA Y DELICIOSA EN CASA<\/p>\n<p>Introducci\u00f3n.<br \/>\nBienvenida.<br \/>\nTips de utensilios.<br \/>\nPancakes de banano y yogurt.<br \/>\nPancakes de banano y yogurt II.<br \/>\nNueces garapi\u00f1adas.<br \/>\nMermelada de cebolla y tocineta.<br \/>\nSalsa de hamburguesa.<br \/>\nHamburguesa tradicional.<br \/>\nPreparando las lentejas para la hamburguesa.<br \/>\nCarne de lentejas para la hamburguesa.<br \/>\nPapas a la sart\u00e9n.<\/p>\n<p>M\u00d3DULO 2 \u2013 MATERIAL ADICIONAL (BONOS)<\/p>\n<p>Bono 1: Ensalada de Quinua, mango y pollo.<br \/>\nBono 2: Ensalada de Quinua, mango y pollo II.<\/p>\n<p>M\u00d3DULO 3 \u2013 DESPEDIDA<\/p>\n<p>Despedida.<\/p>\n<p>M\u00d3DULO 4 \u2013 \u00bfC\u00d3MO OBTENER TU CERTIFICADO?<\/p>\n<p>\u00bfC\u00f3mo obtener tu certificado?<\/p>\n<p>ACERCA DE LA PRODUCTORA<\/p>\n<p>Desarrollado por Carolina Aristiz\u00e1bal, Chef de la Escuela Gastron\u00f3mica de Occidente.<\/p>\n<p>Creadora de contenido con experiencia de m\u00e1s de 10 a\u00f1os en restaurantes cafeter\u00edas.<\/p>\n<p>Profesora de cocina y creadora de recetas deliciosas de comida saludable.<\/p>\n","protected":false},"excerpt":{"rendered":"<p>\u00bfTe gusta cocinar, pero no te atreves a hacerlo como todo un profesional?<\/p>\n<p>Con el MasterClass COCINA Y DIVI\u00c9RTETE COMO UN CHEF, preparar\u00e1s recetas de manera pr\u00e1ctica, creativa y con ingredientes saludables desde la cocina de tu casa.<\/p>\n","protected":false},"featured_media":3326,"template":"","meta":{"_joinchat":[]},"product_brand":[],"product_cat":[319,344],"product_tag":[],"class_list":{"0":"post-11557","1":"product","2":"type-product","3":"status-publish","4":"has-post-thumbnail","6":"product_cat-culinaria-y-gastronomia","7":"product_cat-todos","9":"first","10":"instock","11":"sale","12":"shipping-taxable","13":"product-type-external"},"_links":{"self":[{"href":"https:\/\/cursos.talentup.cl\/index.php?rest_route=\/wp\/v2\/product\/11557","targetHints":{"allow":["GET"]}}],"collection":[{"href":"https:\/\/cursos.talentup.cl\/index.php?rest_route=\/wp\/v2\/product"}],"about":[{"href":"https:\/\/cursos.talentup.cl\/index.php?rest_route=\/wp\/v2\/types\/product"}],"version-history":[{"count":2,"href":"https:\/\/cursos.talentup.cl\/index.php?rest_route=\/wp\/v2\/product\/11557\/revisions"}],"predecessor-version":[{"id":14042,"href":"https:\/\/cursos.talentup.cl\/index.php?rest_route=\/wp\/v2\/product\/11557\/revisions\/14042"}],"wp:featuredmedia":[{"embeddable":true,"href":"https:\/\/cursos.talentup.cl\/index.php?rest_route=\/wp\/v2\/media\/3326"}],"wp:attachment":[{"href":"https:\/\/cursos.talentup.cl\/index.php?rest_route=%2Fwp%2Fv2%2Fmedia&parent=11557"}],"wp:term":[{"taxonomy":"product_brand","embeddable":true,"href":"https:\/\/cursos.talentup.cl\/index.php?rest_route=%2Fwp%2Fv2%2Fproduct_brand&post=11557"},{"taxonomy":"product_cat","embeddable":true,"href":"https:\/\/cursos.talentup.cl\/index.php?rest_route=%2Fwp%2Fv2%2Fproduct_cat&post=11557"},{"taxonomy":"product_tag","embeddable":true,"href":"https:\/\/cursos.talentup.cl\/index.php?rest_route=%2Fwp%2Fv2%2Fproduct_tag&post=11557"}],"curies":[{"name":"wp","href":"https:\/\/api.w.org\/{rel}","templated":true}]}}