{"id":11568,"date":"2023-01-10T04:39:09","date_gmt":"2023-01-10T07:39:09","guid":{"rendered":"https:\/\/cursos.talentup.cl\/?post_type=product&#038;p=11568"},"modified":"2024-02-07T23:36:49","modified_gmt":"2024-02-08T02:36:49","slug":"de-novato-a-experto-en-comidas-rapidas","status":"publish","type":"product","link":"https:\/\/cursos.talentup.cl\/?product=de-novato-a-experto-en-comidas-rapidas","title":{"rendered":"DE NOVATO A EXPERTO EN COMIDAS R\u00c1PIDAS"},"content":{"rendered":"<p>\u00bfTe imaginas preparar diferentes men\u00fas de comidas r\u00e1pidas como un experto, con un bajo presupuesto?<\/p>\n<p>Con el Master Class DE NOVATO A EXPERTO EN COMIDAS R\u00c1PIDAS, aprender\u00e1s de una forma f\u00e1cil y pr\u00e1ctica a preparar tus propias recetas.<\/p>\n<p>\u00bfQU\u00c9 VAS A LOGRAR?<\/p>\n<p>Te formar\u00e1s como un experto en la preparaci\u00f3n de los diferentes men\u00fas de comidas r\u00e1pidas.<\/p>\n<p>Conocer\u00e1s las buenas pr\u00e1cticas de manufactura.<\/p>\n<p>Aprender\u00e1s a preparar diferentes clases de salsas.<\/p>\n<p>Conocer\u00e1s los diferentes tipos de tablas usadas en la gastronom\u00eda.<\/p>\n<p>Aprender\u00e1s a tener listo un mise emplace antes de iniciar una preparaci\u00f3n.<\/p>\n<p>Sacar\u00e1s los costos y finanzas de un producto terminado.<\/p>\n<p>Vas a hacer uso del cuchillo como todo un chef profesional.<\/p>\n<p>Identificar\u00e1s los diferentes tipos de carnes de hamburguesas.<\/p>\n<p>Tendr\u00e1s el conocimiento de las diferentes materias primas utilizadas.<\/p>\n<p>Acceder\u00e1s al certificado avalado por Hotmart y Seminarios Online.<\/p>\n<p>\u00bfC\u00d3MO LO VAS A LOGRAR?<\/p>\n<p>A trav\u00e9s del siguiente contenido, estructurado paso a paso:<\/p>\n<p>M\u00d3DULO 1 &#8211; DE NOVATO A EXPERTO EN COMIDAS R\u00c1PIDAS<\/p>\n<p>V\u00eddeo de introducci\u00f3n.<br \/>\nB.P.M. y contaminaci\u00f3n cruzada.<br \/>\nCadena de frio.<br \/>\nUtensilios, insumos y equipo.<br \/>\nMantenimiento de plancha.<br \/>\nQuiz.<\/p>\n<p>M\u00d3DULO 2 &#8211; INTRODUCCI\u00d3N A LA COCINA<\/p>\n<p>Uso de la tabla, cuchillo y corte de vegetales.<br \/>\nMise emplace.<br \/>\nSalsas caseras.<br \/>\nAdobo para carnes y pollo.<br \/>\nTipos de cocci\u00f3n.<br \/>\nQuiz.<\/p>\n<p>M\u00d3DULO 3 &#8211; PREPARACI\u00d3N DE LOS ALIMENTOS<\/p>\n<p>Perro sencillo y perro especial.<br \/>\nPreparaci\u00f3n carne de hamburguesa angus.<br \/>\nHamburguesa sencilla y hamburguesa especial.<br \/>\nAplastado.<br \/>\nArepa con todo.<br \/>\nColita cubana.<br \/>\nPapas gratinadas.<br \/>\nDesgranado.<br \/>\nSalchipapa.<br \/>\nTortilla o taco de chicharr\u00f3n.<br \/>\nPicada mixta.<br \/>\nChurrasco de carne.<br \/>\nFilete de pollo gratinado a la plancha.<br \/>\nDedos de queso.<br \/>\nHamburguesa con dedos de queso.<\/p>\n<p>M\u00d3DULO 4 &#8211; ATENCI\u00d3N, COSTOS Y FINANZAS<\/p>\n<p>Atenci\u00f3n al cliente.<br \/>\nCostos y finanzas.<br \/>\nQuiz.<\/p>\n<p>M\u00d3DULO 5 &#8211; AGRADECIMIENTO Y DESPEDIDA<\/p>\n<p>Invitaci\u00f3n.<br \/>\nVideo de agradecimiento.<\/p>\n<p>M\u00d3DULO 6 \u2013 MATERIAL ADICIONAL (BONOS) <\/p>\n<p>Bono 1: Ceviche de at\u00fan.<br \/>\nBono 2: Costilla ahumada.<br \/>\nBono 3: Video y documento en PDF.<br \/>\nBono 4: Limonada y cerezada.<br \/>\nQuiz.<\/p>\n<p>M\u00d3DULO 7 \u2013 VIDEO RESPUESTAS<\/p>\n<p>\u00bfPor qu\u00e9 a otra marca diferente a pan bimbo se le hace ba\u00f1o mar\u00eda?<br \/>\n\u00bfEs necesario usar un cuchillo grande para todos los cortes?<br \/>\n\u00bfEl curso de manipulaci\u00f3n de alimentos tiene alg\u00fan costo?<br \/>\n\u00bfEn qu\u00e9 entidad se puede tomar el curso de manipulaci\u00f3n de alimentos?<br \/>\n\u00bfEn qu\u00e9 consiste la t\u00e9cnica chiffonade?<br \/>\n\u00bfPor qu\u00e9 no se lavan las verduras antes de picarlas?<br \/>\n\u00bfSe pueden lavar los vegetales juntos o separados?<br \/>\n\u00bfQu\u00e9 marca de aceite se recomienda para la preparaci\u00f3n de las salsas?<br \/>\n\u00bfA qu\u00e9 se le llama a la minuta?<br \/>\n\u00bfCu\u00e1ntas clases de carne se le coloca a una hamburguesa especial?<br \/>\n\u00bfCu\u00e1nto tiempo se deja la carne de hamburguesa en la plancha?<br \/>\n\u00bfCu\u00e1ntas salsas se recomienda agregar a las hamburguesas?<br \/>\n\u00bfEn qu\u00e9 consiste la receta est\u00e1ndar?<br \/>\n\u00bfLa salchicha de perro se dora por ambos lados?<br \/>\n\u00bfA qu\u00e9 se refiere cuando dices hidratar la plancha?<br \/>\n\u00bfEn la receta del adobo para carnes, por que separa el tallo de las hojas del tomillo?<br \/>\n\u00bfEl color de los pimentones para preparaci\u00f3n del adobo?<br \/>\n\u00bfPor cu\u00e1nto tiempo se conserva fresco el adobo sin meterlo al refrigerador?<br \/>\n\u00bfQu\u00e9 es temperatura ambiente?<br \/>\n\u00bfQu\u00e9 es guarnici\u00f3n?<br \/>\n\u00bfPor qu\u00e9 comprar el curso de novato a experto en comidas r\u00e1pidas?  <\/p>\n<p>M\u00d3DULO 8 &#8211; \u00bfC\u00d3MO OBTENER TU CERTIFICADO?<\/p>\n<p>\u00bfC\u00f3mo obtener tu certificado?<\/p>\n<p>ACERCA DEL PRODUCTOR<\/p>\n<p>Desarrollado por JULI\u00c1N MU\u00d1OZ, experto en el arte de la cocina con m\u00e1s de 10 a\u00f1os de experiencia en comidas r\u00e1pidas y comidas fritas.<\/p>\n<p>Actualmente, tiene su propio negocio de comidas r\u00e1pidas y comidas fritas o frituras \u201cAsados La 17 Cali\u201d un negocio rentable que es el sustento de su familia.<\/p>\n","protected":false},"excerpt":{"rendered":"<p>\u00bfTe imaginas preparar diferentes men\u00fas de comidas r\u00e1pidas como un experto, con un bajo presupuesto?<\/p>\n<p>Con el Master Class DE NOVATO A EXPERTO EN COMIDAS R\u00c1PIDAS, aprender\u00e1s de una forma f\u00e1cil y pr\u00e1ctica a preparar tus propias recetas.<\/p>\n","protected":false},"featured_media":3337,"template":"","meta":{"_joinchat":[]},"product_brand":[],"product_cat":[319,344],"product_tag":[],"class_list":{"0":"post-11568","1":"product","2":"type-product","3":"status-publish","4":"has-post-thumbnail","6":"product_cat-culinaria-y-gastronomia","7":"product_cat-todos","9":"first","10":"instock","11":"sale","12":"shipping-taxable","13":"product-type-external"},"_links":{"self":[{"href":"https:\/\/cursos.talentup.cl\/index.php?rest_route=\/wp\/v2\/product\/11568","targetHints":{"allow":["GET"]}}],"collection":[{"href":"https:\/\/cursos.talentup.cl\/index.php?rest_route=\/wp\/v2\/product"}],"about":[{"href":"https:\/\/cursos.talentup.cl\/index.php?rest_route=\/wp\/v2\/types\/product"}],"version-history":[{"count":2,"href":"https:\/\/cursos.talentup.cl\/index.php?rest_route=\/wp\/v2\/product\/11568\/revisions"}],"predecessor-version":[{"id":14053,"href":"https:\/\/cursos.talentup.cl\/index.php?rest_route=\/wp\/v2\/product\/11568\/revisions\/14053"}],"wp:featuredmedia":[{"embeddable":true,"href":"https:\/\/cursos.talentup.cl\/index.php?rest_route=\/wp\/v2\/media\/3337"}],"wp:attachment":[{"href":"https:\/\/cursos.talentup.cl\/index.php?rest_route=%2Fwp%2Fv2%2Fmedia&parent=11568"}],"wp:term":[{"taxonomy":"product_brand","embeddable":true,"href":"https:\/\/cursos.talentup.cl\/index.php?rest_route=%2Fwp%2Fv2%2Fproduct_brand&post=11568"},{"taxonomy":"product_cat","embeddable":true,"href":"https:\/\/cursos.talentup.cl\/index.php?rest_route=%2Fwp%2Fv2%2Fproduct_cat&post=11568"},{"taxonomy":"product_tag","embeddable":true,"href":"https:\/\/cursos.talentup.cl\/index.php?rest_route=%2Fwp%2Fv2%2Fproduct_tag&post=11568"}],"curies":[{"name":"wp","href":"https:\/\/api.w.org\/{rel}","templated":true}]}}