{"id":11571,"date":"2023-01-10T04:39:09","date_gmt":"2023-01-10T07:39:09","guid":{"rendered":"https:\/\/cursos.talentup.cl\/?post_type=product&#038;p=11571"},"modified":"2024-02-07T23:36:49","modified_gmt":"2024-02-08T02:36:49","slug":"panadero-en-casa","status":"publish","type":"product","link":"https:\/\/cursos.talentup.cl\/?product=panadero-en-casa","title":{"rendered":"PANADERO EN CASA"},"content":{"rendered":"<p>\u00a1Uno de los aromas que m\u00e1s enamora, es la del pan reci\u00e9n salido del horno! <\/p>\n<p>Con el MasterClass PANADERO EN CASA, preparar\u00e1s esos deliciosos panes comerciales desde la cocina de tu hogar, adecu\u00e1ndola de la manera m\u00e1s profesional.<\/p>\n<p>\u00bfQU\u00c9 VAS A LOGRAR?<\/p>\n<p>Aprender\u00e1s a acondicionar tu espacio de trabajo desde el ambiente de tu hogar optimizando los recursos para poder desarrollar de la mejor manera todos tus panes. <\/p>\n<p>Identificar\u00e1s los materiales y equipos necesarios para la elaboraci\u00f3n de nuestros panes en casa. <\/p>\n<p>Aprender\u00e1s acerca de la historia, clasificaci\u00f3n y tipos de elaboraci\u00f3n de panes durante el proceso. <\/p>\n<p>Conocer\u00e1s acerca de los insumos y materias primas fundamentales y secundarias para el buen desarrollo y elaboraci\u00f3n del pan. <\/p>\n<p>Aprender\u00e1s las t\u00e9cnicas y procesos de amasado y formado de los diferentes tipos de panes.<\/p>\n<p>Aprender\u00e1s a elaborar diversos tipos de panes con textura suave. <\/p>\n<p>Preparar\u00e1s diversos tipos de panes salados y crujientes. <\/p>\n<p>Elaborar\u00e1s diversos tipos de panes saborizados. <\/p>\n<p>Entender\u00e1s el concepto de los panes suced\u00e1neos y sus elaboraciones. <\/p>\n<p>Obtendr\u00e1s el criterio para implementar, innovar y dejar llevar la creatividad para elaborar tus propios panes. <\/p>\n<p>Desarrollar\u00e1s las recetas brindadas en clase paso a paso explicados detenidamente. <\/p>\n<p>Obtendr\u00e1s un conocimiento y una visi\u00f3n amplia sobre la panader\u00eda, sus sabores y beneficios. <\/p>\n<p>Sorprender\u00e1s a tus familiares o amigos preparando un desayuno o merienda deliciosa elaborados por tus propias manos. <\/p>\n<p>Tendr\u00e1s una excelente oportunidad para montar tu propio emprendimiento en el mundo de la panader\u00eda. <\/p>\n<p>Ampliar\u00e1s tu conocimiento culinario y tener ese sentir gastron\u00f3mico por la panader\u00eda.<\/p>\n<p>Acceder\u00e1s al certificado avalado por Hotmart y Seminarios Online.<\/p>\n<p>\u00bfC\u00d3MO LO VAS A LOGRAR?<\/p>\n<p>A trav\u00e9s del siguiente contenido, estructurado paso a paso:<\/p>\n<p>M\u00d3DULO 1 &#8211; PANADERO EN CASA <\/p>\n<p>Bienvenida.<br \/>\nPresentaci\u00f3n y recomendaciones. <\/p>\n<p>M\u00d3DULO 2 &#8211; ORGANIZACI\u00d3N DEL \u00c1REA DE TRABAJO <\/p>\n<p>Acondicionando nuestro espacio de trabajo.<br \/>\nMateriales y equipos (parte I).<br \/>\nMateriales y equipos (parte II).<\/p>\n<p>M\u00d3DULO 3 &#8211; GENERALIDADES <\/p>\n<p>Historia y clasificaci\u00f3n de los panes.<br \/>\nTipos de elaboraci\u00f3n de panes.<br \/>\nMateria prima y su importancia.<\/p>\n<p>M\u00d3DULO 4 &#8211; ELABORANDO NUESTROS PANES SUAVES <\/p>\n<p>Pan coliza (parte I).<br \/>\nPan coliza (parte II).<br \/>\nPan coliza (parte III).<br \/>\nPan de yema (parte I).<br \/>\nPan de yema (parte II).<br \/>\nPan hamburguesa (parte I).<br \/>\nPan hamburguesa (parte II).<br \/>\nPan de leche (parte I).<br \/>\nPan de leche (parte II).<br \/>\nPan de leche (parte III).<br \/>\nPetip\u00e1n \/ petit pain (parte I).<br \/>\nPetip\u00e1n \/ petit pain (parte II).<br \/>\nPan caramandunga (parte I).<br \/>\nPan caramandunga (parte II).<br \/>\nBizcochos (parte I).<br \/>\nBizcochos (parte II).<br \/>\nPan manteca (parte I).<br \/>\nPan manteca (parte II).<br \/>\nPan cale\u00f1o (parte I).<br \/>\nPan cale\u00f1o (parte II).<br \/>\nVolc\u00e1n de az\u00facar (parte I).<br \/>\nVolc\u00e1n de az\u00facar (parte II). <\/p>\n<p>M\u00d3DULO 5: ELABORANDO NUESTROS PANES SALADOS Y CRUJIENTES <\/p>\n<p>Pan ciabatta \/ chabata (parte I).<br \/>\nPan ciabatta \/ chabata (parte II).<br \/>\nPan franc\u00e9s (parte I).<br \/>\nPan franc\u00e9s (parte II).<br \/>\nPan baguette (parte I).<br \/>\nPan baguette (parte II).<br \/>\nPan pretzel (parte I).<br \/>\nPan pretzel (parte II). <\/p>\n<p>M\u00d3DULO 6: ELABORANDO NUESTROS PANES SABORIZADOS <\/p>\n<p>Pan de papa (parte I).<br \/>\nPan de papa (parte II).<br \/>\nPan de aj\u00ed amarillo (parte I).<br \/>\nPan de aj\u00ed amarillo (parte II).<br \/>\nPan de aj\u00ed amarillo (parte III).<br \/>\nPan pizza (parte I).<br \/>\nPan pizza (parte II). <\/p>\n<p>M\u00d3DULO 7: ELABORANDO NUESTROS PANES SUCED\u00c1NEOS <\/p>\n<p>Pan de quinua (parte I).<br \/>\nPan de quinua (parte II).<br \/>\nPan de soya.<br \/>\nPan wawa (parte I) &#8211; Elaboraci\u00f3n de la masa.<br \/>\nPan wawa (parte II) &#8211; Mu\u00f1eco de pan \u00abla cholita\u00bb.<br \/>\nPan wawa (parte III) &#8211; Mu\u00f1eco de pan \u00abla llamita\u00bb.<br \/>\nPan wawa (parte IV) &#8211; Mu\u00f1eco de pan \u00abla cholita con su beb\u00e9\u00bb.<br \/>\nPan wawa (parte V) &#8211; Mu\u00f1eco de pan \u00abel cholito\u00bb.<br \/>\nPan wawa (parte VI) &#8211; Horneado y decoraci\u00f3n de los mu\u00f1ecos.<\/p>\n<p>M\u00d3DULO 8 &#8211; BONOS DE REGALO <\/p>\n<p>Bono 1: Rosquitas dulces con an\u00eds.<br \/>\nBono 2: Empanadas de boda.<br \/>\nBono 3: Costeo del pan. <\/p>\n<p>M\u00d3DULO 9 &#8211; RESPUESTAS A PREGUNTAS FRECUENTES <\/p>\n<p>\u00bfQu\u00e9 hacer cuando la masa est\u00e1 dura, seca o suelta?<br \/>\n\u00bfQu\u00e9 pasa si no tengo mejorador, emulsionante o antimoho?<br \/>\n\u00bfPuedo reemplazar la levadura seca por la levadura fresca?<br \/>\n\u00bfQu\u00e9 tipo de panes se barnizan?<br \/>\n\u00bfQu\u00e9 diferencia hay si uso az\u00facar rubia o az\u00facar blanca?<br \/>\n\u00bfQu\u00e9 diferencia hay entre usar la leche fresca y la leche evaporada?<br \/>\n\u00bfC\u00f3mo usar mi amasadora?<br \/>\n\u00bfQu\u00e9 diferencia hay entre usar un horno industrial y un horno de casa? <\/p>\n<p>M\u00d3DULO 10 &#8211; DESPEDIDA <\/p>\n<p>Despedida.<\/p>\n<p>M\u00d3DULO 11 &#8211; \u00bfC\u00d3MO OBTENER TU CERTIFICADO?<\/p>\n<p>\u00bfC\u00f3mo obtener tu certificado?<\/p>\n<p>ACERCA DE LA PRODUCTORA<\/p>\n<p>Desarrollado por KELLY JANETH GONZ\u00c1LEZ OCHANTE, licenciada en gastronom\u00eda, peruana, magister en administraci\u00f3n de negocios y actual chef instructora en instituciones de formaci\u00f3n gastron\u00f3mica. <\/p>\n<p>Amante de la buena comida con una amplia experiencia en el sector gastron\u00f3mico y con un apego y cari\u00f1o especial al mundo de la panader\u00eda. <\/p>\n<p>Kelly Gonz\u00e1lez se caracteriza por ser una persona totalmente comprometida con la panader\u00eda y el conocimiento de ella, contin\u00faa reinvent\u00e1ndose continuamente para ofrecerles lo mejor en su campo.<\/p>\n","protected":false},"excerpt":{"rendered":"<p>\u00a1Uno de los aromas que m\u00e1s enamora, es la del pan reci\u00e9n salido del horno! <\/p>\n<p>Con el MasterClass PANADERO EN CASA, preparar\u00e1s esos deliciosos panes comerciales desde la cocina de tu hogar, adecu\u00e1ndola de la manera m\u00e1s profesional.<\/p>\n","protected":false},"featured_media":3340,"template":"","meta":{"_joinchat":[]},"product_brand":[],"product_cat":[319,344],"product_tag":[],"class_list":{"0":"post-11571","1":"product","2":"type-product","3":"status-publish","4":"has-post-thumbnail","6":"product_cat-culinaria-y-gastronomia","7":"product_cat-todos","9":"first","10":"instock","11":"sale","12":"shipping-taxable","13":"product-type-external"},"_links":{"self":[{"href":"https:\/\/cursos.talentup.cl\/index.php?rest_route=\/wp\/v2\/product\/11571","targetHints":{"allow":["GET"]}}],"collection":[{"href":"https:\/\/cursos.talentup.cl\/index.php?rest_route=\/wp\/v2\/product"}],"about":[{"href":"https:\/\/cursos.talentup.cl\/index.php?rest_route=\/wp\/v2\/types\/product"}],"version-history":[{"count":2,"href":"https:\/\/cursos.talentup.cl\/index.php?rest_route=\/wp\/v2\/product\/11571\/revisions"}],"predecessor-version":[{"id":14056,"href":"https:\/\/cursos.talentup.cl\/index.php?rest_route=\/wp\/v2\/product\/11571\/revisions\/14056"}],"wp:featuredmedia":[{"embeddable":true,"href":"https:\/\/cursos.talentup.cl\/index.php?rest_route=\/wp\/v2\/media\/3340"}],"wp:attachment":[{"href":"https:\/\/cursos.talentup.cl\/index.php?rest_route=%2Fwp%2Fv2%2Fmedia&parent=11571"}],"wp:term":[{"taxonomy":"product_brand","embeddable":true,"href":"https:\/\/cursos.talentup.cl\/index.php?rest_route=%2Fwp%2Fv2%2Fproduct_brand&post=11571"},{"taxonomy":"product_cat","embeddable":true,"href":"https:\/\/cursos.talentup.cl\/index.php?rest_route=%2Fwp%2Fv2%2Fproduct_cat&post=11571"},{"taxonomy":"product_tag","embeddable":true,"href":"https:\/\/cursos.talentup.cl\/index.php?rest_route=%2Fwp%2Fv2%2Fproduct_tag&post=11571"}],"curies":[{"name":"wp","href":"https:\/\/api.w.org\/{rel}","templated":true}]}}