{"id":11626,"date":"2023-01-10T04:39:14","date_gmt":"2023-01-10T07:39:14","guid":{"rendered":"https:\/\/cursos.talentup.cl\/?post_type=product&#038;p=11626"},"modified":"2024-02-07T23:36:52","modified_gmt":"2024-02-08T02:36:52","slug":"coco-express","status":"publish","type":"product","link":"https:\/\/cursos.talentup.cl\/?product=coco-express","title":{"rendered":"COCO EXPRESS"},"content":{"rendered":"<p>\u00bfSab\u00edas que el coco es un alimento que suple buena parte de los nutrientes que tu cuerpo necesita?<\/p>\n<p>Con el MasterClass COCO EXPRESS podr\u00e1s aprender a hacer deliciosos jugos y dulces de coco para alimentarte de manera sana mientras emprendes un negocio altamente rentable.<\/p>\n<p>\u00bfQU\u00c9 VAS A LOGRAR?<\/p>\n<p>Aprender\u00e1s a hacer los deliciosos jugos a base del coco.<\/p>\n<p>Aprender\u00e1s como hacer los ricos dulces del coco.<\/p>\n<p>Aprender\u00e1s a hacer deliciosos cremosos helados de coco.<\/p>\n<p>Aprender\u00e1s a hacer de esto un proyecto de negocio rentable a trav\u00e9s de las redes sociales.<\/p>\n<p>Acceder\u00e1s al certificado avalado por Hotmart y Seminarios Online.<\/p>\n<p>\u00bfC\u00d3MO LO VAS A LOGRAR?<\/p>\n<p>A trav\u00e9s del siguiente contenido, estructurado paso a paso:<\/p>\n<p>M\u00f3dulo No.1 (CORE) PUV<\/p>\n<p>Introducci\u00f3n.<\/p>\n<p>M\u00f3dulo No.2- leche y agua de coco<\/p>\n<p>Como extraer la leche de coco.<br \/>\nComo hacer que el agua de coco perdure mas.<\/p>\n<p>M\u00f3dulo No.3 \u2013 jugos de coco<\/p>\n<p>Como hacer el espumoso de coco calientico.<br \/>\nComo se hace el jugo de coco.<br \/>\nComo hacer el jugo cocazo.<br \/>\nComo se hace el jugo granizado de coco y el cocazo granizado.<br \/>\nLimonada de coco.<\/p>\n<p>M\u00f3dulo No.4 \u2013 dulces y helados de coco<\/p>\n<p>Como hacer cocadas.<br \/>\nComo hacer cocadas de pi\u00f1a.<br \/>\nhelados de coco cremosos.<br \/>\nComo hacer el cortado de coco.<\/p>\n<p>M\u00f3dulo No.5 \u2013 material adicional<\/p>\n<p>Batido de leche de coco.<br \/>\nBatido de leche con coco y banano.<br \/>\nBatido de coco y pi\u00f1a.<\/p>\n<p>M\u00f3dulo No.6 \u2013 video respuestas<\/p>\n<p>Video No.1.<\/p>\n<p>M\u00f3dulo No.7 \u2013 como vender nuestro producto y hacer visible nuestra marca<\/p>\n<p>PERFIL DEL EXPERTO<\/p>\n<p>Desarrollado por: ROCIO VILLALOBOS tengo 48 a\u00f1os y llevo 5 a\u00f1os en el proceso de elaboraci\u00f3n de jugos, dulce y otros productos m\u00e1s a base del coco<br \/>\nHe trabajado en 2 empresas de coco y me veo en la capacidad de dar a conocer mis conocimientos de los productos que puedo preparar a base del coco por los comentarios positivos de los clientes.<\/p>\n","protected":false},"excerpt":{"rendered":"<p>\u00bfSab\u00edas que el coco es un alimento que suple buena parte de los nutrientes que tu cuerpo necesita?<\/p>\n<p>Con el MasterClass COCO EXPRESS podr\u00e1s aprender a hacer deliciosos jugos y dulces de coco para alimentarte de manera sana mientras emprendes un negocio altamente rentable.<\/p>\n","protected":false},"featured_media":3365,"template":"","meta":{"_joinchat":[]},"product_brand":[],"product_cat":[319,344],"product_tag":[],"class_list":{"0":"post-11626","1":"product","2":"type-product","3":"status-publish","4":"has-post-thumbnail","6":"product_cat-culinaria-y-gastronomia","7":"product_cat-todos","9":"first","10":"instock","11":"sale","12":"shipping-taxable","13":"product-type-external"},"_links":{"self":[{"href":"https:\/\/cursos.talentup.cl\/index.php?rest_route=\/wp\/v2\/product\/11626","targetHints":{"allow":["GET"]}}],"collection":[{"href":"https:\/\/cursos.talentup.cl\/index.php?rest_route=\/wp\/v2\/product"}],"about":[{"href":"https:\/\/cursos.talentup.cl\/index.php?rest_route=\/wp\/v2\/types\/product"}],"version-history":[{"count":2,"href":"https:\/\/cursos.talentup.cl\/index.php?rest_route=\/wp\/v2\/product\/11626\/revisions"}],"predecessor-version":[{"id":14081,"href":"https:\/\/cursos.talentup.cl\/index.php?rest_route=\/wp\/v2\/product\/11626\/revisions\/14081"}],"wp:featuredmedia":[{"embeddable":true,"href":"https:\/\/cursos.talentup.cl\/index.php?rest_route=\/wp\/v2\/media\/3365"}],"wp:attachment":[{"href":"https:\/\/cursos.talentup.cl\/index.php?rest_route=%2Fwp%2Fv2%2Fmedia&parent=11626"}],"wp:term":[{"taxonomy":"product_brand","embeddable":true,"href":"https:\/\/cursos.talentup.cl\/index.php?rest_route=%2Fwp%2Fv2%2Fproduct_brand&post=11626"},{"taxonomy":"product_cat","embeddable":true,"href":"https:\/\/cursos.talentup.cl\/index.php?rest_route=%2Fwp%2Fv2%2Fproduct_cat&post=11626"},{"taxonomy":"product_tag","embeddable":true,"href":"https:\/\/cursos.talentup.cl\/index.php?rest_route=%2Fwp%2Fv2%2Fproduct_tag&post=11626"}],"curies":[{"name":"wp","href":"https:\/\/api.w.org\/{rel}","templated":true}]}}