{"id":11635,"date":"2023-01-10T04:39:15","date_gmt":"2023-01-10T07:39:15","guid":{"rendered":"https:\/\/cursos.talentup.cl\/?post_type=product&#038;p=11635"},"modified":"2024-02-07T23:36:53","modified_gmt":"2024-02-08T02:36:53","slug":"guia-de-alimentacion-para-bebes","status":"publish","type":"product","link":"https:\/\/cursos.talentup.cl\/?product=guia-de-alimentacion-para-bebes","title":{"rendered":"GU\u00cdA DE ALIMENTACI\u00d3N PARA BEB\u00c9S"},"content":{"rendered":"<p>\u00bfQuieres saber exactamente c\u00f3mo alimentar a tu beb\u00e9, con los alimentos m\u00e1s nutritivos, evitar que rechace la comida, lograr que coma solo y variado, y todo ello sin pasar horas en la cocina?<\/p>\n<p>Con el MasterClass GU\u00cdA DE ALIMENTACION PARA BEB\u00c9S, aprender\u00e1s de manera divertida y sencilla el qu\u00e9, c\u00f3mo y cu\u00e1ndo de alimentaci\u00f3n complementaria, que comprende el periodo de alimentaci\u00f3n que va de los 6 a los 12 meses de edad. Podr\u00e1s incluso realizar ajustes si es que tu beb\u00e9 ya inici\u00f3 el proceso. <\/p>\n<p>Este m\u00e9todo basado en la autorregulaci\u00f3n y en la observaci\u00f3n minuciosa, te permitir\u00e1 lograr que tu hijo S\u00cd coma.<\/p>\n<p>\u00bfQU\u00c9 VAS A LOGRAR?<\/p>\n<p>Sabr\u00e1s exactamente cu\u00e1ndo y c\u00f3mo iniciar la alimentaci\u00f3n complementaria, y si ya iniciaste podr\u00e1s corregir cualquier problema o situaci\u00f3n por la que est\u00e9s atravesando. <\/p>\n<p>Aprender\u00e1s todos los conceptos de nutrici\u00f3n necesarios para estar seguro que estar\u00e1s ofreciendo alimentos sanos y naturales y en las cantidades suficientes. Saber si tu beb\u00e9 est\u00e1 comiendo bien, ya no ser\u00e1 un problema. <\/p>\n<p>Lograr\u00e1s que tu beb\u00e9 aprenda a comer solo y de manera divertida, con un m\u00e9todo basado en el auto-aprendizaje y la auto-regulaci\u00f3n, lo cual tendr\u00e1 un impacto positivo en su relaci\u00f3n con la comida durante toda su vida. <\/p>\n<p>Aprender\u00e1s c\u00f3mo reaccionar ante los principales problemas que se presentan durante la introducci\u00f3n de alimentos s\u00f3lidos, como el atoramiento, las reacciones al\u00e9rgicas y la falta de apetito. <\/p>\n<p>Aprender\u00e1s a cocinar platillos nutritivos y f\u00e1ciles, que podr\u00e1s ofrecer a tu beb\u00e9 y a toda la familia, sin pasar horas en la cocina ni gastar una fortuna en ingredientes o alimentos especiales.<\/p>\n<p>Acceder\u00e1s al certificado avalado por Hotmart y Seminarios Online.<\/p>\n<p>\u00bfC\u00d3MO LO VAS A LOGRAR?<\/p>\n<p>A trav\u00e9s del siguiente contenido, estructurado paso a paso:<\/p>\n<p>M\u00f3dulo 1: Bienvenida (Conoce el M\u00e9todo).<\/p>\n<p>Video 1 &#8211; \u00a1Bienvenidos!<br \/>\nVideo 2 &#8211; Alimentaci\u00f3n Complementaria.<br \/>\nVideo 3 &#8211; Resumen del Programa.<\/p>\n<p>M\u00f3dulo 2: \u00bfCu\u00e1ndo iniciar la Alimentaci\u00f3n Complementaria?<\/p>\n<p>Video 1 &#8211; \u00bfCu\u00e1ndo puedo iniciar la Alimentaci\u00f3n Complementaria?<br \/>\nVideo 2 &#8211; Papel de la Leche Materna y Leche de f\u00f3rmula.<br \/>\nVideo 3 &#8211; 9 Recomendaciones cuando inicias la AC.<br \/>\nVideo 4 &#8211; 5 Acciones a aplicar si tu beb\u00e9 no muestra inter\u00e9s en comer.<\/p>\n<p>M\u00f3dulo 3: \u00bfC\u00f3mo aplicar el famoso m\u00e9todo Baby Led Weaning sin fallar en el intento?<\/p>\n<p>Video 1 &#8211; \u00bfC\u00f3mo se si mi beb\u00e9 come suficiente?<br \/>\nVideo 2 &#8211; Cantidades y Frecuencias.<br \/>\nVideo 3 &#8211; Atoramiento y Ahogamiento.<br \/>\nVideo 4 &#8211; Manejo de Alergias.<\/p>\n<p>M\u00f3dulo 4: Todo lo que debes saber sobre la nutrici\u00f3n para tu hijo.<\/p>\n<p>Video 1 &#8211; Gu\u00eda de Alimentos prohibidos.<br \/>\nVideo 2 &#8211; Agua y otras bebidas.<br \/>\nVideo 3 &#8211; Nutrici\u00f3n por grupos de alimentos.<br \/>\nVideo 4 &#8211; Sal y Az\u00facar.<br \/>\nVideo 5 &#8211; Vegetarianismo.<\/p>\n<p>M\u00f3dulo 5: Prep\u00e1ralo nutritivo + sencillo + r\u00e1pido.<\/p>\n<p>Video 1 &#8211; Men\u00fa para las primeras 4 semanas.<br \/>\nVideo 2 &#8211; Pongamos manos a la obra.<br \/>\nVideo 3 &#8211; Cortar y cocinar verduras al vapor.<\/p>\n<p>M\u00f3dulo 6: Preguntas Frecuentes (Resuelve las dudas que tiene el 99% de las madres).<\/p>\n<p>Video 1 &#8211; B\u00e1sico 1: Salsa de Tomate.<br \/>\nVideo 2 &#8211; B\u00e1sico 2: Lentejas.<br \/>\nVideo 3 &#8211; B\u00e1sico: Arroz.<br \/>\nVideo 4 &#8211; B\u00e1sico: Quinoa.<br \/>\nVideo 5 &#8211; B\u00e1sico: Pastas o Fideos.<br \/>\nVideo 6 &#8211; B\u00e1sico: Cuscus.<br \/>\nVideo 7 &#8211; B\u00e1sico: Avena.<br \/>\nVideo 8 &#8211; B\u00e1sico: Fr\u00edjoles y Garbanzos.<br \/>\nVideo 9 &#8211; B\u00e1sico: Carne de Aves.<br \/>\nVideo 10 &#8211; B\u00e1sico: Carne de Res.<br \/>\nVideo 11 &#8211; Receta: Avena y Manzana.<br \/>\nVideo 12 &#8211; Receta: Carne con Quinoa.<br \/>\nVideo 13 &#8211; Receta: Fr\u00edjoles con arroz y zanahoria.<br \/>\nVideo 14 &#8211; Receta: Huevo con Cuscus y tomate.<br \/>\nVideo 15 &#8211; Receta: Garbanzo con Cuscus.<br \/>\nVideo 16 &#8211; Receta: Pl\u00e1tano con Quinoa.<br \/>\nVideo 17 &#8211; Receta: Pollo con Arroz y salsa de Tomate.<\/p>\n<p>Bonos: <\/p>\n<p>Video 1 &#8211; Transici\u00f3n al M\u00e9todo en 3 sencillos pasos<br \/>\nVideo 2 &#8211; \u00bfC\u00f3mo elijo una silla de comer para mi beb\u00e9?.<br \/>\nVideo 3 &#8211; Utensilios de cocina top 10.<br \/>\nVideo 4 &#8211; \u00bfC\u00f3mo elegir platos y vasos?.<\/p>\n<p>Preguntas Frecuentes<\/p>\n<p>ACERCA DE LA PRODUCTORA<\/p>\n<p>Desarrollado por CITLALLI MOCTEZUMA, mam\u00e1 y amante de la vida natural, est\u00e1 certificada como Educadora Perinatal y Educadora de Lactancia por la organizaci\u00f3n americana de prestigio internacional Lamaze International. <\/p>\n<p>Es adem\u00e1s Health Coach Certificada por el IIN (Institute for Integrative Nutrition de Nueva York). Su misma experiencia con su hijo, la llev\u00f3 a especializarse en el acompa\u00f1amiento de nuevas madres, empezando por la alimentaci\u00f3n durante el embarazo, y despu\u00e9s el parto y la lactancia. Participa de c\u00edrculos de lactancia entre madres, acompa\u00f1ando a cientos de mam\u00e1s durante esta bella pero retadora etapa. <\/p>\n<p>Despu\u00e9s, al notar que otras mujeres estaban teniendo muchos retos con el inicio de la alimentaci\u00f3n complementaria al igual que ella los tuvo, comienza a impartir talleres sobre Alimentaci\u00f3n Complementaria con el M\u00e9todo Baby Led Weaning. Despu\u00e9s de varios a\u00f1os de observar a los beb\u00e9s y sus familias, logra desarrollar un m\u00e9todo propio llamado \u201cTu Beb\u00e9 Puede Comer Solo\u201d, cuyo \u00e9xito radica en la adaptaci\u00f3n del m\u00e9todo al beb\u00e9 y no del beb\u00e9 al m\u00e9todo, y tambi\u00e9n en la simplificaci\u00f3n de la nutrici\u00f3n.<\/p>\n<p>Ha impartido conferencias ante el Departamento de Pediatr\u00eda de la Caja Nacional de Salud en la Ciudad de Santa Cruz, Bolivia en 2018 para la actualizaci\u00f3n de las recomendaciones en alimentaci\u00f3n complementaria, y tambi\u00e9n en la Universidad Aut\u00f3noma de Nuevo Le\u00f3n en M\u00e9xico, durante la Semana de la Salud en 2019 para la actualizaci\u00f3n en la alimentaci\u00f3n infantil para todas las docentes con hijos de esa universidad. <\/p>\n<p>Atiende a decenas de familias en su consulta privada, con la gran satisfacci\u00f3n de ver d\u00eda con d\u00eda, a m\u00e1s y m\u00e1s beb\u00e9s comiendo libres y felices.<\/p>\n","protected":false},"excerpt":{"rendered":"<p>\u00bfQuieres saber exactamente c\u00f3mo alimentar a tu beb\u00e9, con los alimentos m\u00e1s nutritivos, evitar que rechace la comida, lograr que coma solo y variado, y todo ello sin pasar horas en la cocina?<\/p>\n<p>Con el MasterClass GU\u00cdA DE ALIMENTACION PARA BEB\u00c9S, aprender\u00e1s de manera divertida y sencilla el qu\u00e9, c\u00f3mo y cu\u00e1ndo de alimentaci\u00f3n complementaria, que comprende el periodo de alimentaci\u00f3n que va de los 6 a los 12 meses de edad. Podr\u00e1s incluso realizar ajustes si es que tu beb\u00e9 ya inici\u00f3 el proceso. <\/p>\n<p>Este m\u00e9todo basado en la autorregulaci\u00f3n y en la observaci\u00f3n minuciosa, te permitir\u00e1 lograr que tu hijo S\u00cd coma.<\/p>\n","protected":false},"featured_media":3374,"template":"","meta":{"_joinchat":[]},"product_brand":[],"product_cat":[319,344],"product_tag":[],"class_list":{"0":"post-11635","1":"product","2":"type-product","3":"status-publish","4":"has-post-thumbnail","6":"product_cat-culinaria-y-gastronomia","7":"product_cat-todos","9":"first","10":"instock","11":"sale","12":"shipping-taxable","13":"product-type-external"},"_links":{"self":[{"href":"https:\/\/cursos.talentup.cl\/index.php?rest_route=\/wp\/v2\/product\/11635","targetHints":{"allow":["GET"]}}],"collection":[{"href":"https:\/\/cursos.talentup.cl\/index.php?rest_route=\/wp\/v2\/product"}],"about":[{"href":"https:\/\/cursos.talentup.cl\/index.php?rest_route=\/wp\/v2\/types\/product"}],"version-history":[{"count":2,"href":"https:\/\/cursos.talentup.cl\/index.php?rest_route=\/wp\/v2\/product\/11635\/revisions"}],"predecessor-version":[{"id":14090,"href":"https:\/\/cursos.talentup.cl\/index.php?rest_route=\/wp\/v2\/product\/11635\/revisions\/14090"}],"wp:featuredmedia":[{"embeddable":true,"href":"https:\/\/cursos.talentup.cl\/index.php?rest_route=\/wp\/v2\/media\/3374"}],"wp:attachment":[{"href":"https:\/\/cursos.talentup.cl\/index.php?rest_route=%2Fwp%2Fv2%2Fmedia&parent=11635"}],"wp:term":[{"taxonomy":"product_brand","embeddable":true,"href":"https:\/\/cursos.talentup.cl\/index.php?rest_route=%2Fwp%2Fv2%2Fproduct_brand&post=11635"},{"taxonomy":"product_cat","embeddable":true,"href":"https:\/\/cursos.talentup.cl\/index.php?rest_route=%2Fwp%2Fv2%2Fproduct_cat&post=11635"},{"taxonomy":"product_tag","embeddable":true,"href":"https:\/\/cursos.talentup.cl\/index.php?rest_route=%2Fwp%2Fv2%2Fproduct_tag&post=11635"}],"curies":[{"name":"wp","href":"https:\/\/api.w.org\/{rel}","templated":true}]}}