{"id":11636,"date":"2023-01-10T04:39:15","date_gmt":"2023-01-10T07:39:15","guid":{"rendered":"https:\/\/cursos.talentup.cl\/?post_type=product&#038;p=11636"},"modified":"2024-02-07T23:36:53","modified_gmt":"2024-02-08T02:36:53","slug":"dieta-keto","status":"publish","type":"product","link":"https:\/\/cursos.talentup.cl\/?product=dieta-keto","title":{"rendered":"DIETA KETO"},"content":{"rendered":"<p>\u00bfTe gustar\u00eda perder peso de forma saludable, r\u00e1pida y sin pasar hambre?<\/p>\n<p>\u00bfEres una persona muy ocupada que le cuesta trabajo planificar y organizar sus comidas? <\/p>\n<p>Con el MASTER CLASS DIETA KETO, Conocer\u00e1s los beneficios de la dieta keto en la vida cotidiana, en el tratamiento de enfermedades, en el manejo del ayuno y mucho m\u00e1s\u00a1<\/p>\n<p>\u00bfQU\u00c9 VAS A LOGRAR?<\/p>\n<p>Descubrir\u00e1s un estilo de vida, keto , que cambiar\u00e1 por completo tu manera de ver la comida.<\/p>\n<p>Aprender\u00e1s como funciona tu cuerpo al adoptar un estilo de vida keto. <\/p>\n<p>Perder\u00e1s peso de manera sostenible y saludable.<\/p>\n<p>Podr\u00e1s bajar m\u00e1s r\u00e1pido de peso al reducir dr\u00e1sticamente el consumo de az\u00facar.<\/p>\n<p>Conocer\u00e1s los beneficios de la dieta keto en la vida cotidiana y en el tratamiento de enfermedades.<\/p>\n<p>Tendr\u00e1s un men\u00fa guiado paso a paso para encaminarte hacia tus objetivos.<\/p>\n<p>Obtendr\u00e1s un m\u00f3dulo con recetas de f\u00e1cil preparaci\u00f3n y bajo presupuesto.<\/p>\n<p>Conocer\u00e1s el ayuno intermitente y prolongado que te ayudara a potenciar la dieta keto.<\/p>\n<p>Mejorar\u00e1s tu salud al combinar ayuno y dieta cetogenica o keto.<\/p>\n<p>Acceder\u00e1s al certificado avalado por Hotmart y Seminarios Online.<\/p>\n<p>\u00bfC\u00d3MO LO VAS A LOGRAR?<\/p>\n<p>A trav\u00e9s del siguiente contenido estructurado paso a paso:<\/p>\n<p>Video 1: Presentaci\u00f3n.<br \/>\nVideo 2: Te ayudas a ti y ayudas a otros.<br \/>\nVideo 3: Nuevos h\u00e1bitos alimenticios.<br \/>\nVideo 4: Recomendaci\u00f3n especial.<br \/>\nVideo 5: Qu\u00e9 es la dieta keto.<br \/>\nVideo 6: Porqu\u00e9 la dieta keto es tu mejor opci\u00f3n.<br \/>\nVideo 7: C\u00f3mo hacer la dieta keto y no perder el tiempo.<br \/>\nVideo 8: Gripa keto.<br \/>\nVideo 9: Remedio para la dieta keto.<br \/>\nVideo 10: Grasas y aceites.<br \/>\nVideo 11: Verduras.<br \/>\nVideo 12: L\u00e1cteos.<br \/>\nVideo 13: Prote\u00ednas.<br \/>\nVideo 14: Frutas.<br \/>\nVideo 15: Verduras.<br \/>\nVideo 16: Hierbas y especias.<br \/>\nVideo 17: Nueces y semillas.<br \/>\nVideo 18: Dulces.<br \/>\nVideo 19: Recomendaciones de ingredientes.<br \/>\nVideo 20: Harinas.<br \/>\nVideo 21: Endulzantes.<br \/>\nVideo 22: Leches.<br \/>\nVideo 23: Men\u00fas.<br \/>\nVideo 24: El ayuno.<br \/>\nVideo 25: Diferencias entre el ayuno intermitente y extendido.<br \/>\nVideo 26: Otros contenidos.<br \/>\nVideo 27: Gu\u00eda de ejercicios.<br \/>\nVideo 28: Plantilla para medir progreso.<br \/>\nVideo 29: Recursos tecnol\u00f3gicos.<br \/>\nVideo 30: Leche de s\u00e9samo.<br \/>\nVideo 31: Harina de linaza.<br \/>\nVideo 32: Caldo de huesos.<br \/>\nVideo 33: Mermelada de fresa.<br \/>\nVideo 34: Pan de lino y semilla.<br \/>\nVideo 35: Pud\u00edn de ch\u00eda.<br \/>\nVideo 36: Salsa de tomates.<br \/>\nVideo 37: Leche de coco.<br \/>\nVideo 38: Aceite de coco.<br \/>\nVideo 39: Harina de coco.<br \/>\nVideo 40: Alb\u00f3ndigas con salsa y queso.<\/p>\n<p>ACERCA DE LA PRODUCTORA<\/p>\n<p>Desarrollado por SULEIKA PERDOMO, coach de estilo de vida cetogenico quien se sumergi\u00f3 en este mundo por su propio estado de sobre peso hace unos a\u00f1os empezando as\u00ed a trabajar de forma remota con personas interesadas en perder peso. <\/p>\n<p>Al pasar su \u00faltimo embarazo las ocupaciones propias del hogar y otras actividades que realizaba la manten\u00edan en total descuido de su salud y su peso, con un total de 202 libras, sumida en la depresi\u00f3n y con una gran inconformidad por c\u00f3mo se ve\u00eda al espejo<\/p>\n<p>Conoci\u00f3 la dieta keto a trav\u00e9s de una amiga al contarle sus problemas de salud incluyendo algunos en la piel, esto la motiva a conocer a una coach de dieta cetogenica. <\/p>\n<p>En ese momento un poco incr\u00e9dula decidi\u00f3 participar por 1 mes un reto. <\/p>\n<p>Con el tiempo adopt\u00f3 keto como estilo de vida y ya no como una dieta de un mes llegando as\u00ed a un peso de 160 libras, peso que ha querido mantener pues m\u00e1s all\u00e1 de un peso ideal es el peso con el cual se siento c\u00f3moda. <\/p>\n<p>Es por esta raz\u00f3n que decide estudiar y capacitarse con el deseo ense\u00f1ar principalmente a mujeres a manejar un estilo de vida que se ajuste a sus rutinas de vida sin pasar hambre que no sea tedioso y sobre todo que sea sostenible en el tiempo sin estereotipos y aprendiendo a amar todo el proceso de sanaci\u00f3n que conlleva este estilo de vida.<\/p>\n","protected":false},"excerpt":{"rendered":"<p>\u00bfTe gustar\u00eda perder peso de forma saludable, r\u00e1pida y sin pasar hambre?<\/p>\n<p>\u00bfEres una persona muy ocupada que le cuesta trabajo planificar y organizar sus comidas? <\/p>\n<p>\u00a1Con el MASTER CLASS DIETA KETO, Conocer\u00e1s los beneficios de la dieta keto en la vida cotidiana, en el tratamiento de enfermedades, en el manejo del ayuno y mucho m\u00e1s!<\/p>\n","protected":false},"featured_media":3375,"template":"","meta":{"_joinchat":[]},"product_brand":[],"product_cat":[319,344],"product_tag":[],"class_list":{"0":"post-11636","1":"product","2":"type-product","3":"status-publish","4":"has-post-thumbnail","6":"product_cat-culinaria-y-gastronomia","7":"product_cat-todos","9":"first","10":"instock","11":"sale","12":"shipping-taxable","13":"product-type-external"},"_links":{"self":[{"href":"https:\/\/cursos.talentup.cl\/index.php?rest_route=\/wp\/v2\/product\/11636","targetHints":{"allow":["GET"]}}],"collection":[{"href":"https:\/\/cursos.talentup.cl\/index.php?rest_route=\/wp\/v2\/product"}],"about":[{"href":"https:\/\/cursos.talentup.cl\/index.php?rest_route=\/wp\/v2\/types\/product"}],"version-history":[{"count":2,"href":"https:\/\/cursos.talentup.cl\/index.php?rest_route=\/wp\/v2\/product\/11636\/revisions"}],"predecessor-version":[{"id":14091,"href":"https:\/\/cursos.talentup.cl\/index.php?rest_route=\/wp\/v2\/product\/11636\/revisions\/14091"}],"wp:featuredmedia":[{"embeddable":true,"href":"https:\/\/cursos.talentup.cl\/index.php?rest_route=\/wp\/v2\/media\/3375"}],"wp:attachment":[{"href":"https:\/\/cursos.talentup.cl\/index.php?rest_route=%2Fwp%2Fv2%2Fmedia&parent=11636"}],"wp:term":[{"taxonomy":"product_brand","embeddable":true,"href":"https:\/\/cursos.talentup.cl\/index.php?rest_route=%2Fwp%2Fv2%2Fproduct_brand&post=11636"},{"taxonomy":"product_cat","embeddable":true,"href":"https:\/\/cursos.talentup.cl\/index.php?rest_route=%2Fwp%2Fv2%2Fproduct_cat&post=11636"},{"taxonomy":"product_tag","embeddable":true,"href":"https:\/\/cursos.talentup.cl\/index.php?rest_route=%2Fwp%2Fv2%2Fproduct_tag&post=11636"}],"curies":[{"name":"wp","href":"https:\/\/api.w.org\/{rel}","templated":true}]}}