{"id":11667,"date":"2023-01-10T04:39:19","date_gmt":"2023-01-10T07:39:19","guid":{"rendered":"https:\/\/cursos.talentup.cl\/?post_type=product&#038;p=11667"},"modified":"2024-02-07T23:36:53","modified_gmt":"2024-02-08T02:36:53","slug":"carnes-exquisitas","status":"publish","type":"product","link":"https:\/\/cursos.talentup.cl\/?product=carnes-exquisitas","title":{"rendered":"CARNES EXQUISITAS"},"content":{"rendered":"<p>Si eres de los que te gusta sorprender a tus invitados y que hablen bien de ti, el MASTER CLASS CARNES EXQUISITAS, es para ti.<\/p>\n<p>Aprender\u00e1s a cocinar como un profesional diferentes tipos de cortes de carnes.<\/p>\n<p>Adem\u00e1s, conocer\u00e1s cuales son las salsas, aderezos caseros, guarniciones y cocteles que combinan de manera excepcional, con tus preparaciones.<\/p>\n<p>\u00bfQU\u00c9 VAS A LOGRAR?<\/p>\n<p>Cocinar\u00e1s como un profesional diferentes tipos de carnes, utilizando una serie de t\u00e9cnicas donde una vez que las adquieras, vas a poder utilizarlas en muchos cortes.<\/p>\n<p>Conocer\u00e1s cu\u00e1les son las salsas y aderezos caseros que acompa\u00f1an estas carnes.<\/p>\n<p>Acompa\u00f1ar\u00e1s estas t\u00e9cnicas con las mejores guarniciones que todos mis comensales siempre me piden y que complementan de manera armoniosa estas elaboraciones.<\/p>\n<p>Preparar\u00e1s cocteles que combinan de manera excepcional al paladar las carnes aprendidas.<\/p>\n<p>Conocer\u00e1s los tipos de cortes que uso, diferenciarlos y pedirlos como corresponde.<\/p>\n<p>Acceder\u00e1s al certificado avalado por Hotmart y Seminarios Online.<\/p>\n<p>\u00bfC\u00d3MO LO VAS A LOGRAR?<\/p>\n<p>A trav\u00e9s del siguiente contenido estructurado paso a paso:<\/p>\n<p>1. Presentaci\u00f3n &#8211; Carnes deliciosas.<br \/>\n2. Ribs de cerdo -. Marinado.<br \/>\n3. Ribs de cerdo \u2013 Especiado.<br \/>\n4. Ribs de cerdo Salsa barbacoa.<br \/>\n5. Ribs de cerdo &#8211; Salsa barbacoa versi\u00f3n 2.<br \/>\n6. Variantes barbacoa.<br \/>\n7. Ribs de cerdo &#8211; Pintado y preparado.<br \/>\n8. Recapitulando Temperaturas.<br \/>\n9. Ribs de cerdo &#8211; Pintado y preparado segunda mano.<br \/>\n10. Resultados.<br \/>\n11. Emplatado Ribs.<br \/>\n12. Costillar de carne.<br \/>\n13. Hot Pastrami.<br \/>\n14. Corte Hot Pastrami.<br \/>\n15. Acompa\u00f1amiento versi\u00f3n 1.<br \/>\n16. Acompa\u00f1amiento versi\u00f3n 2.<br \/>\n17. Cocktail 1.<br \/>\n18. Cocktail 2.<br \/>\n19. Cocktail 3.<\/p>\n<p>ACERCA DEL PRODUCTOR<\/p>\n<p>Desarrollado por MARTIN IRIGOIN, argentino y apasionado de la gastronom\u00eda.<\/p>\n<p>Se dedico a la gastronom\u00eda hace m\u00e1s de 15 a\u00f1os. <\/p>\n<p>En el 2021 fue invitado a participar de un programa de cocina en Argentina donde pudo extender sus conocimientos culinarios, explorar los secretos de sus colegas y poner la vara m\u00e1s alta para superarse d\u00eda a d\u00eda. <\/p>\n<p>Esta experiencia dio lugar a que mucha m\u00e1s gente pueda probar sus selectas elaboraciones y fue ah\u00ed cuando decidi\u00f3 dar el paso y brindar toda esta informaci\u00f3n para que ustedes puedan lograr estos resultados. <\/p>\n<p>De todas sus elaboraciones, las carnes de cocciones largas y esas que el hueso se despega solo son su especialidad.<\/p>\n","protected":false},"excerpt":{"rendered":"<p>Si eres de los que te gusta sorprender a tus invitados y que hablen bien de ti, el MASTER CLASS CARNES EXQUISITAS, es para ti.<\/p>\n<p>Aprender\u00e1s a cocinar como un profesional diferentes tipos de cortes de carnes.<\/p>\n<p>Adem\u00e1s, conocer\u00e1s cuales son las salsas, aderezos caseros, guarniciones y cocteles que combinan de manera excepcional, con tus preparaciones.<\/p>\n","protected":false},"featured_media":3376,"template":"","meta":{"_joinchat":[]},"product_brand":[],"product_cat":[319,344],"product_tag":[],"class_list":{"0":"post-11667","1":"product","2":"type-product","3":"status-publish","4":"has-post-thumbnail","6":"product_cat-culinaria-y-gastronomia","7":"product_cat-todos","9":"first","10":"instock","11":"sale","12":"shipping-taxable","13":"product-type-external"},"_links":{"self":[{"href":"https:\/\/cursos.talentup.cl\/index.php?rest_route=\/wp\/v2\/product\/11667","targetHints":{"allow":["GET"]}}],"collection":[{"href":"https:\/\/cursos.talentup.cl\/index.php?rest_route=\/wp\/v2\/product"}],"about":[{"href":"https:\/\/cursos.talentup.cl\/index.php?rest_route=\/wp\/v2\/types\/product"}],"version-history":[{"count":2,"href":"https:\/\/cursos.talentup.cl\/index.php?rest_route=\/wp\/v2\/product\/11667\/revisions"}],"predecessor-version":[{"id":14092,"href":"https:\/\/cursos.talentup.cl\/index.php?rest_route=\/wp\/v2\/product\/11667\/revisions\/14092"}],"wp:featuredmedia":[{"embeddable":true,"href":"https:\/\/cursos.talentup.cl\/index.php?rest_route=\/wp\/v2\/media\/3376"}],"wp:attachment":[{"href":"https:\/\/cursos.talentup.cl\/index.php?rest_route=%2Fwp%2Fv2%2Fmedia&parent=11667"}],"wp:term":[{"taxonomy":"product_brand","embeddable":true,"href":"https:\/\/cursos.talentup.cl\/index.php?rest_route=%2Fwp%2Fv2%2Fproduct_brand&post=11667"},{"taxonomy":"product_cat","embeddable":true,"href":"https:\/\/cursos.talentup.cl\/index.php?rest_route=%2Fwp%2Fv2%2Fproduct_cat&post=11667"},{"taxonomy":"product_tag","embeddable":true,"href":"https:\/\/cursos.talentup.cl\/index.php?rest_route=%2Fwp%2Fv2%2Fproduct_tag&post=11667"}],"curies":[{"name":"wp","href":"https:\/\/api.w.org\/{rel}","templated":true}]}}