{"id":11681,"date":"2023-01-10T04:39:20","date_gmt":"2023-01-10T07:39:20","guid":{"rendered":"https:\/\/cursos.talentup.cl\/?post_type=product&#038;p=11681"},"modified":"2024-02-07T23:36:55","modified_gmt":"2024-02-08T02:36:55","slug":"panaderia-artesanal-italo-argentina","status":"publish","type":"product","link":"https:\/\/cursos.talentup.cl\/?product=panaderia-artesanal-italo-argentina","title":{"rendered":"PANADER\u00cdA ARTESANAL \u00cdTALO ARGENTINA"},"content":{"rendered":"<p>Miles de amantes de la panader\u00eda en todo el mundo desear\u00edan conocer las t\u00e9cnicas de estos sabores ancestrales.<\/p>\n<p>Con el MasterClass PANADERIA ARTESANAL ITALOARGENTINA, desarrolla la masa madre, originaria de estos 2 pa\u00edses, cuyas gastronom\u00edas son reconocidas por grandes maestros panaderos.<\/p>\n<p>Aprende las distintas preparaciones para que conectes a invitados y clientes con el aroma de un \u201cPAN RECI\u00c9N HORNEADO\u201d mmmhhh<\/p>\n<p>Adicionalmente, conoce la maza de pan para preparar una pizza artesanal inolvidable.<\/p>\n<p>Esta es una excelente oportunidad en un negocio donde vender\u00e1s como pan caliente.<\/p>\n<p>\u00bfQU\u00c9 VAS A LOGRAR?<\/p>\n<p>1. Lograr\u00e1s ser el alma de la fiesta con tu \u201cPAN BAGUETTE\u201d.<\/p>\n<p>2. Crear\u00e1s exquisitos panes con la \u201cMASA MADRE\u201d.<\/p>\n<p>3. Tendr\u00e1s much\u00edsima m\u00e1s confianza con nuestras \u201cT\u00c9CNICAS Y TIPS\u201d de amasado.<\/p>\n<p>4. Te van aplaudir cada vez que saques un pan del \u201cHORNO\u201d.<\/p>\n<p>5. Podr\u00e1s arriesgarte m\u00e1s a preparar nuevos panes como el \u201cPAN CHIPA\u201d.<\/p>\n<p>6. Ser\u00e1s el mejor \u201cPANADERO PIZZERO\u201d indiscutible de la zona.<\/p>\n<p>7. Podr\u00e1s emprender tu \u201cPROPIO NEGOCIO\u201d.<\/p>\n<p>8. Aprender\u00e1s como hacer las mejores \u201cPIZZAS\u201d<\/p>\n<p>9. Acceder\u00e1s al certificado avalado por Hotmart y Seminarios Online.<\/p>\n<p>\u00bfC\u00d3MO LO VAS A LOGRAR?<\/p>\n<p>Parte 1. Intro.<\/p>\n<p>Parte 2. Masa madre y fermento.<\/p>\n<p>Parte 3. Amasado. <\/p>\n<p>Parte 4. Leudado r\u00e1pido.  <\/p>\n<p>Parte 5. Gramaje y panes.<\/p>\n<p>Parte 6. Moldear los panes.<\/p>\n<p>Parte 7. Variedades de panes.<\/p>\n<p>Parte 8. Salsa fileto.<\/p>\n<p>Parte 9. Tu primera pizza.<\/p>\n<p>Parte 10. Calzone.<\/p>\n<p>Parte 11. Receta pan de chipa.<\/p>\n<p>Parte 12. Masa pan de chipa.<\/p>\n<p>Parte 13. Desarrollo pan de chipa.<\/p>\n<p>Parte 14. Otra masa madre.<\/p>\n<p>Parte 15. Pesto.<\/p>\n<p>ACERCA DEL PRODUCTOR<\/p>\n<p>Desarrollado por, LA CORDOBESA marca Argentina\/Ecuatoriana con 2 premios nacionales, contamos con m\u00e1s de 60.000 mil seguidores en redes sociales. <\/p>\n<p>Dictamos cursos presenciales en Ecuador, pero decidimos documentar nuestro curso de \u201cPanader\u00eda Y Pizzer\u00eda\u201d dictado por nuestro chef de C\u00f3rdoba Argentina Leonardo Urqu\u00eda y agregarle contenido exclusivo que nunca ense\u00f1amos antes en nuestros cursos presenciales.<\/p>\n","protected":false},"excerpt":{"rendered":"<p>Miles de amantes de la panader\u00eda en todo el mundo desear\u00edan conocer las t\u00e9cnicas de estos sabores ancestrales.<\/p>\n<p>Con el MasterClass PANADERIA ARTESANAL ITALOARGENTINA, desarrolla la masa madre, originaria de estos 2 pa\u00edses, cuyas gastronom\u00edas son reconocidas por grandes maestros panaderos.<\/p>\n<p>Aprende las distintas preparaciones para que conectes a invitados y clientes con el aroma de un \u201cPAN RECI\u00c9N HORNEADO\u201d mmmhhh<\/p>\n<p>Adicionalmente, conoce la maza de pan para preparar una pizza artesanal inolvidable.<\/p>\n<p>Esta es una excelente oportunidad en un negocio donde vender\u00e1s como pan caliente.<\/p>\n","protected":false},"featured_media":3390,"template":"","meta":{"_joinchat":[]},"product_brand":[],"product_cat":[319,344],"product_tag":[],"class_list":{"0":"post-11681","1":"product","2":"type-product","3":"status-publish","4":"has-post-thumbnail","6":"product_cat-culinaria-y-gastronomia","7":"product_cat-todos","9":"first","10":"instock","11":"sale","12":"shipping-taxable","13":"product-type-external"},"_links":{"self":[{"href":"https:\/\/cursos.talentup.cl\/index.php?rest_route=\/wp\/v2\/product\/11681","targetHints":{"allow":["GET"]}}],"collection":[{"href":"https:\/\/cursos.talentup.cl\/index.php?rest_route=\/wp\/v2\/product"}],"about":[{"href":"https:\/\/cursos.talentup.cl\/index.php?rest_route=\/wp\/v2\/types\/product"}],"version-history":[{"count":2,"href":"https:\/\/cursos.talentup.cl\/index.php?rest_route=\/wp\/v2\/product\/11681\/revisions"}],"predecessor-version":[{"id":14106,"href":"https:\/\/cursos.talentup.cl\/index.php?rest_route=\/wp\/v2\/product\/11681\/revisions\/14106"}],"wp:featuredmedia":[{"embeddable":true,"href":"https:\/\/cursos.talentup.cl\/index.php?rest_route=\/wp\/v2\/media\/3390"}],"wp:attachment":[{"href":"https:\/\/cursos.talentup.cl\/index.php?rest_route=%2Fwp%2Fv2%2Fmedia&parent=11681"}],"wp:term":[{"taxonomy":"product_brand","embeddable":true,"href":"https:\/\/cursos.talentup.cl\/index.php?rest_route=%2Fwp%2Fv2%2Fproduct_brand&post=11681"},{"taxonomy":"product_cat","embeddable":true,"href":"https:\/\/cursos.talentup.cl\/index.php?rest_route=%2Fwp%2Fv2%2Fproduct_cat&post=11681"},{"taxonomy":"product_tag","embeddable":true,"href":"https:\/\/cursos.talentup.cl\/index.php?rest_route=%2Fwp%2Fv2%2Fproduct_tag&post=11681"}],"curies":[{"name":"wp","href":"https:\/\/api.w.org\/{rel}","templated":true}]}}