{"id":11683,"date":"2023-01-10T04:39:20","date_gmt":"2023-01-10T07:39:20","guid":{"rendered":"https:\/\/cursos.talentup.cl\/?post_type=product&#038;p=11683"},"modified":"2024-02-07T23:36:55","modified_gmt":"2024-02-08T02:36:55","slug":"loncheras-saludables-escolares","status":"publish","type":"product","link":"https:\/\/cursos.talentup.cl\/?product=loncheras-saludables-escolares","title":{"rendered":"LONCHERAS SALUDABLES ESCOLARES"},"content":{"rendered":"<p>\u00bfCuantos pap\u00e1s y mam\u00e1s est\u00e1n preocupados por la alimentaci\u00f3n de sus hijos en el colegio?<\/p>\n<p>Tienes que conocer el programa LONCHERAS ESCOLARES SALUDABLES, un MasterClass donde sabr\u00e1s c\u00f3mo hacer que tus hijos cuenten con una alimentaci\u00f3n balanceada mientras estudian.<br \/>\nAdem\u00e1s, son r\u00e1pidas y f\u00e1ciles de hacer para que ahorres tiempo y dinero.<\/p>\n<p>Organiza una lonchera que le guste a tu hijo para que crezca saludable y con la energ\u00eda que necesita para aprender m\u00e1s.<\/p>\n<p>Conoce divertidos recipientes, las herramientas y los nutrientes que deben tener durante las diferentes etapas de su desarrollo.<\/p>\n<p>\u00bfQU\u00c9 VAS A LOGRAR?<\/p>\n<p>Organizar\u00e1s una lonchera que le guste a tu hijo que al mismo tiempo lo estar\u00e1 nutriendo.<\/p>\n<p>Crear\u00e1s h\u00e1bitos saludables en tu hijo que se ver\u00e1n reflejados a lo largo de su vida.<\/p>\n<p>Encontrar\u00e1s m\u00e9todos muy f\u00e1ciles para que t\u00fa mismo o cualquier persona haga las loncheras.<\/p>\n<p>Lograr\u00e1s que tu hijo tenga un excelente proceso de crecimiento f\u00edsico y mental, debido al consumo de los alimentos adecuados.<\/p>\n<p>Entender\u00e1s todo lo que el cuerpo necesita para su desarrollo f\u00edsico y mental.<\/p>\n<p>Encontrar\u00e1s utensilios y herramientas que te ayudar\u00e1n en la elaboraci\u00f3n de loncheras ricas y balanceadas.<\/p>\n<p>Entender\u00e1s que para hacer loncheras lindas, ricas y balanceadas, no tienes que ser un experto en la cocina, simplemente tener en cuenta lo necesario.<\/p>\n<p>Acceder\u00e1s al certificado avalado por Hotmart y Seminarios Online.<\/p>\n<p>\u00bfC\u00d3MO LO VAS A LOGRAR?<\/p>\n<p>Esto lo vamos a lograr en 14 m\u00f3dulos donde les cuento paso a paso c\u00f3mo y qu\u00e9 debe llevar una lonchera saludable.<\/p>\n<p>Video 1: Importancia de la nutrici\u00f3n en la etapa escolar.<br \/>\nVideo 2: Problemas actuales en la alimentaci\u00f3n escolar.<br \/>\nVideo 3: Qu\u00c9 es una lonchera saludable.<br \/>\nVideo 4: Carbohidratos.<br \/>\nVideo 5: Prote\u00edna.<br \/>\nVideo 6: Vitaminas y minerales.<br \/>\nVideo 7: Refractarias.<br \/>\nVideo 8: Segmentaci\u00f3n por edades de las loncheras.<br \/>\nVideo 9: Loncheras para ni\u00f1os de 1 a 3 a\u00f1os.<br \/>\nVideo 10: Loncheras para ni\u00f1os de 4 a 8 a\u00f1os.<br \/>\nVideo 11: Loncheras para ni\u00f1os de 9 a 13 a\u00f1os.<br \/>\nVideo 12: Loncheras para ni\u00f1os de 14 a 18 a\u00f1os.<br \/>\nVideo 13: Oportunidad de negocio.<br \/>\nVideo 14: Haciendo platos lindos y nutritivos con frutas y verduras.<\/p>\n<p>ACERCA DE LA PRODUCTORA<\/p>\n<p>Desarrollado por ANA MARIA TORO, quien a partir de la experiencia de su vida y el inter\u00e9s de una mam\u00e1 por mejorar y contribuir en el desarrollo y crecimiento de sus hijos, logr\u00f3 con investigaci\u00f3n ser experta en nutrici\u00f3n y convertirse en apasionada del tema culinario.<\/p>\n<p>Ha realizado estudios como: Diplomado de Nutrici\u00f3n Infantil, Curso de Nutrici\u00f3n en l\u00ednea, Comunicadora Social- Periodista, Chef t\u00e9cnica profesional.<\/p>\n<p>Cursos en l\u00ednea nutrici\u00f3n\/ organizaci\u00f3n de las Naciones Unidas, Cocinera practicante en el club Colombia de Cali y Propietaria de restaurantes.<\/p>\n","protected":false},"excerpt":{"rendered":"<p>\u00bfCuantos pap\u00e1s y mam\u00e1s est\u00e1n preocupados por la alimentaci\u00f3n de sus hijos en el colegio?<\/p>\n<p>Tienes que conocer el programa LONCHERAS ESCOLARES SALUDABLES, un MasterClass donde sabr\u00e1s c\u00f3mo hacer que tus hijos cuenten con una alimentaci\u00f3n balanceada mientras estudian.<br \/>\nAdem\u00e1s, son r\u00e1pidas y f\u00e1ciles de hacer para que ahorres tiempo y dinero.<\/p>\n<p>Organiza una lonchera que le guste a tu hijo para que crezca saludable y con la energ\u00eda que necesita para aprender m\u00e1s.<\/p>\n<p>Conoce divertidos recipientes, las herramientas y los nutrientes que deben tener durante las diferentes etapas de su desarrollo.<\/p>\n","protected":false},"featured_media":3392,"template":"","meta":{"_joinchat":[]},"product_brand":[],"product_cat":[319,344],"product_tag":[],"class_list":{"0":"post-11683","1":"product","2":"type-product","3":"status-publish","4":"has-post-thumbnail","6":"product_cat-culinaria-y-gastronomia","7":"product_cat-todos","9":"first","10":"instock","11":"sale","12":"shipping-taxable","13":"product-type-external"},"_links":{"self":[{"href":"https:\/\/cursos.talentup.cl\/index.php?rest_route=\/wp\/v2\/product\/11683","targetHints":{"allow":["GET"]}}],"collection":[{"href":"https:\/\/cursos.talentup.cl\/index.php?rest_route=\/wp\/v2\/product"}],"about":[{"href":"https:\/\/cursos.talentup.cl\/index.php?rest_route=\/wp\/v2\/types\/product"}],"version-history":[{"count":2,"href":"https:\/\/cursos.talentup.cl\/index.php?rest_route=\/wp\/v2\/product\/11683\/revisions"}],"predecessor-version":[{"id":14108,"href":"https:\/\/cursos.talentup.cl\/index.php?rest_route=\/wp\/v2\/product\/11683\/revisions\/14108"}],"wp:featuredmedia":[{"embeddable":true,"href":"https:\/\/cursos.talentup.cl\/index.php?rest_route=\/wp\/v2\/media\/3392"}],"wp:attachment":[{"href":"https:\/\/cursos.talentup.cl\/index.php?rest_route=%2Fwp%2Fv2%2Fmedia&parent=11683"}],"wp:term":[{"taxonomy":"product_brand","embeddable":true,"href":"https:\/\/cursos.talentup.cl\/index.php?rest_route=%2Fwp%2Fv2%2Fproduct_brand&post=11683"},{"taxonomy":"product_cat","embeddable":true,"href":"https:\/\/cursos.talentup.cl\/index.php?rest_route=%2Fwp%2Fv2%2Fproduct_cat&post=11683"},{"taxonomy":"product_tag","embeddable":true,"href":"https:\/\/cursos.talentup.cl\/index.php?rest_route=%2Fwp%2Fv2%2Fproduct_tag&post=11683"}],"curies":[{"name":"wp","href":"https:\/\/api.w.org\/{rel}","templated":true}]}}