{"id":11684,"date":"2023-01-10T04:39:20","date_gmt":"2023-01-10T07:39:20","guid":{"rendered":"https:\/\/cursos.talentup.cl\/?post_type=product&#038;p=11684"},"modified":"2024-02-07T23:36:55","modified_gmt":"2024-02-08T02:36:55","slug":"hamburguesas-master","status":"publish","type":"product","link":"https:\/\/cursos.talentup.cl\/?product=hamburguesas-master","title":{"rendered":"HAMBURGUESAS MASTER"},"content":{"rendered":"<p>Las hamburguesas hoy son tendencia mundial en diferentes festivales gastron\u00f3micos.<\/p>\n<p>Con el programa HAMBURGUESAS MASTER, aprende los secretos de los grandes chefs para lograr recetas incre\u00edbles.<\/p>\n<p>Este es un masterClass completo que te explica desde c\u00f3mo escoger la carne perfecta para tus burguers hasta hacer preparaciones sorprendentes para que logres un sabor inolvidable.<\/p>\n<p>Prepara hamburguesas artesanales o veganas.<\/p>\n<p>Conoce los quesos y los acompa\u00f1amientos con el m\u00e1s exquisito toque gourmet.<\/p>\n<p>\u00bfQU\u00c9 VAS A LOGRAR?<\/p>\n<p>Lograr\u00e1s de manera sencilla aprender diferentes t\u00e9cnicas y preparaciones de varias hamburguesas. as\u00ed lograr impresionar a tus comensales y amigos.<\/p>\n<p>Podr\u00e1s complementar tus reuniones y eventos. <\/p>\n<p>Podr\u00e1s usar estas preparaciones para tu restaurante o negocio de comida, y editar a tus clientes con una super receta Artesanal.<\/p>\n<p>Identificar\u00e1s los mejores tipos de carne.<\/p>\n<p>Aprender\u00e1s la preparaci\u00f3n de hamburguesas veganas.<\/p>\n<p>Conocer\u00e1s los mejores quesos y los diferentes toppings.<\/p>\n<p>Acceder\u00e1s al certificado avalado por Hotmart y Seminarios Online.<\/p>\n<p>\u00bfC\u00d3MO LO VAS A LOGRAR?<\/p>\n<p>A trav\u00e9s de 17 videos podr\u00e1s aprender:<\/p>\n<p>Video 1: Intro- presentaci\u00f3n del curso.<br \/>\nVideo 2: Qui\u00e9n es Daniel Bestial.<br \/>\nVideo 3: Evoluci\u00f3n.<br \/>\nVideo 4: De donde viene.<br \/>\nVideo 5: Actualidad.<br \/>\nVideo 6: Rentabilidad.<br \/>\nVideo 7: Tendencia de mercado.<br \/>\nVideo 8: La comida es un negocio que sobrevive a cualquier crisis.<br \/>\nVideo 9: Carnicer\u00eda lista.<br \/>\nVideo 10: Desposte.<br \/>\nVideo 11: Refrigeraci\u00f3n.<br \/>\nVideo 12: Panader\u00eda.<br \/>\nVideo 13: Salsa artesanal.<br \/>\nVideo 14: 1ra Burger.<br \/>\nVideo 15: 2da Burger.<br \/>\nVideo 16: 3ra Burger.<br \/>\nVideo 17: Hamburguesa vegana.<\/p>\n<p>ACERCA DEL PRODUCTOR<\/p>\n<p>Desarrollado por DANIEL SUAREZ, Empresario del Gremio Gurmet con 13 a\u00f1os de experiencia. <\/p>\n<p>Due\u00f1o de restaurantes, Pereirano y organizador de eventos hamburgueseros a nivel nacional.<\/p>\n","protected":false},"excerpt":{"rendered":"<p>Las hamburguesas hoy son tendencia mundial en diferentes festivales gastron\u00f3micos.<\/p>\n<p>Con el programa HAMBURGUESAS MASTER, aprende los secretos de los grandes chefs para lograr recetas incre\u00edbles.<\/p>\n<p>Este es un masterClass completo que te explica desde c\u00f3mo escoger la carne perfecta para tus burguers hasta hacer preparaciones sorprendentes para que logres un sabor inolvidable.<\/p>\n<p>Prepara hamburguesas artesanales o veganas.<\/p>\n<p>Conoce los quesos y los acompa\u00f1amientos con el m\u00e1s exquisito toque gourmet.<\/p>\n","protected":false},"featured_media":3393,"template":"","meta":{"_joinchat":[]},"product_brand":[],"product_cat":[319,344],"product_tag":[],"class_list":{"0":"post-11684","1":"product","2":"type-product","3":"status-publish","4":"has-post-thumbnail","6":"product_cat-culinaria-y-gastronomia","7":"product_cat-todos","9":"first","10":"instock","11":"sale","12":"shipping-taxable","13":"product-type-external"},"_links":{"self":[{"href":"https:\/\/cursos.talentup.cl\/index.php?rest_route=\/wp\/v2\/product\/11684","targetHints":{"allow":["GET"]}}],"collection":[{"href":"https:\/\/cursos.talentup.cl\/index.php?rest_route=\/wp\/v2\/product"}],"about":[{"href":"https:\/\/cursos.talentup.cl\/index.php?rest_route=\/wp\/v2\/types\/product"}],"version-history":[{"count":2,"href":"https:\/\/cursos.talentup.cl\/index.php?rest_route=\/wp\/v2\/product\/11684\/revisions"}],"predecessor-version":[{"id":14109,"href":"https:\/\/cursos.talentup.cl\/index.php?rest_route=\/wp\/v2\/product\/11684\/revisions\/14109"}],"wp:featuredmedia":[{"embeddable":true,"href":"https:\/\/cursos.talentup.cl\/index.php?rest_route=\/wp\/v2\/media\/3393"}],"wp:attachment":[{"href":"https:\/\/cursos.talentup.cl\/index.php?rest_route=%2Fwp%2Fv2%2Fmedia&parent=11684"}],"wp:term":[{"taxonomy":"product_brand","embeddable":true,"href":"https:\/\/cursos.talentup.cl\/index.php?rest_route=%2Fwp%2Fv2%2Fproduct_brand&post=11684"},{"taxonomy":"product_cat","embeddable":true,"href":"https:\/\/cursos.talentup.cl\/index.php?rest_route=%2Fwp%2Fv2%2Fproduct_cat&post=11684"},{"taxonomy":"product_tag","embeddable":true,"href":"https:\/\/cursos.talentup.cl\/index.php?rest_route=%2Fwp%2Fv2%2Fproduct_tag&post=11684"}],"curies":[{"name":"wp","href":"https:\/\/api.w.org\/{rel}","templated":true}]}}