{"id":11687,"date":"2023-01-10T04:39:20","date_gmt":"2023-01-10T07:39:20","guid":{"rendered":"https:\/\/cursos.talentup.cl\/?post_type=product&#038;p=11687"},"modified":"2024-02-07T23:36:55","modified_gmt":"2024-02-08T02:36:55","slug":"asado-argentino","status":"publish","type":"product","link":"https:\/\/cursos.talentup.cl\/?product=asado-argentino","title":{"rendered":"ASADO ARGENTINO"},"content":{"rendered":"<p>Imag\u00ednate asar una carne que capture toda la esencia de los sabores de Argentina. Mmmhh&#8230;<\/p>\n<p>Si eres amante de la parrilla, te gusta la gastronom\u00eda y tienes esp\u00edritu emprendedor, no te puedes perder el programa ASADO ARGENTINO, un MasterClass dise\u00f1ado para paladares exquisitos.<\/p>\n<p>Conoce este arte culinario y aprende a hacer preparaciones tan incre\u00edbles como un bife Chorizo,un emplatado gourmet un buen chimichurry. <\/p>\n<p>Domina las t\u00e9cnicas de sellado, y muchos secretos m\u00e1s. Piensa y sorprende como un aut\u00e9ntico chef argentino.<\/p>\n<p>\u00bfQU\u00c9 VAS A LOGRAR?<\/p>\n<p>Crear espectaculares asados al estilo ARGENTINO para su familia y sus negocios.<br \/>\nAprender recetas \u201cdel chef\u201d, que fueron creadas con t\u00e9cnicas y tips que no se encuentran en Youtube.<br \/>\nAprender desde cero como prender el fuego, controlarlo, elegir las carnes para nuestro asado, condimentar y sellar las carnes para potenciar el jugo.<br \/>\nConocer una t\u00e9cnica en la que estudiantes de gastronom\u00eda han logrado crear asados al estilo ARGENTINO espectaculares para sus familias y negocios.<br \/>\nConvertirse en el alma de la fiesta con diferentes asados y recetas inolvidables.<br \/>\nCrear exquisitos platos y deliciosos cortes.<br \/>\nTener much\u00edsima m\u00e1s confianza con nuestras \u201cT\u00c9CNICAS Y SELLADOS\u201d de cocci\u00f3n.<br \/>\nPodr\u00e1s emprender tu \u201cPropio Negocio\u201d y generar altos ingresos.<br \/>\nAcceder al CERTIFICADO, avalado por Hotmart y Seminarios Online.<\/p>\n<p>\u00bfCOMO LO VAS A LOGRAR?<\/p>\n<p>A partir de un curso totalmente pr\u00e1ctico donde trabajaremos con cortes que puedes encontrar en los supermercados (Lomo fino, Vac\u00edo, Bife de chorizo, Colita de cuadril, entre otros).<\/p>\n<p>Aprender entradas, ensaladas y acompa\u00f1antes gourmets para acompa\u00f1ar cada corte. Adicionalmente, haremos recetas t\u00edpicas para un buen asado como; Salsa criolla, chimichurri, salsa BBQ y dem\u00e1s, a partir de los siguientes m\u00f3dulos:<\/p>\n<p>PARTE 1. INTRO<br \/>\nPARTE 2. COMO ELEGIR LA CARNE.<br \/>\nPARTE 3. SOBRE LA PARRILLA.<br \/>\nPARTE 4. BIFE DE CHORIZO<br \/>\nPARTE 5. ENSALADA Y EMPLATADO<br \/>\nPARTE 6. PAPAS HASSELBACK<br \/>\nPARTE 7. COLITA DE CUADRIL RELLENA<br \/>\nPARTE 8. EMPLATADO GOURMET.<br \/>\nPARTE 9. FILET MIGNON .<br \/>\nPARTE 10. EMPLATADO Y ACOMPA\u00d1ANTE.<br \/>\nPARTE 11. VACIO TIERNIZADO Y ZAPALLO AL RESCOLDO.<br \/>\nPARTE 12. EMPLATADO GOURMET.<\/p>\n<p>ACERCA DEL PRODUCTOR:<\/p>\n<p>Dictado por el chef de C\u00f3rdoba Argentina LEONARDO URQUIA, quien hace parte de \u201cla Cordobesa\u201d; marca Argentina\/Ecuatoriana con 2 premios nacionales. Cuenta con m\u00e1s de 60.000 mil seguidores en redes sociales. <\/p>\n<p>Ha dictado cursos presenciales en Ecuador y esta experiencia se ha documentado nuestro curso de \u201cAsado Tradicional Argentino\u201d y agregarle contenido exclusivo que nunca ense\u00f1amos antes en nuestros cursos presenciales. <\/p>\n<p>Nos encanta ense\u00f1ar lo hermoso y f\u00e1cil que es hacer los mejores asados del mundo.<\/p>\n<p>Privacidad<br \/>\nTu informaci\u00f3n est\u00e1 100% segura<br \/>\nCompra segura<br \/>\nAmbiente seguro y autenticado<br \/>\nEntrega por email<br \/>\nAcceso al producto entregado por email<br \/>\nContenido aprobado<br \/>\n100% revisado y aprobado<\/p>\n<p>??<\/p>\n","protected":false},"excerpt":{"rendered":"<p>Imag\u00ednate asar una carne que capture toda la esencia de los sabores de Argentina. Mmmhh&#8230;<\/p>\n<p>Si eres amante de la parrilla, te gusta la gastronom\u00eda y tienes esp\u00edritu emprendedor, no te puedes perder el programa ASADO ARGENTINO, un MasterClass dise\u00f1ado para paladares exquisitos.<\/p>\n<p>Conoce este arte culinario y aprende a hacer preparaciones tan incre\u00edbles como un bife Chorizo,un emplatado gourmet un buen chimichurry. <\/p>\n<p>Domina las t\u00e9cnicas de sellado, y muchos secretos m\u00e1s. Piensa y sorprende como un aut\u00e9ntico chef argentino.<\/p>\n","protected":false},"featured_media":3396,"template":"","meta":{"_joinchat":[]},"product_brand":[],"product_cat":[319,344],"product_tag":[],"class_list":{"0":"post-11687","1":"product","2":"type-product","3":"status-publish","4":"has-post-thumbnail","6":"product_cat-culinaria-y-gastronomia","7":"product_cat-todos","9":"first","10":"instock","11":"sale","12":"shipping-taxable","13":"product-type-external"},"_links":{"self":[{"href":"https:\/\/cursos.talentup.cl\/index.php?rest_route=\/wp\/v2\/product\/11687","targetHints":{"allow":["GET"]}}],"collection":[{"href":"https:\/\/cursos.talentup.cl\/index.php?rest_route=\/wp\/v2\/product"}],"about":[{"href":"https:\/\/cursos.talentup.cl\/index.php?rest_route=\/wp\/v2\/types\/product"}],"version-history":[{"count":2,"href":"https:\/\/cursos.talentup.cl\/index.php?rest_route=\/wp\/v2\/product\/11687\/revisions"}],"predecessor-version":[{"id":14112,"href":"https:\/\/cursos.talentup.cl\/index.php?rest_route=\/wp\/v2\/product\/11687\/revisions\/14112"}],"wp:featuredmedia":[{"embeddable":true,"href":"https:\/\/cursos.talentup.cl\/index.php?rest_route=\/wp\/v2\/media\/3396"}],"wp:attachment":[{"href":"https:\/\/cursos.talentup.cl\/index.php?rest_route=%2Fwp%2Fv2%2Fmedia&parent=11687"}],"wp:term":[{"taxonomy":"product_brand","embeddable":true,"href":"https:\/\/cursos.talentup.cl\/index.php?rest_route=%2Fwp%2Fv2%2Fproduct_brand&post=11687"},{"taxonomy":"product_cat","embeddable":true,"href":"https:\/\/cursos.talentup.cl\/index.php?rest_route=%2Fwp%2Fv2%2Fproduct_cat&post=11687"},{"taxonomy":"product_tag","embeddable":true,"href":"https:\/\/cursos.talentup.cl\/index.php?rest_route=%2Fwp%2Fv2%2Fproduct_tag&post=11687"}],"curies":[{"name":"wp","href":"https:\/\/api.w.org\/{rel}","templated":true}]}}