{"id":11694,"date":"2023-01-10T04:39:20","date_gmt":"2023-01-10T07:39:20","guid":{"rendered":"https:\/\/cursos.talentup.cl\/?post_type=product&#038;p=11694"},"modified":"2024-02-07T23:36:56","modified_gmt":"2024-02-08T02:36:56","slug":"postres-saludables","status":"publish","type":"product","link":"https:\/\/cursos.talentup.cl\/?product=postres-saludables","title":{"rendered":"POSTRES SALUDABLES"},"content":{"rendered":"<p>Ahora comerse un buen postre ya no es un pecado.<\/p>\n<p>\u00a1No castigues tu gusto!<\/p>\n<p>Aprende con el MasterClass POSTRES SALUDABLES, c\u00f3mo hacer deliciosas preparaciones con ingredientes naturales que aportan nutrientes a nuestro organismo con un sabor incre\u00edble.<\/p>\n<p>Adem\u00e1s, ac\u00e1 hay una oportunidad de crear tu empresa desde cero en el mundo de la reposter\u00eda.<\/p>\n<p>\u00bfQU\u00c9 VAS A LOGRAR?<\/p>\n<p>Preparar\u00e1s postres saludables utilizando ingredientes naturales y evitando los procesados como las harinas refinadas, el az\u00facar, y las grasas trans.<\/p>\n<p>Optar por ingredientes integrales preferiblemente, frescos y sanos, que aporten grandes cantidades de nutrientes al organismo.<\/p>\n<p>Aprender\u00e1s el paso a paso de c\u00f3mo hacer un postre saludable desde cero.<\/p>\n<p>Aprender\u00e1s a hacer tus propios ingredientes como; Leches vegetales, tus propias mantequillas y mermeladas sin az\u00facar para que las puedas incorporar en todas tus preparaciones.<\/p>\n<p>Acceder\u00e1s al certificado descargable avalado por Hotmart y Seminarios Online.<\/p>\n<p>\u00bfC\u00d3MO LO VAS A LOGRAR?<\/p>\n<p>Con una estructura sencilla, f\u00e1cil, pr\u00e1ctica y divertida, Con 18 m\u00f3dulos que te llevaran aprender el paso a paso de c\u00f3mo hacerlo y varios bonos adicionales de obsequio, para que puedas generar resultados en tu primera semana de finalizado el programa. <\/p>\n<p>Estas estrategias est\u00e1n desarrolladas de la siguiente forma:<\/p>\n<p>M\u00f3dulo 1- Presentaci\u00f3n y bienvenida.<br \/>\nM\u00f3dulo 2 &#8211; Antes de Iniciar &#8211; Recomendaciones.<br \/>\nM\u00f3dulo 3 &#8211; Materiales y Utensilios.<br \/>\nM\u00f3dulo 4 &#8211; Endulzantes.<br \/>\nM\u00f3dulo 5 &#8211; Harinas.<br \/>\nM\u00f3dulo 6 &#8211; Mantequilla Ghee.<br \/>\nM\u00f3dulo 7 &#8211; Mantequilla de Man\u00ed.<br \/>\nM\u00f3dulo 8 &#8211; Leche de Coco.<br \/>\nM\u00f3dulo 9 &#8211; Rellenos y coberturas I.<br \/>\nM\u00f3dulo 10 &#8211; Rellenos y coberturas II.<br \/>\nM\u00f3dulo 11 &#8211; Postre I &#8211; Torta de Vainilla.<br \/>\nM\u00f3dulo 12 &#8211; Postre II &#8211; Torta de Chocolate.<br \/>\nM\u00f3dulo 13 &#8211; Postre III &#8211; Torta de zanahoria.<br \/>\nM\u00f3dulo 14 &#8211; Cheesecake de frutos rojos.<br \/>\nM\u00f3dulo 15 &#8211; Tartaletas.<br \/>\nM\u00f3dulo 16 &#8211; Galleta I &#8211; Cocochips.<br \/>\nM\u00f3dulo 17 &#8211; Galleta II &#8211; Avena.<br \/>\nM\u00f3dulo 18 &#8211; Cake de Banano.<\/p>\n<p>BONUS:<\/p>\n<p>Bono I &#8211; Brownie.<br \/>\nBono II &#8211; Granola.<br \/>\nBono III &#8211; Pancakes saludables.<br \/>\nBono IV &#8211; Muffins saludables.<br \/>\nBono V -Frosting de camote o batata.<br \/>\nRECETARIO POSTRES SALUDABLES<\/p>\n<p>ACERCA DE LA PRODUCTORA:<\/p>\n<p>Desarrollado por CAROLINA PORTILLA, maestro pastelero con m\u00e1s de 8 a\u00f1os de experiencia en la elaboraci\u00f3n de pasteles para fiestas infantiles, encuentros sociales, cumplea\u00f1os, bodas entre otros. <\/p>\n<p>Carolina tiene experiencia en Venezuela y Ecuador donde ha hecho colaboraciones para empresas medianas y peque\u00f1as en sus celebraciones. <\/p>\n<p>Actualmente, tiene su negocio de pasteler\u00eda delivery en la ciudad de Quito \u2013 Ecuador. <\/p>\n","protected":false},"excerpt":{"rendered":"<p>Ahora comerse un buen postre ya no es un pecado.<\/p>\n<p>\u00a1No castigues tu gusto!<\/p>\n<p>Aprende con el MasterClass POSTRES SALUDABLES, c\u00f3mo hacer deliciosas preparaciones con ingredientes naturales que aportan nutrientes a nuestro organismo con un sabor incre\u00edble.<\/p>\n<p>Adem\u00e1s, ac\u00e1 hay una oportunidad de crear tu empresa desde cero en el mundo de la reposter\u00eda.<\/p>\n","protected":false},"featured_media":3403,"template":"","meta":{"_joinchat":[]},"product_brand":[],"product_cat":[319,344],"product_tag":[],"class_list":{"0":"post-11694","1":"product","2":"type-product","3":"status-publish","4":"has-post-thumbnail","6":"product_cat-culinaria-y-gastronomia","7":"product_cat-todos","9":"first","10":"instock","11":"sale","12":"shipping-taxable","13":"product-type-external"},"_links":{"self":[{"href":"https:\/\/cursos.talentup.cl\/index.php?rest_route=\/wp\/v2\/product\/11694","targetHints":{"allow":["GET"]}}],"collection":[{"href":"https:\/\/cursos.talentup.cl\/index.php?rest_route=\/wp\/v2\/product"}],"about":[{"href":"https:\/\/cursos.talentup.cl\/index.php?rest_route=\/wp\/v2\/types\/product"}],"version-history":[{"count":2,"href":"https:\/\/cursos.talentup.cl\/index.php?rest_route=\/wp\/v2\/product\/11694\/revisions"}],"predecessor-version":[{"id":14119,"href":"https:\/\/cursos.talentup.cl\/index.php?rest_route=\/wp\/v2\/product\/11694\/revisions\/14119"}],"wp:featuredmedia":[{"embeddable":true,"href":"https:\/\/cursos.talentup.cl\/index.php?rest_route=\/wp\/v2\/media\/3403"}],"wp:attachment":[{"href":"https:\/\/cursos.talentup.cl\/index.php?rest_route=%2Fwp%2Fv2%2Fmedia&parent=11694"}],"wp:term":[{"taxonomy":"product_brand","embeddable":true,"href":"https:\/\/cursos.talentup.cl\/index.php?rest_route=%2Fwp%2Fv2%2Fproduct_brand&post=11694"},{"taxonomy":"product_cat","embeddable":true,"href":"https:\/\/cursos.talentup.cl\/index.php?rest_route=%2Fwp%2Fv2%2Fproduct_cat&post=11694"},{"taxonomy":"product_tag","embeddable":true,"href":"https:\/\/cursos.talentup.cl\/index.php?rest_route=%2Fwp%2Fv2%2Fproduct_tag&post=11694"}],"curies":[{"name":"wp","href":"https:\/\/api.w.org\/{rel}","templated":true}]}}