{"id":11729,"date":"2023-01-10T04:39:25","date_gmt":"2023-01-10T07:39:25","guid":{"rendered":"https:\/\/cursos.talentup.cl\/?post_type=product&#038;p=11729"},"modified":"2024-02-07T23:36:56","modified_gmt":"2024-02-08T02:36:56","slug":"cocina-vegana","status":"publish","type":"product","link":"https:\/\/cursos.talentup.cl\/?product=cocina-vegana","title":{"rendered":"COCINA VEGANA"},"content":{"rendered":"<p>M\u00e1s de 375 millones de personas en todo el mundo son Veganas y esta cifra crece en la misma proporci\u00f3n con la preocupaci\u00f3n por el planeta y los animales.<\/p>\n<p>Con este MasterClass COCINA VEGANA lograr\u00e1s aprender todo sobre nutrici\u00f3n vegana y la creaci\u00f3n de exquisitos platos y recetas 100% balanceadas y saludables.<\/p>\n<p>Conoce el estilo de vida vegano, las preparaciones, los pasteles y las t\u00e9cnicas culinarias con sabores incre\u00edbles que jam\u00e1s imaginaste que exist\u00edan.<\/p>\n<p>\u00bfQU\u00c9 VAS A LOGRAR?<\/p>\n<p>Conocer todo sobre la importancia de nutrirse apropiadamente con la alimentaci\u00f3n vegana.<\/p>\n<p>Aprender t\u00e9cnicas culinarias para veganos y conocer los carbohidratos y prote\u00ednas para tener una alimentaci\u00f3n balanceada.<\/p>\n<p>Sazonar tus alimentos de manera saludable, para que siempre tengan un sabor espectacular.<\/p>\n<p>Preparar quesos veganos, Kombucha, Kefir de Coco, Yogurt de Coco y Queso Ricotta.<\/p>\n<p>Preparar pasta Parpadele, Ravioles Rellenos y una espectacular Pizza Vegana.<\/p>\n<p>Preparar REPOSTER\u00cdA VEGANA, para que vivas lo dulce de una manera saludable.<\/p>\n<p>Crear tus propios postres saludables 100% basados en plantas.<\/p>\n<p>Preparar crema de vainilla, cobertura de chocolate, relleno de manzana y relleno de maracuy\u00e1.<\/p>\n<p>Tener el paso a paso para preparar tus propios Cupcakes de naranja, pastel de vainilla y chocolate. <\/p>\n<p>\u00bfC\u00d3MO LO VAS A LOGRAR?<\/p>\n<p>Con una estructura de 3 m\u00f3dulos y 25 lecciones pr\u00e1cticas. En cada video tendr\u00e1s el paso a paso y acceso a las recetas detalladas, para que puedas disfrutar de la preparaci\u00f3n de los platillos mientras ves el curso 100% online. Este MasterClass es desarrollado a partir de las siguientes tem\u00e1ticas:<\/p>\n<p>Introducci\u00f3n a la nutrici\u00f3n b\u00e1sica.<br \/>\nTodo sobre carbohidratos.<br \/>\nTodo sobre la prote\u00edna.<br \/>\nSazona tus alimentos.<br \/>\nT\u00e9cnica veganas.<br \/>\nDiferentes tipos de preparaciones (Recetas guiadas).<br \/>\nIngredientes claves: (Grasas, Endulzantes y Harinas saludables).<br \/>\nCoberturas y rellenos.<br \/>\nPasteles y Cup Cakes.<br \/>\nIngredientes claves.<\/p>\n<p>BONOS ADICIONALES:<\/p>\n<p>BONO #1: Recetas y gu\u00edas pr\u00e1cticas en PDF para que tengas todo en orden y listo para hacer tus exquisitos platillos veganos.<br \/>\nBONO #2: EBOOK RECETAS DE SALSAS ITALIANAS, para que puedas disfrutar una gran variedad de sabores en tus pastas.<br \/>\nBONO #3: EBOOK REPOSTER\u00cdA SALUDABLE, para que puedas preparar deliciosas recetas dulces, mientras cuidas tu salud.<br \/>\nBONO #4: Videos con el paso a paso de deliciosas recetas dulces saludables, podr\u00e1s preparar Banana Cinnamon Roll, Mantequilla de Mara\u00f1\u00f3n, Pudding de Qu\u00ednoa, Waffles Veganos.<br \/>\nBONO #5: Acceso a comunidad privada, con personas veganas que llevan un estilo de vida saludable y para aprender m\u00e1s sobre el veganismo, as\u00ed como tener acceso a la comunidad directamente con Jessica. <\/p>\n<p>ACERCA DE LA PRODUCTORA:<\/p>\n<p>Desarrollado por Jessica Camarero, m\u00e1s conocida como \u201cJess Nutrition\u201d. Nutricionista Cl\u00ednica especializada en alergias, intolerancias y pacientes veganos\/vegetarianos. Cuenta con una certificaci\u00f3n en gastronom\u00eda basada en plantas. <\/p>\n<p>Actualmente, es la fundadora y C.E.O. de Acai Nutrition Studio, un centro de creaci\u00f3n de cursos, asesor\u00edas y programas con el fin de brindar herramientas pr\u00e1cticas para apoyar a las personas en su proceso de transformaci\u00f3n en su versi\u00f3n m\u00e1s saludable y as\u00ed aumentar su calidad de vida.<\/p>\n<p>Tiene una de las mejores comunidades de nutrici\u00f3n en sus redes sociales, creando mucho contenido de valor y generando un impacto y cambios positivos en la vida de todos sus seguidores. <\/p>\n","protected":false},"excerpt":{"rendered":"<p>M\u00e1s de 375 millones de personas en todo el mundo son Veganas y esta cifra crece en la misma proporci\u00f3n con la preocupaci\u00f3n por el planeta y los animales.<\/p>\n<p>Con este MasterClass COCINA VEGANA lograr\u00e1s aprender todo sobre nutrici\u00f3n vegana y la creaci\u00f3n de exquisitos platos y recetas 100% balanceadas y saludables.<\/p>\n<p>Conoce el estilo de vida vegano, las preparaciones, los pasteles y las t\u00e9cnicas culinarias con sabores incre\u00edbles que jam\u00e1s imaginaste que exist\u00edan.<\/p>\n","protected":false},"featured_media":3408,"template":"","meta":{"_joinchat":[]},"product_brand":[],"product_cat":[319,344],"product_tag":[],"class_list":{"0":"post-11729","1":"product","2":"type-product","3":"status-publish","4":"has-post-thumbnail","6":"product_cat-culinaria-y-gastronomia","7":"product_cat-todos","9":"first","10":"instock","11":"sale","12":"shipping-taxable","13":"product-type-external"},"_links":{"self":[{"href":"https:\/\/cursos.talentup.cl\/index.php?rest_route=\/wp\/v2\/product\/11729","targetHints":{"allow":["GET"]}}],"collection":[{"href":"https:\/\/cursos.talentup.cl\/index.php?rest_route=\/wp\/v2\/product"}],"about":[{"href":"https:\/\/cursos.talentup.cl\/index.php?rest_route=\/wp\/v2\/types\/product"}],"version-history":[{"count":2,"href":"https:\/\/cursos.talentup.cl\/index.php?rest_route=\/wp\/v2\/product\/11729\/revisions"}],"predecessor-version":[{"id":14124,"href":"https:\/\/cursos.talentup.cl\/index.php?rest_route=\/wp\/v2\/product\/11729\/revisions\/14124"}],"wp:featuredmedia":[{"embeddable":true,"href":"https:\/\/cursos.talentup.cl\/index.php?rest_route=\/wp\/v2\/media\/3408"}],"wp:attachment":[{"href":"https:\/\/cursos.talentup.cl\/index.php?rest_route=%2Fwp%2Fv2%2Fmedia&parent=11729"}],"wp:term":[{"taxonomy":"product_brand","embeddable":true,"href":"https:\/\/cursos.talentup.cl\/index.php?rest_route=%2Fwp%2Fv2%2Fproduct_brand&post=11729"},{"taxonomy":"product_cat","embeddable":true,"href":"https:\/\/cursos.talentup.cl\/index.php?rest_route=%2Fwp%2Fv2%2Fproduct_cat&post=11729"},{"taxonomy":"product_tag","embeddable":true,"href":"https:\/\/cursos.talentup.cl\/index.php?rest_route=%2Fwp%2Fv2%2Fproduct_tag&post=11729"}],"curies":[{"name":"wp","href":"https:\/\/api.w.org\/{rel}","templated":true}]}}