{"id":11731,"date":"2023-01-10T04:39:25","date_gmt":"2023-01-10T07:39:25","guid":{"rendered":"https:\/\/cursos.talentup.cl\/?post_type=product&#038;p=11731"},"modified":"2024-02-07T23:36:57","modified_gmt":"2024-02-08T02:36:57","slug":"sensei-del-sushi","status":"publish","type":"product","link":"https:\/\/cursos.talentup.cl\/?product=sensei-del-sushi","title":{"rendered":"SENSEI DEL SUSHI"},"content":{"rendered":"<p>\u00bfSab\u00edas que el nombre del Sushi no significa pescado crudo? En realidad, quiere decir \u201cagrio\u201d en japon\u00e9s, y hace referencia al arroz ba\u00f1ado con vinagre, az\u00facar y sal.<\/p>\n<p>En este programa, aprender\u00e1s desde cero, el paso a paso para realizar el sushi japon\u00e9s de una manera f\u00e1cil, pr\u00e1ctica y divertida. Despu\u00e9s de ver nuestras clases y probar nuestras sugerencias podr\u00e1s realizar el sushi favorito desde la comodidad de tu hogar.<\/p>\n<p>\u00bfQU\u00c9 VAS A LOGRAR?<\/p>\n<p>Desarrollar una habilidad nueva con una t\u00e9cnica milenaria que est\u00e1 en tendencia.<\/p>\n<p>Conocer mejor la gastronom\u00eda japonesa y las t\u00e9cnicas que han cautivado los paladares m\u00e1s exigentes en todo el planeta.<\/p>\n<p>Ampliar tu repertorio culinario con una habilidad muy valorada por las personas que ven en el Sushi un platillo aspiracional; para impresionar.<\/p>\n<p>Emprender tu restaurante de Sushi Delivery, desde la comodidad de tu casa.<\/p>\n<p>Aprender a crear tus propias recetas adaptadas al c\u00f3digo cultural y necesidades donde vivas.<\/p>\n<p>Conocer y aprender los diversos rollos de sushi, tanto tradicionales como especiales con recetas exitosas ya comprobadas. <\/p>\n<p>Aprender a manejar costos y presupuestos para volver de este arte un negocio altamente rentable.<\/p>\n<p>Aprender desde cero, el paso a paso para realizar el sushi japon\u00e9s de una manera f\u00e1cil, pr\u00e1ctica y divertida. <\/p>\n<p>\u00bfC\u00d3MO LO VAS A LOGRAR?<\/p>\n<p>Mediante una metodolog\u00eda que va de la teor\u00eda a la pr\u00e1ctica. All\u00ed podr\u00e1s ver que utensilios y materiales se utilizar\u00e1n para elaborar estos exquisitos platos &#8216;japoneses. Sorprender\u00e1s a tus invitados en la pr\u00f3xima reuni\u00f3n social. <\/p>\n<p>Con 12 m\u00f3dulos que te guiar\u00e1n durante todo el proceso y varios bonos adicionales, para que acompa\u00f1es tus creaciones con las mejores salsas.<\/p>\n<p>Por si fuera poco, si quieres emprender, aprender\u00e1s a realizar la estructura de costo. Esta metodolog\u00eda est\u00e1 desarrollada de la siguiente forma:<\/p>\n<p>M\u00d3DULOS:<\/p>\n<p>M\u00f3dulo 1 &#8211; Presentaci\u00f3n y Bienvenida.<br \/>\nM\u00f3dulo 2 &#8211; Origen del sushi.<br \/>\nM\u00f3dulo 3 \u2013 Materiales e insumos.<br \/>\nM\u00f3dulo 4 &#8211; Preparando Arroz Japon\u00e9s.<br \/>\nM\u00f3dulo 5 &#8211; T\u00e9cnica de Cortes de pescados.<br \/>\nM\u00f3dulo 6 &#8211; T\u00e9cnicas de tempurizados.<br \/>\nM\u00f3dulo 7 &#8211; Rolls tempuras &#8211; Taiga y Gama tempura<br \/>\nM\u00f3dulo 8 &#8211; Sushi tradicionales 1 &#8211; (California &#8211; Alaska &#8211; Maguro &#8211; Ebi).<br \/>\nM\u00f3dulo 9 &#8211; Sushi tradicionales 2 &#8211; ( Maki &#8211; Nigiri Salm\u00f3n y at\u00fan).<br \/>\nM\u00f3dulo 10 &#8211; Sushi Especiales 1 &#8211; (Volcano &#8211; Drag\u00f3n).<br \/>\nM\u00f3dulo 11 &#8211; Sushi Especiales 2 &#8211; (Exotic (Katy) \u2013 Dinamita).<br \/>\nM\u00f3dulo 12 \u2013 Preparando las principales salsas.<br \/>\nM\u00f3dulo 13 \u2013 (Bono 1) &#8211; Tartar de At\u00fan y de Salm\u00f3n.<br \/>\nM\u00f3dulo 14 \u2013 (bono 2) &#8211; Rice Wakame.<br \/>\nM\u00f3dulo 15 \u2013 (Bono 3) &#8211; Esferas del drag\u00f3n<br \/>\nM\u00f3dulo 16 \u2013 (Bono 4) &#8211; Catering para sushi<br \/>\nM\u00f3dulo 17 \u2013 (bono 5) &#8211; Estructura de costos<br \/>\nM\u00f3dulo 18 \u2013 (Bono 6) &#8211; Estandarizaci\u00f3n de recetas.<br \/>\nModulo 19 &#8211; (Bono 7) &#8211; Invitaci\u00f3n especial.<\/p>\n<p>ACERCA DEL PRODUCTOR<\/p>\n<p>Dictado por el Chef LUCAS RINC\u00d3N, Con m\u00e1s de 9 a\u00f1os de experiencia, inici\u00f3 su camino en varios restaurantes famosos de comida asi\u00e1tica en la ciudad de Maracaibo &#8211; Venezuela, para luego saltar al emprendimiento con Sushimoto Express Maracaibo. <\/p>\n<p>A\u00f1os m\u00e1s tarde, colabor\u00f3 en un restaurante de comida japonesa en la Isla de Margarita (Venezuela), y finalmente emigr\u00f3 a Quito (Ecuador) donde tiene actualmente su restaurante de delivery asi\u00e1tico Sushimoto Express. <\/p>\n<p>Con el tiempo, Lucas ha encapsulado todo este conocimiento en un producto digital que sin duda es un excelente aporte gastron\u00f3mico a las personas que quieran aprender c\u00f3mo hacer Sushi desde cero.<\/p>\n","protected":false},"excerpt":{"rendered":"<p>\u00bfSab\u00edas que el nombre del Sushi no significa pescado crudo? En realidad, quiere decir \u201cagrio\u201d en japon\u00e9s, y hace referencia al arroz ba\u00f1ado con vinagre, az\u00facar y sal.<\/p>\n<p>En este programa, aprender\u00e1s desde cero, el paso a paso para realizar el sushi japon\u00e9s de una manera f\u00e1cil, pr\u00e1ctica y divertida. Despu\u00e9s de ver nuestras clases y probar nuestras sugerencias podr\u00e1s realizar el sushi favorito desde la comodidad de tu hogar.<\/p>\n","protected":false},"featured_media":3410,"template":"","meta":{"_joinchat":[]},"product_brand":[],"product_cat":[319,344],"product_tag":[],"class_list":{"0":"post-11731","1":"product","2":"type-product","3":"status-publish","4":"has-post-thumbnail","6":"product_cat-culinaria-y-gastronomia","7":"product_cat-todos","9":"first","10":"instock","11":"sale","12":"shipping-taxable","13":"product-type-external"},"_links":{"self":[{"href":"https:\/\/cursos.talentup.cl\/index.php?rest_route=\/wp\/v2\/product\/11731","targetHints":{"allow":["GET"]}}],"collection":[{"href":"https:\/\/cursos.talentup.cl\/index.php?rest_route=\/wp\/v2\/product"}],"about":[{"href":"https:\/\/cursos.talentup.cl\/index.php?rest_route=\/wp\/v2\/types\/product"}],"version-history":[{"count":2,"href":"https:\/\/cursos.talentup.cl\/index.php?rest_route=\/wp\/v2\/product\/11731\/revisions"}],"predecessor-version":[{"id":14126,"href":"https:\/\/cursos.talentup.cl\/index.php?rest_route=\/wp\/v2\/product\/11731\/revisions\/14126"}],"wp:featuredmedia":[{"embeddable":true,"href":"https:\/\/cursos.talentup.cl\/index.php?rest_route=\/wp\/v2\/media\/3410"}],"wp:attachment":[{"href":"https:\/\/cursos.talentup.cl\/index.php?rest_route=%2Fwp%2Fv2%2Fmedia&parent=11731"}],"wp:term":[{"taxonomy":"product_brand","embeddable":true,"href":"https:\/\/cursos.talentup.cl\/index.php?rest_route=%2Fwp%2Fv2%2Fproduct_brand&post=11731"},{"taxonomy":"product_cat","embeddable":true,"href":"https:\/\/cursos.talentup.cl\/index.php?rest_route=%2Fwp%2Fv2%2Fproduct_cat&post=11731"},{"taxonomy":"product_tag","embeddable":true,"href":"https:\/\/cursos.talentup.cl\/index.php?rest_route=%2Fwp%2Fv2%2Fproduct_tag&post=11731"}],"curies":[{"name":"wp","href":"https:\/\/api.w.org\/{rel}","templated":true}]}}