{"id":11806,"date":"2023-01-10T04:39:32","date_gmt":"2023-01-10T07:39:32","guid":{"rendered":"https:\/\/cursos.talentup.cl\/?post_type=product&#038;p=11806"},"modified":"2024-02-07T23:37:02","modified_gmt":"2024-02-08T02:37:02","slug":"adiccion-a-los-videojuegos-para-padres-de-familia-angustiados","status":"publish","type":"product","link":"https:\/\/cursos.talentup.cl\/?product=adiccion-a-los-videojuegos-para-padres-de-familia-angustiados","title":{"rendered":"ADICCI\u00d3N A LOS VIDEOJUEGOS PARA PADRES DE FAMILIA ANGUSTIADOS"},"content":{"rendered":"<p>\u00bfSab\u00edas que el uso excesivo de videojuegos es considerado como un trastorno que afecta cada vez a m\u00e1s j\u00f3venes?<\/p>\n<p>Con el MasterClass ADICCI\u00d3N A LOS V\u00cdDEO JUEGOS PARA PADRES ANGUSTIADOS tendr\u00e1s las herramientas necesarias para abordar el problema de una manera natural y pedag\u00f3gica.<\/p>\n<p>\u00bfQU\u00c9 VAS A LOGRAR?<\/p>\n<p>Tendr\u00e1s las herramientas necesarias para: primero identificar en las conductas de tus hijos a nivel familiar o a nivel escolar.<\/p>\n<p>Podr\u00e1s abordar el problema de una manera natural y pedag\u00f3gica gracias a las t\u00e9cnicas y herramientas profesionales que aprender\u00e1s a lo largo de las diferentes lecciones.<\/p>\n<p>Se abordar\u00e1 el tema de las adicciones desde su base; primero mostr\u00e1ndote qu\u00e9 es una adicci\u00f3n, cu\u00e1les son sus caracter\u00edsticas y cu\u00e1les son sus s\u00edntomas desde una base cient\u00edfica.<\/p>\n<p>Descubrir\u00e1s c\u00f3mo, de una manera did\u00e1ctica, natural y entretenida puedes ir llevando al ni\u00f1o o al joven de un estado de uso excesivo de los videojuegos a un uso moderado y natural de los mismos, de tal manera que deje de verlos como una obsesi\u00f3n y empiece a usarlos como lo que son, solo entretenimiento.<\/p>\n<p>Aprender\u00e1s cuales son las consecuencias e implicaciones que a nivel escolar, social y familiar pueden afrontar los ni\u00f1os y adolescentes que tengan este tipo de desorden en la conducta.<\/p>\n<p>Acceder\u00e1s al certificado avalado por Hotmart y Seminarios Online.<\/p>\n<p>\u00bfC\u00d3MO LO VAS A LOGRAR?<\/p>\n<p>A trav\u00e9s del siguiente contenido, estructurado paso a paso:<\/p>\n<p>M\u00f3dulo n\u00famero 1 \u00bfPor qu\u00e9 est\u00e1s aqu\u00ed?<\/p>\n<p>Video 1 Presentaci\u00f3n y justificaci\u00f3n del curso a desarrollar.<br \/>\nVideo 2 Presentaci\u00f3n de la profesional que nos guiar\u00e1 en todo el proceso &#8211; bono regalo # 1.<br \/>\nVideo 3 Recomendaciones para desarrollar mejor el curso.<\/p>\n<p>M\u00f3dulo n\u00famero 2 \u00bfQu\u00e9 vamos a resolver?<\/p>\n<p>Video 4 \u00bfQu\u00e9 es una adicci\u00f3n?.<br \/>\nVideo 5 S\u00edntomas de una adicci\u00f3n.<br \/>\nVideo 6 Los j\u00f3venes y el uso de la tecnolog\u00eda.<br \/>\nVideo 7 Investigaciones actuales.<br \/>\nVideo 8 \u00bfQu\u00e9 sucede a nivel cerebral?.<br \/>\nVideo 9 S\u00edntomas en ni\u00f1os y adolescentes.<br \/>\nVideo 10 Consecuencias de una adicci\u00f3n a los videojuegos.<\/p>\n<p>M\u00f3dulo n\u00famero 3 \u00bfC\u00f3mo lo vamos a resolver?<\/p>\n<p>Video 11 Plan de acci\u00f3n desde casa.<br \/>\nVideo 12 Acompa\u00f1amiento a mis hijos.<br \/>\nVideo 13 Estrategias de prevenci\u00f3n en casa.<br \/>\nVideo 14 Estrategias para el uso del tiempo libre.<\/p>\n<p>M\u00f3dulo n\u00famero 4 Bonos regalo<\/p>\n<p>Video 15 Bono n\u00famero 2 Estudiemos los juegos m\u00e1s populares.<br \/>\nVideo 16 Bono n\u00famero 3 Material en PDF (e.books).<\/p>\n<p>ACERCA DE LA PRODUCTORA<\/p>\n<p>Desarrollado por MAR\u00cdA JOS\u00c9 CORT\u00c9S, psic\u00f3loga con experiencia de m\u00e1s de 5 a\u00f1os, egresada de la universidad Incca de Colombia, con \u00e9nfasis en intervenci\u00f3n de trastornos de conducta y personalidad, amplio conocimiento en adicciones y especialista en educaci\u00f3n infantil, dificultades de aprendizaje y acompa\u00f1amiento familiar. <\/p>\n<p>Actualmente fundadora y directora de Psicosabana, centro de psicolog\u00eda integral ubicado en la ciudad de Bogot\u00e1, Colombia en d\u00f3nde un grupo de especialistas a su cargo brinda toda la asesor\u00eda, acompa\u00f1amiento y tratamientos psicol\u00f3gicos a personas de todas las edades con diferentes problem\u00e1ticas.<\/p>\n<p>La doctora Mar\u00eda Jos\u00e9 Cort\u00e9s asesora a diferentes colegios, en su formaci\u00f3n a padres, estudiantes y orientaci\u00f3n vocacional.<\/p>\n<p>Actualmente cursa estudios en psicolog\u00eda cl\u00ednica y psicolog\u00eda positiva.<\/p>\n","protected":false},"excerpt":{"rendered":"<p>\u00bfSab\u00edas que el uso excesivo de videojuegos es considerado como un trastorno que afecta cada vez a m\u00e1s j\u00f3venes?<\/p>\n<p>Con el MasterClass ADICCI\u00d3N A LOS V\u00cdDEO JUEGOS PARA PADRES ANGUSTIADOS tendr\u00e1s las herramientas necesarias para abordar el problema de una manera natural y pedag\u00f3gica.<\/p>\n","protected":false},"featured_media":3453,"template":"","meta":{"_joinchat":[]},"product_brand":[],"product_cat":[320,344],"product_tag":[],"class_list":{"0":"post-11806","1":"product","2":"type-product","3":"status-publish","4":"has-post-thumbnail","6":"product_cat-desarrollo-personal","7":"product_cat-todos","9":"first","10":"instock","11":"sale","12":"shipping-taxable","13":"product-type-external"},"_links":{"self":[{"href":"https:\/\/cursos.talentup.cl\/index.php?rest_route=\/wp\/v2\/product\/11806","targetHints":{"allow":["GET"]}}],"collection":[{"href":"https:\/\/cursos.talentup.cl\/index.php?rest_route=\/wp\/v2\/product"}],"about":[{"href":"https:\/\/cursos.talentup.cl\/index.php?rest_route=\/wp\/v2\/types\/product"}],"version-history":[{"count":2,"href":"https:\/\/cursos.talentup.cl\/index.php?rest_route=\/wp\/v2\/product\/11806\/revisions"}],"predecessor-version":[{"id":14171,"href":"https:\/\/cursos.talentup.cl\/index.php?rest_route=\/wp\/v2\/product\/11806\/revisions\/14171"}],"wp:featuredmedia":[{"embeddable":true,"href":"https:\/\/cursos.talentup.cl\/index.php?rest_route=\/wp\/v2\/media\/3453"}],"wp:attachment":[{"href":"https:\/\/cursos.talentup.cl\/index.php?rest_route=%2Fwp%2Fv2%2Fmedia&parent=11806"}],"wp:term":[{"taxonomy":"product_brand","embeddable":true,"href":"https:\/\/cursos.talentup.cl\/index.php?rest_route=%2Fwp%2Fv2%2Fproduct_brand&post=11806"},{"taxonomy":"product_cat","embeddable":true,"href":"https:\/\/cursos.talentup.cl\/index.php?rest_route=%2Fwp%2Fv2%2Fproduct_cat&post=11806"},{"taxonomy":"product_tag","embeddable":true,"href":"https:\/\/cursos.talentup.cl\/index.php?rest_route=%2Fwp%2Fv2%2Fproduct_tag&post=11806"}],"curies":[{"name":"wp","href":"https:\/\/api.w.org\/{rel}","templated":true}]}}