{"id":11812,"date":"2023-01-10T04:39:32","date_gmt":"2023-01-10T07:39:32","guid":{"rendered":"https:\/\/cursos.talentup.cl\/?post_type=product&#038;p=11812"},"modified":"2024-02-07T23:37:03","modified_gmt":"2024-02-08T02:37:03","slug":"mujer-crece-y-empoderate","status":"publish","type":"product","link":"https:\/\/cursos.talentup.cl\/?product=mujer-crece-y-empoderate","title":{"rendered":"MUJER CRECE Y EMPOD\u00c9RATE"},"content":{"rendered":"<p>\u00bfSab\u00edas que una mujer empoderada puede ser tan eficiente como 3 hombres?<\/p>\n<p>Con el MasterClass MUJER CRECE Y EMPOD\u00c9RATE no s\u00f3lo aprender\u00e1s a desarrollar el verdadero empoderamiento que nace del interior, sino las claves y herramientas para ser una mujer segura, de metas claras y con mucho car\u00e1cter <\/p>\n<p>\u00bfQU\u00c9 VAS A LOGRAR?<\/p>\n<p>Podr\u00e1s conocer las claves para empoderarte desarrollando fuerza interior, la cual corresponde a esa voluntad del alma que el ser humano necesita para lograr todas sus metas, pero que lamentablemente pierde como producto de las crisis o no logra desarrollarla por las creencias limitantes que le impiden tener fuerza mental.<\/p>\n<p>Vas a empoderarte, fomentando y fortaleciendo tu autoestima, ese amor propio que es un ingrediente fundamental para el \u00e9xito y que tanto afecta a la mujer de hoy, de igual manera aprender\u00e1s de inteligencia emocional, a gestionar y administrar correctamente tus emociones, algo fundamental en el mundo de constantes crisis que nos toca vivir hoy por hoy.<\/p>\n<p>Conocer\u00e1s las claves para el autocontrol, la empat\u00eda, el desarrollo de habilidades sociales, la perseverancia y la automotivaci\u00f3n como factores fundamentales para ser inteligentes emocionalmente, cualidad vital en una mujer empoderada, obtendr\u00e1s las recomendaciones para que las desarrolles o mejores a corto y mediano plazo.<\/p>\n<p>Aprender\u00e1s c\u00f3mo desarrollar liderazgo femenino y la claves para trabajar en equipo de forma eficaz, finalmente para lograr un aprendizaje integral tambi\u00e9n incluye las claves para desarrollar tu emprendimiento o negocio en forma exitosa.<\/p>\n<p>Acceder\u00e1s al certificado avalado por Hotmart y Seminarios Online.<\/p>\n<p>\u00bfC\u00d3MO LO VAS A LOGRAR?<\/p>\n<p>A trav\u00e9s del siguiente contenido, estructurado paso a paso:<\/p>\n<p>M\u00f3dulo No.1 MUJER CRECE Y EMPOD\u00c9RATE<\/p>\n<p>Bienvenida.<br \/>\nPresentaci\u00f3n.<br \/>\nJustificaci\u00f3n \u00bfC\u00f3mo vas a lograr ser una mujer empoderada?.<br \/>\nEstructura del Programa.  <\/p>\n<p>M\u00f3dulo No.2 EL PODER DEL VERDADERO EMPODERAMIENTO <\/p>\n<p>Introducci\u00f3n.<br \/>\nMasterClass 1 Parte 1.<br \/>\nMasterClass 1 Parte 2.<br \/>\nMasterClass 1 Parte 3.<br \/>\nMasterClass 1 Parte 4.<\/p>\n<p>M\u00f3dulo No.3 LA AUTOESTIMA <\/p>\n<p>Introducci\u00f3n.<br \/>\nMasterClass 2 Parte 1.<br \/>\nMasterClass 2 Parte 2.<br \/>\nMasterClass 2 Parte 3.<br \/>\nMasterClass 2 Parte 4. <\/p>\n<p>M\u00f3dulo No.4 INTELIGENCIA EMOCIONAL <\/p>\n<p>Introducci\u00f3n.<br \/>\nMasterClass 3 Parte 1.<br \/>\nMasterClass 3 Parte 2.<br \/>\nMasterClass 3 Parte 3.<br \/>\nMasterClass 3 Parte 4. <\/p>\n<p>M\u00f3dulo No.5 LIDERAZGO FEMENINO Y TRABAJO EN EQUIPO  <\/p>\n<p>Introducci\u00f3n.<br \/>\nMasterClass 4 Parte 1.<br \/>\nMasterClass 4 Parte 2.<br \/>\nMasterClass 4 Parte 3.<br \/>\nMasterClass 4 Parte 4.<\/p>\n<p>M\u00f3dulo No.6 CLAVES PARA EL \u00c9XITO EN EL EMPRENDIMIENTO<\/p>\n<p>Introducci\u00f3n.<br \/>\nMasterClass 5 Parte 1.<br \/>\nMasterClass 5 Parte 2.<br \/>\nMasterClass 5 Parte 3.<br \/>\nMasterClass 5 Parte 4. <\/p>\n<p>M\u00f3dulo No.7 (Material adicional y Complementario \u2013 BONOS)<\/p>\n<p>BONO 1 (e-book).<br \/>\nBONO 2 (gu\u00eda).<\/p>\n<p>M\u00f3dulo No.8 (V\u00eddeo Respuestas)<\/p>\n<p>Video respuesta 1 &#8211; \u00bfQu\u00e9 hacer para desarrollar fuerza de voluntad y aceptarme a m\u00ed misma?.<br \/>\nVideo respuesta 2 &#8211; \u00bfC\u00f3mo controlar mis emociones cuando personas cercanas me critican y dicen cosas negativas?.<br \/>\nVideo respuesta 3 &#8211; \u00bfQu\u00e9 hago si no me siento apasionada con mi emprendimiento y ya invert\u00ed?.<\/p>\n<p>ACERCA DE LA EXPERTA<\/p>\n<p>Desarrollado por THAIS HERN\u00c1NDEZ MU\u00d1OZ, es de profesi\u00f3n Ingeniera de Mantenimiento Industrial, T\u00e9cnico Superior en Qu\u00edmica con estudios especializados en Corrosi\u00f3n de Materiales, trabaj\u00f3 11 a\u00f1os en la industria petrolera, luego se independiz\u00f3 y en los \u00faltimos 13 a\u00f1os ha sido due\u00f1a de negocio en la Industria del Bienestar, Salud y Belleza, adem\u00e1s se ha desempe\u00f1ado de manera apasionada como profesional independiente como Coach &#038; Conferencista. Es experta en Programaci\u00f3n Neuroling\u00fc\u00edstica, coaching ontol\u00f3gico, motivaci\u00f3n, asesor\u00edas y mentor\u00edas en las \u00e1reas de Crecimiento Personal, Trabajo en Equipo, Liderazgo, Inteligencia Emocional con \u00e9nfasis al emprendimiento y negocios. Una de sus \u00e1reas m\u00e1s fuertes es el empoderamiento femenino, ha impartido el programa Mujer Crece y Empod\u00e9rate en forma virtual y presencial a cientos de mujeres con resultados exitosos. Actualmente forma parte del elenco del Programa de T.V \u201cM\u00e1s que Belleza\u201d en canal TICA Visi\u00f3n de Costa Rica, donde est\u00e1 a cargo del segmento \u00abMaquillaje para El Alma\u00bb enfocado al empoderamiento interno de las personas, especialmente mujeres. Es mentora de muchas emprendedoras y coach de asesor\u00eda personalizada de muchas mujeres que requieren coaching de vida y de negocio.<\/p>\n","protected":false},"excerpt":{"rendered":"<p>\u00bfSab\u00edas que una mujer empoderada puede ser tan eficiente como 3 hombres?<\/p>\n<p>Con el MasterClass MUJER CRECE Y EMPOD\u00c9RATE no s\u00f3lo aprender\u00e1s a desarrollar el verdadero empoderamiento que nace del interior, sino las claves y herramientas para ser una mujer segura, de metas claras y con mucho car\u00e1cter <\/p>\n","protected":false},"featured_media":3459,"template":"","meta":{"_joinchat":[]},"product_brand":[],"product_cat":[320,344],"product_tag":[],"class_list":{"0":"post-11812","1":"product","2":"type-product","3":"status-publish","4":"has-post-thumbnail","6":"product_cat-desarrollo-personal","7":"product_cat-todos","9":"first","10":"instock","11":"sale","12":"shipping-taxable","13":"product-type-external"},"_links":{"self":[{"href":"https:\/\/cursos.talentup.cl\/index.php?rest_route=\/wp\/v2\/product\/11812","targetHints":{"allow":["GET"]}}],"collection":[{"href":"https:\/\/cursos.talentup.cl\/index.php?rest_route=\/wp\/v2\/product"}],"about":[{"href":"https:\/\/cursos.talentup.cl\/index.php?rest_route=\/wp\/v2\/types\/product"}],"version-history":[{"count":2,"href":"https:\/\/cursos.talentup.cl\/index.php?rest_route=\/wp\/v2\/product\/11812\/revisions"}],"predecessor-version":[{"id":14177,"href":"https:\/\/cursos.talentup.cl\/index.php?rest_route=\/wp\/v2\/product\/11812\/revisions\/14177"}],"wp:featuredmedia":[{"embeddable":true,"href":"https:\/\/cursos.talentup.cl\/index.php?rest_route=\/wp\/v2\/media\/3459"}],"wp:attachment":[{"href":"https:\/\/cursos.talentup.cl\/index.php?rest_route=%2Fwp%2Fv2%2Fmedia&parent=11812"}],"wp:term":[{"taxonomy":"product_brand","embeddable":true,"href":"https:\/\/cursos.talentup.cl\/index.php?rest_route=%2Fwp%2Fv2%2Fproduct_brand&post=11812"},{"taxonomy":"product_cat","embeddable":true,"href":"https:\/\/cursos.talentup.cl\/index.php?rest_route=%2Fwp%2Fv2%2Fproduct_cat&post=11812"},{"taxonomy":"product_tag","embeddable":true,"href":"https:\/\/cursos.talentup.cl\/index.php?rest_route=%2Fwp%2Fv2%2Fproduct_tag&post=11812"}],"curies":[{"name":"wp","href":"https:\/\/api.w.org\/{rel}","templated":true}]}}