{"id":11813,"date":"2023-01-10T04:39:32","date_gmt":"2023-01-10T07:39:32","guid":{"rendered":"https:\/\/cursos.talentup.cl\/?post_type=product&#038;p=11813"},"modified":"2024-02-07T23:37:03","modified_gmt":"2024-02-08T02:37:03","slug":"como-amarme-a-mi-misma-sin-tener-el-cuerpo-perfecto","status":"publish","type":"product","link":"https:\/\/cursos.talentup.cl\/?product=como-amarme-a-mi-misma-sin-tener-el-cuerpo-perfecto","title":{"rendered":"COMO AMARME A MI MISMA, SIN TENER EL CUERPO PERFECTO"},"content":{"rendered":"<p>\u00bfSab\u00edas que el amor propio es la materia prima para transformar tu mente, cuerpo y esp\u00edritu?<\/p>\n<p>Con el MasterClass COMO AMARME A MI MISMA SIN TENER EL CUERPO PERFECTO podr\u00e1s adquirir herramientas de crecimiento personal para aprender a valorarte y as\u00ed crear una nueva y mejor versi\u00f3n de ti misma. <\/p>\n<p>\u00bfQU\u00c9 VAS A LOGRAR?<\/p>\n<p>Conocer\u00e1s cual es la ra\u00edz emocional que est\u00e1 generando en tu vida una relaci\u00f3n t\u00f3xica con tu cuerpo y alimentaci\u00f3n.<\/p>\n<p>Adquirir\u00e1s el conocimiento, impulso y la gu\u00eda de transformaci\u00f3n durante el curso para crear una nueva y mejor versi\u00f3n de ti misma.<\/p>\n<p>Tendr\u00e1s claridad y consciencia sobre lo que debes hacer en tu vida para transformar la relaci\u00f3n con tu cuerpo.<\/p>\n<p>Conocer\u00e1s c\u00f3mo se comunica el cuerpo contigo, y c\u00f3mo puedes tomar acci\u00f3n hacia sus mensajes.<\/p>\n<p>Reconocer\u00e1s todo el valor y poder personal que hay dentro de ti, y tomar\u00e1s acci\u00f3n hacia la transformaci\u00f3n de tu cuerpo, mente y alma.<\/p>\n<p>Recibir\u00e1s tips y retos diarios que te llevar\u00e1n de la mano hacia la transformaci\u00f3n de tu cuerpo, iniciando por tu mente, tus acciones y tu visi\u00f3n frente a tu realidad.<\/p>\n<p>Recibir\u00e1s dos bonos adicionales para que complementes tus conocimientos y te pongas manos a la obra.<\/p>\n<p>Acceder\u00e1s al certificado avalado por Hotmart y Seminarios Online.<\/p>\n<p>\u00bfC\u00d3MO LO VAS A LOGRAR?<\/p>\n<p>A trav\u00e9s del siguiente contenido, estructurado paso a paso:<\/p>\n<p>Introducci\u00f3n<\/p>\n<p>M\u00f3dulo No.1 Secci\u00f3n No.1<\/p>\n<p>Paso No.1 &#8211; Recon\u00f3cete.<br \/>\nPaso No.2 &#8211; Taller (Reconoce \u00bfQu\u00e9 hay m\u00e1s all\u00e1 de tu cuerpo?).<br \/>\nPaso No.3 &#8211; Meditaci\u00f3n (Habla con tu cuerpo).<\/p>\n<p>M\u00f3dulo No.2 Secci\u00f3n No.2<\/p>\n<p>Paso No.1 &#8211; Alimentaci\u00f3n Consciente.<br \/>\nPaso No.2 &#8211; Taller (N\u00fatrete).<br \/>\nPaso No.3 &#8211; Meditaci\u00f3n (El alimento y la madre).<\/p>\n<p>M\u00f3dulo No.3 Secci\u00f3n No. 3<\/p>\n<p>Paso No.1 &#8211; Conecta Con Tu Cuerpo.<br \/>\nPaso No.2 &#8211; Taller (\u00bfC\u00f3mo se comunica tu cuerpo?).<br \/>\nPaso No.3 &#8211; Meditaci\u00f3n (Limpia y transforma).<\/p>\n<p>M\u00f3dulo No.4 (Bonos, material complementario)<\/p>\n<p>Pdf. &#8211; Desarrollo de la autoestima.<br \/>\nPdf. &#8211; Cuaderno de ejercicios para aumentar la autoestima.<\/p>\n<p>M\u00f3dulo No.5 (Secci\u00f3n preguntas y respuestas)<\/p>\n<p>\u00bfPuedo realizar el curso a cualquier hora?.<br \/>\n\u00bfPara qu\u00e9 tipo de cuerpos es este curso?.<br \/>\n\u00bfPara qu\u00e9 pa\u00edses est\u00e1 disponible el curso?.<br \/>\n\u00bfC\u00f3mo se si este curso es para m\u00ed?.<br \/>\n\u00bfEn cu\u00e1nto tiempo se recomienda hacer el curso?.<br \/>\n\u00bfQu\u00e9 requisitos necesito para hacer el curso?.<br \/>\n\u00bfCu\u00e1nto tiempo tengo acceso al curso?.<br \/>\n\u00bfEs mejor hacer el curso sola o en compa\u00f1\u00eda?.<br \/>\n\u00bfEl curso es solo para mujeres?.<br \/>\n\u00bfC\u00f3mo manejar la ansiedad y la depresi\u00f3n que impide tomar acci\u00f3n, para as\u00ed poder hacer bien el proceso en el tiempo recomendado?.<br \/>\n\u00bfCu\u00e1l fue la experiencia de vida que me llevo a crear este curso?.<\/p>\n<p>ACERCA DEL PRODUCTOR<\/p>\n<p>Desarrollado por STEFANIA JARAMILLO GALVIZ, gu\u00eda de nutrici\u00f3n hol\u00edstica y opt\u00f3metra de profesi\u00f3n.<\/p>\n<p>Mujer libre y apasionada por la salud de las personas, reconoce que para que t\u00fa puedas gozar de una vida plena es necesario equilibrar cada uno de los aspectos que influyen en tu estado f\u00edsico, mental y emocional, para que as\u00ed puedas disfrutar de un bienestar en todas las \u00e1reas de tu vida.<\/p>\n<p>Stefania por medio de sus terapias hol\u00edsticas, talleres, curso y masterclass ha logrado transformar el dolor emocional y f\u00edsico, la ansiedad, depresi\u00f3n y pensamientos limitantes o autodestructivos de las personas, en experiencias que los impulsan a cambiar su visi\u00f3n sobre su realidad y, adem\u00e1s en su profesi\u00f3n como Opt\u00f3metra ha reconocido que la mayor\u00eda de las personas con problemas de visi\u00f3n, tienen adem\u00e1s un estado emocional y mental alterado que se relaciona directamente con sus problemas o enfermedades visuales.<\/p>\n","protected":false},"excerpt":{"rendered":"<p>\u00bfSab\u00edas que el amor propio es la materia prima para transformar tu mente, cuerpo y esp\u00edritu?<\/p>\n<p>Con el MasterClass COMO AMARME A MI MISMA SIN TENER EL CUERPO PERFECTO podr\u00e1s adquirir herramientas de crecimiento personal para aprender a valorarte y as\u00ed crear una nueva y mejor versi\u00f3n de ti misma. <\/p>\n","protected":false},"featured_media":3460,"template":"","meta":{"_joinchat":[]},"product_brand":[],"product_cat":[320,344],"product_tag":[],"class_list":{"0":"post-11813","1":"product","2":"type-product","3":"status-publish","4":"has-post-thumbnail","6":"product_cat-desarrollo-personal","7":"product_cat-todos","9":"first","10":"instock","11":"sale","12":"shipping-taxable","13":"product-type-external"},"_links":{"self":[{"href":"https:\/\/cursos.talentup.cl\/index.php?rest_route=\/wp\/v2\/product\/11813","targetHints":{"allow":["GET"]}}],"collection":[{"href":"https:\/\/cursos.talentup.cl\/index.php?rest_route=\/wp\/v2\/product"}],"about":[{"href":"https:\/\/cursos.talentup.cl\/index.php?rest_route=\/wp\/v2\/types\/product"}],"version-history":[{"count":2,"href":"https:\/\/cursos.talentup.cl\/index.php?rest_route=\/wp\/v2\/product\/11813\/revisions"}],"predecessor-version":[{"id":14178,"href":"https:\/\/cursos.talentup.cl\/index.php?rest_route=\/wp\/v2\/product\/11813\/revisions\/14178"}],"wp:featuredmedia":[{"embeddable":true,"href":"https:\/\/cursos.talentup.cl\/index.php?rest_route=\/wp\/v2\/media\/3460"}],"wp:attachment":[{"href":"https:\/\/cursos.talentup.cl\/index.php?rest_route=%2Fwp%2Fv2%2Fmedia&parent=11813"}],"wp:term":[{"taxonomy":"product_brand","embeddable":true,"href":"https:\/\/cursos.talentup.cl\/index.php?rest_route=%2Fwp%2Fv2%2Fproduct_brand&post=11813"},{"taxonomy":"product_cat","embeddable":true,"href":"https:\/\/cursos.talentup.cl\/index.php?rest_route=%2Fwp%2Fv2%2Fproduct_cat&post=11813"},{"taxonomy":"product_tag","embeddable":true,"href":"https:\/\/cursos.talentup.cl\/index.php?rest_route=%2Fwp%2Fv2%2Fproduct_tag&post=11813"}],"curies":[{"name":"wp","href":"https:\/\/api.w.org\/{rel}","templated":true}]}}