{"id":11852,"date":"2023-01-10T04:39:37","date_gmt":"2023-01-10T07:39:37","guid":{"rendered":"https:\/\/cursos.talentup.cl\/?post_type=product&#038;p=11852"},"modified":"2024-02-07T23:37:03","modified_gmt":"2024-02-08T02:37:03","slug":"conoce-los-angeles-y-vive-en-plenitud","status":"publish","type":"product","link":"https:\/\/cursos.talentup.cl\/?product=conoce-los-angeles-y-vive-en-plenitud","title":{"rendered":"CONOCE LOS \u00c1NGELES Y VIVE EN PLENITUD"},"content":{"rendered":"<p>\u00bfSab\u00edas que existen seres que tienen como misi\u00f3n en este mundo ayudarte y protegerte?<\/p>\n<p>Con el MasterClass CONOCE LOS ANGELES Y VIVE EN PLENITUID aprender\u00e1s a reconocer la presencia de los \u00e1ngeles en tu vida, a trav\u00e9s de sus se\u00f1ales, mensajes y consejo.<\/p>\n<p>\u00bfQU\u00c9 VAS A LOGRAR?<\/p>\n<p>Conocer\u00e1s la energ\u00eda angelical, diferenciando \u00c1ngeles y Arc\u00e1ngeles y sabiendo c\u00f3mo es su vinculaci\u00f3n con Dios.<\/p>\n<p>Reconocer\u00e1s las manifestaciones de los \u00c1ngeles y de cada uno de los Arc\u00e1ngeles y en qu\u00e9 circunstancias puedes acudir a ellos.<\/p>\n<p>Lograr\u00e1s conexi\u00f3n con los \u00c1ngeles de la Guarda y Arc\u00e1ngeles, escucharlos y saber recibir sus mensajes.<\/p>\n<p>Reconocer\u00e1s la presencia de los \u00c1ngeles en tu vida, a trav\u00e9s de sus se\u00f1ales, mensajes y consejos.<\/p>\n<p>Aprender\u00e1s a canalizar los mensajes de los \u00c1ngeles a trav\u00e9s de tus habilidades ps\u00edquicas.<\/p>\n<p>Llamar\u00e1s y armar\u00e1s tu propio equipo angelical para las necesidades de tu propia realidad.<\/p>\n<p>Abrir\u00e1s la puerta de tu vida a los \u00c1ngeles permiti\u00e9ndoles actuar y manifestar su amor para ti. <\/p>\n<p>Tendr\u00e1s la capacidad de identificar con claridad la energ\u00eda de los \u00c1ngeles y Arc\u00e1ngeles y la confianza en tus propias habilidades ps\u00edquicas para acudir a la energ\u00eda angelical en cada momento que lo necesites.<\/p>\n<p>Acceder\u00e1s al certificado avalado por Hotmart y Seminarios Online.<\/p>\n<p>\u00bfC\u00d3MO LO VAS A LOGRAR?<\/p>\n<p>A trav\u00e9s del siguiente contenido, estructurado paso a paso:<\/p>\n<p>M\u00f3dulo No.1 <\/p>\n<p>Introducci\u00f3n.<br \/>\nJustificaci\u00f3n \u00bfPor qu\u00e9 la relaci\u00f3n con los \u00e1ngeles trae plenitud?.<\/p>\n<p>M\u00f3dulo No.2 Energ\u00eda divina<\/p>\n<p>Dios, \u00e1ngeles y arc\u00e1ngeles I.<br \/>\nDios, \u00e1ngeles y arc\u00e1ngeles II.<br \/>\nDios, \u00e1ngeles y arc\u00e1ngeles II.<br \/>\nManifestaciones de los \u00e1ngeles.<br \/>\nConectando con los \u00e1ngeles.<\/p>\n<p>M\u00f3dulo No.3 \u2013 Habilidades ps\u00edquicas<\/p>\n<p>Habilidades ps\u00edquicas.<br \/>\nPr\u00e1ctica 1: conversando con mis \u00e1ngeles de la guarda.<br \/>\nPr\u00e1ctica 2: poniendo el cielo a trabajar.<\/p>\n<p>M\u00f3dulo No.4 \u2013 Los Arc\u00e1ngeles<\/p>\n<p>Los arc\u00e1ngeles I.<br \/>\nLos arc\u00e1ngeles II.<br \/>\nLos arc\u00e1ngeles III.<br \/>\nLos arc\u00e1ngeles IV.<br \/>\nPr\u00e1ctica 3: canalizaci\u00f3n angelical.<\/p>\n<p>M\u00f3dulo No.5 Despedida<\/p>\n<p>Despedida.<\/p>\n<p>M\u00f3dulo No. 6. Bonos<\/p>\n<p>Bono 1: meditaci\u00f3n la voz de tu alma.<br \/>\nBono 2: meditaci\u00f3n un nuevo amanecer.<\/p>\n<p>M\u00f3dulo No. 7. Preguntas y Respuestas<\/p>\n<p>Introducci\u00f3n P y R.<br \/>\nPreguntas y Respuestas.<\/p>\n<p>ACERCA DE LA PRODUCTORA<\/p>\n<p>Desarrollado por SHESY Coach Angelical y Terapeuta Hol\u00edstica, colombiana, mujer emprendedora y con la claridad de que su prop\u00f3sito de vida est\u00e1 enfocado hacia el despertar la luz divina en cada una de las personas que desean tener un conocimiento m\u00e1s profundo de s\u00ed mismos y que deciden hacerlo a trav\u00e9s de la energ\u00eda angelical.<\/p>\n<p>Desea inspirar y motivar a otros, a trav\u00e9s de sus creaciones, cursos, talleres y terapias, a encontrarse con su esencia que es la luz, abundancia y armon\u00eda.<\/p>\n<p>Ha desarrollado programas de crecimiento y espiritualidad desde lo digital hasta lo presencial, abordando temas como prop\u00f3sito de vida, \u00e1ngeles y arc\u00e1ngeles, consciencia de s\u00ed mismo y meditaci\u00f3n entre otras.<br \/>\nSu experiencia como Coach y Terapeuta le ha permitido tener contacto con diferentes realidades y lograr brindarle apoyo, en cada circunstancia particular, a sus consultantes y alumnos. <\/p>\n<p>Actualmente est\u00e1 enfocada a ayudar al despertar y reconocimiento de que cada consultante o alumno como una cascada de la luz y el amor de Dios y la manifestar de la vida que sue\u00f1an desde la gratitud, la aceptaci\u00f3n, la solidaridad, y la unidad con Dios y los \u00c1ngeles.<\/p>\n","protected":false},"excerpt":{"rendered":"<p>\u00bfSab\u00edas que existen seres que tienen como misi\u00f3n en este mundo ayudarte y protegerte?<\/p>\n<p>Con el MasterClass CONOCE LOS ANGELES Y VIVE EN PLENITUID aprender\u00e1s a reconocer la presencia de los \u00e1ngeles en tu vida, a trav\u00e9s de sus se\u00f1ales, mensajes y consejo.<\/p>\n","protected":false},"featured_media":3469,"template":"","meta":{"_joinchat":[]},"product_brand":[],"product_cat":[320,344],"product_tag":[],"class_list":{"0":"post-11852","1":"product","2":"type-product","3":"status-publish","4":"has-post-thumbnail","6":"product_cat-desarrollo-personal","7":"product_cat-todos","9":"first","10":"instock","11":"sale","12":"shipping-taxable","13":"product-type-external"},"_links":{"self":[{"href":"https:\/\/cursos.talentup.cl\/index.php?rest_route=\/wp\/v2\/product\/11852","targetHints":{"allow":["GET"]}}],"collection":[{"href":"https:\/\/cursos.talentup.cl\/index.php?rest_route=\/wp\/v2\/product"}],"about":[{"href":"https:\/\/cursos.talentup.cl\/index.php?rest_route=\/wp\/v2\/types\/product"}],"version-history":[{"count":2,"href":"https:\/\/cursos.talentup.cl\/index.php?rest_route=\/wp\/v2\/product\/11852\/revisions"}],"predecessor-version":[{"id":14186,"href":"https:\/\/cursos.talentup.cl\/index.php?rest_route=\/wp\/v2\/product\/11852\/revisions\/14186"}],"wp:featuredmedia":[{"embeddable":true,"href":"https:\/\/cursos.talentup.cl\/index.php?rest_route=\/wp\/v2\/media\/3469"}],"wp:attachment":[{"href":"https:\/\/cursos.talentup.cl\/index.php?rest_route=%2Fwp%2Fv2%2Fmedia&parent=11852"}],"wp:term":[{"taxonomy":"product_brand","embeddable":true,"href":"https:\/\/cursos.talentup.cl\/index.php?rest_route=%2Fwp%2Fv2%2Fproduct_brand&post=11852"},{"taxonomy":"product_cat","embeddable":true,"href":"https:\/\/cursos.talentup.cl\/index.php?rest_route=%2Fwp%2Fv2%2Fproduct_cat&post=11852"},{"taxonomy":"product_tag","embeddable":true,"href":"https:\/\/cursos.talentup.cl\/index.php?rest_route=%2Fwp%2Fv2%2Fproduct_tag&post=11852"}],"curies":[{"name":"wp","href":"https:\/\/api.w.org\/{rel}","templated":true}]}}