{"id":11855,"date":"2023-01-10T04:39:37","date_gmt":"2023-01-10T07:39:37","guid":{"rendered":"https:\/\/cursos.talentup.cl\/?post_type=product&#038;p=11855"},"modified":"2024-02-07T23:37:05","modified_gmt":"2024-02-08T02:37:05","slug":"neuromarketing-y-branding-para-emprendedores","status":"publish","type":"product","link":"https:\/\/cursos.talentup.cl\/?product=neuromarketing-y-branding-para-emprendedores","title":{"rendered":"NEUROMARKETING Y BRANDING PARA EMPRENDEDORES"},"content":{"rendered":"<p>\u00bfSabias que las emociones son importantes para la toma de decisiones al momento de la compra?<\/p>\n<p>Con el MasterClass NEUROMARKETING Y BRANDING PARA EMPRENDEDORES,<br \/>\nlograr\u00e1s motivar a tus clientes y posicionar tu marca a trav\u00e9s de emoci\u00f3n, atenci\u00f3n y memoria<\/p>\n<p>\u00bfQU\u00c9 VAS A LOGRAR?<\/p>\n<p>Llegar\u00e1s a m\u00e1s clientes y aumentar tus ventas promocionando tu negocio incorporando estrategias de neuromarketing y branding psicol\u00f3gico.<\/p>\n<p>Podr\u00e1s realizar un an\u00e1lisis de por qu\u00e9 una marca, producto o servicio no est\u00e1 vendiendo y reformar estrategias mal dirigidas adapt\u00e1ndolas al neuromarketing.<\/p>\n<p>Desarrollar\u00e1s campa\u00f1as de Marketing digital orientadas a vender a la mente del consumidor.<\/p>\n<p>Aprender\u00e1s a vender en redes sociales con las \u00faltimas t\u00e9cnicas de la neurociencia aplicada al marketing digital para poder incrementar las ganancias y la presencia de tu negocio.<\/p>\n<p>Ganar\u00e1s dinero ofreciendo servicios para desarrollar estrategias y campa\u00f1as de Branding y Marketing para terceros.<\/p>\n<p>Acceder\u00e1s al certificado avalado por Hotmart y Seminarios Online.<\/p>\n<p>\u00bfC\u00d3MO LO VAS A LOGRAR?<\/p>\n<p>A trav\u00e9s del siguiente contenido, estructurado paso a paso:<\/p>\n<p>M\u00f3dulo No.1 &#8211; Introducci\u00f3n<\/p>\n<p>Presentaci\u00f3n de tu profesor.<br \/>\nPresentaci\u00f3n del curso.<\/p>\n<p>M\u00f3dulo No.2 \u2013 NeuroMarketing y Branding<\/p>\n<p>Branding 1 &#8211; Imagen, identidad y presencia de una marca.<br \/>\nBranding 2 &#8211; Elecci\u00f3n de colores y logotipos.<br \/>\nNeuromarketing 1 &#8211; \u00bfQu\u00e9 compra un cerebro? Vendi\u00e9ndole a la mente.<br \/>\nNeuroMarketing 2 &#8211; Entendiendo el cerebro del cliente.<br \/>\nNeuroMarketing 3 &#8211; Vendiendo a las distinta generaciones y g\u00e9neros.<\/p>\n<p>M\u00f3dulo No.3 \u2013 Marketing Digital<\/p>\n<p>Business Plan e identidad digital.<br \/>\nMarketing de atracci\u00f3n, gesti\u00f3n de clientes y marketing viral.<br \/>\nConsejos para crear anuncios y evoluci\u00f3n de la WEB.<\/p>\n<p>M\u00f3dulo No.4 \u2013 T\u00e9cnicas de NeuroMarketing<\/p>\n<p>T\u00e9cnicas de Neuromarketing &#8211; Comportamiento de la mente y an\u00e1lisis de publicidades.<\/p>\n<p>M\u00f3dulo No.5 \u2013 Redes Sociales<\/p>\n<p>Publicidad en Redes Sociales &#8211; Facebook, Instagram, Likedink, Twitter y WhatsApp.<\/p>\n<p>M\u00f3dulo No.6 \u2013 Bonos especiales<\/p>\n<p>Material de apoyo a las clases en PDF.<br \/>\n3 Ebooks para complementar el aprendizaje.<\/p>\n<p>M\u00f3dulo No.7 &#8211; Respuestas a Preguntas Frecuentes<\/p>\n<p>\u00bfQu\u00e9 es el neuro marketing y el branding?, \u00bfpor qu\u00e9 son importantes y qu\u00e9 cambios trajo?.<\/p>\n<p>M\u00f3dulo No.8 &#8211; \u00bfC\u00d3MO OBTENER TU CERTIFICADO?<\/p>\n<p>\u00bfC\u00d3MO OBTENER TU CERTIFICADO?<\/p>\n<p>ACERCA DEL PRODUCTOR<\/p>\n<p>Desarrollado por NICO QUINDT escritor de m\u00e1s de 30 libros. Escribe desde novelas hasta manuales de marketing digital, neuromarketing, pensamiento creativo, desarrollo personal y criptodivisas (entre otros temas).<\/p>\n<p>Conferencista e instructor de diversos temas relacionados a la superaci\u00f3n personal, la autoestima, el dise\u00f1o y posicionamiento web, as\u00ed tambi\u00e9n como el neuromarketing y branding digital.<\/p>\n<p>Lleva cerca de diez a\u00f1os dictando cursos presenciales y online que le han dado la experiencia para poder comunicarte de manera efectiva sus conocimientos. Ha desarrollado y trabajado para innumerables startups y pymes, lo que le ha dado un enorme conocimiento en el desarrollo de marcas y negocios en internet. <\/p>\n<p>Dise\u00f1ador de cientos de sitios webs con los m\u00e1s diversos resultados que le han dado la experiencia necesaria para saber lo que funciona y lo que no en internet.<\/p>\n","protected":false},"excerpt":{"rendered":"<p>\u00bfSabias que las emociones son importantes para la toma de decisiones al momento de la compra?<\/p>\n<p>Con el MasterClass NEUROMARKETING Y BRANDING PARA EMPRENDEDORES,<br \/>\nlograr\u00e1s motivar a tus clientes y posicionar tu marca a trav\u00e9s de emoci\u00f3n, atenci\u00f3n y memoria<\/p>\n","protected":false},"featured_media":3472,"template":"","meta":{"_joinchat":[]},"product_brand":[],"product_cat":[320,344],"product_tag":[],"class_list":{"0":"post-11855","1":"product","2":"type-product","3":"status-publish","4":"has-post-thumbnail","6":"product_cat-desarrollo-personal","7":"product_cat-todos","9":"first","10":"instock","11":"sale","12":"shipping-taxable","13":"product-type-external"},"_links":{"self":[{"href":"https:\/\/cursos.talentup.cl\/index.php?rest_route=\/wp\/v2\/product\/11855","targetHints":{"allow":["GET"]}}],"collection":[{"href":"https:\/\/cursos.talentup.cl\/index.php?rest_route=\/wp\/v2\/product"}],"about":[{"href":"https:\/\/cursos.talentup.cl\/index.php?rest_route=\/wp\/v2\/types\/product"}],"version-history":[{"count":2,"href":"https:\/\/cursos.talentup.cl\/index.php?rest_route=\/wp\/v2\/product\/11855\/revisions"}],"predecessor-version":[{"id":14189,"href":"https:\/\/cursos.talentup.cl\/index.php?rest_route=\/wp\/v2\/product\/11855\/revisions\/14189"}],"wp:featuredmedia":[{"embeddable":true,"href":"https:\/\/cursos.talentup.cl\/index.php?rest_route=\/wp\/v2\/media\/3472"}],"wp:attachment":[{"href":"https:\/\/cursos.talentup.cl\/index.php?rest_route=%2Fwp%2Fv2%2Fmedia&parent=11855"}],"wp:term":[{"taxonomy":"product_brand","embeddable":true,"href":"https:\/\/cursos.talentup.cl\/index.php?rest_route=%2Fwp%2Fv2%2Fproduct_brand&post=11855"},{"taxonomy":"product_cat","embeddable":true,"href":"https:\/\/cursos.talentup.cl\/index.php?rest_route=%2Fwp%2Fv2%2Fproduct_cat&post=11855"},{"taxonomy":"product_tag","embeddable":true,"href":"https:\/\/cursos.talentup.cl\/index.php?rest_route=%2Fwp%2Fv2%2Fproduct_tag&post=11855"}],"curies":[{"name":"wp","href":"https:\/\/api.w.org\/{rel}","templated":true}]}}