{"id":11857,"date":"2023-01-10T04:39:37","date_gmt":"2023-01-10T07:39:37","guid":{"rendered":"https:\/\/cursos.talentup.cl\/?post_type=product&#038;p=11857"},"modified":"2024-02-07T23:37:05","modified_gmt":"2024-02-08T02:37:05","slug":"guia-astrologica-para-padres-separados","status":"publish","type":"product","link":"https:\/\/cursos.talentup.cl\/?product=guia-astrologica-para-padres-separados","title":{"rendered":"GU\u00cdA ASTROL\u00d3GICA PARA PADRES SEPARADOS"},"content":{"rendered":"<p>\u00bfSab\u00edas que la constancia y la disciplina claves para lograr todo lo que te propongas?<\/p>\n<p>Con el masterclass GU\u00cdA ASTROL\u00d3GICA PARA PADRES SEPARADOS podr\u00e1s aprender a alinearte con los astros para activar la constancia y disciplina en tu vida usando el lenguaje del universo.<\/p>\n<p>\u00bfQU\u00c9 VAS A LOGRAR?<\/p>\n<p>Conocer\u00e1s a profundidad la constancia, la disciplina, la perseverancia y la resiliencia en tu vida.<\/p>\n<p>Limpiaras mediante meditaciones las creencias negativas que te impiden SER perseverante y contante.<\/p>\n<p>Aprender\u00e1s a establecer metas claras y con estructura usando el modelo SMART.<\/p>\n<p>Crearas un paso a paso para lograr tus objetivos usando la astrolog\u00eda.<\/p>\n<p>Entender\u00e1s \u201ccomo\u201d y \u201cdonde\u201d puedes desarrollar estructuras que te ayuden a cumplir tus objetivos.<\/p>\n<p>Soltaras estructuras que no te funcionan en este momento.<\/p>\n<p>Entender\u00e1s que te regala el m\u00e9todo en tu vida personal.<\/p>\n<p>Descubrir\u00e1s tu forma de m\u00e9todo personal.<\/p>\n<p>Aprenderos ejercicios para soltar h\u00e1bitos que no te funcionan.<\/p>\n<p>Conocer\u00e1s el \u00e1rea de tu vida que te pide ser maestro y \u201ccomo\u201d lograrlo.<\/p>\n<p>Descubrir\u00e1s los secretos claves para lograr TODO lo que te propongas.<\/p>\n<p>Aprender\u00e1s ejercicios y rituales para enfocar tus proyectos de vida \u201chacks mentales\u201d.<\/p>\n<p>Conectaras con tu optimismo usando a J\u00fapiter y Sagitario.<\/p>\n<p>Descubrir\u00e1s como enfrentarte al cambio y a cuando las cosas no salen como esperas usando a Plut\u00f3n y Urano.<\/p>\n<p>Usaras la emoci\u00f3n de miedo para potenciarte.<\/p>\n<p>Tendr\u00e1s un Kit de t\u00e9cnicas energ\u00e9tico de emergencia para pararte luego de ca\u00eddas en tus proyectos.<\/p>\n<p>Acceder\u00e1s al certificado avalado por Hotmart y Seminarios Online.<\/p>\n<p>\u00bfC\u00d3MO LO VAS A LOGRAR?<\/p>\n<p>A trav\u00e9s del siguiente contenido, estructurado paso a paso:<\/p>\n<p>M\u00f3dulo 1 Abriendo el camino<\/p>\n<p>Lecci\u00f3n 0: \u00a1Bienvenidos! Empieza por aqu\u00ed.<br \/>\nLecci\u00f3n 1: \u00bfCu\u00e1l es la clave para el \u00e9xito?.<br \/>\nLecci\u00f3n 2: Palabras claves en este curso.<br \/>\nLecci\u00f3n 3: Ejercicio para limpiar el camino antes de comenzar.<\/p>\n<p>M\u00f3dulo 2 Conectando con la astrolog\u00eda<\/p>\n<p>Lecci\u00f3n 1: \u00bfQu\u00e9 es y c\u00f3mo puede ayudarme la astrolog\u00eda?.<br \/>\nLecci\u00f3n 2: \u00bfQue ver en la carta natal?.<br \/>\nLecci\u00f3n 3: \u00bfC\u00f3mo calcular la carta natal?.<br \/>\nLecci\u00f3n 4: \u00bfQu\u00e9 hacer si no se me la hora de nacimiento?.<\/p>\n<p>M\u00f3dulo 3 Generando estructura y metas claras para mi vida<\/p>\n<p>Lecci\u00f3n 1: \u00bfQu\u00e9 quiero CREAR? Objetivos Smart.<br \/>\nLecci\u00f3n 2: \u00bfC\u00f3mo se manifiesta la estructura en mi vida?.<br \/>\nLecci\u00f3n 3: \u00bfEn qu\u00e9 \u00e1rea debo aplicarlo?.<br \/>\nLecci\u00f3n 4: El lado oscuro de la estructura.<br \/>\nLecci\u00f3n 5: Ejercicio para soltar estructuras que NO nos funcionan.<\/p>\n<p>M\u00f3dulo 4 Conociendo mis h\u00e1bitos y m\u00e9todos<\/p>\n<p>Lecci\u00f3n 1: La energ\u00eda del m\u00e9todo.<br \/>\nLecci\u00f3n 2: \u00bfQu\u00e9 \u00e1rea me regala m\u00e9todo?.<br \/>\nLecci\u00f3n 3: \u00bfC\u00f3mo es mi m\u00e9todo personal?.<br \/>\nLecci\u00f3n 4: La profundidad del h\u00e1bito y el m\u00e9todo.<br \/>\nLecci\u00f3n 5: Ejercicio para soltar h\u00e1bitos y m\u00e9todos que NO nos funcionan.<\/p>\n<p>M\u00f3dulo 5 La energ\u00eda del enfoque claro<\/p>\n<p>Lecci\u00f3n 1: El Vellocino dorado.<br \/>\nLecci\u00f3n 2 \u00bfQu\u00e9 \u00e1rea me regala maestr\u00eda?.<br \/>\nLecci\u00f3n 3: \u00bfC\u00f3mo son mis metas claras?.<br \/>\nLecci\u00f3n 4: Los secretos fundamentales para el \u00e9xito.<br \/>\nLecci\u00f3n 5: Rituales y ejercicios para enfocar la vida.<\/p>\n<p>M\u00f3dulo 6 Caerme y parame una y otra vez<\/p>\n<p>Lecci\u00f3n 1: Mi esp\u00edritu optimista.<br \/>\nLecci\u00f3n 2: Sin temor al cambio.<br \/>\nLecci\u00f3n 3: Hablemos de miedos y emociones.<br \/>\nLecci\u00f3n 4: Kit de emergencia energ\u00e9tico.<\/p>\n<p>M\u00f3dulo 7 Material Adicional \u2013 BONOS<\/p>\n<p>Material de apoyo gu\u00eda astrol\u00f3gica.<\/p>\n<p>M\u00f3dulo 8 Video Respuestas<\/p>\n<p>Respuesta a preguntas frecuentes.<\/p>\n<p>ACERCA DE LA PRODUCTORA<\/p>\n<p>Desarrollado por ARGELIA GONZALEZ, astrologa, coach, especialista en rituales de psicomagia y presentadora del programa Mundo Astral televisado por Une TV y producido por Hogar TV Channel.<\/p>\n<p>Una mujer con un contrato para su propia vida de SER feliz, abundante y exitosa, demostr\u00e1ndolo con pasi\u00f3n en cada proyecto que emprende. Con sabidur\u00eda, conocimiento y certificaciones en habilidades blandas tales como coaching ontol\u00f3gico, coaching sist\u00e9mico, programaci\u00f3n neuroling\u00fc\u00edstica, psicomagia, descodificaci\u00f3n biol\u00f3gica, y muchas m\u00e1s. <\/p>\n<p>Con m\u00e1s de 10 a\u00f1os de experiencia trabajando en procesos espirituales y hol\u00edsticos enfocados en generar resultados EXTRAORDINARIOS reconectando con el poder interior y el autoconocimiento. <\/p>\n<p>Escritora del libro \u201cAceptando la magia que hay en mi\u201d y fundadora del movimiento Crea tu Bienestar Hoy, un espacio en donde se conectan los poderes de la mente racional con los poderes del mundo espiritual.<\/p>\n","protected":false},"excerpt":{"rendered":"<p>\u00bfSab\u00edas que la constancia y la disciplina claves para lograr todo lo que te propongas?<\/p>\n<p>Con el masterclass GU\u00cdA ASTROL\u00d3GICA PARA PADRES SEPARADOS podr\u00e1s aprender a alinearte con los astros para activar la constancia y disciplina en tu vida usando el lenguaje del universo.<\/p>\n","protected":false},"featured_media":3474,"template":"","meta":{"_joinchat":[]},"product_brand":[],"product_cat":[320,344],"product_tag":[],"class_list":{"0":"post-11857","1":"product","2":"type-product","3":"status-publish","4":"has-post-thumbnail","6":"product_cat-desarrollo-personal","7":"product_cat-todos","9":"first","10":"instock","11":"sale","12":"shipping-taxable","13":"product-type-external"},"_links":{"self":[{"href":"https:\/\/cursos.talentup.cl\/index.php?rest_route=\/wp\/v2\/product\/11857","targetHints":{"allow":["GET"]}}],"collection":[{"href":"https:\/\/cursos.talentup.cl\/index.php?rest_route=\/wp\/v2\/product"}],"about":[{"href":"https:\/\/cursos.talentup.cl\/index.php?rest_route=\/wp\/v2\/types\/product"}],"version-history":[{"count":2,"href":"https:\/\/cursos.talentup.cl\/index.php?rest_route=\/wp\/v2\/product\/11857\/revisions"}],"predecessor-version":[{"id":14191,"href":"https:\/\/cursos.talentup.cl\/index.php?rest_route=\/wp\/v2\/product\/11857\/revisions\/14191"}],"wp:featuredmedia":[{"embeddable":true,"href":"https:\/\/cursos.talentup.cl\/index.php?rest_route=\/wp\/v2\/media\/3474"}],"wp:attachment":[{"href":"https:\/\/cursos.talentup.cl\/index.php?rest_route=%2Fwp%2Fv2%2Fmedia&parent=11857"}],"wp:term":[{"taxonomy":"product_brand","embeddable":true,"href":"https:\/\/cursos.talentup.cl\/index.php?rest_route=%2Fwp%2Fv2%2Fproduct_brand&post=11857"},{"taxonomy":"product_cat","embeddable":true,"href":"https:\/\/cursos.talentup.cl\/index.php?rest_route=%2Fwp%2Fv2%2Fproduct_cat&post=11857"},{"taxonomy":"product_tag","embeddable":true,"href":"https:\/\/cursos.talentup.cl\/index.php?rest_route=%2Fwp%2Fv2%2Fproduct_tag&post=11857"}],"curies":[{"name":"wp","href":"https:\/\/api.w.org\/{rel}","templated":true}]}}