{"id":11858,"date":"2023-01-10T04:39:37","date_gmt":"2023-01-10T07:39:37","guid":{"rendered":"https:\/\/cursos.talentup.cl\/?post_type=product&#038;p=11858"},"modified":"2024-02-07T23:37:05","modified_gmt":"2024-02-08T02:37:05","slug":"14-pasos-para-renacer-de-las-cenizas","status":"publish","type":"product","link":"https:\/\/cursos.talentup.cl\/?product=14-pasos-para-renacer-de-las-cenizas","title":{"rendered":"14 PASOS PARA RENACER DE LAS CENIZAS"},"content":{"rendered":"<p>\u00bfTe han lastimado y no quieres volverlo a intentar por miedo a sufrir una nueva decepci\u00f3n?<\/p>\n<p>Con el masterclass 14 PASOS PARA RENACER DE LA CENIZAS obtendr\u00e1s el conocimiento y la fuerza que necesitas para volver a empezar aun desde la misma adversidad.<\/p>\n<p>\u00bfQU\u00c9 VAS A LOGRAR?<\/p>\n<p>Lograr\u00e1s levantarte cuando has sufrido una derrota en cualquier aspecto.<\/p>\n<p>Aprender\u00e1s a no enfocarte en lo gigante de la adversidad, sino en la ayuda sobrenatural de Elohim.  <\/p>\n<p>Descubrir\u00e1s que, en aun en las cenizas, todav\u00eda cuentas con algunas brazas (recursos) para encender un nuevo fuego (negocio o Amor).<\/p>\n<p>Aprender\u00e1s a resistir los vientos de adversidad que no son ajenos al diario vivir.<\/p>\n<p>Derrumbaras la mentira que se mete en nuestras estructuras mentales, de que ya todo est\u00e1 terminado y somos incapaces.<\/p>\n<p>Eliminaras los pensamientos de derrota.<\/p>\n<p>Volver\u00e1s a la carrera de la vida, a la lucha, y entender\u00e1s que nunca es oportuno para claudicar.<\/p>\n<p>Acceder\u00e1s al certificado avalado por Hotmart y Seminarios Online.<\/p>\n<p>\u00bfC\u00d3MO LO VAS A LOGRAR?<\/p>\n<p>A trav\u00e9s del siguiente contenido, estructurado paso a paso:<\/p>\n<p>M\u00f3dulo 1: PUV<\/p>\n<p>VIDEO 1: Introducci\u00f3n.<br \/>\nVIDEO 2: Justificaci\u00f3n.<br \/>\nVIDEO 3: Conoce la Diferencia Entre Ser Amado y Ser Querido.<br \/>\nVIDEO 4: Como Recibir Vida Espiritual.<\/p>\n<p>Modulo 2: Como Levantarte cuando has sufrido una derrota<\/p>\n<p>VIDEO 5: Paso No.1 \u201cDile c\u00f3mo te sientes, desc\u00e1rgate en El\u201d.<br \/>\nVIDEO 6: Paso No. 2 \u201cNo te escondas de \u00c9l, ni de los dem\u00e1s\u201d.<br \/>\nVIDEO 7: Paso No.3 Elimina Ante Yahweh \u201cEl Porqu\u00e9 de la derrota\u201d.<br \/>\nVIDEO 8: Paso No. 4 \u201cConf\u00eda en Elohim en las cosas que entiendes y sabes de El\u201d.<\/p>\n<p>Modulo 3: Como Enfrentar los vientos Huracanados de la vida<\/p>\n<p>VIDEO 9: Paso No. 1 \u201cNo te Enfoques en los vientos Huracanados, Mira a Yahweh\u201d.<br \/>\nVIDEO 10: Paso No. 2 \u201cResistid firmes Los Vientos Huracanados\u201d.<br \/>\nVIDEO 11: Paso No.3 \u201cPermanece conectado a la manada\u201d.<\/p>\n<p>M\u00f3dulo 4: Siempre es muy pronto para desistir, vuelve a Empezar (a la carrera)<\/p>\n<p>VIDEO 12: Paso No.1 \u201cNo te Creas Producto Terminado\u201d.<br \/>\nVIDEO 13: Paso No.2 \u201cOlvidando lo que Queda Atr\u00e1s\u201d.<br \/>\nVIDEO 14: PasoNo.3 \u201cConc\u00e9ntrate en lo que tienes y no en lo que no tienes\u201d.<br \/>\nVIDEO 15: PasoNo.4 \u201cDeja de Sentirte Incapaz\u2019\u2019.<br \/>\nVIDEO 16: Paso No.5 \u201cNo le tengas Miedo al Futuro\u2019\u2019.<br \/>\nVIDEO 17: Paso No.6 \u201cCambia Tu Manera de Pensar\u2019\u2019.<br \/>\nVIDEO 18: Paso No.7 \u201cPonte Metas Sin Miedo a la Desilusi\u00f3n\u2019\u2019.<\/p>\n<p>M\u00f3dulo 5: Video Respuestas<\/p>\n<p>VIDEO 19: video respuestas.<\/p>\n<p>Modulo 6: Material Complementario (Bonos)<\/p>\n<p>VIDEO 20: Conquistando Nuestros Pensares y Sentires.<\/p>\n<p>ACERCA DEL PRODUCTOR<\/p>\n<p>Desarrollado por FREDDY SERGIO BALLESTAS VARGAS: Administrador de Empresa Coach<br \/>\nConferencista de la ITL<br \/>\nPresidente Fundador de la ITY.<\/p>\n<p>Tiene 40 a\u00f1os de estar trabajando en pastoral personalizada y en parejas como tambi\u00e9n en la consejer\u00eda familiar; ha acompa\u00f1ado los procesos de restauraci\u00f3n de hogares, en la reconciliaci\u00f3n de parejas.<\/p>\n","protected":false},"excerpt":{"rendered":"<p>\u00bfTe han lastimado y no quieres volverlo a intentar por miedo a sufrir una nueva decepci\u00f3n?<\/p>\n<p>Con el masterclass 14 PASOS PARA RENACER DE LA CENIZAS obtendr\u00e1s el conocimiento y la fuerza que necesitas para volver a empezar aun desde la misma adversidad.<\/p>\n","protected":false},"featured_media":3475,"template":"","meta":{"_joinchat":[]},"product_brand":[],"product_cat":[320,344],"product_tag":[],"class_list":{"0":"post-11858","1":"product","2":"type-product","3":"status-publish","4":"has-post-thumbnail","6":"product_cat-desarrollo-personal","7":"product_cat-todos","9":"first","10":"instock","11":"sale","12":"shipping-taxable","13":"product-type-external"},"_links":{"self":[{"href":"https:\/\/cursos.talentup.cl\/index.php?rest_route=\/wp\/v2\/product\/11858","targetHints":{"allow":["GET"]}}],"collection":[{"href":"https:\/\/cursos.talentup.cl\/index.php?rest_route=\/wp\/v2\/product"}],"about":[{"href":"https:\/\/cursos.talentup.cl\/index.php?rest_route=\/wp\/v2\/types\/product"}],"version-history":[{"count":2,"href":"https:\/\/cursos.talentup.cl\/index.php?rest_route=\/wp\/v2\/product\/11858\/revisions"}],"predecessor-version":[{"id":14192,"href":"https:\/\/cursos.talentup.cl\/index.php?rest_route=\/wp\/v2\/product\/11858\/revisions\/14192"}],"wp:featuredmedia":[{"embeddable":true,"href":"https:\/\/cursos.talentup.cl\/index.php?rest_route=\/wp\/v2\/media\/3475"}],"wp:attachment":[{"href":"https:\/\/cursos.talentup.cl\/index.php?rest_route=%2Fwp%2Fv2%2Fmedia&parent=11858"}],"wp:term":[{"taxonomy":"product_brand","embeddable":true,"href":"https:\/\/cursos.talentup.cl\/index.php?rest_route=%2Fwp%2Fv2%2Fproduct_brand&post=11858"},{"taxonomy":"product_cat","embeddable":true,"href":"https:\/\/cursos.talentup.cl\/index.php?rest_route=%2Fwp%2Fv2%2Fproduct_cat&post=11858"},{"taxonomy":"product_tag","embeddable":true,"href":"https:\/\/cursos.talentup.cl\/index.php?rest_route=%2Fwp%2Fv2%2Fproduct_tag&post=11858"}],"curies":[{"name":"wp","href":"https:\/\/api.w.org\/{rel}","templated":true}]}}