{"id":11860,"date":"2023-01-10T04:39:37","date_gmt":"2023-01-10T07:39:37","guid":{"rendered":"https:\/\/cursos.talentup.cl\/?post_type=product&#038;p=11860"},"modified":"2024-02-07T23:37:05","modified_gmt":"2024-02-08T02:37:05","slug":"el-arte-de-hablar-en-publico","status":"publish","type":"product","link":"https:\/\/cursos.talentup.cl\/?product=el-arte-de-hablar-en-publico","title":{"rendered":"EL ARTE DE HABLAR EN P\u00daBLICO"},"content":{"rendered":"<p>\u00bfSab\u00edas que aprender a expresarte correctamente puede abrirte muchas puertas?<\/p>\n<p>Con el masterclass EL ARTE DE HABLAR EN P\u00daBLICO aprender\u00e1s a mejorar tu dicci\u00f3n y hablar m\u00e1s fluido para que puedas comunicar efectivamente tus ideas<\/p>\n<p>\u00bfQU\u00c9 VAS A LOGRAR?<\/p>\n<p>Lograr\u00e1s hablar en p\u00fablico con soltura y congruencia.<\/p>\n<p>Aprender\u00e1s a aplicar t\u00e9cnicas para controlas tus nervios para perder el miedo.<\/p>\n<p>Podr\u00e1s estructurar tus ideas de lo que deseas comunicar.<\/p>\n<p>Aprender\u00e1s a dominar el escenario.<\/p>\n<p>Te sentir\u00e1s mejorar al hablar en p\u00fablico.<\/p>\n<p>Controlar\u00e1s o eliminar\u00e1s las muletillas al hablar.<\/p>\n<p>Obtendr\u00e1s herramientas para mejorar tu dicci\u00f3n y hablar m\u00e1s fluido.<\/p>\n<p>Aprender\u00e1s a presentar apoyos visuales de forma profesional.<\/p>\n<p>Acceder\u00e1s al certificado avalado por Hotmart y Seminarios Online.<\/p>\n<p>\u00bfC\u00d3MO LO VAS A LOGRAR?<\/p>\n<p>A trav\u00e9s del siguiente contenido, estructurado paso a paso:<\/p>\n<p>M\u00f3dulo No.1 Bienvenido\/a a El Arte de Hablar en P\u00fablico<\/p>\n<p>Introducci\u00f3n.<\/p>\n<p>M\u00f3dulo No.2 Define tu Objetivo<\/p>\n<p>Define tu objetivo.<\/p>\n<p>M\u00f3dulo No.3 \u2013 Elige y Delimita tu Tema<\/p>\n<p>Elige y delimita tu tema.<\/p>\n<p>M\u00f3dulo No.4 \u2013 Estructura<\/p>\n<p>Estructura Parte 1.<br \/>\nEstructura Parte 2.<\/p>\n<p>M\u00f3dulo No.5 \u2013 Formula de la Comunicaci\u00f3n<\/p>\n<p>Formula de la Comunicaci\u00f3n parte 1.<br \/>\nFormula de la Comunicaci\u00f3n parte 2.<\/p>\n<p>M\u00f3dulo No.6 &#8211; Corporalidad<\/p>\n<p>Corporalidad.<\/p>\n<p>M\u00f3dulo No.7 &#8211; Muletillas<\/p>\n<p>Muletillas.<\/p>\n<p>M\u00f3dulo No.8 \u2013 Vestimenta y Diapositivas al Comunicar<\/p>\n<p>Vestimenta.<br \/>\nDiapositivas.<\/p>\n<p>M\u00f3dulo No.9 \u2013 Control de Nervios y Empoderamiento<\/p>\n<p>Controlar los nervios.<br \/>\nEmpoderamiento.<\/p>\n<p>M\u00f3dulo No.10 \u2013 Recomendaciones y Acci\u00f3n <\/p>\n<p>Recomendaciones y acci\u00f3n.<\/p>\n<p>M\u00f3dulo No.12 (Material adicional &#8211; BONOS)<\/p>\n<p>Bonos descargables de regalo.<br \/>\nMis consejos m\u00e1s \u00fatiles.<\/p>\n<p>M\u00f3dulo No.13 (Video respuestas)<\/p>\n<p>Respuesta a preguntas frecuentes.<\/p>\n<p>ACERCA DEL PRODUCTOR<\/p>\n<p>Desarrollado por AL\u00c1N KADENA entrenador y desarrollador de potencial humano, con m\u00e1s de 10 a\u00f1os de experiencia impartiendo conferencias en Latinoam\u00e9rica en m\u00e1s de 500 escenarios, impactado a m\u00e1s de 20,000 personas con sus cursos y conferencias, ha trabajado con personas reconocidas de M\u00e9xico, as\u00ed como escuelas de prestigio y ha ayudado a mejorar la productividad de personas y equipos de trabajo en empresas de alto nivel.<\/p>\n<p>Un hombre feliz y apasionado del desarrollo personal, la mejora continua y con un esp\u00edritu de servicio nato por ayudar a muchas personas.<\/p>\n","protected":false},"excerpt":{"rendered":"<p>\u00bfSab\u00edas que aprender a expresarte correctamente puede abrirte muchas puertas?<\/p>\n<p>Con el masterclass EL ARTE DE HABLAR EN P\u00daBLICO aprender\u00e1s a mejorar tu dicci\u00f3n y hablar m\u00e1s fluido para que puedas comunicar efectivamente tus ideas<\/p>\n","protected":false},"featured_media":3477,"template":"","meta":{"_joinchat":[]},"product_brand":[],"product_cat":[320,344],"product_tag":[],"class_list":{"0":"post-11860","1":"product","2":"type-product","3":"status-publish","4":"has-post-thumbnail","6":"product_cat-desarrollo-personal","7":"product_cat-todos","9":"first","10":"instock","11":"sale","12":"shipping-taxable","13":"product-type-external"},"_links":{"self":[{"href":"https:\/\/cursos.talentup.cl\/index.php?rest_route=\/wp\/v2\/product\/11860","targetHints":{"allow":["GET"]}}],"collection":[{"href":"https:\/\/cursos.talentup.cl\/index.php?rest_route=\/wp\/v2\/product"}],"about":[{"href":"https:\/\/cursos.talentup.cl\/index.php?rest_route=\/wp\/v2\/types\/product"}],"version-history":[{"count":2,"href":"https:\/\/cursos.talentup.cl\/index.php?rest_route=\/wp\/v2\/product\/11860\/revisions"}],"predecessor-version":[{"id":14194,"href":"https:\/\/cursos.talentup.cl\/index.php?rest_route=\/wp\/v2\/product\/11860\/revisions\/14194"}],"wp:featuredmedia":[{"embeddable":true,"href":"https:\/\/cursos.talentup.cl\/index.php?rest_route=\/wp\/v2\/media\/3477"}],"wp:attachment":[{"href":"https:\/\/cursos.talentup.cl\/index.php?rest_route=%2Fwp%2Fv2%2Fmedia&parent=11860"}],"wp:term":[{"taxonomy":"product_brand","embeddable":true,"href":"https:\/\/cursos.talentup.cl\/index.php?rest_route=%2Fwp%2Fv2%2Fproduct_brand&post=11860"},{"taxonomy":"product_cat","embeddable":true,"href":"https:\/\/cursos.talentup.cl\/index.php?rest_route=%2Fwp%2Fv2%2Fproduct_cat&post=11860"},{"taxonomy":"product_tag","embeddable":true,"href":"https:\/\/cursos.talentup.cl\/index.php?rest_route=%2Fwp%2Fv2%2Fproduct_tag&post=11860"}],"curies":[{"name":"wp","href":"https:\/\/api.w.org\/{rel}","templated":true}]}}