{"id":11862,"date":"2023-01-10T04:39:37","date_gmt":"2023-01-10T07:39:37","guid":{"rendered":"https:\/\/cursos.talentup.cl\/?post_type=product&#038;p=11862"},"modified":"2024-02-07T23:37:05","modified_gmt":"2024-02-08T02:37:05","slug":"reiki-sanacion-con-angeles","status":"publish","type":"product","link":"https:\/\/cursos.talentup.cl\/?product=reiki-sanacion-con-angeles","title":{"rendered":"REIKI SANACI\u00d3N CON \u00c1NGELES"},"content":{"rendered":"<p>\u00bfSabias que los \u00e1ngeles pueden ayudarte a sanar dolencias a trav\u00e9s del reiki?<\/p>\n<p>Con el MasterClass REIKI SANACION CON ANGELES aprende a hacer terapias de reiki guiadas por la energ\u00eda angelical para sanar dolencias y alinear las energ\u00edas.<\/p>\n<p>\u00bfQU\u00c9 VAS A LOGRAR?<\/p>\n<p>Aprender\u00e1s a sentir la energ\u00eda sutil y usarla a tu favor.<\/p>\n<p>Conocer\u00e1s los secretos de la sanaci\u00f3n Reiki, como conectarte con tus centros energ\u00e9ticos y la anatom\u00eda energ\u00e9tica del cuerpo humano.<\/p>\n<p>Aprender\u00e1s diferentes m\u00e9todos de sanaci\u00f3n que apoyan el Reiki como mantras tibetanos y mudras los cuales ayudan a una \u00f3ptima y apropiada sanaci\u00f3n.<\/p>\n<p>Aprender\u00e1s como desarrollar y limpiar tus centros energ\u00e9ticos o chakras de una manera apropiada para alcanzar una conexi\u00f3n cada vez m\u00e1s con el mundo espiritual.<\/p>\n<p>Tendr\u00e1s acceso a diferentes herramientas que te ayudaran acelerar la habilidad de conexi\u00f3n con la energ\u00eda y sanaci\u00f3n.<\/p>\n<p>Conocer\u00e1s herramientas de autoconocimiento como la reflexolog\u00eda y la conexi\u00f3n de tu mano con los diferentes \u00f3rganos de tu cuerpo con el fin de ampliar tu conocimiento para la sanaci\u00f3n.<\/p>\n<p>Lograras tener una conexi\u00f3n m\u00e1s profunda con los \u00e1ngeles y con tu \u00e1ngel guardi\u00e1n, los cuales son gu\u00edas y maestros que te ayudaran acelerar la sanaci\u00f3n.<\/p>\n<p>Ampliar\u00e1s tu visi\u00f3n sobre la jerarqu\u00eda del mundo de los Arc\u00e1ngeles, \u00e1ngeles y gu\u00edas espirituales.<\/p>\n<p>Tendr\u00e1s acceso a un bono privilegiado de Numerolog\u00eda la cual te va ayudar a tener una gu\u00eda sobre tu misi\u00f3n de vida y la de tus personas cercanas.<\/p>\n<p>Recibir\u00e1s dos meditaciones guiadas para aumentar la conexi\u00f3n con los \u00e1ngeles y potenciar la sanaci\u00f3n.<\/p>\n<p>Acceder\u00e1s al certificado avalado por Hotmart y Seminarios Online.<\/p>\n<p>\u00bfC\u00d3MO LO VAS A LOGRAR?<\/p>\n<p>A trav\u00e9s del siguiente contenido, estructurado paso a paso:<\/p>\n<p>M\u00f3dulo No.1 Elevaci\u00f3n de los estados de consciencia.<\/p>\n<p>M\u00f3dulo 1.1 Introducci\u00f3n y tratado del Reiki.<br \/>\nM\u00f3dulo 1.2 Chakras y frecuencia.<br \/>\nM\u00f3dulo 1.3 Chakras y Sonido (notas musicales).<br \/>\nM\u00f3dulo 1.4 Alimentaci\u00f3n, colores y chakras.<\/p>\n<p>M\u00f3dulo No.2 Herramientas ancestrales para sanaci\u00f3n.<\/p>\n<p>M\u00f3dulo 2.1 Energ\u00eda Angelical y Chakras.<br \/>\nM\u00f3dulo 2.2 Mudras para conectarte con los arc\u00e1ngeles.<br \/>\nM\u00f3dulo 2.3 &#8211; 3 Poderosos Mantras Tibetanos y c\u00f3mo utilizarlos.<br \/>\nM\u00f3dulo 2.4 Ejercicios pr\u00e1ctico con los elementos: Agua, Fuego, Tierra, Aire<\/p>\n<p>M\u00f3dulo No.3 Energ\u00eda de las manos a trav\u00e9s de la conexi\u00f3n con \u00e1ngeles.<\/p>\n<p>M\u00f3dulo 3.1 Conecta con la energ\u00eda para sanar y el prana a trav\u00e9s de los diferentes elementos.<br \/>\nM\u00f3dulo 3.2 Energ\u00eda de las manos.<br \/>\nM\u00f3dulo 3.3 La energ\u00eda de los dedos y ejercicios.<br \/>\nM\u00f3dulo 3.4 Meditaci\u00f3n conexi\u00f3n y protecci\u00f3n angelical.<\/p>\n<p>M\u00f3dulo No.4 REIKI y Autosanaci\u00f3n.<\/p>\n<p>M\u00f3dulo 4.1 Conexi\u00f3n con los \u00e1ngeles, tejido reiki angelical.<br \/>\nM\u00f3dulo 4.2 Relaci\u00f3n de los dedos con los \u00f3rganos, chakras y emociones.<br \/>\nM\u00f3dulo 4.3 Autosanaci\u00f3n con reiki reto 21 d\u00edas.<br \/>\nM\u00f3dulo 4.4 Recomendaciones importantes, gu\u00eda paso a paso de Autosanaci\u00f3n.<\/p>\n<p>M\u00f3dulo No.5 (Material adicional &#8211; BONOS).<\/p>\n<p>Bono 1 Grupo privado Telegram.<br \/>\nBono 2 Libro c\u00f3mo trabajar con los \u00e1ngeles.<br \/>\nBono 3 Gu\u00eda 7 chakras mayores.<br \/>\nBono 4 REIKI y numerolog\u00eda.<br \/>\nBono 5 Libro n\u00fameros de los \u00e1ngeles y secuencias num\u00e9ricas.<\/p>\n<p>M\u00f3dulo No.6 (Video respuestas).<\/p>\n<p>Pregunta frecuente No.1. \u00bfLa energ\u00eda existe? C\u00f3mo sanarte con la energ\u00eda.<br \/>\nPregunta frecuente No.2. \u00bfPara qu\u00e9 sirven los chakras?<\/p>\n<p>ACERCA DE LA PRODUCTORA<\/p>\n<p>Desarrollado por YAQUELINE ROSAS, psicoterapeuta hol\u00edstica experta certificada lleva m\u00e1s de 15 a\u00f1os ayudando a m\u00e1s de 3.000 personas a trav\u00e9s de terapias de autoconocimiento y sanaci\u00f3n como reiki, cristaloterapia, sanaci\u00f3n pr\u00e1nica, canalizaci\u00f3n de \u00e1ngeles, psicoan\u00e1lisis sanativo, sanaci\u00f3n del \u00e1rbol geneal\u00f3gico, entre otros. Creadora de edaddigital.site un espacio de terapia hol\u00edstica. <\/p>\n","protected":false},"excerpt":{"rendered":"<p>\u00bfSabias que los \u00e1ngeles pueden ayudarte a sanar dolencias a trav\u00e9s del reiki?<\/p>\n<p>Con el MasterClass REIKI SANACION CON ANGELES aprende a hacer terapias de reiki guiadas por la energ\u00eda angelical para sanar dolencias y alinear las energ\u00edas.<\/p>\n","protected":false},"featured_media":3479,"template":"","meta":{"_joinchat":[]},"product_brand":[],"product_cat":[320,344],"product_tag":[],"class_list":{"0":"post-11862","1":"product","2":"type-product","3":"status-publish","4":"has-post-thumbnail","6":"product_cat-desarrollo-personal","7":"product_cat-todos","9":"first","10":"instock","11":"sale","12":"shipping-taxable","13":"product-type-external"},"_links":{"self":[{"href":"https:\/\/cursos.talentup.cl\/index.php?rest_route=\/wp\/v2\/product\/11862","targetHints":{"allow":["GET"]}}],"collection":[{"href":"https:\/\/cursos.talentup.cl\/index.php?rest_route=\/wp\/v2\/product"}],"about":[{"href":"https:\/\/cursos.talentup.cl\/index.php?rest_route=\/wp\/v2\/types\/product"}],"version-history":[{"count":2,"href":"https:\/\/cursos.talentup.cl\/index.php?rest_route=\/wp\/v2\/product\/11862\/revisions"}],"predecessor-version":[{"id":14196,"href":"https:\/\/cursos.talentup.cl\/index.php?rest_route=\/wp\/v2\/product\/11862\/revisions\/14196"}],"wp:featuredmedia":[{"embeddable":true,"href":"https:\/\/cursos.talentup.cl\/index.php?rest_route=\/wp\/v2\/media\/3479"}],"wp:attachment":[{"href":"https:\/\/cursos.talentup.cl\/index.php?rest_route=%2Fwp%2Fv2%2Fmedia&parent=11862"}],"wp:term":[{"taxonomy":"product_brand","embeddable":true,"href":"https:\/\/cursos.talentup.cl\/index.php?rest_route=%2Fwp%2Fv2%2Fproduct_brand&post=11862"},{"taxonomy":"product_cat","embeddable":true,"href":"https:\/\/cursos.talentup.cl\/index.php?rest_route=%2Fwp%2Fv2%2Fproduct_cat&post=11862"},{"taxonomy":"product_tag","embeddable":true,"href":"https:\/\/cursos.talentup.cl\/index.php?rest_route=%2Fwp%2Fv2%2Fproduct_tag&post=11862"}],"curies":[{"name":"wp","href":"https:\/\/api.w.org\/{rel}","templated":true}]}}