{"id":11864,"date":"2023-01-10T04:39:37","date_gmt":"2023-01-10T07:39:37","guid":{"rendered":"https:\/\/cursos.talentup.cl\/?post_type=product&#038;p=11864"},"modified":"2024-02-07T23:37:05","modified_gmt":"2024-02-08T02:37:05","slug":"detox-emocional","status":"publish","type":"product","link":"https:\/\/cursos.talentup.cl\/?product=detox-emocional","title":{"rendered":"DETOX EMOCIONAL"},"content":{"rendered":"<p>\u00bfSabias que existen emociones toxicas que pueden estar bloqueando tu felicidad?<\/p>\n<p>Con el MasterClass DETOX EMOCIONAL <\/p>\n<p>Obtendr\u00e1s las herramientas necesarias para aprender a gestionar tus emociones correctamente y eliminar esos sentimientos t\u00f3xicos que te impiden ser feliz<\/p>\n<p>\u00bfQU\u00c9 VAS A LOGRAR?<\/p>\n<p>Identificaras y gestionaras tus creencias, soltando y liberando emociones y sentimientos t\u00f3xicos para reconocer tu propia verdad.<\/p>\n<p>Entender\u00e1s tus emociones m\u00e1s profundas y patrones inconscientes que tienen un impacto en tu vida y no te permiten lograr lo que siempre has querido.<\/p>\n<p>Aprender\u00e1s herramientas de autoconocimiento para hacer una introspecci\u00f3n a la ra\u00edz del problema para encontrar una soluci\u00f3n.<\/p>\n<p>Conocer\u00e1s los beneficios de las neurociencias aplicadas a la vida cotidiana para tener un mejor y m\u00e1s sano estilo de vida.<\/p>\n<p>Obtendr\u00e1s las herramientas necesarias para aprender a gestionar tus emociones y pensamientos correctamente apoy\u00e1ndonos en t\u00e9cnicas de coaching y terapias hol\u00edsticas.<\/p>\n<p>Lograr\u00e1s un autoconocimiento profundo de tu ser de como funcionas emocional y mentalmente adem\u00e1s lograras enfocar tu vida hacia los resultados y objetivos que deseas.<\/p>\n<p>Conocer\u00e1s t\u00e9cnicas de sanaci\u00f3n psicol\u00f3gicas que te ayudar\u00e1n a sanar tu ni\u00f1o interior.<\/p>\n<p>Podr\u00e1s aprender t\u00e9cnicas de terapia familiar las cuales te ayudar\u00e1n a sanar la relaci\u00f3n familiar y reconocer que haces parte de un todo y as\u00ed debes estar con paz con tu linaje para poder tener paz y felicidad en tu vida.<\/p>\n<p>Acceder\u00e1s al certificado avalado por Hotmart y Seminarios Online.<\/p>\n<p>\u00bfC\u00d3MO LO VAS A LOGRAR?<\/p>\n<p>A trav\u00e9s del siguiente contenido, estructurado paso a paso:<\/p>\n<p>M\u00f3dulo No.1 Identifica tus creencias y juicios.<\/p>\n<p>Bienvenida.<br \/>\nIntroducci\u00f3n al d\u00e9tox emocional.<br \/>\nPaso No.1 &#8211; Entendiendo tus creencias, Qui\u00e9nes somos.<br \/>\nGu\u00eda 1 Identifica tus creencias.<br \/>\nPaso No.2 &#8211; Sanando tu ni\u00f1o interior.<br \/>\nPaso No.3 &#8211; Identificando creencias limitantes.<br \/>\nGu\u00eda 2 Creencias limitantes.<\/p>\n<p>M\u00f3dulo No.2 Gestiona y procesa tus pensamientos, emociones, sentimientos y estados del ser.<\/p>\n<p>Paso No.4 Gestiona creencias limitantes.<br \/>\nPaso No.5 Pensamientos, emociones, sentimientos, estado del ser.<br \/>\nPaso No.6 Reconociendo emociones y sentimientos limitantes.<br \/>\nGu\u00eda 3 emociones y sentimiento limitantes.<br \/>\nPaso No.7 Soltando y liberando emociones y sentimientos t\u00f3xicos.<br \/>\nPaso No.8 Reconociendo tu verdad.<\/p>\n<p>M\u00f3dulo No.3 (Material adicional &#8211; BONOS).<\/p>\n<p>BONO 1 Grupo privado de acompa\u00f1amiento en Telegram.<br \/>\nBONO 2 Meditaci\u00f3n restauraci\u00f3n del ser.<br \/>\nBONO 3 Meditaci\u00f3n sanando Heridas ancladas en las memorias celular.<br \/>\nBONO 4 Meditaci\u00f3n liberando creencias limitantes.<\/p>\n<p>M\u00f3dulo No.4 Preguntas frecuentes.<\/p>\n<p>\u00bfTus pensamientos te controlan o t\u00fa los controlas?<br \/>\n\u00bfC\u00f3mo reprogramar tus creencias?<br \/>\n\u00bfPor qu\u00e9 es tan importante el amor propio para el d\u00e9tox emocional?<\/p>\n<p>\u00bfC\u00d3MO OBTENER TU CERTIFICADO?<\/p>\n<p>ACERCA DE LA PRODUCTORA<\/p>\n<p>Desarrollado por MIRIAM GIRALDO profesional experta certificada en gerencia de vida y terapeuta con un enfoque hol\u00edstico, el cual reconoce el todo como una unidad.<\/p>\n<p>Se desempe\u00f1a como facilitadora y entrenadora de procesos de restauraci\u00f3n del ser aplicados a las diferentes \u00e1reas de la vida con m\u00e1s de 30 a\u00f1os de experiencia y creadora de Miriam Sinergia un espacio de acompa\u00f1amiento en terapias de sanaci\u00f3n y restauraci\u00f3n del ser.<\/p>\n","protected":false},"excerpt":{"rendered":"<p>\u00bfSabias que existen emociones toxicas que pueden estar bloqueando tu felicidad?<\/p>\n<p>Con el MasterClass DETOX EMOCIONAL <\/p>\n<p>Obtendr\u00e1s las herramientas necesarias para aprender a gestionar tus emociones correctamente y eliminar esos sentimientos t\u00f3xicos que te impiden ser feliz<\/p>\n","protected":false},"featured_media":3481,"template":"","meta":{"_joinchat":[]},"product_brand":[],"product_cat":[320,344],"product_tag":[],"class_list":{"0":"post-11864","1":"product","2":"type-product","3":"status-publish","4":"has-post-thumbnail","6":"product_cat-desarrollo-personal","7":"product_cat-todos","9":"first","10":"instock","11":"sale","12":"shipping-taxable","13":"product-type-external"},"_links":{"self":[{"href":"https:\/\/cursos.talentup.cl\/index.php?rest_route=\/wp\/v2\/product\/11864","targetHints":{"allow":["GET"]}}],"collection":[{"href":"https:\/\/cursos.talentup.cl\/index.php?rest_route=\/wp\/v2\/product"}],"about":[{"href":"https:\/\/cursos.talentup.cl\/index.php?rest_route=\/wp\/v2\/types\/product"}],"version-history":[{"count":2,"href":"https:\/\/cursos.talentup.cl\/index.php?rest_route=\/wp\/v2\/product\/11864\/revisions"}],"predecessor-version":[{"id":14198,"href":"https:\/\/cursos.talentup.cl\/index.php?rest_route=\/wp\/v2\/product\/11864\/revisions\/14198"}],"wp:featuredmedia":[{"embeddable":true,"href":"https:\/\/cursos.talentup.cl\/index.php?rest_route=\/wp\/v2\/media\/3481"}],"wp:attachment":[{"href":"https:\/\/cursos.talentup.cl\/index.php?rest_route=%2Fwp%2Fv2%2Fmedia&parent=11864"}],"wp:term":[{"taxonomy":"product_brand","embeddable":true,"href":"https:\/\/cursos.talentup.cl\/index.php?rest_route=%2Fwp%2Fv2%2Fproduct_brand&post=11864"},{"taxonomy":"product_cat","embeddable":true,"href":"https:\/\/cursos.talentup.cl\/index.php?rest_route=%2Fwp%2Fv2%2Fproduct_cat&post=11864"},{"taxonomy":"product_tag","embeddable":true,"href":"https:\/\/cursos.talentup.cl\/index.php?rest_route=%2Fwp%2Fv2%2Fproduct_tag&post=11864"}],"curies":[{"name":"wp","href":"https:\/\/api.w.org\/{rel}","templated":true}]}}