{"id":11865,"date":"2023-01-10T04:39:38","date_gmt":"2023-01-10T07:39:38","guid":{"rendered":"https:\/\/cursos.talentup.cl\/?post_type=product&#038;p=11865"},"modified":"2024-02-07T23:37:05","modified_gmt":"2024-02-08T02:37:05","slug":"sana-tu-autoestima-en-10-dias-para-mujeres","status":"publish","type":"product","link":"https:\/\/cursos.talentup.cl\/?product=sana-tu-autoestima-en-10-dias-para-mujeres","title":{"rendered":"SANA TU AUTOESTIMA EN 10 D\u00cdAS PARA MUJERES"},"content":{"rendered":"<p>\u00bfTe has sentido insegura de ti misma o Te da miedo ser rechazada o expresar tus emociones?<\/p>\n<p>Con el masterclass SANA TU AUTOESTIMA EN 10 D\u00cdAS PARA MUJERES podr\u00e1s adquirir herramientas para vivir plena con lo que eres y experimentar el amor propio y la paz que siempre has querido tener<\/p>\n<p>\u00bfQUE VAS A LOGRAR? <\/p>\n<p>Sanar\u00e1s rasgos de tu Autoestima que no te permitan disfrutar tu vida.<\/p>\n<p>Mejorar\u00e1s relaciones personales de todo tipo al reconocer tu valor. <\/p>\n<p>Identificar\u00e1s heridas en tu auto percepci\u00f3n que provoquen sentimientos negativos dirigidos hacia ti misma.<\/p>\n<p>Te sentir\u00e1s c\u00f3moda con lo que eres, aceptando tus virtudes y defectos.<\/p>\n<p>Aumentar\u00e1s tu seguridad personal.<\/p>\n<p>Eliminar\u00e1s los pensamientos negativos que vengan a tu mente, producto de est\u00edmulos internos o externos.<\/p>\n<p>Bloquear\u00e1s los comentarios negativos de otras personas para que no afecten tu estima personal.<\/p>\n<p>Tomar\u00e1s decisiones en favor de ti y alineadas con una auto imagen m\u00e1s sana.<\/p>\n<p>Realizar\u00e1s ejercicios diarios para fortalecer tu autoestima en situaciones cotidianas de tu d\u00eda a d\u00eda.<\/p>\n<p>Tendr\u00e1s un acompa\u00f1amiento enfocado y progresivo durante 10 d\u00edas, duraci\u00f3n del programa. <\/p>\n<p>Acceder\u00e1s al certificado avalado por Hotmart y Seminarios Online.<\/p>\n<p>\u00bfC\u00d3MO LO VAS A LOGRAR? <\/p>\n<p>A trav\u00e9s del siguiente contenido, estructurado paso a paso:<\/p>\n<p>Introducci\u00f3n a Sanando el Autoestima. <\/p>\n<p>Introducci\u00f3n.<br \/>\n\u00bfC\u00f3mo lo vas a lograr?<br \/>\nRecomendaciones antes de iniciar.<br \/>\nMetodolog\u00eda. <\/p>\n<p>Sanando en 10 d\u00edas. <\/p>\n<p>D\u00eda 1: Autoconcepto (Manual de trabajo).<br \/>\nD\u00eda 2: Autoimagen.<br \/>\nD\u00eda 3: El f\u00edsico y el cuerpo.<br \/>\nD\u00eda 4: Autoconcepto.<br \/>\nD\u00eda 5: Creencias.<br \/>\nD\u00eda 6: De Pensamientos a conocimientos.<br \/>\nD\u00eda 7: Autoeficacia.<br \/>\nD\u00eda 8: Personalidad.<br \/>\nD\u00eda 9: Autorespeto.<br \/>\nD\u00eda 10: Autoestima. <\/p>\n<p>Autoestima en la vida diaria. <\/p>\n<p>Autoestima y depresi\u00f3n.<br \/>\nAutoestima y relaciones.<br \/>\nPron\u00f3sticos de autoestima.  <\/p>\n<p>M\u00f3dulo 4: Bonos extras. <\/p>\n<p>Video bonos extra.<br \/>\nPDF Gu\u00eda pr\u00e1ctica de Meditaci\u00f3n<br \/>\nPDF Gu\u00eda autoestima en pareja.<br \/>\nPDF para aumentar la autoestima en los hijos.<\/p>\n<p>M\u00f3dulo 5: Preguntas Frecuentes<\/p>\n<p>ACERCA DE LA PRODUCTORA<\/p>\n<p>Desarrollado por DIANA FLORES, Psic\u00f3loga Cl\u00ednica con mucha experiencia en el campo del cuidado de las emociones y relaciones personales en Guatemala, pa\u00eds donde actualmente reside.<\/p>\n<p>Durante m\u00e1s de 3 a\u00f1os fue la cara de los consejos de salud mental en el programa \u201cMatutino express\u201d en Canal Antigua, programa con mucha influencia en el p\u00fablico femenino del pa\u00eds.<br \/>\nAdem\u00e1s, es fundadora de la cl\u00ednica Reintegra; qu\u00e9 trata pacientes con diferentes patolog\u00edas y problemas personales de diferentes edades.  <\/p>\n<p>Diana tambi\u00e9n es licenciada en fisioterapia y as\u00ed logr\u00f3 juntar sus dos profesiones en la cl\u00ednica, para lograr una recuperaci\u00f3n integral (f\u00edsica y mental) a los pacientes que llegaban a tratamiento.<\/p>\n<p>Tambi\u00e9n se caracteriza por tener una forma muy din\u00e1mica de ense\u00f1ar que logra conectar con las alumnas, alcanzando aprendizajes significativos y una mejor comprensi\u00f3n del tema.  <\/p>\n","protected":false},"excerpt":{"rendered":"<p>\u00bfTe has sentido insegura de ti misma o Te da miedo ser rechazada o expresar tus emociones?<\/p>\n<p>Con el masterclass SANA TU AUTOESTIMA EN 10 D\u00cdAS PARA MUJERES podr\u00e1s adquirir herramientas para vivir plena con lo que eres y experimentar el amor propio y la paz que siempre has querido tener<\/p>\n","protected":false},"featured_media":3482,"template":"","meta":{"_joinchat":[]},"product_brand":[],"product_cat":[320,344],"product_tag":[],"class_list":{"0":"post-11865","1":"product","2":"type-product","3":"status-publish","4":"has-post-thumbnail","6":"product_cat-desarrollo-personal","7":"product_cat-todos","9":"first","10":"instock","11":"sale","12":"shipping-taxable","13":"product-type-external"},"_links":{"self":[{"href":"https:\/\/cursos.talentup.cl\/index.php?rest_route=\/wp\/v2\/product\/11865","targetHints":{"allow":["GET"]}}],"collection":[{"href":"https:\/\/cursos.talentup.cl\/index.php?rest_route=\/wp\/v2\/product"}],"about":[{"href":"https:\/\/cursos.talentup.cl\/index.php?rest_route=\/wp\/v2\/types\/product"}],"version-history":[{"count":2,"href":"https:\/\/cursos.talentup.cl\/index.php?rest_route=\/wp\/v2\/product\/11865\/revisions"}],"predecessor-version":[{"id":14199,"href":"https:\/\/cursos.talentup.cl\/index.php?rest_route=\/wp\/v2\/product\/11865\/revisions\/14199"}],"wp:featuredmedia":[{"embeddable":true,"href":"https:\/\/cursos.talentup.cl\/index.php?rest_route=\/wp\/v2\/media\/3482"}],"wp:attachment":[{"href":"https:\/\/cursos.talentup.cl\/index.php?rest_route=%2Fwp%2Fv2%2Fmedia&parent=11865"}],"wp:term":[{"taxonomy":"product_brand","embeddable":true,"href":"https:\/\/cursos.talentup.cl\/index.php?rest_route=%2Fwp%2Fv2%2Fproduct_brand&post=11865"},{"taxonomy":"product_cat","embeddable":true,"href":"https:\/\/cursos.talentup.cl\/index.php?rest_route=%2Fwp%2Fv2%2Fproduct_cat&post=11865"},{"taxonomy":"product_tag","embeddable":true,"href":"https:\/\/cursos.talentup.cl\/index.php?rest_route=%2Fwp%2Fv2%2Fproduct_tag&post=11865"}],"curies":[{"name":"wp","href":"https:\/\/api.w.org\/{rel}","templated":true}]}}