{"id":11866,"date":"2023-01-10T04:39:38","date_gmt":"2023-01-10T07:39:38","guid":{"rendered":"https:\/\/cursos.talentup.cl\/?post_type=product&#038;p=11866"},"modified":"2024-02-07T23:37:05","modified_gmt":"2024-02-08T02:37:05","slug":"creacion-de-habitos-y-productividad-para-emprendedores","status":"publish","type":"product","link":"https:\/\/cursos.talentup.cl\/?product=creacion-de-habitos-y-productividad-para-emprendedores","title":{"rendered":"CREACI\u00d3N DE H\u00c1BITOS Y PRODUCTIVIDAD PARA EMPRENDEDORES"},"content":{"rendered":"<p>\u00bfEres de las personas que te gusta aprovechar tu tiempo al m\u00e1ximo y conseguir las metas que te propones?<\/p>\n<p>Con el MasterClass de CREACI\u00d3N DE H\u00c1BITOS Y PRODUCTIVIDAD PARA EMPRENDEDORES, aprender\u00e1s t\u00e9cnicas efectivas para convertirte en una<\/p>\n<p>persona mucho m\u00e1s productiva a partir de la creaci\u00f3n de nuevos h\u00e1bitos en tu d\u00eda a d\u00eda.<\/p>\n<p>\u00bfQU\u00c9 VAS A LOGRAR?<\/p>\n<p>Aprender\u00e1s c\u00f3mo ser m\u00e1s productivo a partir de la creaci\u00f3n de nuevos h\u00e1bitos en tu d\u00eda a d\u00eda.<\/p>\n<p>Aprender\u00e1s a mejorar tu estilo de vida desde la parte de alimentaci\u00f3n hasta la organizaci\u00f3n del tiempo.<\/p>\n<p>Conocer\u00e1s las herramientas digitales que te permitir\u00e1n ser m\u00e1s productivo con tu tiempo e incrementar los resultados en el \u00e1mbito que quieras mejorar.<\/p>\n<p>Entender\u00e1s c\u00f3mo funciona tu cerebro cuando quieres crear un nuevo h\u00e1bito para poder reforzarlo.<\/p>\n<p>Sabr\u00e1s c\u00f3mo dejar de procrastinar dejando atr\u00e1s las distracciones y trazando la mirada en la meta.<\/p>\n<p>Aprender\u00e1s c\u00f3mo organizar el tiempo para tener un manejo efectivo del tiempo a trav\u00e9s de los cuatro cuadrantes de la productividad.<\/p>\n<p>Acceder\u00e1s al certificado avalado por Hotmart y Seminarios Online.<\/p>\n<p>Al final, tendr\u00e1s la capacidad de proponerte metas y conseguirlas todas por medio de la creaci\u00f3n de nuevos h\u00e1bitos que te ayudar\u00e1n tambi\u00e9n a ser mucho m\u00e1s productivo en tu vida diaria.<\/p>\n<p>\u00bfC\u00d3MO LO VAS A LOGRAR?<\/p>\n<p>A trav\u00e9s del siguiente contenido, estructurado paso a paso:<\/p>\n<p>M\u00f3dulo 1: Introducci\u00f3n.<\/p>\n<p>Video 1: Comienza aqu\u00ed.<br \/>\nVideo 2: \u00bfQu\u00e9 lograr\u00e1s al finalizar?<br \/>\nVideo 3: Recomendaciones.<\/p>\n<p>M\u00f3dulo 2: Los H\u00e1bitos y su funcionamiento.<\/p>\n<p>Video 4: Nuestros h\u00e1bitos.<br \/>\nVideo 5: Formaci\u00f3n de un h\u00e1bito.<br \/>\nVideo 6: La regla de las 3 Rde Charles Duhigg.<br \/>\nVideo 7: 3 Pasos importantes en tus h\u00e1bitos.<br \/>\nVideo 8: Fuerza de voluntad.<br \/>\nVideo 9: Pasos para crear fuerza de voluntad.<br \/>\nVideo 10: Estrategias.<br \/>\nVideo 11: \u00bfC\u00f3mo abandonar un h\u00e1bito?<\/p>\n<p>M\u00f3dulo 3: Pasos para crear un h\u00e1bito.<\/p>\n<p>Video 12: La motivaci\u00f3n en nuestros h\u00e1bitos.<br \/>\nVideo 13: \u00bfQu\u00e9 hacer si no tengo motivaci\u00f3n?<br \/>\nVideo 14: 3 cosas que nos ayuda a motivarnos.<br \/>\nVideo 15: Recompensa.<\/p>\n<p>M\u00f3dulo 4: Organizando tu tiempo.<\/p>\n<p>Video 16: Tener claro cu\u00e1l es tu rutina diaria.<br \/>\nVideo 17: T\u00e9cnica pomodoro.<br \/>\nVideo 18: Multitasking.<br \/>\nVideo 19: Tiempo necesario para generar un h\u00e1bito.<br \/>\nVideo 20: Consejos para tener un sue\u00f1o reparador.<br \/>\nVideo 21: Alimentos naturales para dormir bien<br \/>\nVideo 22: Influencia de dispositivos electr\u00f3nicos.<br \/>\nVideo 23: Caminata contemplativa.<br \/>\nVideo 24: Bloquea tiempo de tu agenda.<br \/>\nVideo 25: Importancia de visualizar metas 1.<br \/>\nVideo 26: Importancia de visualizar metas 2.<br \/>\nVideo 27: Construyendo tu agenda.<br \/>\nVideo 28: Eliminando un h\u00e1bito da\u00f1ino.<br \/>\nVideo 29: \u00bfC\u00f3mo llevar tu productividad al m\u00e1ximo?<br \/>\nVideo 30: H\u00e1bitos en 4 dimensiones.<br \/>\nVideo 31: Cumpliendo con tus tareas.<\/p>\n<p>M\u00f3dulo 5: Procrastinaci\u00f3n<\/p>\n<p>Video 32: \u00bfQu\u00e9 es la procrastinaci\u00f3n?<br \/>\nVideo 33: Enfrentando la procrastinaci\u00f3n.<br \/>\nVideo 34: T\u00e9cnicas de productividad (cuadrante).<\/p>\n<p>M\u00f3dulo 6: Herramientas de productividad.<\/p>\n<p>Video 35: Clickup.<br \/>\nVideo 36: Calendario de Google.<br \/>\nVideo 37: Todoist.<\/p>\n<p>Despedida.<\/p>\n<p>Poner en pr\u00e1ctica.<br \/>\nHasta pronto.<\/p>\n<p>Bonos.<\/p>\n<p>Bono 1: Creando tu plan para sentirte bien.<br \/>\nBono 2: Creando tu plan de metas y objetivos.<br \/>\nBono 3: Haciendo tu plan de visualizaci\u00f3n.<\/p>\n<p>Video respuestas.<\/p>\n<p>ACERCA DEL PRODUCTOR<\/p>\n<p>Desarrollado MANUEL CAICEDO, colombiano que durante a\u00f1os ha estado buscando la productividad y la creaci\u00f3n de nuevos h\u00e1bitos en su vida.<\/p>\n<p>Le gusta el mundo del emprendimiento y ayudar a otras personas a incrementar sus resultados por medio de la productividad.<br \/>\nSe dedica ahora a crecer su negocio online y ayudar a las personas a implementar nuevos h\u00e1bitos en su vida.<\/p>\n","protected":false},"excerpt":{"rendered":"<p>\u00bfEres de las personas que te gusta aprovechar tu tiempo al m\u00e1ximo y conseguir las metas que te propones?<\/p>\n<p>Con el MasterClass de CREACI\u00d3N DE H\u00c1BITOS Y PRODUCTIVIDAD PARA EMPRENDEDORES, aprender\u00e1s t\u00e9cnicas efectivas para convertirte en una<\/p>\n<p>persona mucho m\u00e1s productiva a partir de la creaci\u00f3n de nuevos h\u00e1bitos en tu d\u00eda a d\u00eda.<\/p>\n","protected":false},"featured_media":3483,"template":"","meta":{"_joinchat":[]},"product_brand":[],"product_cat":[320,344],"product_tag":[],"class_list":{"0":"post-11866","1":"product","2":"type-product","3":"status-publish","4":"has-post-thumbnail","6":"product_cat-desarrollo-personal","7":"product_cat-todos","9":"first","10":"instock","11":"sale","12":"shipping-taxable","13":"product-type-external"},"_links":{"self":[{"href":"https:\/\/cursos.talentup.cl\/index.php?rest_route=\/wp\/v2\/product\/11866","targetHints":{"allow":["GET"]}}],"collection":[{"href":"https:\/\/cursos.talentup.cl\/index.php?rest_route=\/wp\/v2\/product"}],"about":[{"href":"https:\/\/cursos.talentup.cl\/index.php?rest_route=\/wp\/v2\/types\/product"}],"version-history":[{"count":2,"href":"https:\/\/cursos.talentup.cl\/index.php?rest_route=\/wp\/v2\/product\/11866\/revisions"}],"predecessor-version":[{"id":14200,"href":"https:\/\/cursos.talentup.cl\/index.php?rest_route=\/wp\/v2\/product\/11866\/revisions\/14200"}],"wp:featuredmedia":[{"embeddable":true,"href":"https:\/\/cursos.talentup.cl\/index.php?rest_route=\/wp\/v2\/media\/3483"}],"wp:attachment":[{"href":"https:\/\/cursos.talentup.cl\/index.php?rest_route=%2Fwp%2Fv2%2Fmedia&parent=11866"}],"wp:term":[{"taxonomy":"product_brand","embeddable":true,"href":"https:\/\/cursos.talentup.cl\/index.php?rest_route=%2Fwp%2Fv2%2Fproduct_brand&post=11866"},{"taxonomy":"product_cat","embeddable":true,"href":"https:\/\/cursos.talentup.cl\/index.php?rest_route=%2Fwp%2Fv2%2Fproduct_cat&post=11866"},{"taxonomy":"product_tag","embeddable":true,"href":"https:\/\/cursos.talentup.cl\/index.php?rest_route=%2Fwp%2Fv2%2Fproduct_tag&post=11866"}],"curies":[{"name":"wp","href":"https:\/\/api.w.org\/{rel}","templated":true}]}}