{"id":11868,"date":"2023-01-10T04:39:38","date_gmt":"2023-01-10T07:39:38","guid":{"rendered":"https:\/\/cursos.talentup.cl\/?post_type=product&#038;p=11868"},"modified":"2024-02-07T23:37:06","modified_gmt":"2024-02-08T02:37:06","slug":"mama-presente-mujer-realizada","status":"publish","type":"product","link":"https:\/\/cursos.talentup.cl\/?product=mama-presente-mujer-realizada","title":{"rendered":"MAM\u00c1 PRESENTE MUJER REALIZADA"},"content":{"rendered":"<p>\u00bfEres mam\u00e1 y sientes que debes escoger entre tu autorrealizaci\u00f3n o la maternidad?<\/p>\n<p>A trav\u00e9s de esta Master Class Mam\u00e1 presente Mujer Realizada, aprender\u00e1s a trascender cualquier tipo de culpa o frustraci\u00f3n sobre la creencia de tener que escoger entre tus hijos y la autorrealizaci\u00f3n como mujer exitosa.<\/p>\n<p>\u00bfQU\u00c9 VAS A LOGRAR?<\/p>\n<p>Desarrollaras tu amor propio a trav\u00e9s del auto descubrimiento como mujer empoderada.<\/p>\n<p>Te liberar\u00e1s de limitaciones a trav\u00e9s de ejercidos pr\u00e1cticos sobre el perd\u00f3n.<\/p>\n<p>Desarrollar\u00e1s la capacidad de sentirse merecedora a trav\u00e9s de poderosos ejercicios que trabajan a nivel subconsciente.<\/p>\n<p>Reconocer\u00e1s los 4 ciclos femeninos para que te reconozcas y te aceptes como eres.<\/p>\n<p>Aprender\u00e1s a sanar tu relaci\u00f3n con mam\u00e1 y pap\u00e1 para tener un vida m\u00e1s feliz y plena.<\/p>\n<p>Desarrollar\u00e1s la capacidad para mantener un equilibrio en tus actividades como mam\u00e1 y como mujer realizada.<\/p>\n<p>Comenzar\u00e1s a descubrir tu prop\u00f3sito de vida para vivirla plena y llena de sentido.<\/p>\n<p>Te conectar\u00e1s con tu propio placer para poder estar en gozo y sincron\u00eda con las situaciones que se presenten en tu vida.<\/p>\n<p>Descubrir\u00e1s c\u00f3mo tu felicidad y la de tus hijos pueden ser una sola.<\/p>\n<p>Acceder\u00e1s al certificado avalado por Hotmart y Seminarios Online.<\/p>\n<p>\u00bfC\u00d3MO LO VAS A LOGRAR?<\/p>\n<p>A trav\u00e9s del siguiente contenido, estructurado paso a paso:<\/p>\n<p>MAM\u00c1 PRESENTE MUJER REALIZADA.<\/p>\n<p>Bienvenida.<br \/>\nLos 7 pasos.<br \/>\nC\u00f3mo desarrollar tu amor propio parte 1.<br \/>\nC\u00f3mo desarrollar tu amor propio parte 2.<br \/>\nC\u00f3mo desarrollar tu amor propio parte 3.<br \/>\nC\u00f3mo conocer y manejar los ciclos femeninos.<br \/>\nEtapa de la ni\u00f1a.<br \/>\nEtapa de la madre.<br \/>\nEtapa de la mujer sabia.<br \/>\nEtapa de la mujer bruja.<br \/>\nC\u00f3mo sanar tu relaci\u00f3n con mam\u00e1 y pap\u00e1 (parte 1).<br \/>\nC\u00f3mo sanar tu relaci\u00f3n con mam\u00e1 y pap\u00e1 (parte 2).<br \/>\nC\u00f3mo descubrir tu prop\u00f3sito de vida.<br \/>\nC\u00f3mo conectarte con tu propio placer.<br \/>\nC\u00f3mo establecer que tu felicidad es la felicidad de tus hijos<\/p>\n<p>MAM\u00c1 PRESENTE MUJER REALIZADA.<\/p>\n<p>Pr\u00e1ctica frente al espejo (parte 1).<br \/>\nPr\u00e1ctica frente al espejo (parte 2).<br \/>\nEjercicio de auto-toque.<br \/>\n21 pasos para tu prop\u00f3sito.<br \/>\nMeditaci\u00f3n tomando a mam\u00e1.<br \/>\nMeditaci\u00f3n tomando a pap\u00e1.<br \/>\nEjercicio conectando con la felicidad.<br \/>\nMeditaci\u00f3n del prop\u00f3sito.<\/p>\n<p>MATERIAL ADICIONAL Y COMPLEMENTARIO (BONOS).<\/p>\n<p>PDF Diagrama Lunar (BONO).<br \/>\nMeditaci\u00f3n conexi\u00f3n interior (BONO).<br \/>\nEmprendimiento y abundancia (BONO).<br \/>\nMeditacion para activar la abundancia (BONO).<br \/>\nSer suficiente (BONO).<br \/>\nEspacios varios (BONO).<\/p>\n<p>VIDEO RESPUESTAS A PREGUNTAS FRECUENTES<\/p>\n<p>\u00bfC\u00d3MO OBTENER TU CERTIFICADO?<\/p>\n<p>ACERCA DE LA PRODUCTORA<\/p>\n<p>Desarrollado por PATRICIA CASADIEGO, profesional en artes esc\u00e9nicas, Reikista Usui , Maestra Reiki de La Rosa, Sacerdotisa de Mar\u00eda Magdalena, terapeuta hol\u00edstica con t\u00e9cnicas de danza sensitiva, psico-teatro, meditaci\u00f3n y respiraci\u00f3n ov\u00e1rica femenina y de pulso t\u00e1ntrico. Constructora de paz, fundadora del colectivo La mujer Arco\u00edris, codirectora del c\u00edrculo de mujeres de Ariel Escuela Para el Alma, miembro directivo y tallerista de la Fundaci\u00f3n Escuela de Paz.                                              <\/p>\n<p>Actualmente imparte: Terapias personales por medio de la creaci\u00f3n de un personaje cu\u00e1ntico, talleres, c\u00edrculos de mujeres, formaci\u00f3n Mujeres Sanadoras, La Carta Roja, talleres empresariales con formaci\u00f3n en valores.<\/p>\n","protected":false},"excerpt":{"rendered":"<p>\u00bfEres mam\u00e1 y sientes que debes escoger entre tu autorrealizaci\u00f3n o la maternidad?<\/p>\n<p>A trav\u00e9s de esta Master Class Mam\u00e1 presente Mujer Realizada, aprender\u00e1s a trascender cualquier tipo de culpa o frustraci\u00f3n sobre la creencia de tener que escoger entre tus hijos y la autorrealizaci\u00f3n como mujer exitosa.<\/p>\n","protected":false},"featured_media":3485,"template":"","meta":{"_joinchat":[]},"product_brand":[],"product_cat":[320,344],"product_tag":[],"class_list":{"0":"post-11868","1":"product","2":"type-product","3":"status-publish","4":"has-post-thumbnail","6":"product_cat-desarrollo-personal","7":"product_cat-todos","9":"first","10":"instock","11":"sale","12":"shipping-taxable","13":"product-type-external"},"_links":{"self":[{"href":"https:\/\/cursos.talentup.cl\/index.php?rest_route=\/wp\/v2\/product\/11868","targetHints":{"allow":["GET"]}}],"collection":[{"href":"https:\/\/cursos.talentup.cl\/index.php?rest_route=\/wp\/v2\/product"}],"about":[{"href":"https:\/\/cursos.talentup.cl\/index.php?rest_route=\/wp\/v2\/types\/product"}],"version-history":[{"count":2,"href":"https:\/\/cursos.talentup.cl\/index.php?rest_route=\/wp\/v2\/product\/11868\/revisions"}],"predecessor-version":[{"id":14202,"href":"https:\/\/cursos.talentup.cl\/index.php?rest_route=\/wp\/v2\/product\/11868\/revisions\/14202"}],"wp:featuredmedia":[{"embeddable":true,"href":"https:\/\/cursos.talentup.cl\/index.php?rest_route=\/wp\/v2\/media\/3485"}],"wp:attachment":[{"href":"https:\/\/cursos.talentup.cl\/index.php?rest_route=%2Fwp%2Fv2%2Fmedia&parent=11868"}],"wp:term":[{"taxonomy":"product_brand","embeddable":true,"href":"https:\/\/cursos.talentup.cl\/index.php?rest_route=%2Fwp%2Fv2%2Fproduct_brand&post=11868"},{"taxonomy":"product_cat","embeddable":true,"href":"https:\/\/cursos.talentup.cl\/index.php?rest_route=%2Fwp%2Fv2%2Fproduct_cat&post=11868"},{"taxonomy":"product_tag","embeddable":true,"href":"https:\/\/cursos.talentup.cl\/index.php?rest_route=%2Fwp%2Fv2%2Fproduct_tag&post=11868"}],"curies":[{"name":"wp","href":"https:\/\/api.w.org\/{rel}","templated":true}]}}