{"id":11869,"date":"2023-01-10T04:39:38","date_gmt":"2023-01-10T07:39:38","guid":{"rendered":"https:\/\/cursos.talentup.cl\/?post_type=product&#038;p=11869"},"modified":"2024-02-07T23:37:06","modified_gmt":"2024-02-08T02:37:06","slug":"los-secretos-de-una-madre-sin-estres","status":"publish","type":"product","link":"https:\/\/cursos.talentup.cl\/?product=los-secretos-de-una-madre-sin-estres","title":{"rendered":"LOS SECRETOS DE UNA MADRE SIN ESTR\u00c9S"},"content":{"rendered":"<p>\u00bfSab\u00edas que ser madre puede ser altamente estresante? <\/p>\n<p>No dejes que el estr\u00e9s se lleve tus d\u00edas para disfrutar y ver crecer a tus hijos.<\/p>\n<p>Con el masterclass LOS SECRETOS DE UNA MADRE SIN ESTR\u00c9S podr\u00e1s aprender todo lo que necesitas para mejorar tu energ\u00eda, \u00e1nimo y vitalidad diaria para ser una s\u00faper mama<\/p>\n<p>\u00bfQU\u00c9 VAS A LOGRAR?<\/p>\n<p>Lograr\u00e1s convertirte en una mujer emocionalmente estable y en calma que pueda enfocarse en soluciones cuando el estr\u00e9s aparezca y se apodere de tus d\u00edas.<\/p>\n<p>Disfrutar\u00e1s de tu rol como madre vi\u00e9ndolos crecer.<\/p>\n<p>Lograr\u00e1s colocar la balanza en equilibrio en relaci\u00f3n a tu rol como madre y mujer.<\/p>\n<p>Mejorar\u00e1s tu relaci\u00f3n interna y de autoconcepto.<\/p>\n<p>Gestionar\u00e1s tus emociones evitando desbordes, gritos y frustraciones.<\/p>\n<p>Mejorar\u00e1s tu energ\u00eda diaria logrando disfrutar plenamente de la vida.<\/p>\n<p>Aprender\u00e1s a elevar tu energ\u00eda a trav\u00e9s de diferentes pr\u00e1cticas.<\/p>\n<p>Aprender\u00e1s a influenciar positivamente la vida de tus seres queridos.<\/p>\n<p>Comunicar\u00e1s de manera efectiva.<\/p>\n<p>Crear h\u00e1bitos que perduren en el tiempo. <\/p>\n<p>Gestionar\u00e1s tu tiempo y efectivizarlo al m\u00e1ximo.<\/p>\n<p>Aprender\u00e1s a planificar tus d\u00edas.<\/p>\n<p>Aprender\u00e1s a trazar metas anuales, mensuales, semanales y diarios.<\/p>\n<p>Crear\u00e1s afirmaciones y declaraciones elevando tu ser a su mejor versi\u00f3n d\u00eda a d\u00eda.<\/p>\n<p>Acceder\u00e1s al certificado avalado por Hotmart y Seminarios Online.<\/p>\n<p>\u00bfC\u00d3MO LO VAS A LOGRAR?<\/p>\n<p>A trav\u00e9s del siguiente contenido, estructurado paso a paso:<\/p>\n<p>M\u00d3DULO 1 INICIEMOS.<\/p>\n<p>Lecci\u00f3n No. 1 Bienvenida. Con\u00f3ceme y \u00fanete a mi comunidad.<br \/>\nLecci\u00f3n No. 2 Ser madre y vivir sin mal estr\u00e9s es posible. Busquemos el equilibrio.<br \/>\nLecci\u00f3n No. 3 Dato a tener en cuenta y por favor toma nota de ello. IMPORTANTE. <\/p>\n<p>M\u00d3DULO 2 EL ESTR\u00c9S.<\/p>\n<p>Lecci\u00f3n No. 1 Tu d\u00eda con estr\u00e9s.<br \/>\nLecci\u00f3n No. 2 Un d\u00eda sin estr\u00e9s.<br \/>\nLecci\u00f3n No. 3 C\u00f3mo te gustar\u00eda ser.<br \/>\nLecci\u00f3n No. 4 AUDIO de visualizaci\u00f3n. BONO 1<\/p>\n<p>M\u00d3DULO 3 RESPIRA Y CALMA.<\/p>\n<p>Lecci\u00f3n No.1 Tu primer conexi\u00f3n con la calma: \u201cLa respiraci\u00f3n matutina\u201d.<br \/>\nLecci\u00f3n No. 2 Ducha y respiraci\u00f3n.<br \/>\nLecci\u00f3n No. 3 T\u00e9cnica de respiraci\u00f3n Shodhana Pranayama BONO 2.<\/p>\n<p>M\u00d3DULO 4 DISTR\u00c9S Y EUSTR\u00c9S.<\/p>\n<p>Lecci\u00f3n No. 1 Qu\u00e9 es mal estr\u00e9s, sensaciones y sentimientos.<br \/>\nLecci\u00f3n No. 2 H\u00e1bitos del mal estr\u00e9s.<br \/>\nLecci\u00f3n No. 3 Qu\u00e9 es buen estr\u00e9s, sensaciones y sentimientos.<br \/>\nLecci\u00f3n No. 4 H\u00e1bitos del buen estr\u00e9s.<\/p>\n<p>M\u00d3DULO 5 CREANDO MADRES CON AMOR PROPIO.<\/p>\n<p>Lecci\u00f3n No. 1 Abraza a la mujer que eres y crea bases de amor propio.<br \/>\nLecci\u00f3n No. 2 Practica la empat\u00eda y el respeto.<br \/>\nLecci\u00f3n No. 3 Esto no significa arrogancia ni egocentrismo.<\/p>\n<p>M\u00d3DULO 6 EMOCIONALMENTE MADRES.<\/p>\n<p>Lecci\u00f3n No. 1 Qu\u00e9 son las emociones y cuales los desbordes emocionales.<br \/>\nLecci\u00f3n No. 2 \u00bfPorqu\u00e9 gritamos?<br \/>\nLecci\u00f3n No. 3 Nuestras emociones dependen de varios factores.<br \/>\nLecci\u00f3n No. 4 Se educa con el ejemplo.<\/p>\n<p>M\u00d3DULO 7 PLANIFICAR EL BUEN ESTR\u00c9S.<\/p>\n<p>Lecci\u00f3n No. 1 H\u00e1bitos matutinos.<br \/>\nLecci\u00f3n No. 2 La importancia de respirar.<br \/>\nLecci\u00f3n No. 3 La cuenta regresiva para no estallar.<br \/>\nLecci\u00f3n No. 4.1 Presentaci\u00f3n de nuestra invitada.<br \/>\nLecci\u00f3n No. 4.2 Salud Hol\u00edstica BONO 3.<\/p>\n<p>M\u00d3DULO 8 COMUNICACI\u00d3N VERBAL.<\/p>\n<p>Lecci\u00f3n No. 1 Que nos dijeron, qu\u00e9 nos decimos y qu\u00e9 nos dicen.<br \/>\nLecci\u00f3n No. 2 Que decimos y la coherencias.  <\/p>\n<p>M\u00d3DULO 9 COMUNICACI\u00d3N NO VERBAL.<\/p>\n<p>Lecci\u00f3n No. 1 Introducci\u00f3n a la construcci\u00f3n no verbal y que dice nuestro cuerpo.<br \/>\nLecci\u00f3n No. 2 Lo que callamos se manifiesta en nuestro cuerpo.<\/p>\n<p>M\u00d3DULO 10 AFIRMACIONES.<\/p>\n<p>Lecci\u00f3n No. 1 Qu\u00e9 son las afirmaciones y cu\u00e1les son sus beneficios.<br \/>\nLecci\u00f3n No. 2 Dise\u00f1a y planifica tus afirmaciones.<br \/>\nLecci\u00f3n No. 3.1 Audio de afirmaciones de una madre BONOS 4.<br \/>\nLecci\u00f3n No. 3.2 Audio de afirmaciones de una mujer.<\/p>\n<p>M\u00d3DULO NO.11 PLANIFICACI\u00d3N.<\/p>\n<p>Lecci\u00f3n No. 1 Por qu\u00e9 una madre planifica y sus beneficios.<br \/>\nLecci\u00f3n No. 2 Plan anual.<br \/>\nLecci\u00f3n No. 3 Plan mensual.<br \/>\nLecci\u00f3n No. 4 Plan semanal.<br \/>\nLecci\u00f3n No. 5 Plan diario.<\/p>\n<p>M\u00d3DULO 12 HERRAMIENTAS EXTRAS DE CALMA.<\/p>\n<p>Lecci\u00f3n No. 1 Descarga mental.<br \/>\nLecci\u00f3n No. 2 Descarga mental y calma.<br \/>\nLecci\u00f3n No. 3 Descarga f\u00edsica.<br \/>\nLecci\u00f3n No. 4 Resumen final.<\/p>\n<p>M\u00d3DULO 13 EN VIVOS.<\/p>\n<p>Link de acceso<\/p>\n<p>\u00bfCOMO OBTENER TU CERTIFICADO?<\/p>\n<p>ACERCA DE LA PRODUCTORA<\/p>\n<p>Desarrollado por ANDREA CELESTE FRETES, mam\u00e1 unschooler y educando a trav\u00e9s de t\u00e9cnicas de crianza respetuosa coach ontol\u00f3gica profesional certificada psic\u00f3loga social desde 2013.<\/p>\n<p>Amante de la lectura con prop\u00f3sito, lleva le\u00eddo en el a\u00f1o 2020, 254 libros y en lo que resta del 2021 ha le\u00eddo m\u00e1s de 200 libros. <\/p>\n<p>Creadora del m\u00e9todo mec \u201cmente-emoci\u00f3n-cuerpo\u201d de creaci\u00f3n de h\u00e1bitos. mentora de mujeres que buscan su mejor versi\u00f3n d\u00eda a d\u00eda.<\/p>\n","protected":false},"excerpt":{"rendered":"<p>\u00bfSab\u00edas que ser madre puede ser altamente estresante? <\/p>\n<p>No dejes que el estr\u00e9s se lleve tus d\u00edas para disfrutar y ver crecer a tus hijos.<\/p>\n<p>Con el masterclass LOS SECRETOS DE UNA MADRE SIN ESTR\u00c9S podr\u00e1s aprender todo lo que necesitas para mejorar tu energ\u00eda, \u00e1nimo y vitalidad diaria para ser una s\u00faper mama<\/p>\n","protected":false},"featured_media":3486,"template":"","meta":{"_joinchat":[]},"product_brand":[],"product_cat":[320,344],"product_tag":[],"class_list":{"0":"post-11869","1":"product","2":"type-product","3":"status-publish","4":"has-post-thumbnail","6":"product_cat-desarrollo-personal","7":"product_cat-todos","9":"first","10":"instock","11":"sale","12":"shipping-taxable","13":"product-type-external"},"_links":{"self":[{"href":"https:\/\/cursos.talentup.cl\/index.php?rest_route=\/wp\/v2\/product\/11869","targetHints":{"allow":["GET"]}}],"collection":[{"href":"https:\/\/cursos.talentup.cl\/index.php?rest_route=\/wp\/v2\/product"}],"about":[{"href":"https:\/\/cursos.talentup.cl\/index.php?rest_route=\/wp\/v2\/types\/product"}],"version-history":[{"count":2,"href":"https:\/\/cursos.talentup.cl\/index.php?rest_route=\/wp\/v2\/product\/11869\/revisions"}],"predecessor-version":[{"id":14203,"href":"https:\/\/cursos.talentup.cl\/index.php?rest_route=\/wp\/v2\/product\/11869\/revisions\/14203"}],"wp:featuredmedia":[{"embeddable":true,"href":"https:\/\/cursos.talentup.cl\/index.php?rest_route=\/wp\/v2\/media\/3486"}],"wp:attachment":[{"href":"https:\/\/cursos.talentup.cl\/index.php?rest_route=%2Fwp%2Fv2%2Fmedia&parent=11869"}],"wp:term":[{"taxonomy":"product_brand","embeddable":true,"href":"https:\/\/cursos.talentup.cl\/index.php?rest_route=%2Fwp%2Fv2%2Fproduct_brand&post=11869"},{"taxonomy":"product_cat","embeddable":true,"href":"https:\/\/cursos.talentup.cl\/index.php?rest_route=%2Fwp%2Fv2%2Fproduct_cat&post=11869"},{"taxonomy":"product_tag","embeddable":true,"href":"https:\/\/cursos.talentup.cl\/index.php?rest_route=%2Fwp%2Fv2%2Fproduct_tag&post=11869"}],"curies":[{"name":"wp","href":"https:\/\/api.w.org\/{rel}","templated":true}]}}