{"id":11914,"date":"2023-01-10T04:39:42","date_gmt":"2023-01-10T07:39:42","guid":{"rendered":"https:\/\/cursos.talentup.cl\/?post_type=product&#038;p=11914"},"modified":"2024-02-07T23:37:09","modified_gmt":"2024-02-08T02:37:09","slug":"recupera-a-tu-pareja","status":"publish","type":"product","link":"https:\/\/cursos.talentup.cl\/?product=recupera-a-tu-pareja","title":{"rendered":"RECUPERA A TU PAREJA"},"content":{"rendered":"<p>Como pareja nos sentimos vulnerables, inseguros y carentes de herramientas para entender y comprender al otro.<\/p>\n<p>Con el MasterClass RECUPERA TU PAREJA, rescata la armon\u00eda y felicidad que mantiene firme una relaci\u00f3n y fortalece el v\u00ednculo con la persona que amas.<\/p>\n<p>Aprende estrategias para manejar tu frustraci\u00f3n y darle un mejor manejo a los problemas.<\/p>\n<p>Comun\u00edcate mejor y RECUPERA TU PAREJA. Aqu\u00ed te ense\u00f1amos c\u00f3mo hacerlo.<\/p>\n<p>\u00bfQU\u00c9 VAS A LOGRAR?<\/p>\n<p>Lograr\u00e1s mayor seguridad en tus procesos emocionales, fortaleciendo el v\u00ednculo afectivo con tu pareja.<\/p>\n<p>Identificar\u00e1s y derrumbar\u00e1s los mitos que te impiden expresar de manera natural espont\u00e1nea tus sentimientos y conflictos.<\/p>\n<p>Entender\u00e1s que los mitos y miedos te paralizan y no te permiten avanzar ni crear relaciones emp\u00e1ticas.<\/p>\n<p>Aprender\u00e1s estrategias que te ayudar\u00e1n a manejar tu frustraci\u00f3n como persona.<\/p>\n<p>Encontrar\u00e1s maneras asertivas de comunicar tus emociones a tu pareja.<\/p>\n<p>Aprender\u00e1s herramientas eficaces que te ayudar\u00e1n a fortalecer el desarrollo de l\u00edmites sanos en tu relaci\u00f3n de pareja. <\/p>\n<p>Acceder\u00e1s al certificado avalado por Hotmart y Seminarios Online. <\/p>\n<p>\u00bfC\u00d3MO LO VAS A LOGRAR?<\/p>\n<p>A trav\u00e9s del siguiente contenido estructurado paso a paso:<\/p>\n<p>VIDEO 0: Introducci\u00f3n.<\/p>\n<p>VIDEO 1: Presentaci\u00f3n de la Productora.<\/p>\n<p>VIDEO 2: Importancia de este curso: \u00bfC\u00f3mo pareja nos podemos sentir?<\/p>\n<p>VIDEO 3: Parejas en tiempos de pandemia.<br \/>\nTipos importantes para tener en cuenta en la vida en pareja. Reconocer las diferencias entre la intimidad de pareja y la familiar.<\/p>\n<p>VIDEO 4: \u00bfCu\u00e1ntos caben en la intimidad?<\/p>\n<p>VIDEO 5: Proteger los gustos y proyectos de cada miembro de la pareja.<br \/>\nToma de decisiones en privado, soluciones en p\u00fablico<\/p>\n<p>VIDEO 6: \u00bfDiscusiones? Siempre en la intimidad.<br \/>\nContenci\u00f3n mutua.<\/p>\n<p>Video 7: La importancia de la sexualidad en las relaciones de pareja.<\/p>\n<p>Video 8: el papel de la sexualidad en pareja: Deseo y satisfacci\u00f3n sexual.<\/p>\n<p>Video 9: Juegos y ejercicios para terapia de parejas.<\/p>\n<p>Video 10: C\u00f3mo ser independiente emocionalmente de mi pareja.<\/p>\n<p>Video 11: Los tipos de pareja \u00bfC\u00f3mo es tu relaci\u00f3n sentimental?<\/p>\n<p>Video 12: Cuando la monoton\u00eda acaba una relaci\u00f3n de pareja.<\/p>\n<p>Video 13: Formas de huir de la monoton\u00eda en la vida sexual en pareja.<\/p>\n<p>Video 14: C\u00f3mo cambia la relaci\u00f3n de pareja cuando llegan los hijos.<\/p>\n<p>Video 15: claves para mantener tu relaci\u00f3n de pareja despu\u00e9s de tener hijos.<\/p>\n<p>Video 16: Buscando la armon\u00eda y felicidad en pareja.<\/p>\n<p>ACERCA DE LA PRODUCTORA<\/p>\n<p>Desarrollado por MAR\u00cdA CRISTINA BIELER con una amplia trayectoria en brindar apoyo y asesor\u00eda a prestigiosos colegios de Cali como Psic\u00f3loga, tales como el colegio Coomeva, colegio Lauretta Bender, colegio Ca\u00f1averales y centros de estimulaci\u00f3n y jardines infantiles como Ohanna, escuela maternal Funguis y el centro de estimulaci\u00f3n chiquimimos<\/p>\n<p>Maria Cristina ha sido gu\u00eda y orientadora en el desarrollo de procesos formativos integrales de los ni\u00f1os, din\u00e1mica familiar, vida en familia, padres y pareja y pautas de crianza y aspectos relacionados con el bienestar emocional en estos lugares mencionados anteriormente,<\/p>\n<p>Actualmente se desempe\u00f1a como psic\u00f3loga en el jard\u00edn infantil Chiquimimos brindando asesor\u00edas permanentes a los ni\u00f1os y familias fortaleciendo aspectos socio-afectivos y acompa\u00f1ando a las familias en todo lo relacionado con pautas de crianza y formaci\u00f3n de sus peque\u00f1os.<\/p>\n<p>Tambi\u00e9n se desempe\u00f1a como docente trabajando con ni\u00f1os y brindando apoyo terap\u00e9utico a adolescentes, brindando una propuesta l\u00fadico-pedag\u00f3gica que fortalece aspectos de socializaci\u00f3n y construcci\u00f3n de un sano proyecto de vida.<\/p>\n<p>Es pianista profesional y pedagoga dedicada a iniciar a los ni\u00f1os y adolescentes en el mundo musical, partiendo de conceptos psicol\u00f3gicos y brindando una propuesta l\u00fadico-pedag\u00f3gica que los invita a fortalecer aspectos relacionados con su autoestima, seguridad en s\u00ed mismos y fortalecimiento de procesos de autonom\u00eda, independencia y socializaci\u00f3n.<\/p>\n<p>Con una amplia trayectoria de m\u00e1s de 25 a\u00f1os como Psico-orientadora es dedicada y apasionada con lo que hace y cada encuentro con sus pacientes y familias son una experiencia nueva y enriquecedora tanto a nivel personal como laboral. <\/p>\n","protected":false},"excerpt":{"rendered":"<p>Como pareja nos sentimos vulnerables, inseguros y carentes de herramientas para entender y comprender al otro.<\/p>\n<p>Con el MasterClass RECUPERA TU PAREJA, rescata la armon\u00eda y felicidad que mantiene firme una relaci\u00f3n y fortalece el v\u00ednculo con la persona que amas.<\/p>\n<p>Aprende estrategias para manejar tu frustraci\u00f3n y darle un mejor manejo a los problemas.<\/p>\n<p>Comun\u00edcate mejor y RECUPERA TU PAREJA. Aqu\u00ed te ense\u00f1amos c\u00f3mo hacerlo.<\/p>\n","protected":false},"featured_media":3501,"template":"","meta":{"_joinchat":[]},"product_brand":[],"product_cat":[320,344],"product_tag":[],"class_list":{"0":"post-11914","1":"product","2":"type-product","3":"status-publish","4":"has-post-thumbnail","6":"product_cat-desarrollo-personal","7":"product_cat-todos","9":"first","10":"instock","11":"sale","12":"shipping-taxable","13":"product-type-external"},"_links":{"self":[{"href":"https:\/\/cursos.talentup.cl\/index.php?rest_route=\/wp\/v2\/product\/11914","targetHints":{"allow":["GET"]}}],"collection":[{"href":"https:\/\/cursos.talentup.cl\/index.php?rest_route=\/wp\/v2\/product"}],"about":[{"href":"https:\/\/cursos.talentup.cl\/index.php?rest_route=\/wp\/v2\/types\/product"}],"version-history":[{"count":2,"href":"https:\/\/cursos.talentup.cl\/index.php?rest_route=\/wp\/v2\/product\/11914\/revisions"}],"predecessor-version":[{"id":14218,"href":"https:\/\/cursos.talentup.cl\/index.php?rest_route=\/wp\/v2\/product\/11914\/revisions\/14218"}],"wp:featuredmedia":[{"embeddable":true,"href":"https:\/\/cursos.talentup.cl\/index.php?rest_route=\/wp\/v2\/media\/3501"}],"wp:attachment":[{"href":"https:\/\/cursos.talentup.cl\/index.php?rest_route=%2Fwp%2Fv2%2Fmedia&parent=11914"}],"wp:term":[{"taxonomy":"product_brand","embeddable":true,"href":"https:\/\/cursos.talentup.cl\/index.php?rest_route=%2Fwp%2Fv2%2Fproduct_brand&post=11914"},{"taxonomy":"product_cat","embeddable":true,"href":"https:\/\/cursos.talentup.cl\/index.php?rest_route=%2Fwp%2Fv2%2Fproduct_cat&post=11914"},{"taxonomy":"product_tag","embeddable":true,"href":"https:\/\/cursos.talentup.cl\/index.php?rest_route=%2Fwp%2Fv2%2Fproduct_tag&post=11914"}],"curies":[{"name":"wp","href":"https:\/\/api.w.org\/{rel}","templated":true}]}}