{"id":11915,"date":"2023-01-10T04:39:43","date_gmt":"2023-01-10T07:39:43","guid":{"rendered":"https:\/\/cursos.talentup.cl\/?post_type=product&#038;p=11915"},"modified":"2024-02-07T23:37:09","modified_gmt":"2024-02-08T02:37:09","slug":"domina-la-ansiedad","status":"publish","type":"product","link":"https:\/\/cursos.talentup.cl\/?product=domina-la-ansiedad","title":{"rendered":"DOMINA LA ANSIEDAD"},"content":{"rendered":"<p>IMPORTANTE: seg\u00fan la Organizaci\u00f3n Mundial de la Salud m\u00e1s de 264 millones de personas en el mundo sufren de ansiedad.                         <\/p>\n<p>\u00a1Nacimos para ser felices! Son las emociones destructivas las que afectan nuestra paz interior.<\/p>\n<p>Si esto te est\u00e1 ocurriendo, te recomiendo el programa \u201cDOMINA LA ANSIEDAD\u201d, un MasterClass donde aprender\u00e1s, ejercicios pr\u00e1cticos para manejarla, equilibrar tu mente y no dejar que esta afecte tus decisiones.<\/p>\n<p>Simplifica tus pensamientos y recupera tu calidad de vida. <\/p>\n<p>\u00bfQU\u00c9 VAS A LOGRAR? <\/p>\n<p>Identificar\u00e1s cu\u00e1les son los patrones de la ansiedad.<\/p>\n<p>Aprender\u00e1s c\u00f3mo manejar la ansiedad de la mejor manera.<\/p>\n<p>Aprender\u00e1s cu\u00e1les son las problem\u00e1ticas de la ansiedad.<\/p>\n<p>Conocer\u00e1s cu\u00e1les son los ejercicios sencillos para gestionar la ansiedad. <\/p>\n<p>Aprender\u00e1s las \u00e1reas de recuperaci\u00f3n y de c\u00f3mo puedes cada vez m\u00e1s mantener una relaci\u00f3n sana con la ansiedad.<\/p>\n<p>Aprender\u00e1s cu\u00e1l es la forma en que opera tu mente para que sepas controlarla.<\/p>\n<p>Conocer\u00e1s en qu\u00e9 consiste la fobia a enfermarnos.<\/p>\n<p>Acceder\u00e1s al certificado avalado por Hotmart y Seminarios Online.<\/p>\n<p>\u00bfC\u00d3MO LO VAS A LOGRAR?<\/p>\n<p>A trav\u00e9s de seis secciones estructuradas paso a paso:<\/p>\n<p>Video de Introducci\u00f3n <\/p>\n<p>SECCI\u00d3N 1<br \/>\nVideo 1: \u00bfQu\u00e9 es la ansiedad?.<\/p>\n<p>SECCI\u00d3N 2<br \/>\nVideo 2: \u00bfC\u00f3mo opera tu mente?.<br \/>\nVideo 3: Relajaci\u00f3n progresiva de Jakobson.<\/p>\n<p>SECCI\u00d3N 3<br \/>\nVideo 4: Aprende a relajar nuestra mente.<br \/>\nVideo 5: Visualizaci\u00f3n guiada (meditaci\u00f3n). <\/p>\n<p>SECCI\u00d3N 4<br \/>\nVideo 6: Catastrofizaci\u00f3n.<br \/>\nVideo 7: M\u00e9todo A.C.E.D (Antecedentes -Creencias \u2013 Emoci\u00f3n y conducta- Debate).<\/p>\n<p>SECCI\u00d3N 5<br \/>\nVideo 8: Exponerte al miedo.<br \/>\nVideo 9: Terapia de exposici\u00f3n Creaci\u00f3n de jerarqu\u00eda. <\/p>\n<p>SECCI\u00d3N 6<br \/>\nVideo 10: Vence tus preocupaciones.<br \/>\nVideo 11: Simplifica tu vida.<\/p>\n<p>BONUS<\/p>\n<p>Video 1: Meditaci\u00f3n.<br \/>\nVideo 2: Gestionar tu ansiedad y tu miedo.<br \/>\nVideo 3: Sistema de calma. <\/p>\n<p>ACERCA DEL PRODUCTOR <\/p>\n<p>Desarrollado por FREDDY CANTILLO Psic\u00f3logo y profesional en Filosof\u00eda.<\/p>\n<p>Cuenta con un diplomado en abordaje psicoterap\u00e9utico del individuo, Master en Terapia de Conducta de la UNED Espa\u00f1a. Life Coach y Terapeuta Regresivo.<\/p>\n<p>Actualmente, se desempe\u00f1a como conferencista en Colombia.<\/p>\n<p>Participa en diferentes procesos de intervenci\u00f3n grupal. Creador del M\u00e9todo T.R.E.C.E., ha invitado especial en diferentes medios de comunicaci\u00f3n radiales y televisivos.<\/p>\n<p>Freddy es el autor del libro Transforma tus emociones destructivas. <\/p>\n","protected":false},"excerpt":{"rendered":"<p>IMPORTANTE: seg\u00fan la Organizaci\u00f3n Mundial de la Salud m\u00e1s de 264 millones de personas en el mundo sufren de ansiedad.                         <\/p>\n<p>\u00a1Nacimos para ser felices! Son las emociones destructivas las que afectan nuestra paz interior.<\/p>\n<p>Si esto te est\u00e1 ocurriendo, te recomiendo el programa \u201cDOMINA LA ANSIEDAD\u201d, un MasterClass donde aprender\u00e1s, ejercicios pr\u00e1cticos para manejarla, equilibrar tu mente y no dejar que esta afecte tus decisiones.<\/p>\n<p>Simplifica tus pensamientos y recupera tu calidad de vida. <\/p>\n","protected":false},"featured_media":3502,"template":"","meta":{"_joinchat":[]},"product_brand":[],"product_cat":[320,344],"product_tag":[],"class_list":{"0":"post-11915","1":"product","2":"type-product","3":"status-publish","4":"has-post-thumbnail","6":"product_cat-desarrollo-personal","7":"product_cat-todos","9":"first","10":"instock","11":"sale","12":"shipping-taxable","13":"product-type-external"},"_links":{"self":[{"href":"https:\/\/cursos.talentup.cl\/index.php?rest_route=\/wp\/v2\/product\/11915","targetHints":{"allow":["GET"]}}],"collection":[{"href":"https:\/\/cursos.talentup.cl\/index.php?rest_route=\/wp\/v2\/product"}],"about":[{"href":"https:\/\/cursos.talentup.cl\/index.php?rest_route=\/wp\/v2\/types\/product"}],"version-history":[{"count":2,"href":"https:\/\/cursos.talentup.cl\/index.php?rest_route=\/wp\/v2\/product\/11915\/revisions"}],"predecessor-version":[{"id":14219,"href":"https:\/\/cursos.talentup.cl\/index.php?rest_route=\/wp\/v2\/product\/11915\/revisions\/14219"}],"wp:featuredmedia":[{"embeddable":true,"href":"https:\/\/cursos.talentup.cl\/index.php?rest_route=\/wp\/v2\/media\/3502"}],"wp:attachment":[{"href":"https:\/\/cursos.talentup.cl\/index.php?rest_route=%2Fwp%2Fv2%2Fmedia&parent=11915"}],"wp:term":[{"taxonomy":"product_brand","embeddable":true,"href":"https:\/\/cursos.talentup.cl\/index.php?rest_route=%2Fwp%2Fv2%2Fproduct_brand&post=11915"},{"taxonomy":"product_cat","embeddable":true,"href":"https:\/\/cursos.talentup.cl\/index.php?rest_route=%2Fwp%2Fv2%2Fproduct_cat&post=11915"},{"taxonomy":"product_tag","embeddable":true,"href":"https:\/\/cursos.talentup.cl\/index.php?rest_route=%2Fwp%2Fv2%2Fproduct_tag&post=11915"}],"curies":[{"name":"wp","href":"https:\/\/api.w.org\/{rel}","templated":true}]}}