{"id":11916,"date":"2023-01-10T04:39:43","date_gmt":"2023-01-10T07:39:43","guid":{"rendered":"https:\/\/cursos.talentup.cl\/?post_type=product&#038;p=11916"},"modified":"2024-02-07T23:37:09","modified_gmt":"2024-02-08T02:37:09","slug":"hiper-oratoria","status":"publish","type":"product","link":"https:\/\/cursos.talentup.cl\/?product=hiper-oratoria","title":{"rendered":"HIPER ORATORIA"},"content":{"rendered":"<p>Seg\u00fan estudios el 75% de las personas sufre p\u00e1nico esc\u00e9nico.<\/p>\n<p>Aunque muchos tengan excelentes ideas, pierden impacto a la hora de comunicarlas frente al p\u00fablico o una c\u00e1mara.<\/p>\n<p>Con el MasterClass, H\u00cdPER ORATORIA, aprende todo para que tus ideas no vayan al cementerio de los sue\u00f1os y pierdan potencia.<\/p>\n<p>Impacta a tu p\u00fablico y transforma el p\u00e1nico esc\u00e9nico para que vendas m\u00e1s, en s\u00f3lo 4 semanas con un m\u00e9todo \u00fanico.<\/p>\n<p>\u00bfQU\u00c9 VAS A LOGRAR? <\/p>\n<p>Aprender\u00e1s a hacer storytelling para persuadir.<\/p>\n<p>Lograr\u00e1s a diferenciarte del resto y tener propio estilo.<\/p>\n<p>Aprender\u00e1s a manejar tu voz para que t\u00fa audiencia no se duerma.<\/p>\n<p>Lograr\u00e1s hablar frente a una c\u00e1mara con propiedad.<\/p>\n<p>Aprender\u00e1s t\u00e9cnicas infalibles para el lenguaje corporal que generan confianza a tu p\u00fablico.<\/p>\n<p>Aprender\u00e1s como controlar el p\u00e1nico esc\u00e9nico para que puedas expresarte sin problema.<\/p>\n<p>Aprender\u00e1s a hablar frente a una c\u00e1mara para tu marca personal en Instagram.<\/p>\n<p>Aprender\u00e1s a hacer presentaciones de mucho valor con poco tiempo de preparaci\u00f3n.<\/p>\n<p>Lograr\u00e1s crear la estructura de tu presentaci\u00f3n para tener mayor impacto en las personas.<\/p>\n<p>Acceder\u00e1s al certificado avalado por Hotmart y Seminarios Online.\t<\/p>\n<p>\u00bfC\u00d3MO LO VAS LOGRAR? <\/p>\n<p>A trav\u00e9s del siguiente contenido:<\/p>\n<p> Video 1: Tus miedos.<br \/>\n Video 2: \u00bfQu\u00e9 es Hiper Oratoria?.<br \/>\n Video 3: \u00bfC\u00f3mo ser un cintur\u00f3n negro?.<br \/>\n Video 4: Tipos de oradores.<br \/>\n Video 5: Universidad VS Universo.<br \/>\n Video 6: Bases de zoom.<br \/>\n Video 7: H\u00edper iluminaci\u00f3n.<br \/>\n Video 8: \u00bfC\u00f3mo crear historias en Instagram?.<br \/>\n Video 9: Recodificaci\u00f3n del p\u00e1nico esc\u00e9nico.<br \/>\n Video 10: Te van a criticar.<br \/>\nVideo 11: Somos rid\u00edculos.<br \/>\n Video 12: Cautiva con tu cuerpo.<br \/>\n Video 13: H\u00edper Gestos.<br \/>\n Video 14: No hagas esto jam\u00e1s.<br \/>\n Video 15: Hazlo simple y siempre.<br \/>\n Video 16: Ten la atenci\u00f3n del p\u00fablico.<br \/>\n Video 17: Elefante, rat\u00f3n, elefante.<br \/>\n Video 18: H\u00edper Palabras.<br \/>\n Video 19: La palabra 3X.<br \/>\n Video 20: Maestro vendedor.<br \/>\n Video 21: H\u00edper oferta irresistible.<br \/>\n Video 22: H\u00edper estructura.<br \/>\n Video 23: H\u00edper entrevista.<br \/>\n Video 24: H\u00edper cuadro de metas.<br \/>\n Video 25: \u00bfC\u00f3mo hacer transmisiones en vivo?.<\/p>\n<p>ACERCA DEL PRODUCTOR<\/p>\n<p>Desarrollado por MICHAEL DELGADO, joven emprendedor especialista en Oratoria.<\/p>\n<p>Michael ha impartido conferencias en instituciones educativas hace ya 4 a\u00f1os acerca de diversos temas disruptivos.<\/p>\n<p>Es fundador de la academia MD3 Oradores y autor del libro Hiper Oratoria.<\/p>\n","protected":false},"excerpt":{"rendered":"<p>Seg\u00fan estudios el 75% de las personas sufre p\u00e1nico esc\u00e9nico.<\/p>\n<p>Aunque muchos tengan excelentes ideas, pierden impacto a la hora de comunicarlas frente al p\u00fablico o una c\u00e1mara.<\/p>\n<p>Con el MasterClass, H\u00cdPER ORATORIA, aprende todo para que tus ideas no vayan al cementerio de los sue\u00f1os y pierdan potencia.<\/p>\n<p>Impacta a tu p\u00fablico y transforma el p\u00e1nico esc\u00e9nico para que vendas m\u00e1s, en s\u00f3lo 4 semanas con un m\u00e9todo \u00fanico.<\/p>\n","protected":false},"featured_media":3503,"template":"","meta":{"_joinchat":[]},"product_brand":[],"product_cat":[320,344],"product_tag":[],"class_list":{"0":"post-11916","1":"product","2":"type-product","3":"status-publish","4":"has-post-thumbnail","6":"product_cat-desarrollo-personal","7":"product_cat-todos","9":"first","10":"instock","11":"sale","12":"shipping-taxable","13":"product-type-external"},"_links":{"self":[{"href":"https:\/\/cursos.talentup.cl\/index.php?rest_route=\/wp\/v2\/product\/11916","targetHints":{"allow":["GET"]}}],"collection":[{"href":"https:\/\/cursos.talentup.cl\/index.php?rest_route=\/wp\/v2\/product"}],"about":[{"href":"https:\/\/cursos.talentup.cl\/index.php?rest_route=\/wp\/v2\/types\/product"}],"version-history":[{"count":2,"href":"https:\/\/cursos.talentup.cl\/index.php?rest_route=\/wp\/v2\/product\/11916\/revisions"}],"predecessor-version":[{"id":14220,"href":"https:\/\/cursos.talentup.cl\/index.php?rest_route=\/wp\/v2\/product\/11916\/revisions\/14220"}],"wp:featuredmedia":[{"embeddable":true,"href":"https:\/\/cursos.talentup.cl\/index.php?rest_route=\/wp\/v2\/media\/3503"}],"wp:attachment":[{"href":"https:\/\/cursos.talentup.cl\/index.php?rest_route=%2Fwp%2Fv2%2Fmedia&parent=11916"}],"wp:term":[{"taxonomy":"product_brand","embeddable":true,"href":"https:\/\/cursos.talentup.cl\/index.php?rest_route=%2Fwp%2Fv2%2Fproduct_brand&post=11916"},{"taxonomy":"product_cat","embeddable":true,"href":"https:\/\/cursos.talentup.cl\/index.php?rest_route=%2Fwp%2Fv2%2Fproduct_cat&post=11916"},{"taxonomy":"product_tag","embeddable":true,"href":"https:\/\/cursos.talentup.cl\/index.php?rest_route=%2Fwp%2Fv2%2Fproduct_tag&post=11916"}],"curies":[{"name":"wp","href":"https:\/\/api.w.org\/{rel}","templated":true}]}}