{"id":11918,"date":"2023-01-10T04:39:43","date_gmt":"2023-01-10T07:39:43","guid":{"rendered":"https:\/\/cursos.talentup.cl\/?post_type=product&#038;p=11918"},"modified":"2024-02-07T23:37:09","modified_gmt":"2024-02-08T02:37:09","slug":"ninos-independientes-y-felices","status":"publish","type":"product","link":"https:\/\/cursos.talentup.cl\/?product=ninos-independientes-y-felices","title":{"rendered":"NI\u00d1OS INDEPENDIENTES Y FELICES"},"content":{"rendered":"<p>Muchos padres alguna vez se han sentido inseguros, vulnerables y carentes del conocimiento para guiar y acompa\u00f1ar a sus hijos.<\/p>\n<p>Otros, no quieren que sufran y desean que sus hijos tengan lo que ellos no tuvieron.<\/p>\n<p>Con el programa NI\u00d1OS M\u00c1S INDEPENDIENTES Y FELICES aprende a manejar sus vac\u00edos y frustraciones.<\/p>\n<p>Conoce herramientas para darles mayor seguridad sin perder el control en su crianza.<\/p>\n<p>Desarrolla elementos de comunicaci\u00f3n claros para que sean m\u00e1s aut\u00f3nomos y exitosos.<\/p>\n<p>\u00bfQU\u00c9 VAS A LOGRAR?<\/p>\n<p>Lograr\u00e1s mayor seguridad en tu rol de padre, fortaleciendo el v\u00ednculo afectivo con tu hijo.<\/p>\n<p>Identificar\u00e1s y derrumbar\u00e1s los mitos que te impiden expresar de manera natural espont\u00e1nea tus sentimientos y conflictos.<\/p>\n<p>Entender\u00e1s que los mitos y miedos te paralizan y no te permiten avanzar ni crear relaciones emp\u00e1ticas.<\/p>\n<p>Aprender\u00e1s estrategias que te ayudar\u00e1n a manejar tu frustraci\u00f3n como pap\u00e1.<\/p>\n<p>Encontrar\u00e1s maneras asertivas de comunicar tus emociones.<\/p>\n<p>Aprender\u00e1s herramientas eficaces que te ayudar\u00e1n a fortalecer el desarrollo de la autonom\u00eda e independencia de tu ni\u00f1o.<\/p>\n<p>Acceder\u00e1s al certificado avalado por Hotmart y Seminarios Online.<\/p>\n<p>\u00bfC\u00d3MO LO VAS A LOGRAR?<\/p>\n<p>A trav\u00e9s del siguiente contenido estructurado paso a paso:<\/p>\n<p>Video 1: Promoci\u00f3n.<br \/>\nVideo 2: Presentaci\u00f3n.<br \/>\nVideo 3: Importancia curso.<br \/>\nVideo 4: Qu\u00e9 hacer como pap\u00e1s.<br \/>\nVideo 5: Padres en tiempo de pandemia.<br \/>\nVideo 6: Padres en tiempo de pandemia &#8211; Rutinas.<br \/>\nVideo 7: Padres en tiempo de pandemia &#8211; Limites.<br \/>\nVideo 8: \u00bfC\u00f3mo es tu ni\u00f1o?<br \/>\nVideo 9: Proceso de interiorizaci\u00f3n.<br \/>\nVideo 10: Qu\u00e9 te hace Feliz.<br \/>\nVideo 11: Tips para la frustraci\u00f3n.<br \/>\nVideo 12: Preguntas para el padre.<br \/>\nVideo 13: Negociaci\u00f3n entre padres e hijos.<br \/>\nVideo 14: Herramientas comunicaci\u00f3n asertiva.<br \/>\nVideo 15: M\u00e1s herramientas de comunicaci\u00f3n.<br \/>\nVideo 16: Curaci\u00f3n de contenido.<br \/>\nVideo 17: Rivalidad entre hermanos.<br \/>\nVideo 18: Herramientas para practicar en casa.<br \/>\nVideo 19: Generador de inseguridad.<br \/>\nVideo 20: Procesos de crianza.<br \/>\nVideo 21: Fortaleciendo la inteligencia emocional.<br \/>\nVideo 22: Desarrollando la inteligencia emocional.<br \/>\nVideo 23: Ejercicios de meditaci\u00f3n.<br \/>\nVideo 24: Estrategias para criar ni\u00f1os independientes y felices.<br \/>\nVideo 25: Ejercicios pr\u00e1cticos de relajaci\u00f3n para ni\u00f1os.<br \/>\nVideo 26: Ejercicios y t\u00e9cnicas que te ayudar\u00e1n a autocontrolarse.<br \/>\nVideo 27: A partir del autocontrol como impartir una disciplina positiva.<\/p>\n<p>ACERCA DE LA PRODUCTORA<\/p>\n<p>Desarrollado por MARIA CRISTINA BIELER, Psic\u00f3loga cl\u00ednica-educativa con orientaci\u00f3n human\u00edstica, egresada de la Universidad Javeriana de la ciudad de Cali, Colombia.<\/p>\n<p>Con una amplia trayectoria en brindar apoyo y asesor\u00edas psicol\u00f3gicas a colegios prestigiosos de Cali como el colegio Coomeva, Lauretta Bender, Ca\u00f1averales y centros de estimulaci\u00f3n y jardines infantiles como Ohanna, Funguis y Chiquimimos en los cuales ha sido gu\u00eda y orientadora en el desarrollo de procesos formativos integrales de los ni\u00f1os, ha acompa\u00f1ado a las familias fortaleci\u00e9ndolas en temas de pautas de crianza y aspectos relacionados con el bienestar emocional.<\/p>\n<p>Tambi\u00e9n es pianista profesional y pedagoga dedicada a iniciar a los ni\u00f1os y adolescentes en el mundo musical, utilizando la m\u00fasica como herramienta terap\u00e9utica de trabajo que permite canalizar y expresar asertivamente las emociones<\/p>\n<p>Apasionada con lo que hace, enamorada del dinamismo, magia y espontaneidad de los ni\u00f1os con m\u00e1s de 25 a\u00f1os de experiencia en el \u00e1rea de educaci\u00f3n. <\/p>\n","protected":false},"excerpt":{"rendered":"<p>Muchos padres alguna vez se han sentido inseguros, vulnerables y carentes del conocimiento para guiar y acompa\u00f1ar a sus hijos.<\/p>\n<p>Otros, no quieren que sufran y desean que sus hijos tengan lo que ellos no tuvieron.<\/p>\n<p>Con el programa NI\u00d1OS M\u00c1S INDEPENDIENTES Y FELICES aprende a manejar sus vac\u00edos y frustraciones.<\/p>\n<p>Conoce herramientas para darles mayor seguridad sin perder el control en su crianza.<\/p>\n<p>Desarrolla elementos de comunicaci\u00f3n claros para que sean m\u00e1s aut\u00f3nomos y exitosos.<\/p>\n","protected":false},"featured_media":3505,"template":"","meta":{"_joinchat":[]},"product_brand":[],"product_cat":[320,344],"product_tag":[],"class_list":{"0":"post-11918","1":"product","2":"type-product","3":"status-publish","4":"has-post-thumbnail","6":"product_cat-desarrollo-personal","7":"product_cat-todos","9":"first","10":"instock","11":"sale","12":"shipping-taxable","13":"product-type-external"},"_links":{"self":[{"href":"https:\/\/cursos.talentup.cl\/index.php?rest_route=\/wp\/v2\/product\/11918","targetHints":{"allow":["GET"]}}],"collection":[{"href":"https:\/\/cursos.talentup.cl\/index.php?rest_route=\/wp\/v2\/product"}],"about":[{"href":"https:\/\/cursos.talentup.cl\/index.php?rest_route=\/wp\/v2\/types\/product"}],"version-history":[{"count":2,"href":"https:\/\/cursos.talentup.cl\/index.php?rest_route=\/wp\/v2\/product\/11918\/revisions"}],"predecessor-version":[{"id":14222,"href":"https:\/\/cursos.talentup.cl\/index.php?rest_route=\/wp\/v2\/product\/11918\/revisions\/14222"}],"wp:featuredmedia":[{"embeddable":true,"href":"https:\/\/cursos.talentup.cl\/index.php?rest_route=\/wp\/v2\/media\/3505"}],"wp:attachment":[{"href":"https:\/\/cursos.talentup.cl\/index.php?rest_route=%2Fwp%2Fv2%2Fmedia&parent=11918"}],"wp:term":[{"taxonomy":"product_brand","embeddable":true,"href":"https:\/\/cursos.talentup.cl\/index.php?rest_route=%2Fwp%2Fv2%2Fproduct_brand&post=11918"},{"taxonomy":"product_cat","embeddable":true,"href":"https:\/\/cursos.talentup.cl\/index.php?rest_route=%2Fwp%2Fv2%2Fproduct_cat&post=11918"},{"taxonomy":"product_tag","embeddable":true,"href":"https:\/\/cursos.talentup.cl\/index.php?rest_route=%2Fwp%2Fv2%2Fproduct_tag&post=11918"}],"curies":[{"name":"wp","href":"https:\/\/api.w.org\/{rel}","templated":true}]}}