{"id":11919,"date":"2023-01-10T04:39:43","date_gmt":"2023-01-10T07:39:43","guid":{"rendered":"https:\/\/cursos.talentup.cl\/?post_type=product&#038;p=11919"},"modified":"2024-02-07T23:37:09","modified_gmt":"2024-02-08T02:37:09","slug":"habla-en-publico-y-robate-el-show","status":"publish","type":"product","link":"https:\/\/cursos.talentup.cl\/?product=habla-en-publico-y-robate-el-show","title":{"rendered":"HABLA EN P\u00daBLICO Y R\u00d3BATE EL SHOW"},"content":{"rendered":"<p>Hablar en p\u00fablico es una de las habilidades m\u00e1s poderosas que puede tener una persona. Es una cualidad que te hace diferente y te brinda grandes ventajas.<\/p>\n<p>Con el MasterClass, HABLA EN P\u00daBLICO Y R\u00d3BATE EL SHOW, desarrolla las habilidades para perder el miedo a hacerlo y as\u00ed atrapar todas las miradas.<\/p>\n<p>No pierdas la oportunidad de vivir este gran reto y as\u00ed poder influenciar a tu p\u00fablico con tu presentaci\u00f3n.<\/p>\n<p>Aprende a analizar a tu audiencia, dominar los nervios y por supuesto\u2026 comunicarte con impacto potenciando tu voz y tu capacidad persuasiva. <\/p>\n<p>\u00bfQU\u00c9 VAS A LOGRAR?<\/p>\n<p>Este Masterclass te ense\u00f1ar\u00e1 de a trav\u00e9s de consejos concretos y de forma manera pr\u00e1ctica y experimental cada aspecto desde la preparaci\u00f3n de un tema, estructuras tus ideas, hasta la manera de desempe\u00f1arte frente al escenario. <\/p>\n<p>Adquirir\u00e1s t\u00e9cnicas para comenzar a analizar a tu audiencia y dise\u00f1ar contenidos que les sean relevantes y de impacto inmediato.<\/p>\n<p>Aprender\u00e1s de las mejores pr\u00e1cticas y errores a evitar al momento de ponerte de pie frente a una audiencia. <\/p>\n<p>Lograr\u00e1s manejar los nervios y la falta de seguridad para convertirte en un especialista en manejar tus emociones y las del p\u00fablico.<\/p>\n<p>Construir\u00e1s conexiones r\u00e1pidas y aut\u00e9nticas con la audiencia.<\/p>\n<p>Aprender\u00e1s a sacarle provecho a tu voz y explotarla para tocar emociones de tus oyentes.<\/p>\n<p>Recibir\u00e1s consejos sobre c\u00f3mo comunicar tu mensaje con claridad, usando tu propio estilo de presentaci\u00f3n. <\/p>\n<p>Desarrollar\u00e1s tu propio estilo de comunicaci\u00f3n tanto verbal como no verbal.<\/p>\n<p>Realizar\u00e1s conclusiones poderosas con llamados a la acci\u00f3n con el fin de persuadir a la gente. <\/p>\n<p>Practicar\u00e1s para desarrollar una especie de charla TED (presentaci\u00f3n) ante un p\u00fablico conocedor e incluso desafiante.<\/p>\n<p>Acceder\u00e1s al certificado avalado por Hotmart y Seminarios Online.<\/p>\n<p>\u00bfC\u00d3MO LO VAS A LOGRAR?<\/p>\n<p>MODULO 1. EL \u00c9XITO INICIA CON LA CORRECTA PREPARACI\u00d3N<\/p>\n<p>Video 1\tIntroducci\u00f3n.<br \/>\nVideo 2\tEl secreto de la confianza.<br \/>\nVideo 3\tConoce a tu audiencia.<br \/>\nVideo 4\tLa t\u00e9cnica de la servilleta.<br \/>\nVideo 5\tEstructura la presentaci\u00f3n.<br \/>\nVideo 6\tPuntos simples.<br \/>\nVideo 7\tBalancea tus puntos y rep\u00e1salos.<br \/>\nVideo 8\tEnf\u00f3cate en tu audiencia no en ti.<br \/>\nVideo 9\tMemorizar o no memorizar.<br \/>\nVideo 10 Descansa.<br \/>\nVideo 11 Puntualidad.<br \/>\nVideo 12 Centramiento.<br \/>\nVideo 13 Conexi\u00f3n encima de perfecci\u00f3n.<br \/>\nVideo 14 No temas fracasar.<\/p>\n<p>MODULO 2. ENTRA EN ESCENA, EL ESCENARIO ES TUYO<\/p>\n<p>Video 15 Deja claro tu punto de destino<br \/>\nVideo 16 Uso de apuntador<br \/>\nVideo 17 Uso de props<br \/>\nVideo 18 Hidr\u00e1tate<br \/>\nVideo 19 Volumen<br \/>\nVideo 20 Tono de voz<br \/>\nVideo 21 Velocidad<br \/>\nVideo 22 Pausas y silencios<br \/>\nVideo 23 Estilo<br \/>\nVideo 24 Parafraseo<br \/>\nVideo 25 Ejemplos y an\u00e9cdotas<br \/>\nVideo 26 Muletillas<br \/>\nVideo 27 Dicci\u00f3n<br \/>\nVideo 28 Tecnicismos<br \/>\nVideo 29 Improvisaci\u00f3n<br \/>\nVideo 30 Uso de las manos<br \/>\nVideo 31 Desplazamientos<br \/>\nVideo 32 Interacci\u00f3n<br \/>\nVideo 33 Termina a tiempo<br \/>\nVideo 34 Uso de diapositivas<br \/>\nVideo 35 Regresa lo m\u00e1s pronto posible<br \/>\nVideo 36 Cierra con broche de oro<\/p>\n<p>MODULO 3. PROYECTO FINAL Y CONCLUSI\u00d3N<\/p>\n<p>Video 37 Pr\u00e1ctica \u2013 La t\u00e9cnica de la servilleta<br \/>\nVideo 38 Pr\u00e1ctica \u2013 Arte de improvisar<br \/>\nVideo 39 Proyecto Final &#8211; Mini Charla TED<br \/>\nVideo 38 Conclusi\u00f3n<\/p>\n<p>ACERCA DE LOS PRODUCTORES<\/p>\n<p>Desarrollado por FREDDY MEDINA Y ALBERTO NEGRETE, dos expertos en el tema de hablar en p\u00fablico, ambos mexicanos y con la pasi\u00f3n de ense\u00f1ar a otros a desenvolverse mejor ante cualquier audiencia y sobre cualquier escenario. <\/p>\n<p>Freddy Medina es cofundador de Aldea Gur\u00fa y Gur\u00fa del Excel, empresas enfocadas a la creaci\u00f3n de contenidos para desarrollar el potencial personal y de negocios. <\/p>\n<p>Ha impartido m\u00e1s de 500 cursos y decenas de conferencias en los \u00faltimos 10 a\u00f1os a una amplia gama de audiencias del sector p\u00fablico y privado en todo M\u00e9xico. <\/p>\n<p>Su estilo ameno y sencillo busca impactar las vidas de sus oyentes. <\/p>\n<p>Alberto Negrete es director de operaciones de Aldea Gur\u00fa, ha sido facilitador, coach y conferencista por m\u00e1s de 15 a\u00f1os. <\/p>\n<p>Ha trabajado con empresas mexicanas tales c\u00f3mo Telcel, Telmex, Sears entre otras m\u00e1s. Su amplia trayectoria le ha brindado las experiencias necesarias para compartir las mejores pr\u00e1cticas para hablar frente al p\u00fablico. <\/p>\n","protected":false},"excerpt":{"rendered":"<p>Hablar en p\u00fablico es una de las habilidades m\u00e1s poderosas que puede tener una persona. Es una cualidad que te hace diferente y te brinda grandes ventajas.<\/p>\n<p>Con el MasterClass, HABLA EN P\u00daBLICO Y R\u00d3BATE EL SHOW, desarrolla las habilidades para perder el miedo a hacerlo y as\u00ed atrapar todas las miradas.<\/p>\n<p>No pierdas la oportunidad de vivir este gran reto y as\u00ed poder influenciar a tu p\u00fablico con tu presentaci\u00f3n.<\/p>\n<p>Aprende a analizar a tu audiencia, dominar los nervios y por supuesto\u2026 comunicarte con impacto potenciando tu voz y tu capacidad persuasiva. <\/p>\n","protected":false},"featured_media":3506,"template":"","meta":{"_joinchat":[]},"product_brand":[],"product_cat":[320,344],"product_tag":[],"class_list":{"0":"post-11919","1":"product","2":"type-product","3":"status-publish","4":"has-post-thumbnail","6":"product_cat-desarrollo-personal","7":"product_cat-todos","9":"first","10":"instock","11":"sale","12":"shipping-taxable","13":"product-type-external"},"_links":{"self":[{"href":"https:\/\/cursos.talentup.cl\/index.php?rest_route=\/wp\/v2\/product\/11919","targetHints":{"allow":["GET"]}}],"collection":[{"href":"https:\/\/cursos.talentup.cl\/index.php?rest_route=\/wp\/v2\/product"}],"about":[{"href":"https:\/\/cursos.talentup.cl\/index.php?rest_route=\/wp\/v2\/types\/product"}],"version-history":[{"count":2,"href":"https:\/\/cursos.talentup.cl\/index.php?rest_route=\/wp\/v2\/product\/11919\/revisions"}],"predecessor-version":[{"id":14223,"href":"https:\/\/cursos.talentup.cl\/index.php?rest_route=\/wp\/v2\/product\/11919\/revisions\/14223"}],"wp:featuredmedia":[{"embeddable":true,"href":"https:\/\/cursos.talentup.cl\/index.php?rest_route=\/wp\/v2\/media\/3506"}],"wp:attachment":[{"href":"https:\/\/cursos.talentup.cl\/index.php?rest_route=%2Fwp%2Fv2%2Fmedia&parent=11919"}],"wp:term":[{"taxonomy":"product_brand","embeddable":true,"href":"https:\/\/cursos.talentup.cl\/index.php?rest_route=%2Fwp%2Fv2%2Fproduct_brand&post=11919"},{"taxonomy":"product_cat","embeddable":true,"href":"https:\/\/cursos.talentup.cl\/index.php?rest_route=%2Fwp%2Fv2%2Fproduct_cat&post=11919"},{"taxonomy":"product_tag","embeddable":true,"href":"https:\/\/cursos.talentup.cl\/index.php?rest_route=%2Fwp%2Fv2%2Fproduct_tag&post=11919"}],"curies":[{"name":"wp","href":"https:\/\/api.w.org\/{rel}","templated":true}]}}