{"id":11921,"date":"2023-01-10T04:39:43","date_gmt":"2023-01-10T07:39:43","guid":{"rendered":"https:\/\/cursos.talentup.cl\/?post_type=product&#038;p=11921"},"modified":"2024-02-07T23:37:09","modified_gmt":"2024-02-08T02:37:09","slug":"descubre-tu-proposito-de-vida","status":"publish","type":"product","link":"https:\/\/cursos.talentup.cl\/?product=descubre-tu-proposito-de-vida","title":{"rendered":"DESCUBRE TU PROP\u00d3SITO DE VIDA"},"content":{"rendered":"<p>Imagina una guitarra para guardar tu dinero \u00bfEst\u00e1 cumpliendo su prop\u00f3sito real? \u00bfO es solo un objeto decorativo que guarda cosas?<\/p>\n<p>A 6 de cada 10 personas les pasa cuando hacen aquello que no corresponden con lo que quieren.<\/p>\n<p>Con el Master class DESCUBRE TU PROP\u00d3SITO DE VIDA, aplica las herramientas que te llevar\u00e1n a cumplir metas, alineadas con tu verdadera esencia.<\/p>\n<p>Este es un programa de coaching para que aprendas c\u00f3mo potenciar tus habilidades a partir de la metodolog\u00eda PUZZLE, aplicada a cualquier \u00e1rea.<\/p>\n<p>!Convi\u00e9rtete en arquitecto de una vida con prop\u00f3sito!<\/p>\n<p>\u00bfQU\u00c9 VAS A LOGRAR?<\/p>\n<p>Aprender\u00e1s a construir tu vida y a comenzar a accionar tus sue\u00f1os.<\/p>\n<p>Despertar\u00e1s el enfoque real para que no pierdas m\u00e1s tiempo y dinero.<\/p>\n<p>Desarrollar\u00e1s t\u00fa potencial en lo que realmente te apasiona.<\/p>\n<p>Te conocer\u00e1s a ti mismo para tomar mejores decisiones.<\/p>\n<p>Descubrir\u00e1s en d\u00f3nde est\u00e1 tu pasi\u00f3n y el prop\u00f3sito para el cual naciste.<\/p>\n<p>Aprender\u00e1s a metodolog\u00eda Puzzle que te servir\u00e1 para aplicar en cada \u00e1rea de tu vida.<\/p>\n<p>Conocer\u00e1s las 3 herramientas paso a paso que podr\u00e1s usar durante el transcurso de tu vida.<\/p>\n<p>Empezar\u00e1s a ser el arquitecto de tu vida, vivir una vida de ensue\u00f1o que no es impo-sible, ni para unos pocos, descubrir\u00e1s los pasos para lograrlo y vivir una vida con prop\u00f3sito.<\/p>\n<p>Acceder\u00e1s al certificado avalado por Hotmart y Seminarios Online.<\/p>\n<p>\u00bfC\u00d3MO LO VAS A LOGRAR?<\/p>\n<p>Las lecciones son:<\/p>\n<p>Empezar a vivir una vida con prop\u00f3sito.<br \/>\nTener un Enfoque de vida.<br \/>\nAutoconocimiento personal.<br \/>\n Encontrar Motivaciones para tu vida.<br \/>\nMejorar en tus relaciones interpersonales.<br \/>\nAhorrar tiempo, dinero y esfuerzos.<br \/>\nDesarrollo Personal.<br \/>\nDesarrollar la Habilidad para so\u00f1ar.<br \/>\nSalir de la zona de Confort-. Cambio de Vida<br \/>\nSer consciente de tu necesidad de querer saber cu\u00e1l es tu prop\u00f3sito de vida.<br \/>\nEmpezar a tener una vida significativa.<br \/>\nConocer el camino para empezar a cumplir metas.<br \/>\nDejar a un lado la frustraci\u00f3n y el cansancio al intentar muchas cosas sin tener el resultado esperado.<br \/>\nTener las herramientas para ayudar a otros a cumplir su prop\u00f3sito.<\/p>\n<p>BONUS <\/p>\n<p>10% de Descuento en Mentor\u00edas Privadas<br \/>\nEBOOK<br \/>\nMaterial Descargable<\/p>\n<p>ACERCA DE LA PRODUCTORA<\/p>\n<p>Desarrollado por VICTORIA VARGAS, una mujer apasiona por ayudar a las personas a des-cubrir y desarrollar su prop\u00f3sito de vida. <\/p>\n<p>Publicista de profesi\u00f3n con 13 a\u00f1os de experiencia.<\/p>\n<p>Empresaria por m\u00e1s de 8 a\u00f1os en el \u00e1rea de mercadeo y eventos, consultora empresarial Pymes por m\u00e1s de 2 a\u00f1os y Coach personal por m\u00e1s de 7 a\u00f1os en el \u00e1rea de crecimiento personal y espiritual. <\/p>\n","protected":false},"excerpt":{"rendered":"<p>Imagina una guitarra para guardar tu dinero \u00bfEst\u00e1 cumpliendo su prop\u00f3sito real? \u00bfO es solo un objeto decorativo que guarda cosas?<\/p>\n<p>A 6 de cada 10 personas les pasa cuando hacen aquello que no corresponden con lo que quieren.<\/p>\n<p>Con el Master class DESCUBRE TU PROP\u00d3SITO DE VIDA, aplica las herramientas que te llevar\u00e1n a cumplir metas, alineadas con tu verdadera esencia.<\/p>\n<p>Este es un programa de coaching para que aprendas c\u00f3mo potenciar tus habilidades a partir de la metodolog\u00eda PUZZLE, aplicada a cualquier \u00e1rea.<\/p>\n<p>!Convi\u00e9rtete en arquitecto de una vida con prop\u00f3sito!<\/p>\n","protected":false},"featured_media":3508,"template":"","meta":{"_joinchat":[]},"product_brand":[],"product_cat":[320,344],"product_tag":[],"class_list":{"0":"post-11921","1":"product","2":"type-product","3":"status-publish","4":"has-post-thumbnail","6":"product_cat-desarrollo-personal","7":"product_cat-todos","9":"first","10":"instock","11":"sale","12":"shipping-taxable","13":"product-type-external"},"_links":{"self":[{"href":"https:\/\/cursos.talentup.cl\/index.php?rest_route=\/wp\/v2\/product\/11921","targetHints":{"allow":["GET"]}}],"collection":[{"href":"https:\/\/cursos.talentup.cl\/index.php?rest_route=\/wp\/v2\/product"}],"about":[{"href":"https:\/\/cursos.talentup.cl\/index.php?rest_route=\/wp\/v2\/types\/product"}],"version-history":[{"count":2,"href":"https:\/\/cursos.talentup.cl\/index.php?rest_route=\/wp\/v2\/product\/11921\/revisions"}],"predecessor-version":[{"id":14225,"href":"https:\/\/cursos.talentup.cl\/index.php?rest_route=\/wp\/v2\/product\/11921\/revisions\/14225"}],"wp:featuredmedia":[{"embeddable":true,"href":"https:\/\/cursos.talentup.cl\/index.php?rest_route=\/wp\/v2\/media\/3508"}],"wp:attachment":[{"href":"https:\/\/cursos.talentup.cl\/index.php?rest_route=%2Fwp%2Fv2%2Fmedia&parent=11921"}],"wp:term":[{"taxonomy":"product_brand","embeddable":true,"href":"https:\/\/cursos.talentup.cl\/index.php?rest_route=%2Fwp%2Fv2%2Fproduct_brand&post=11921"},{"taxonomy":"product_cat","embeddable":true,"href":"https:\/\/cursos.talentup.cl\/index.php?rest_route=%2Fwp%2Fv2%2Fproduct_cat&post=11921"},{"taxonomy":"product_tag","embeddable":true,"href":"https:\/\/cursos.talentup.cl\/index.php?rest_route=%2Fwp%2Fv2%2Fproduct_tag&post=11921"}],"curies":[{"name":"wp","href":"https:\/\/api.w.org\/{rel}","templated":true}]}}