{"id":11922,"date":"2023-01-10T04:39:43","date_gmt":"2023-01-10T07:39:43","guid":{"rendered":"https:\/\/cursos.talentup.cl\/?post_type=product&#038;p=11922"},"modified":"2024-02-07T23:37:09","modified_gmt":"2024-02-08T02:37:09","slug":"pnl-para-deportistas-y-entrenadores","status":"publish","type":"product","link":"https:\/\/cursos.talentup.cl\/?product=pnl-para-deportistas-y-entrenadores","title":{"rendered":"PNL PARA DEPORTISTAS Y ENTRENADORES"},"content":{"rendered":"<p>\u00a1Convi\u00e9rtete en el l\u00edder que siempre deseaste ser, para lograr altos resultados en deportistas y equipos!<\/p>\n<p>Con el programa PNL PARA DEPORTISTAS Y ENTRENADORES, aprende a dar ese gran salto en su rendimiento y carrera deportiva.<\/p>\n<p>Gracias a las herramientas de PROGRAMACI\u00d3N NEUROLING\u00cdSTICA, Te guiaremos paso a paso para que regules tu estado emocional de una forma sencilla y r\u00e1pida.<\/p>\n<p>Toma conciencia de tus pensamientos y domina las claves de la excelencia para alcanzar los \u00e9xitos que muchos l\u00edderes deportivos en todo el planeta han logrado.<\/p>\n<p>\u00bfQU\u00c9 VAS A LOGRAR?<\/p>\n<p>Liderar\u00e1s con efectividad tu comportamiento y rendimiento para acceder a mejores resultados.<\/p>\n<p>Gestionar\u00e1s tu estado emocional de una forma sencilla y r\u00e1pida.<\/p>\n<p>Aprender\u00e1s como tomar conciencia de tus pensamientos y movimientos.<\/p>\n<p>Conocer\u00e1s la importancia de la fisiolog\u00eda y la respiraci\u00f3n y c\u00f3mo influye directamente en tu rendimiento.<\/p>\n<p>Aprender\u00e1s la cadena de la excelencia, la base de cualquier patr\u00f3n para alcanzar el alto rendimiento.<\/p>\n<p>Aprender\u00e1s 3 t\u00e9cnicas express para volver a tu mejor estado cuando m\u00e1s lo necesites, esos momentos en que sientes que no estas en \u00e9l y te bloqueas.<\/p>\n<p>Aprender\u00e1s las claves de la comunicaci\u00f3n para que puedas aportar lo que deseas aportar a tu equipo.<\/p>\n<p>Desarrollar\u00e1s tu planificaci\u00f3n deportiva desde una posici\u00f3n de excelencia.<\/p>\n<p>Aprender\u00e1s a establecer objetivos efectivamente, a desafiar las circunstancias y l\u00edmites establecidos ofreciendo recursos de la m\u00e1s alta calidad.<\/p>\n<p>Conseguir\u00e1s tu certificado de horas lectivas como L\u00edder Reverberante que te dan acceso a beneficios en siguientes niveles formativos.<\/p>\n<p>Acceder\u00e1s al certificado avalado por Hotmart y Seminarios Online.<\/p>\n<p>\u00bfC\u00d3MO LO VAS A LOGRAR?<\/p>\n<p>PARTE 1: LOS RETOS ENFRENTADOS POR EL DEPORTISTA<\/p>\n<p>1. Lecci\u00f3n 1: \u201cEl deportista ante el reto, ese momento\u201d<br \/>\n2. Lecci\u00f3n 2: \u201c\u00bfC\u00f3mo miramos nuestros momentos?\u201d<br \/>\n3. Lecci\u00f3n 3: \u201cDos caminos para afrontar el reto\u201d <\/p>\n<p>Material de apoyo descargable (PDF de los materiales, tipos, tama\u00f1os, Link a los canales privados del instructor)<\/p>\n<p>PARTE 2: TECTAC MENTAL, PLANIFICA TU RENDIMIENTO<\/p>\n<p>4. Lecci\u00f3n 4: \u201c\u00bfQu\u00e9 es TECTAC Mental?\u201d<br \/>\n5. Lecci\u00f3n 5: \u201cEspec\u00edfica los pasos para construir\u201d<br \/>\n6. Lecci\u00f3n 6: \u201cLos pilares del rendimiento\u201d <\/p>\n<p>Material de apoyo descargable (PDF de los materiales)<\/p>\n<p>PARTE 3: CONSTRUYENDO AL CONSTRUCTOR<\/p>\n<p>7. Lecci\u00f3n 7: \u201cEl camino para construir empieza por ti\u201d<br \/>\n8. Lecci\u00f3n 8: \u201c7 Presuposiciones que la PNL aporta para volar\u201d<br \/>\n9. Lecci\u00f3n 9: \u201c4 Zancadas para construir eficazmente\u201d<\/p>\n<p>Material de apoyo descargable (PDF de los materiales)<\/p>\n<p>PARTE 4: L\u00cdDER REVERBERANTE<\/p>\n<p>10. Lecci\u00f3n 10: \u201cMi historia de Reverberaci\u00f3n\u201d<br \/>\n11. Lecci\u00f3n 11: \u201c\u00bfQu\u00e9 l\u00edder quieres ser?<br \/>\n12. Lecci\u00f3n 12: \u201c\u00bfQu\u00e9 es importante para llegar a ser?\u201d<\/p>\n<p>Material de apoyo descargable (PDF de los materiales)<\/p>\n<p>PARTE 5: CONSTRUYE TU LIDERAZGO REVERBERANTE I<\/p>\n<p>13. Lecci\u00f3n 13: \u201cToma conciencia, Gesti\u00f3n Emocional y Mental\u201d<br \/>\n14. Lecci\u00f3n 14: \u201c3 T\u00e9cnicas EXPRESS para tu estado\u201d<br \/>\n15. Lecci\u00f3n 15: \u201cGesti\u00f3n Emocional\u201d<\/p>\n<p>Material de apoyo descargable (PDF de los materiales)<\/p>\n<p>PARTE 6: CONSTRUYE TU LIDERAZGO REVERBERANTE II<\/p>\n<p>16. Lecci\u00f3n 16: \u201c\u00bfQui\u00e9n soy y quien deseo ser?<br \/>\n17. Lecci\u00f3n 17: \u201c\u00bfQui\u00e9n soy en mis acciones?<br \/>\n18. Lecci\u00f3n 18: \u201c\u00bfC\u00f3mo llegare a ser?<\/p>\n<p>Material de apoyo descargable (PDF de los materiales)<\/p>\n<p>PARTE 7: CONSTRUYE TU LIDERAZGO REVERBERANTE III<\/p>\n<p>19. Lecci\u00f3n 19: \u201c\u00bfC\u00f3mo mides y compartes tu realidad?<br \/>\n20. Lecci\u00f3n 20: \u201cEnf\u00f3cate totalmente en ti\u201d<br \/>\n21. Lecci\u00f3n 21: \u201cEnf\u00f3cate totalmente en el otro, conecta, acompasa, comparte\u201d<\/p>\n<p>Material de apoyo descargable (PDF de los materiales)<\/p>\n<p>PARTE 8: CONSTRUYE EL PLAN ADECUADO PARA TU EQUIPO Y PASA A LA ACCI\u00d3N<\/p>\n<p>22.Lecci\u00f3n 22: \u201c\u00bfQu\u00e9 equipo deseas ser?<br \/>\n23.Lecci\u00f3n 23: \u201c\u00bfQu\u00e9 deseas conseguir?\u201d<br \/>\n24.Lecci\u00f3n 24: \u201c\u00bfC\u00f3mo lo vas a conseguir?<\/p>\n<p>Material de apoyo descargable (PDF de los materiales)<\/p>\n<p>ACERCA DEL PRODUCTOR<\/p>\n<p>Desarrollado por KIKE FERN\u00c1NDEZ, Instructor capacitado y certificado como Trainer Internacional en PNL por la ITA (International Trainers Academy) John Grinder &#8211; Carmen Bostic &#8211; Michael Carroll, de la que fue miembro.<\/p>\n<p>Su camino formativo fue Practitioner PNL C\u00f3digo Cl\u00e1sico y Practitioner Deportivo PNL Nuevo C\u00f3digo y Master Practitioner y Coach Internacional en PNL.<\/p>\n<p>Anteriormente, formado en Coaching Deportivo y Educativo por la Universidad La Florida y CEU Cardenal Herrera en Valencia. Es Trainer Profesional y Miembro Comit\u00e9 Ejecutivo de IFC NLP (International Federation Of Coaching and NLP).<\/p>\n<p>Es Entrenador Nacional de Balonmano por la RFEBM (Real Federaci\u00f3n Espa\u00f1ola de Balonmano) y Tercer Nivel Rinck Convention de la IHF (International Handball Federation).<\/p>\n<p>Fundador de Sport And Life Coaching empresa constituida y reconocida a nivel nacional e Internacional por sus trabajos con multitud de deportistas, entrenadores y organizaciones. <\/p>\n<p>Con m\u00e1s de 10 a\u00f1os de experiencia en el Coaching aplicado en equipos deportivos y de alto rendimiento. <\/p>\n<p>Colaborador habitual (4\u201d TEMPORADA) con secci\u00f3n propia en programa especializado A LA MADERA, colaborador en TV y en diversas formaciones a nivel Internacional para Entrenadores, Coachs, MBAS, Liderazgo y B\u00fasqueda de Empleo para Emprendedores.<\/p>\n","protected":false},"excerpt":{"rendered":"<p>\u00a1Convi\u00e9rtete en el l\u00edder que siempre deseaste ser, para lograr altos resultados en deportistas y equipos!<\/p>\n<p>Con el programa PNL PARA DEPORTISTAS Y ENTRENADORES, aprende a dar ese gran salto en su rendimiento y carrera deportiva.<\/p>\n<p>Gracias a las herramientas de PROGRAMACI\u00d3N NEUROLING\u00cdSTICA, Te guiaremos paso a paso para que regules tu estado emocional de una forma sencilla y r\u00e1pida.<\/p>\n<p>Toma conciencia de tus pensamientos y domina las claves de la excelencia para alcanzar los \u00e9xitos que muchos l\u00edderes deportivos en todo el planeta han logrado.<\/p>\n","protected":false},"featured_media":3509,"template":"","meta":{"_joinchat":[]},"product_brand":[],"product_cat":[320,344],"product_tag":[],"class_list":{"0":"post-11922","1":"product","2":"type-product","3":"status-publish","4":"has-post-thumbnail","6":"product_cat-desarrollo-personal","7":"product_cat-todos","9":"first","10":"instock","11":"sale","12":"shipping-taxable","13":"product-type-external"},"_links":{"self":[{"href":"https:\/\/cursos.talentup.cl\/index.php?rest_route=\/wp\/v2\/product\/11922","targetHints":{"allow":["GET"]}}],"collection":[{"href":"https:\/\/cursos.talentup.cl\/index.php?rest_route=\/wp\/v2\/product"}],"about":[{"href":"https:\/\/cursos.talentup.cl\/index.php?rest_route=\/wp\/v2\/types\/product"}],"version-history":[{"count":2,"href":"https:\/\/cursos.talentup.cl\/index.php?rest_route=\/wp\/v2\/product\/11922\/revisions"}],"predecessor-version":[{"id":14226,"href":"https:\/\/cursos.talentup.cl\/index.php?rest_route=\/wp\/v2\/product\/11922\/revisions\/14226"}],"wp:featuredmedia":[{"embeddable":true,"href":"https:\/\/cursos.talentup.cl\/index.php?rest_route=\/wp\/v2\/media\/3509"}],"wp:attachment":[{"href":"https:\/\/cursos.talentup.cl\/index.php?rest_route=%2Fwp%2Fv2%2Fmedia&parent=11922"}],"wp:term":[{"taxonomy":"product_brand","embeddable":true,"href":"https:\/\/cursos.talentup.cl\/index.php?rest_route=%2Fwp%2Fv2%2Fproduct_brand&post=11922"},{"taxonomy":"product_cat","embeddable":true,"href":"https:\/\/cursos.talentup.cl\/index.php?rest_route=%2Fwp%2Fv2%2Fproduct_cat&post=11922"},{"taxonomy":"product_tag","embeddable":true,"href":"https:\/\/cursos.talentup.cl\/index.php?rest_route=%2Fwp%2Fv2%2Fproduct_tag&post=11922"}],"curies":[{"name":"wp","href":"https:\/\/api.w.org\/{rel}","templated":true}]}}