{"id":11923,"date":"2023-01-10T04:39:43","date_gmt":"2023-01-10T07:39:43","guid":{"rendered":"https:\/\/cursos.talentup.cl\/?post_type=product&#038;p=11923"},"modified":"2024-02-07T23:37:09","modified_gmt":"2024-02-08T02:37:09","slug":"sana-tu-relacion-para-siempre","status":"publish","type":"product","link":"https:\/\/cursos.talentup.cl\/?product=sana-tu-relacion-para-siempre","title":{"rendered":"SANA TU RELACI\u00d3N PARA SIEMPRE"},"content":{"rendered":"<p>Si sientes frustraci\u00f3n porque tu relaci\u00f3n de pareja no cumple con tus expectativas y temes que se acabe, tienes que conocer el programa digital SANA TU RELACI\u00d3N PARA SIEMPRE.<\/p>\n<p>Aprende a desarrollar estrategias de inteligencia emocional que elevar\u00e1n tus niveles de comunicaci\u00f3n y convivencia.<\/p>\n<p>Conoce c\u00f3mo detectar el origen de aquellos comportamientos y ataduras del pasado que te est\u00e1n generando relaciones t\u00f3xicas.<\/p>\n<p>Domina estrategias pr\u00e1cticas para manejar situaciones dif\u00edciles<\/p>\n<p>\u00a1Sana tu relaci\u00f3n definitivamente y disfruta de la vida en pareja!<\/p>\n<p>\u00bfQU\u00c9 VAS A LOGRAR?<\/p>\n<p>Aprender\u00e1s el desarrollo de estrategias de manejo emocional que elevar\u00e1n tu nivel de comunicaci\u00f3n y convivencia.<\/p>\n<p>Podr\u00e1s manejarte a ti mismo con plena conciencia despoj\u00e1ndote de aprendizajes err\u00f3neos y ataduras del pasado.<\/p>\n<p>Podr\u00e1s, a trav\u00e9s de test y ejercicios din\u00e1micos, comprender el porqu\u00e9 de tus reacciones y las de tu pareja.<\/p>\n<p>Aprender\u00e1s a observar y gestionar tus emociones para que jueguen a tu favor, saliendo de la zona del conflicto hacia la zona de la reflexi\u00f3n, del conocimiento y del amor propio.<\/p>\n<p>Comprender\u00e1s que sanar se logra a trav\u00e9s de un compromiso firme y consistente contigo mismo, no con pa\u00f1os tibios o consejos m\u00e1gicos.<\/p>\n<p>Conocer\u00e1s aquellas zonas de tu vida que te impiden llegar a conquistar el bienestar y la calidad de vida que te mereces con tu pareja.<\/p>\n<p>Acceder\u00e1s al certificado avalado por Hotmart y Seminarios Online.<\/p>\n<p>\u00bfC\u00d3MO LO VAS A LOGRAR?<\/p>\n<p>M\u00d3DULO 1: PRIMERO M\u00cdRATE A TI MISMO<\/p>\n<p>Analiza tu situaci\u00f3n<br \/>\nHazte cargo de ti mismo<br \/>\nHazte cargo de tus actitudes reactivas<\/p>\n<p>M\u00d3DULO 2: MIRA TU ENTORNO<\/p>\n<p>Retorno al pasado<br \/>\nTu forma de crianza determina tus relaciones<br \/>\nLa obediencia familiar como un obst\u00e1culo<\/p>\n<p>M\u00d3DULO 3: UNA MIRADA AL AMOR<\/p>\n<p>Ahora s\u00ed hablemos de amor<br \/>\nDiferencia entre amor y necesidad<br \/>\nAprendizajes previos, prejuicios y creencias acerca del amor<br \/>\nSintonizar con el amor<\/p>\n<p>M\u00d3DULO 4: POR QU\u00c9 PELEAMOS<\/p>\n<p>Identificaci\u00f3n de los puntos de conflicto<br \/>\nQui\u00e9n inicia la pelea o rompe la calma<br \/>\nPor qu\u00e9 caemos en crisis una y otra vez<\/p>\n<p>M\u00d3DULO 5: LOS CELOS<\/p>\n<p>Definici\u00f3n y tipos de celos<br \/>\nPor qu\u00e9 se producen los celos<br \/>\nOjo con los celos enfermizos<br \/>\nC\u00f3mo superar los celos<\/p>\n<p>BONUS<\/p>\n<p>Ejercicio de control emocional<br \/>\nEjercicio de liberaci\u00f3n de cargas<br \/>\nPuesta en marcha de tu proyecto de amar<\/p>\n<p>ACERCA DE LA PRODUCTORA<\/p>\n<p>Desarrollado por LOYDE CUESTA es Psic\u00f3loga Cl\u00ednica, tiene 27 a\u00f1os de experiencia en la consulta psicol\u00f3gica.<\/p>\n<p>Ha dictado seminarios y talleres sobre desarrollo personal en el \u00e1rea de Talento Humano en diversas empresas. <\/p>\n<p>Ha brindado asesor\u00eda en manejo emocional y ha participado en conferencias sobre manejo de la ansiedad durante la presente pandemia. <\/p>\n<p>A lo largo de su ejercicio profesional, Loyde ha atendido a m\u00e1s de 300 casos con un alto \u00edndice de resoluci\u00f3n.<\/p>\n","protected":false},"excerpt":{"rendered":"<p>Si sientes frustraci\u00f3n porque tu relaci\u00f3n de pareja no cumple con tus expectativas y temes que se acabe, tienes que conocer el programa digital SANA TU RELACI\u00d3N PARA SIEMPRE.<\/p>\n<p>Aprende a desarrollar estrategias de inteligencia emocional que elevar\u00e1n tus niveles de comunicaci\u00f3n y convivencia.<\/p>\n<p>Conoce c\u00f3mo detectar el origen de aquellos comportamientos y ataduras del pasado que te est\u00e1n generando relaciones t\u00f3xicas.<\/p>\n<p>Domina estrategias pr\u00e1cticas para manejar situaciones dif\u00edciles<\/p>\n<p>\u00a1Sana tu relaci\u00f3n definitivamente y disfruta de la vida en pareja!<\/p>\n","protected":false},"featured_media":3510,"template":"","meta":{"_joinchat":[]},"product_brand":[],"product_cat":[320,344],"product_tag":[],"class_list":{"0":"post-11923","1":"product","2":"type-product","3":"status-publish","4":"has-post-thumbnail","6":"product_cat-desarrollo-personal","7":"product_cat-todos","9":"first","10":"instock","11":"sale","12":"shipping-taxable","13":"product-type-external"},"_links":{"self":[{"href":"https:\/\/cursos.talentup.cl\/index.php?rest_route=\/wp\/v2\/product\/11923","targetHints":{"allow":["GET"]}}],"collection":[{"href":"https:\/\/cursos.talentup.cl\/index.php?rest_route=\/wp\/v2\/product"}],"about":[{"href":"https:\/\/cursos.talentup.cl\/index.php?rest_route=\/wp\/v2\/types\/product"}],"version-history":[{"count":2,"href":"https:\/\/cursos.talentup.cl\/index.php?rest_route=\/wp\/v2\/product\/11923\/revisions"}],"predecessor-version":[{"id":14227,"href":"https:\/\/cursos.talentup.cl\/index.php?rest_route=\/wp\/v2\/product\/11923\/revisions\/14227"}],"wp:featuredmedia":[{"embeddable":true,"href":"https:\/\/cursos.talentup.cl\/index.php?rest_route=\/wp\/v2\/media\/3510"}],"wp:attachment":[{"href":"https:\/\/cursos.talentup.cl\/index.php?rest_route=%2Fwp%2Fv2%2Fmedia&parent=11923"}],"wp:term":[{"taxonomy":"product_brand","embeddable":true,"href":"https:\/\/cursos.talentup.cl\/index.php?rest_route=%2Fwp%2Fv2%2Fproduct_brand&post=11923"},{"taxonomy":"product_cat","embeddable":true,"href":"https:\/\/cursos.talentup.cl\/index.php?rest_route=%2Fwp%2Fv2%2Fproduct_cat&post=11923"},{"taxonomy":"product_tag","embeddable":true,"href":"https:\/\/cursos.talentup.cl\/index.php?rest_route=%2Fwp%2Fv2%2Fproduct_tag&post=11923"}],"curies":[{"name":"wp","href":"https:\/\/api.w.org\/{rel}","templated":true}]}}