{"id":11924,"date":"2023-01-10T04:39:43","date_gmt":"2023-01-10T07:39:43","guid":{"rendered":"https:\/\/cursos.talentup.cl\/?post_type=product&#038;p=11924"},"modified":"2024-02-07T23:37:09","modified_gmt":"2024-02-08T02:37:09","slug":"mas-tiempo-mas-feliz","status":"publish","type":"product","link":"https:\/\/cursos.talentup.cl\/?product=mas-tiempo-mas-feliz","title":{"rendered":"M\u00c1S TIEMPO M\u00c1S FELIZ"},"content":{"rendered":"<p>Gestionar el tiempo de manera adecuada te permite lograr m\u00e1s con menos esfuerzo.<\/p>\n<p>Con el programa M\u00c1S TIEMPO M\u00c1S FELIZ encuentras un MasterClass dirigido a mujeres que se sienten agobiadas, estresadas y que no les alcanza el tiempo.<\/p>\n<p>Potencia tus resultados, para que logres el balance perfecto y desarrolla nuevos h\u00e1bitos sin renunciar a lo que m\u00e1s te gusta hacer.<\/p>\n<p>Mejora tu productividad dise\u00f1ando una agenda laboral, familiar y personal eficientemente.<\/p>\n<p>\u00bfQU\u00c9 VAS A LOGRAR?<\/p>\n<p>Podr\u00e1s compaginar todas aquellas actividades que tienes en mente para lograr tus objetivos.<\/p>\n<p>Lograr\u00e1s una vida m\u00e1s balanceada cuidando todos los aspectos de tu vida.<\/p>\n<p>Implementar\u00e1s nuevos h\u00e1bitos a tu d\u00eda a d\u00eda para mejorar tu salud, conocimiento y tranquilidad. <\/p>\n<p>Tendr\u00e1s tiempo para iniciar o potencializar tus proyectos. <\/p>\n<p>Aprender\u00e1s t\u00e9cnicas en productividad que te permitir\u00e1n tener mayores resultados en menos tiempo. <\/p>\n<p>Te podr\u00e1s sentir m\u00e1s tranquila y con menos estr\u00e9s al llevar una mejor gesti\u00f3n de tus tiempos diarios. <\/p>\n<p>Entender\u00e1s como llevar una mejor armon\u00eda con las actividades en casa. <\/p>\n<p>Acceder\u00e1s al certificado avalado por Hotmart y Seminarios Online.<\/p>\n<p>\u00bfC\u00d3MO LO VAS A LOGRAR?<\/p>\n<p>A trav\u00e9s de 14 lecciones as\u00ed:<\/p>\n<p>Lecci\u00f3n 1 Tener una vida sin tanto Estr\u00e9s.<br \/>\nLecci\u00f3n 2 Llevar un Balance en tu Vida<br \/>\nLecci\u00f3n 3 \u00bfQu\u00e9 quieres lograr?<br \/>\nLecci\u00f3n 4 Realizando una cosa a la vez<br \/>\nLecci\u00f3n 5. Nuestro cerebro y porqu\u00e9 postergamos.<br \/>\nLecci\u00f3n 6. Nuevos h\u00e1bitos sin renunciar.<br \/>\nLecci\u00f3n 7. Dando un orden a tus actividades.<br \/>\nLecci\u00f3n 8. \u00bfPorqu\u00e9 es importante una agenda?<br \/>\nLecci\u00f3n 9. T\u00e9cnica de productividad para tu d\u00eda a d\u00eda.<br \/>\nLecci\u00f3n 10. T\u00e9cnica para mejorar tus resultados en menos tiempo.<br \/>\nLecci\u00f3n 11. T\u00e9cnica para tu salud, tranquilidad y aprendizaje.<br \/>\nLecci\u00f3n 12. C\u00f3mo dise\u00f1ar tu agenda eficiente.<br \/>\nLecci\u00f3n 13. Dise\u00f1ando tu Agenda Familiar<br \/>\nLecci\u00f3n 14. C\u00f3mo llevar una Agenda Familiar. <\/p>\n<p>ACERCA DE LA PRODUCTORA<\/p>\n<p>Desarrollado por XOCHITL GONZALEZ, madre de dos adolescentes, casada y actualmente toda su familia es emprendedora, sus hijas estudian en casa y tienen la libertad de tiempo y la libertad geogr\u00e1fica que han buscado. <\/p>\n<p>Con Estudios en M\u00e9xico y el extranjero, Certific\u00e1ndose como mentora Financiera y Entrenadora de Alto impacto. <\/p>\n<p>Ha asistido a cursos en Desarrollo Personal, Cumbres de Inversiones y Negocios, invertido en su capacitaci\u00f3n constante en temas Financieros, Espirituales, Organizaci\u00f3n y Planeaci\u00f3n, Marketing Digital, entre otros. <\/p>\n<p>Actualmente da asesor\u00edas a aquellos emprendedores y emprendedoras que quieren potencializar sus resultados a nivel personal y de negocios. <\/p>\n","protected":false},"excerpt":{"rendered":"<p>Gestionar el tiempo de manera adecuada te permite lograr m\u00e1s con menos esfuerzo.<\/p>\n<p>Con el programa M\u00c1S TIEMPO M\u00c1S FELIZ encuentras un MasterClass dirigido a mujeres que se sienten agobiadas, estresadas y que no les alcanza el tiempo.<\/p>\n<p>Potencia tus resultados, para que logres el balance perfecto y desarrolla nuevos h\u00e1bitos sin renunciar a lo que m\u00e1s te gusta hacer.<\/p>\n<p>Mejora tu productividad dise\u00f1ando una agenda laboral, familiar y personal eficientemente.<\/p>\n","protected":false},"featured_media":3511,"template":"","meta":{"_joinchat":[]},"product_brand":[],"product_cat":[320,344],"product_tag":[],"class_list":{"0":"post-11924","1":"product","2":"type-product","3":"status-publish","4":"has-post-thumbnail","6":"product_cat-desarrollo-personal","7":"product_cat-todos","9":"first","10":"instock","11":"sale","12":"shipping-taxable","13":"product-type-external"},"_links":{"self":[{"href":"https:\/\/cursos.talentup.cl\/index.php?rest_route=\/wp\/v2\/product\/11924","targetHints":{"allow":["GET"]}}],"collection":[{"href":"https:\/\/cursos.talentup.cl\/index.php?rest_route=\/wp\/v2\/product"}],"about":[{"href":"https:\/\/cursos.talentup.cl\/index.php?rest_route=\/wp\/v2\/types\/product"}],"version-history":[{"count":2,"href":"https:\/\/cursos.talentup.cl\/index.php?rest_route=\/wp\/v2\/product\/11924\/revisions"}],"predecessor-version":[{"id":14228,"href":"https:\/\/cursos.talentup.cl\/index.php?rest_route=\/wp\/v2\/product\/11924\/revisions\/14228"}],"wp:featuredmedia":[{"embeddable":true,"href":"https:\/\/cursos.talentup.cl\/index.php?rest_route=\/wp\/v2\/media\/3511"}],"wp:attachment":[{"href":"https:\/\/cursos.talentup.cl\/index.php?rest_route=%2Fwp%2Fv2%2Fmedia&parent=11924"}],"wp:term":[{"taxonomy":"product_brand","embeddable":true,"href":"https:\/\/cursos.talentup.cl\/index.php?rest_route=%2Fwp%2Fv2%2Fproduct_brand&post=11924"},{"taxonomy":"product_cat","embeddable":true,"href":"https:\/\/cursos.talentup.cl\/index.php?rest_route=%2Fwp%2Fv2%2Fproduct_cat&post=11924"},{"taxonomy":"product_tag","embeddable":true,"href":"https:\/\/cursos.talentup.cl\/index.php?rest_route=%2Fwp%2Fv2%2Fproduct_tag&post=11924"}],"curies":[{"name":"wp","href":"https:\/\/api.w.org\/{rel}","templated":true}]}}