{"id":11926,"date":"2023-01-10T04:39:43","date_gmt":"2023-01-10T07:39:43","guid":{"rendered":"https:\/\/cursos.talentup.cl\/?post_type=product&#038;p=11926"},"modified":"2024-02-07T23:37:09","modified_gmt":"2024-02-08T02:37:09","slug":"30-claves-para-superar-tus-adicciones","status":"publish","type":"product","link":"https:\/\/cursos.talentup.cl\/?product=30-claves-para-superar-tus-adicciones","title":{"rendered":"30 CLAVES PARA SUPERAR TUS ADICCIONES"},"content":{"rendered":"<p>Seg\u00fan un estudio de las naciones Unidas, m\u00e1s de 35 millones de personas sufren trastornos por el uso de drogas y esta cifra aumenta exponencialmente en otro tipo de adicciones.<\/p>\n<p>Con el programa 30 CLAVES PARA SUPERAR TUS ADICCIONES, Conoce las motivaciones subconscientes que las generan.<br \/>\nAprende adem\u00e1s, c\u00f3mo manejar la adicci\u00f3n digital y otras c\u00f3mo el juego, el cigarrillo, el alcohol o las compras compulsivas.<br \/>\nAplica herramientas para reducir la sensaci\u00f3n de ansiedad y supera los comportamientos indeseables para que seas m\u00e1s productivo, eliminando estos h\u00e1bitos.<\/p>\n<p>No desperdicies tu vida y tu dinero. Recupera tu salud<\/p>\n<p>\u00bfQU\u00c9 VAS A LOGRAR?<\/p>\n<p>Manejar\u00e1s situaciones que cultivan el mal h\u00e1bito: Soledad, amistades y m\u00e1s.<\/p>\n<p>Crear\u00e1s conciencia de los actos que haces mec\u00e1nicamente.<\/p>\n<p>Conocer\u00e1s los mecanismos que usa el h\u00e1bito para normalizar su actividad y hacerse sostenible por a\u00f1os.<\/p>\n<p>Aprender\u00e1s la clave para resistir el impulso a la satisfacci\u00f3n inmediata.<\/p>\n<p>Llenar\u00e1s la sensaci\u00f3n de vac\u00edo que queda al dejar un vicio o adicci\u00f3n.<\/p>\n<p>Enfocar\u00e1s la mente para la toma de una decisi\u00f3n definitiva libre de autoenga\u00f1os.<\/p>\n<p>Cultivar\u00e1s la sensaci\u00f3n de rechazo al mal h\u00e1bito o adicci\u00f3n.<\/p>\n<p>Rediccionar\u00e1s la corriente de deseo y placer del vicio hacia otra actividad.<\/p>\n<p>Aprender\u00e1s a reducir la sensaci\u00f3n de ansiedad.<\/p>\n<p>Conocer\u00e1s c\u00f3mo ocupar el tiempo libre que genera pensamientos ociosos.<\/p>\n<p>Distraer\u00e1s el pensamiento ra\u00edz detr\u00e1s del vicio.<\/p>\n<p>Asociar\u00e1s la adicci\u00f3n a las consecuencias negativas y no a los placeres.<\/p>\n<p>Aprender\u00e1s los resortes ocultos del orgullo que usa el vicio.<\/p>\n<p>Conocer\u00e1s la clave para ser constante.<\/p>\n<p>Acceder\u00e1s al certificado avalado por Hotmart y Seminarios Online.<\/p>\n<p>\u00bfC\u00d3MO LO VAS A LOGRAR?<\/p>\n<p>A trav\u00e9s del siguiente contenido, estructurado paso a paso:<\/p>\n<p>V\u00eddeo 1 &#8211; Introducci\u00f3n.<br \/>\nV\u00eddeo 2 &#8211; C\u00f3mo aprovechar el contenido de este curso.<br \/>\nV\u00eddeo 3 &#8211; Las actividades antes del vicio.<br \/>\nV\u00eddeo 4 &#8211; Actividad &#8211; Fragmente el vicio.<br \/>\nV\u00eddeo 5 &#8211; Las situaciones que cultivan el vicio &#8211; Soledad y dem\u00e1s situaciones.<br \/>\nV\u00eddeo 6 &#8211; Ejercicio &#8211; T\u00e9cnica para evitar el vicio.<br \/>\nV\u00eddeo 7 &#8211; Las actividades que generan asociaciones mentales al mal h\u00e1bito.<br \/>\nV\u00eddeo 8 &#8211; Actividad &#8211; Abandonar actividades que generan asociaciones.<br \/>\nV\u00eddeo 9 &#8211; La consciencia de los actos que haces mec\u00e1nicamente.<br \/>\nV\u00eddeo 10 &#8211; Actividad &#8211; Reorganiza actividades y el plan de resistencia.<br \/>\nV\u00eddeo 11 &#8211; El control del impulso del placer y la satisfacci\u00f3n inmediata.<br \/>\nV\u00eddeo 12 &#8211; Actividad &#8211; La clave para resistir el impulso .<br \/>\nV\u00eddeo 13 &#8211; Llenar la sensaci\u00f3n de vac\u00edo que queda al dejar un vicio o adicci\u00f3n.<br \/>\nV\u00eddeo 14 &#8211; Actividad &#8211; Acciones positivas para ocupar tiempo y llenar vac\u00edo.<br \/>\nV\u00eddeo 15 &#8211; Enfrentar el auto-enga\u00f1o aprendiendo a tomar decisiones.<br \/>\nV\u00eddeo 16 &#8211; Actividad &#8211; El enfocar la mente para aprender a tomar una decisi\u00f3n.<br \/>\nV\u00eddeo 17 &#8211; Combatir la invisibilizaci\u00f3n del mal h\u00e1bito.<br \/>\nV\u00eddeo 18 &#8211; Actividad &#8211; Conocer mejor y peor versi\u00f3n.<br \/>\nV\u00eddeo 19 &#8211; Distraer el pensamiento ra\u00edz para no pensar en ello.<br \/>\nV\u00eddeo 20 &#8211; Actividad &#8211; Elegir actividad para distraer pensamiento .<br \/>\nV\u00eddeo 21 &#8211; El uso de la respiraci\u00f3n para calmar impulsividad y recompensa inmediata.<br \/>\nV\u00eddeo 22 &#8211; Actividad &#8211; T\u00e9cnica de respiraci\u00f3n en el momento inmediato.<br \/>\nV\u00eddeo 23 &#8211; Asociar el mal h\u00e1bito con la medici\u00f3n de las consecuencias.<br \/>\nV\u00eddeo 24 &#8211; Actividad &#8211; Ejercicio de asociaci\u00f3n emocional con las consecuencias.<br \/>\nV\u00eddeo 25 &#8211; Establecer un prop\u00f3sito por el cual luchar.<br \/>\nV\u00eddeo 26 &#8211; Actividad &#8211; Acostarse y dormir enfocado en la motivaci\u00f3n.<br \/>\nV\u00eddeo 27 &#8211; El cambio del sistema de creencias.<br \/>\nV\u00eddeo 28 &#8211; Actividad &#8211; Lectura de libros en la corriente de pensamiento contrario.<br \/>\nV\u00eddeo 29 &#8211; Genere una asociaci\u00f3n de rechazo.<br \/>\nV\u00eddeo 30 &#8211; Actividad &#8211; Cultivar la sensaci\u00f3n de rechazo hacia el mal h\u00e1bito.<br \/>\nV\u00eddeo 31 &#8211; Programar la mente de forma positiva y superior.<br \/>\nV\u00eddeo 32 &#8211; Actividad &#8211; Programaci\u00f3n mental.<br \/>\nV\u00eddeo 33 &#8211; Planeaci\u00f3n estrat\u00e9gica de actividades.<br \/>\nV\u00eddeo 34 &#8211; El cultivo de la voluntad.<br \/>\nV\u00eddeo 35 &#8211; Actividad &#8211; Ejercicio para desarrollar voluntad y paciencia<br \/>\nV\u00eddeo 36 &#8211; El problema de la memoria y la recordaci\u00f3n.<br \/>\nV\u00eddeo 37 &#8211; Actividad &#8211; Ejercicios de repetici\u00f3n.<br \/>\nV\u00eddeo 38 &#8211; El poder de las creencias, la fe y la confianza en si mismo.<br \/>\nV\u00eddeo 39 &#8211; Actividad &#8211; Grupos de creencias.<br \/>\nV\u00eddeo 40 &#8211; Redirecci\u00f3n de la corriente del placer.<br \/>\nV\u00eddeo 41 &#8211; Actividad &#8211; Ejercicio de enfocar el deseo.<br \/>\nV\u00eddeo 42 &#8211; Preparaci\u00f3n es todo lo que necesitas para vencer adicci\u00f3n o vicio.<br \/>\nV\u00eddeo 43 &#8211; Actividad &#8211; Ejercicios de preparaci\u00f3n previa.<br \/>\nV\u00eddeo 44 &#8211; Enviar mensajes al subconsciente por la visualizaci\u00f3n y el s\u00edmbolo.<br \/>\nV\u00eddeo 45 &#8211; Actividad &#8211; La pr\u00e1ctica de la visualizaci\u00f3n.<br \/>\nV\u00eddeo 46 &#8211; El desarrollo de h\u00e1bitos positivos y mejorar calidad de vida.<br \/>\nV\u00eddeo 47 &#8211; Actividad &#8211; Cultivar el talento o habilidad nueva.<br \/>\nV\u00eddeo 48 &#8211; La clave para mantener buena actitud y estado de \u00e1nimo.<br \/>\nV\u00eddeo 49 &#8211; Actividad &#8211; Ejercicio para cambiar y mejorar la actitud.<br \/>\nV\u00eddeo 50 &#8211; El ayuno de las impresiones y de los sentidos.<br \/>\nV\u00eddeo 51 &#8211; El m\u00e9todo de autocontrol, recompensa y castigo.<br \/>\nV\u00eddeo 52 &#8211; Actividad &#8211; El ejercicio de compensaci\u00f3n.<br \/>\nV\u00eddeo 53 &#8211; Las disciplinas orientales encontradas por los ingleses.<br \/>\nV\u00eddeo 54 &#8211; Actividad &#8211; La relajaci\u00f3n de la mente para disminuir ansiedad.<br \/>\nV\u00eddeo 55 &#8211; Mecanismos de presi\u00f3n.<br \/>\nV\u00eddeo 56 &#8211; Actividad &#8211; 5 tipos de responsabilidades para asumir.<br \/>\nV\u00eddeo 57 &#8211; El problema con el orgullo.<br \/>\nV\u00eddeo 58 &#8211; Actividad &#8211; 7 formas de pedir ayuda.<br \/>\nV\u00eddeo 59 &#8211; Constancia Parte 1 &#8211; Por qu\u00e9 no somos constantes.<br \/>\nV\u00eddeo 60 &#8211; Constancia parte 2 &#8211; La clave para ser constante.<br \/>\nV\u00eddeo 61 &#8211; Actividad &#8211; La practica que nos har\u00e1 constantes.<br \/>\nV\u00eddeo 62 &#8211; C\u00f3mo proceder una vez terminado el curso.<\/p>\n<p>ACERCA DEL PRODUCTOR<\/p>\n<p>Desarrollado por HAROL P\u00c1RAMO es fundador de Neuromarketing y Tecnolog\u00eda una agencia de publicidad digital. <\/p>\n<p>Desde hace 10 a\u00f1os Blogger y YouTuber con \u201cdescubre subconsciente\u201d en el cual revela distintos aspectos de la personalidad y de c\u00f3mo enfrentar la vida usando nuestras propias capacidades. <\/p>\n<p>Coach que realiza entrenamientos para redirecci\u00f3n de las conductas, vicio, inseguridades y otras actitudes negativas.<\/p>\n","protected":false},"excerpt":{"rendered":"<p>Seg\u00fan un estudio de las naciones Unidas, m\u00e1s de 35 millones de personas sufren trastornos por el uso de drogas y esta cifra aumenta exponencialmente en otro tipo de adicciones.<\/p>\n<p>Con el programa 30 CLAVES PARA SUPERAR TUS ADICCIONES, Conoce las motivaciones subconscientes que las generan.<br \/>\nAprende adem\u00e1s, c\u00f3mo manejar la adicci\u00f3n digital y otras c\u00f3mo el juego, el cigarrillo, el alcohol o las compras compulsivas.<br \/>\nAplica herramientas para reducir la sensaci\u00f3n de ansiedad y supera los comportamientos indeseables para que seas m\u00e1s productivo, eliminando estos h\u00e1bitos.<\/p>\n<p>No desperdicies tu vida y tu dinero. Recupera tu salud<\/p>\n","protected":false},"featured_media":3513,"template":"","meta":{"_joinchat":[]},"product_brand":[],"product_cat":[320,344],"product_tag":[],"class_list":{"0":"post-11926","1":"product","2":"type-product","3":"status-publish","4":"has-post-thumbnail","6":"product_cat-desarrollo-personal","7":"product_cat-todos","9":"first","10":"instock","11":"sale","12":"shipping-taxable","13":"product-type-external"},"_links":{"self":[{"href":"https:\/\/cursos.talentup.cl\/index.php?rest_route=\/wp\/v2\/product\/11926","targetHints":{"allow":["GET"]}}],"collection":[{"href":"https:\/\/cursos.talentup.cl\/index.php?rest_route=\/wp\/v2\/product"}],"about":[{"href":"https:\/\/cursos.talentup.cl\/index.php?rest_route=\/wp\/v2\/types\/product"}],"version-history":[{"count":2,"href":"https:\/\/cursos.talentup.cl\/index.php?rest_route=\/wp\/v2\/product\/11926\/revisions"}],"predecessor-version":[{"id":14230,"href":"https:\/\/cursos.talentup.cl\/index.php?rest_route=\/wp\/v2\/product\/11926\/revisions\/14230"}],"wp:featuredmedia":[{"embeddable":true,"href":"https:\/\/cursos.talentup.cl\/index.php?rest_route=\/wp\/v2\/media\/3513"}],"wp:attachment":[{"href":"https:\/\/cursos.talentup.cl\/index.php?rest_route=%2Fwp%2Fv2%2Fmedia&parent=11926"}],"wp:term":[{"taxonomy":"product_brand","embeddable":true,"href":"https:\/\/cursos.talentup.cl\/index.php?rest_route=%2Fwp%2Fv2%2Fproduct_brand&post=11926"},{"taxonomy":"product_cat","embeddable":true,"href":"https:\/\/cursos.talentup.cl\/index.php?rest_route=%2Fwp%2Fv2%2Fproduct_cat&post=11926"},{"taxonomy":"product_tag","embeddable":true,"href":"https:\/\/cursos.talentup.cl\/index.php?rest_route=%2Fwp%2Fv2%2Fproduct_tag&post=11926"}],"curies":[{"name":"wp","href":"https:\/\/api.w.org\/{rel}","templated":true}]}}