{"id":11927,"date":"2023-01-10T04:39:43","date_gmt":"2023-01-10T07:39:43","guid":{"rendered":"https:\/\/cursos.talentup.cl\/?post_type=product&#038;p=11927"},"modified":"2024-02-07T23:37:09","modified_gmt":"2024-02-08T02:37:09","slug":"logra-tus-metas-en-10-pasos","status":"publish","type":"product","link":"https:\/\/cursos.talentup.cl\/?product=logra-tus-metas-en-10-pasos","title":{"rendered":"LOGRA TUS METAS EN 10 PASOS"},"content":{"rendered":"<p>Cumplir con tus objetivos, requiere de estrategia.<\/p>\n<p>Con el programa LOGRA TUS METAS EN 10 PASOS, aprende a explotar todo tu potencial. <\/p>\n<p>Sal del modo \u201czombie\u201d activando tu esp\u00edritu emprendedor y utiliza adecuadamente tus recursos emocionales, espirituales, econ\u00f3micos y f\u00edsicos.<\/p>\n<p>Con este MasterClass desarrolla herramientas para manejar tus conflictos para que atraigas mejores oportunidades y vivencias a tu existencia.<\/p>\n<p>\u00bfQU\u00c9 VAS A LOGRAR?<\/p>\n<p>1. Comprender\u00e1s la importancia del autoconocimiento y el autodominio.<\/p>\n<p>2. Definir\u00e1s y decretar\u00e1s tu YO ideal con el poder de la palabra hablada.<\/p>\n<p>3. Tomar\u00e1s conciencia de amar lo que haces d\u00eda a d\u00eda y podr\u00e1s tomar la decisi\u00f3n de salirte del modo \u201czombie\u201d.<\/p>\n<p>4. Desarrollar\u00e1s un esp\u00edritu investigador activo.<\/p>\n<p>5. Sentir\u00e1s que has dado pasos cu\u00e1nticos al tener claro y definido \u00abUN GRAN POR QU\u00c9\u00bb.<\/p>\n<p>6. Sentir\u00e1s que juegas un papel importante en la sociedad, y valorar\u00e1s a\u00fan m\u00e1s cada instante del estar vivo.<\/p>\n<p>7. Entrar\u00e1s en el campo de la espiritualidad.<\/p>\n<p>8. Fortalecer\u00e1s el c\u00edrculo de protecci\u00f3n personal al dejar ir el \u201cqu\u00e9 dir\u00e1n\u201d.<\/p>\n<p>9. Entender\u00e1s que el miedo es una constante en la historia de la humanidad y sabr\u00e1s c\u00f3mo vibrar alto, suprimi\u00e9ndolo o ignor\u00e1ndolo, sin dejarte paralizar.<\/p>\n<p>10. Obtendr\u00e1s la capacidad de tomar decisiones como pilar de vida y sost\u00e9n de tu prop\u00f3sito.<\/p>\n<p>11. Aprender\u00e1s a utilizar adecuadamente tus recursos emocionales, espirituales, econ\u00f3micos y f\u00edsicos.<\/p>\n<p>12. Conocer\u00e1s libros y pel\u00edculas que te ayudar\u00e1n a inspirarte, para fortalecer mucho m\u00e1s tu legado al mundo.<\/p>\n<p>13. Tendr\u00e1s algunos testimonios y vivencias de diferentes personas, cada uno con su universo y un mismo sentir, que te llenar\u00e1n de valor, fortaleza e iluminaci\u00f3n a los principios de vida.<\/p>\n<p>14. Acceder\u00e1s al certificado avalado por Hotmart y Seminarios Online.<\/p>\n<p>\u00bfC\u00d3MO LO VAS A LOGRAR?<\/p>\n<p>1. Creando tus propias afirmaciones del YO ideal.<\/p>\n<p>2. Hablarte en voz alta y recordarte los aspectos clave que definen el prop\u00f3sito de vida a lograr.<\/p>\n<p>3. Creando una conciencia de aprendiz eterno.<\/p>\n<p>4. Practicando la econom\u00eda circular como valioso aporte a tu mundo ideal.<\/p>\n<p>5. Sanando el hogar, eres la c\u00e9lula de la sociedad, si se sana la familia se sana la humanidad.<\/p>\n<p>6. Definiendo claramente tus fortalezas, deseos y metas en el corto, mediano y largo plazo.<\/p>\n<p>7. Entendiendo lo que es el cuadro de sue\u00f1os, desarrollando el mapa y visualiz\u00e1ndolo cada d\u00eda.<\/p>\n<p>8. Sanando los conflictos que ya no est\u00e1n, te liberar\u00e1s y dejar\u00e1s entrar mejores oportunidades y vivencias a tu existencia.<\/p>\n<p>9. Abriendo un espacio personal inquebrantable una vez a la semana para autoencontrarte y renovar energ\u00edas.<\/p>\n<p>10. Dando el lugar adecuado a las redes sociales en nuestra vida, comenzar\u00e1s a vivir sin fallarte a ti mismo.<\/p>\n<p>11. Aventur\u00e1ndote a salir de la zona de confort.<\/p>\n<p>12. Reflexionando si est\u00e1s creando h\u00e1bitos positivos a favor de tu proyecto de vida.<\/p>\n<p>13. Arraigando el autodominio como pilar para disfrutar los procesos y no caer en la frustraci\u00f3n, as\u00ed podr\u00e1s gestionar emociones y vibraciones desde el pensamiento.<\/p>\n<p>14. Siendo consciente de que el despertar de la creatividad comienza viviendo un d\u00eda a la vez, recuerda que el exceso de an\u00e1lisis genera par\u00e1lisis, as\u00ed que a partir de ahora empieza a administrar lo m\u00ednimo para merecer lo m\u00e1ximo.<\/p>\n<p>ACERCA DE LA PRODUCTORA<\/p>\n<p>Desarrollado por MAR\u00cdA ALEJANDRA FRANCO P\u00c9REZ, empresaria, economista del Polit\u00e9cnico Grancolombiano de Medell\u00edn-Antioquia.<\/p>\n<p>Networker internacional, directora de agencia digital de dise\u00f1o web.<\/p>\n<p>SEO de marca personal #emprenderyviajar11, consultora de independientes y pymes en desarrollo personal y marketing.<\/p>\n","protected":false},"excerpt":{"rendered":"<p>Cumplir con tus objetivos, requiere de estrategia.<\/p>\n<p>Con el programa LOGRA TUS METAS EN 10 PASOS, aprende a explotar todo tu potencial. <\/p>\n<p>Sal del modo \u201czombie\u201d activando tu esp\u00edritu emprendedor y utiliza adecuadamente tus recursos emocionales, espirituales, econ\u00f3micos y f\u00edsicos.<\/p>\n<p>Con este MasterClass desarrolla herramientas para manejar tus conflictos para que atraigas mejores oportunidades y vivencias a tu existencia.<\/p>\n","protected":false},"featured_media":3514,"template":"","meta":{"_joinchat":[]},"product_brand":[],"product_cat":[320,344],"product_tag":[],"class_list":{"0":"post-11927","1":"product","2":"type-product","3":"status-publish","4":"has-post-thumbnail","6":"product_cat-desarrollo-personal","7":"product_cat-todos","9":"first","10":"instock","11":"sale","12":"shipping-taxable","13":"product-type-external"},"_links":{"self":[{"href":"https:\/\/cursos.talentup.cl\/index.php?rest_route=\/wp\/v2\/product\/11927","targetHints":{"allow":["GET"]}}],"collection":[{"href":"https:\/\/cursos.talentup.cl\/index.php?rest_route=\/wp\/v2\/product"}],"about":[{"href":"https:\/\/cursos.talentup.cl\/index.php?rest_route=\/wp\/v2\/types\/product"}],"version-history":[{"count":2,"href":"https:\/\/cursos.talentup.cl\/index.php?rest_route=\/wp\/v2\/product\/11927\/revisions"}],"predecessor-version":[{"id":14231,"href":"https:\/\/cursos.talentup.cl\/index.php?rest_route=\/wp\/v2\/product\/11927\/revisions\/14231"}],"wp:featuredmedia":[{"embeddable":true,"href":"https:\/\/cursos.talentup.cl\/index.php?rest_route=\/wp\/v2\/media\/3514"}],"wp:attachment":[{"href":"https:\/\/cursos.talentup.cl\/index.php?rest_route=%2Fwp%2Fv2%2Fmedia&parent=11927"}],"wp:term":[{"taxonomy":"product_brand","embeddable":true,"href":"https:\/\/cursos.talentup.cl\/index.php?rest_route=%2Fwp%2Fv2%2Fproduct_brand&post=11927"},{"taxonomy":"product_cat","embeddable":true,"href":"https:\/\/cursos.talentup.cl\/index.php?rest_route=%2Fwp%2Fv2%2Fproduct_cat&post=11927"},{"taxonomy":"product_tag","embeddable":true,"href":"https:\/\/cursos.talentup.cl\/index.php?rest_route=%2Fwp%2Fv2%2Fproduct_tag&post=11927"}],"curies":[{"name":"wp","href":"https:\/\/api.w.org\/{rel}","templated":true}]}}