{"id":11929,"date":"2023-01-10T04:39:43","date_gmt":"2023-01-10T07:39:43","guid":{"rendered":"https:\/\/cursos.talentup.cl\/?post_type=product&#038;p=11929"},"modified":"2024-02-07T23:37:10","modified_gmt":"2024-02-08T02:37:10","slug":"amate","status":"publish","type":"product","link":"https:\/\/cursos.talentup.cl\/?product=amate","title":{"rendered":"\u00c1MATE"},"content":{"rendered":"<p>Hemos crecido convencidos de que hablar de \u201cAMOR\u201d es hablar de una \u201cPAREJA\u201d.<\/p>\n<p>Le atribuimos a ella las m\u00e1s grandes alegr\u00edas y tristezas.<\/p>\n<p>Creemos que \u201cel amor de la vida\u201d es algo que encontramos en otra persona o un objetivo a alcanzar en la vida.<\/p>\n<p>Conoce \u00c1MATE, un MasterClass que nos da la posibilidad de encontrarnos frente nuestro propio ego, nuestros miedos, carencias y necesidades.  <\/p>\n<p>\u00bfQU\u00c9 VAS A LOGRAR?<\/p>\n<p>Brindar la posibilidad de encontrarnos frente a frente con lo m\u00e1s profundo de nosotros, con nuestros pensamientos m\u00e1s ocultos, con nuestro ego, nuestros miedos y nuestras carencias.<\/p>\n<p>Desconectar del mundo exterior para enfocarnos en nuestro mundo interior.<\/p>\n<p>Evidenciar c\u00f3mo tu propia mente fabrica un presente muy diferente al que deseas.<\/p>\n<p>Sentir\u00e1s la capacidad de reeditar tu pasado y fabricar un nuevo presente.<\/p>\n<p>Cuestionar y modificar tus creencias sobre las relaciones de pareja.<\/p>\n<p>Dejar de Juzgar y juzgarte.<\/p>\n<p>Acceder\u00e1s al certificado descargable avalado por Hotmart y Seminarios Online.<\/p>\n<p>\u00bfC\u00d3MO LO VAS A LOGRAR?<\/p>\n<p>A trav\u00e9s de un MasterClass basado basados en conceptos diferentes, por lo que es muy importante que te abras a la posibilidad de aceptar nuevas interpretaciones a tus creencias pre establecidas.<\/p>\n<p>M\u00f3dulo 1: Introducci\u00f3n<br \/>\nM\u00f3dulo 2: \u00bfQui\u00e9n eres?<br \/>\nM\u00f3dulo 3: Edita tu pasado<br \/>\nM\u00f3dulo 4: Te vistes de v\u00edctima<br \/>\nM\u00f3dulo 5: Que es el amor?<br \/>\nM\u00f3dulo 6: \u00bfPuedo seguir amando a mi ex?<br \/>\nM\u00f3dulo 7: Filosof\u00eda tolteca<br \/>\nM\u00f3dulo 8: Primer acuerdo<br \/>\nM\u00f3dulo 9: Segundo acuerdo<br \/>\nM\u00f3dulo 10: Tercer acuerdo<br \/>\nM\u00f3dulo 11: Cuarto acuerdo<br \/>\nM\u00f3dulo 12: Personas completas<br \/>\nM\u00f3dulo 13: Necesitas pasar tu proceso<br \/>\nM\u00f3dulo 14: El perd\u00f3n y la felicidad<br \/>\nM\u00f3dulo 15: La felicidad<br \/>\nM\u00f3dulo 16: \u00bfPuede alguien hacerme feliz?<br \/>\nM\u00f3dulo 17: Toma la decisi\u00f3n ahora<\/p>\n<p>ACERCA DEL PRODUCTOR<\/p>\n<p>Desarrollado por ALEXIS SOLANO DE LA SALA, creador del curso AMA-TE, y autor del libro \u201cUn Viaje Hacia el Interior\u201d. <\/p>\n<p>Con m\u00e1s de 8 a\u00f1os de experiencia dictando cursos, talleres, conferencias, programas y sesiones de coaching dentro y fuera del pa\u00eds.<\/p>\n<p>NEUROCOACH CERTIFICADO avalado por Instituto de Neurocoaching y la International Neurocoaching Association (Espa\u00f1a).<br \/>\nTRAIN THE TRAINER avalado por la INA (International Neurocoaching Association).<br \/>\nMASTER PRACTITIONER en PNL (Programaci\u00f3n Neuroling\u00fc\u00edstica) Avalado por su Co Creador Dr. Richard Bandler y The International Society of NLP.<br \/>\nFORMADOR ASISTIDO POR CABALLOS Certificado por PACAGUA ARGENTINA (Primer centro Latinoamericano de Desarrollo Personal y profesional a trav\u00e9s de Caballos).<br \/>\nDIPLOMADO EN APRENDIZAJE EXPERIENCIAL avalado por EQAC (La Comisi\u00f3n de Acreditaci\u00f3n de la calidad de la Educaci\u00f3n), CORFEC (Corporaci\u00f3n de Facilitadores del Ecuador).<br \/>\nCOACH ADHERIDO a International Non Directive Coaching Society, Espa\u00f1a.<br \/>\nCERTIFICATE OF COMPLETION of \u201cThe Bullet Proof Manager Training Series\u201d por CRESTCOM INTERNATIONAL.<br \/>\nCOACH DE EQUIPOS Certificado por Business Coaching School Avalado por IAC International Association of Coaching.<br \/>\nMIEMBRO ACREDITADO por la C\u00e1mara Internacional de Conferencistas, M\u00e9xico.<\/p>\n","protected":false},"excerpt":{"rendered":"<p>Hemos crecido convencidos de que hablar de \u201cAMOR\u201d es hablar de una \u201cPAREJA\u201d.<\/p>\n<p>Le atribuimos a ella las m\u00e1s grandes alegr\u00edas y tristezas.<\/p>\n<p>Creemos que \u201cel amor de la vida\u201d es algo que encontramos en otra persona o un objetivo a alcanzar en la vida.<\/p>\n<p>Conoce \u00c1MATE, un MasterClass que nos da la posibilidad de encontrarnos frente nuestro propio ego, nuestros miedos, carencias y necesidades.  <\/p>\n","protected":false},"featured_media":3516,"template":"","meta":{"_joinchat":[]},"product_brand":[],"product_cat":[320,344],"product_tag":[],"class_list":{"0":"post-11929","1":"product","2":"type-product","3":"status-publish","4":"has-post-thumbnail","6":"product_cat-desarrollo-personal","7":"product_cat-todos","9":"first","10":"instock","11":"sale","12":"shipping-taxable","13":"product-type-external"},"_links":{"self":[{"href":"https:\/\/cursos.talentup.cl\/index.php?rest_route=\/wp\/v2\/product\/11929","targetHints":{"allow":["GET"]}}],"collection":[{"href":"https:\/\/cursos.talentup.cl\/index.php?rest_route=\/wp\/v2\/product"}],"about":[{"href":"https:\/\/cursos.talentup.cl\/index.php?rest_route=\/wp\/v2\/types\/product"}],"version-history":[{"count":2,"href":"https:\/\/cursos.talentup.cl\/index.php?rest_route=\/wp\/v2\/product\/11929\/revisions"}],"predecessor-version":[{"id":14233,"href":"https:\/\/cursos.talentup.cl\/index.php?rest_route=\/wp\/v2\/product\/11929\/revisions\/14233"}],"wp:featuredmedia":[{"embeddable":true,"href":"https:\/\/cursos.talentup.cl\/index.php?rest_route=\/wp\/v2\/media\/3516"}],"wp:attachment":[{"href":"https:\/\/cursos.talentup.cl\/index.php?rest_route=%2Fwp%2Fv2%2Fmedia&parent=11929"}],"wp:term":[{"taxonomy":"product_brand","embeddable":true,"href":"https:\/\/cursos.talentup.cl\/index.php?rest_route=%2Fwp%2Fv2%2Fproduct_brand&post=11929"},{"taxonomy":"product_cat","embeddable":true,"href":"https:\/\/cursos.talentup.cl\/index.php?rest_route=%2Fwp%2Fv2%2Fproduct_cat&post=11929"},{"taxonomy":"product_tag","embeddable":true,"href":"https:\/\/cursos.talentup.cl\/index.php?rest_route=%2Fwp%2Fv2%2Fproduct_tag&post=11929"}],"curies":[{"name":"wp","href":"https:\/\/api.w.org\/{rel}","templated":true}]}}